{"id":3222,"date":"2024-09-05T21:31:00","date_gmt":"2024-09-06T03:31:00","guid":{"rendered":"https:\/\/bspharma.net\/?page_id=3222"},"modified":"2024-09-06T16:09:01","modified_gmt":"2024-09-06T22:09:01","slug":"contacto","status":"publish","type":"page","link":"https:\/\/bspharma.net\/es_mx\/contacto\/","title":{"rendered":"Contacto"},"content":{"rendered":"<style>.kb-row-layout-id3222_138223-0f > .kt-row-column-wrap{align-content:start;}:where(.kb-row-layout-id3222_138223-0f > .kt-row-column-wrap) > .wp-block-kadence-column{justify-content:start;}.kb-row-layout-id3222_138223-0f > .kt-row-column-wrap{column-gap:var(--global-kb-gap-md, 2rem);row-gap:var(--global-kb-gap-md, 2rem);max-width:var( --global-content-width, 1380px );padding-left:var(--global-content-edge-padding);padding-right:var(--global-content-edge-padding);padding-top:50px;padding-bottom:25px;grid-template-columns:repeat(2, minmax(0, 1fr));}.kb-row-layout-id3222_138223-0f > .kt-row-layout-overlay{opacity:0.30;}@media all and (max-width: 1024px){.kb-row-layout-id3222_138223-0f > .kt-row-column-wrap{grid-template-columns:minmax(0, 1fr);}}@media all and (max-width: 767px){.kb-row-layout-id3222_138223-0f > .kt-row-column-wrap{grid-template-columns:minmax(0, 1fr);}}<\/style><div class=\"kb-row-layout-wrap kb-row-layout-id3222_138223-0f alignnone wp-block-kadence-rowlayout\"><div class=\"kt-row-column-wrap kt-has-2-columns kt-row-layout-equal kt-tab-layout-row kt-mobile-layout-row kt-row-valign-top kb-theme-content-width\">\n<style>.kadence-column3222_256671-43 > .kt-inside-inner-col{padding-top:30px;}.kadence-column3222_256671-43 > .kt-inside-inner-col,.kadence-column3222_256671-43 > .kt-inside-inner-col:before{border-top-left-radius:0px;border-top-right-radius:0px;border-bottom-right-radius:0px;border-bottom-left-radius:0px;}.kadence-column3222_256671-43 > .kt-inside-inner-col{column-gap:var(--global-kb-gap-sm, 1rem);}.kadence-column3222_256671-43 > .kt-inside-inner-col{flex-direction:column;}.kadence-column3222_256671-43 > .kt-inside-inner-col > .aligncenter{width:100%;}.kadence-column3222_256671-43 > .kt-inside-inner-col:before{opacity:0.3;}.kadence-column3222_256671-43{position:relative;}@media all and (max-width: 1024px){.kadence-column3222_256671-43 > .kt-inside-inner-col{padding-top:1px;flex-direction:column;justify-content:center;}}@media all and (max-width: 767px){.kadence-column3222_256671-43 > .kt-inside-inner-col{padding-top:1px;flex-direction:column;justify-content:center;}}<\/style>\n<div class=\"wp-block-kadence-column kadence-column3222_256671-43 inner-column-1\"><div class=\"kt-inside-inner-col\">\n<p>Deseamos estar cerca de nuestros clientes por ello ponemos a su disposici\u00f3n esta p\u00e1gina con nuestros datos de contacto. Para mensajes puede escribir a nuestro buz\u00f3n de correo a\u00a0<a href=\"mailto:contacto@bspharma.net\">contacto@bspharma.net<\/a>\u00a0o bien llenar el siguiente formulario de contacto.<\/p>\n\n\n<style>.wp-block-kadence-advancedheading.kt-adv-heading3222_b5f06f-9e, .wp-block-kadence-advancedheading.kt-adv-heading3222_b5f06f-9e[data-kb-block=\"kb-adv-heading3222_b5f06f-9e\"]{font-style:normal;}.wp-block-kadence-advancedheading.kt-adv-heading3222_b5f06f-9e mark.kt-highlight, .wp-block-kadence-advancedheading.kt-adv-heading3222_b5f06f-9e[data-kb-block=\"kb-adv-heading3222_b5f06f-9e\"] mark.kt-highlight{font-style:normal;color:#f76a0c;-webkit-box-decoration-break:clone;box-decoration-break:clone;padding-top:0px;padding-right:0px;padding-bottom:0px;padding-left:0px;}.wp-block-kadence-advancedheading.kt-adv-heading3222_b5f06f-9e img.kb-inline-image, .wp-block-kadence-advancedheading.kt-adv-heading3222_b5f06f-9e[data-kb-block=\"kb-adv-heading3222_b5f06f-9e\"] img.kb-inline-image{width:150px;vertical-align:baseline;}<\/style>\n<h5 class=\"kt-adv-heading3222_b5f06f-9e wp-block-kadence-advancedheading\" data-kb-block=\"kb-adv-heading3222_b5f06f-9e\">FORMULARIO DE CONTACTO<\/h5>\n\n\n<style>.kadence-form-3222_7ab03e-c4 .kb-form .kadence-blocks-form-field{margin-bottom:8px;}.kadence-form-3222_7ab03e-c4 .kb-form .kadence-blocks-form-field .kb-text-style-field, .kadence-form-3222_7ab03e-c4 .kb-form .kadence-blocks-form-field .kb-select-style-field{color:var(--global-palette3, #1A202C);background:var(--global-palette9, #ffffff);border-color:var(--global-palette2, #2B6CB0);}.kadence-form-3222_7ab03e-c4 .kb-form .kadence-blocks-form-field .kb-forms-submit{color:#ffffff;background:var(--global-palette1, #3182CE);}.kadence-form-3222_7ab03e-c4 .kb-form .kadence-blocks-form-field .kb-forms-submit:hover, .kadence-form-3222_7ab03e-c4 .kb-form .kadence-blocks-form-field .kb-forms-submit:focus {color:#ffffff;background:var(--global-palette2, #2B6CB0);}.kadence-form-3222_7ab03e-c4 .kadence-blocks-form-success{color:var(--global-palette2, #2B6CB0);background:var(--global-palette8, #F7FAFC);}.kadence-form-3222_7ab03e-c4 .kadence-blocks-form-warning{color:#ff0000;background:var(--global-palette8, #F7FAFC);}.kb-form input.kadence-blocks-field.verify{opacity:0.0;position:absolute;top:0.0;left:0.0;width:0.0;height:0.0;z-index:-1;}<\/style>\n<div class=\"wp-block-kadence-form kadence-form-3222_7ab03e-c4 kb-form-wrap kb-form-align-right\"><form class=\"kb-form\" action=\"\" method=\"post\" data-error-message=\"Por favor arregle los errores para proceder\"><div class=\"kadence-blocks-form-field kb-field-desk-width-100 kb-input-size-standard\"><input name=\"kb_field_0\" id=\"kb_field_3222_7ab03e-c4_0\" data-label=\"Email\" type=\"email\" placeholder=\"Correo electr\u00f3nico\" value=\"\" data-type=\"email\" class=\"kb-field kb-text-style-field kb-email-field kb-field-0\" data-required=\"yes\" data-required-message=\"El correo electr\u00f3nico es requerido.\" data-validation-message=\"Correo electr\u00f3nico no v\u00e1lido.\"\/><\/div><div class=\"kadence-blocks-form-field kb-form-field-1 kb-field-desk-width-100 kb-input-size-standard\"><input name=\"kb_field_1\" id=\"kb_field_3222_7ab03e-c4_1\" data-label=\"Subject\" type=\"text\" placeholder=\"Asunto\" value=\"\" data-type=\"text\" class=\"kb-field kb-text-style-field kb-text-field kb-field-1\"\/><\/div><div class=\"kadence-blocks-form-field kb-form-field-2 kb-field-desk-width-100 kb-input-size-standard\"><textarea name=\"kb_field_2\" id=\"kb_field_3222_7ab03e-c4_2\" data-label=\"Message\" type=\"textarea\" placeholder=\"Mensaje\" data-type=\"textarea\" class=\"kb-field kb-text-style-field kb-textarea-field kb-field-2\" rows=\"4\" data-required=\"yes\" data-required-message=\"El mensaje es requerido.\"><\/textarea><\/div><input type=\"hidden\" name=\"_kb_form_id\" value=\"3222_7ab03e-c4\"\/><input type=\"hidden\" name=\"_kb_form_post_id\" value=\"3222\"\/><input type=\"hidden\" name=\"action\" value=\"kb_process_ajax_submit\"\/><div class=\"kadence-blocks-form-field google-recaptcha-checkout-wrap\"><p id=\"kb-container-g-recaptcha\" class=\"google-recaptcha-container\"><span id=\"kb_recaptcha_3222_7ab03e-c4\" class=\"kadence-blocks-g-recaptcha-v2 g-recaptcha kb_recaptcha_3222_7ab03e-c4\" style=\"display:inline-block\"><\/span><\/p><\/div><label class=\"kadence-verify-label\">Email<input class=\"kadence-blocks-field verify\" type=\"text\" name=\"_kb_verify_email\" autocomplete=\"new-password\" aria-hidden=\"true\" placeholder=\"Email\" tabindex=\"-1\" data-1p-ignore=\"true\" data-lpignore=\"true\" \/><\/label><div class=\"kadence-blocks-form-field kb-submit-field kb-field-desk-width-100\"><button class=\"kb-forms-submit button kb-button-size-standard kb-button-width-auto\">ENVIAR<\/button><\/div><\/form><\/div>\n<noscript><div class=\"kadence-blocks-form-message kadence-blocks-form-warning\">Please enable JavaScript in your browser to submit the form<\/div><style>.kadence-form-3222_7ab03e-c4 .kadence-blocks-form-field.kb-submit-field { display: none; }<\/style><\/noscript><\/div><\/div>\n\n\n<style>.kadence-column3222_9c7696-9d > .kt-inside-inner-col{padding-top:40px;padding-right:40px;padding-bottom:40px;padding-left:40px;}.kadence-column3222_9c7696-9d > .kt-inside-inner-col,.kadence-column3222_9c7696-9d > .kt-inside-inner-col:before{border-top-left-radius:3px;border-top-right-radius:3px;border-bottom-right-radius:3px;border-bottom-left-radius:3px;}.kadence-column3222_9c7696-9d > .kt-inside-inner-col{column-gap:var(--global-kb-gap-sm, 1rem);}.kadence-column3222_9c7696-9d > .kt-inside-inner-col{flex-direction:column;}.kadence-column3222_9c7696-9d > .kt-inside-inner-col > .aligncenter{width:100%;}.kadence-column3222_9c7696-9d > .kt-inside-inner-col{background-color:var(--global-palette7, #EDF2F7);}.kadence-column3222_9c7696-9d > .kt-inside-inner-col:before{opacity:0.3;}.kadence-column3222_9c7696-9d{position:relative;}@media all and (max-width: 1024px){.kadence-column3222_9c7696-9d > .kt-inside-inner-col{flex-direction:column;justify-content:center;}}@media all and (max-width: 1024px){.kadence-column3222_9c7696-9d, .kt-inside-inner-col > .kadence-column3222_9c7696-9d:not(.specificity){margin-top:10px;}}@media all and (max-width: 767px){.kadence-column3222_9c7696-9d > .kt-inside-inner-col{padding-top:30px;padding-right:30px;padding-bottom:30px;padding-left:30px;flex-direction:column;justify-content:center;}.kadence-column3222_9c7696-9d, .kt-inside-inner-col > .kadence-column3222_9c7696-9d:not(.specificity){margin-top:10px;}}<\/style>\n<div class=\"wp-block-kadence-column kadence-column3222_9c7696-9d\"><div class=\"kt-inside-inner-col\"><style>.wp-block-kadence-advancedheading.kt-adv-heading3222_e2524b-20, .wp-block-kadence-advancedheading.kt-adv-heading3222_e2524b-20[data-kb-block=\"kb-adv-heading3222_e2524b-20\"]{font-size:40px;font-weight:normal;font-style:normal;}.wp-block-kadence-advancedheading.kt-adv-heading3222_e2524b-20 mark.kt-highlight, .wp-block-kadence-advancedheading.kt-adv-heading3222_e2524b-20[data-kb-block=\"kb-adv-heading3222_e2524b-20\"] mark.kt-highlight{font-weight:normal;font-style:normal;color:#f76a0c;-webkit-box-decoration-break:clone;box-decoration-break:clone;padding-top:0px;padding-right:0px;padding-bottom:0px;padding-left:0px;}.wp-block-kadence-advancedheading.kt-adv-heading3222_e2524b-20 img.kb-inline-image, .wp-block-kadence-advancedheading.kt-adv-heading3222_e2524b-20[data-kb-block=\"kb-adv-heading3222_e2524b-20\"] img.kb-inline-image{width:150px;vertical-align:baseline;}@media all and (max-width: 1024px){.wp-block-kadence-advancedheading.kt-adv-heading3222_e2524b-20, .wp-block-kadence-advancedheading.kt-adv-heading3222_e2524b-20[data-kb-block=\"kb-adv-heading3222_e2524b-20\"]{font-size:30px;}}@media all and (max-width: 767px){.wp-block-kadence-advancedheading.kt-adv-heading3222_e2524b-20, .wp-block-kadence-advancedheading.kt-adv-heading3222_e2524b-20[data-kb-block=\"kb-adv-heading3222_e2524b-20\"]{font-size:30px;}}<\/style>\n<h2 class=\"kt-adv-heading3222_e2524b-20 wp-block-kadence-advancedheading\" data-kb-block=\"kb-adv-heading3222_e2524b-20\">Venta directa<\/h2>\n\n\n<style>.wp-block-kadence-advancedheading.kt-adv-heading3222_8510b3-e8, .wp-block-kadence-advancedheading.kt-adv-heading3222_8510b3-e8[data-kb-block=\"kb-adv-heading3222_8510b3-e8\"]{font-size:25px;font-weight:normal;font-style:normal;}.wp-block-kadence-advancedheading.kt-adv-heading3222_8510b3-e8 mark.kt-highlight, .wp-block-kadence-advancedheading.kt-adv-heading3222_8510b3-e8[data-kb-block=\"kb-adv-heading3222_8510b3-e8\"] mark.kt-highlight{font-weight:normal;font-style:normal;color:#f76a0c;-webkit-box-decoration-break:clone;box-decoration-break:clone;padding-top:0px;padding-right:0px;padding-bottom:0px;padding-left:0px;}.wp-block-kadence-advancedheading.kt-adv-heading3222_8510b3-e8 img.kb-inline-image, .wp-block-kadence-advancedheading.kt-adv-heading3222_8510b3-e8[data-kb-block=\"kb-adv-heading3222_8510b3-e8\"] img.kb-inline-image{width:150px;vertical-align:baseline;}@media all and (max-width: 1024px){.wp-block-kadence-advancedheading.kt-adv-heading3222_8510b3-e8, .wp-block-kadence-advancedheading.kt-adv-heading3222_8510b3-e8[data-kb-block=\"kb-adv-heading3222_8510b3-e8\"]{font-size:20px;}}@media all and (max-width: 767px){.wp-block-kadence-advancedheading.kt-adv-heading3222_8510b3-e8, .wp-block-kadence-advancedheading.kt-adv-heading3222_8510b3-e8[data-kb-block=\"kb-adv-heading3222_8510b3-e8\"]{font-size:20px;}}<\/style>\n<h3 class=\"kt-adv-heading3222_8510b3-e8 wp-block-kadence-advancedheading\" data-kb-block=\"kb-adv-heading3222_8510b3-e8\"><a href=\"https:\/\/wa.me\/523314668103\">+52 3314668103<\/a><\/h3>\n\n\n\n<p>Av. Ram\u00f3n Corona No. 5791, Col. Jocot\u00e1n<\/p>\n\n\n<style>.wp-block-kadence-advancedheading.kt-adv-heading3222_467a91-d8, .wp-block-kadence-advancedheading.kt-adv-heading3222_467a91-d8[data-kb-block=\"kb-adv-heading3222_467a91-d8\"]{font-style:normal;}.wp-block-kadence-advancedheading.kt-adv-heading3222_467a91-d8 mark.kt-highlight, .wp-block-kadence-advancedheading.kt-adv-heading3222_467a91-d8[data-kb-block=\"kb-adv-heading3222_467a91-d8\"] mark.kt-highlight{font-style:normal;color:#f76a0c;-webkit-box-decoration-break:clone;box-decoration-break:clone;padding-top:0px;padding-right:0px;padding-bottom:0px;padding-left:0px;}.wp-block-kadence-advancedheading.kt-adv-heading3222_467a91-d8 img.kb-inline-image, .wp-block-kadence-advancedheading.kt-adv-heading3222_467a91-d8[data-kb-block=\"kb-adv-heading3222_467a91-d8\"] img.kb-inline-image{width:150px;vertical-align:baseline;}<\/style>\n<h5 class=\"kt-adv-heading3222_467a91-d8 wp-block-kadence-advancedheading\" data-kb-block=\"kb-adv-heading3222_467a91-d8\">oficina en villahermosa<\/h5>\n\n\n\n<p>Av. Samarkanda No. 302 Piso 3 Int. 6, Fracc. Oropeza<\/p>\n\n\n<style>.wp-block-kadence-advancedheading.kt-adv-heading3222_5c2efb-b6, .wp-block-kadence-advancedheading.kt-adv-heading3222_5c2efb-b6[data-kb-block=\"kb-adv-heading3222_5c2efb-b6\"]{font-size:25px;font-weight:normal;font-style:normal;}.wp-block-kadence-advancedheading.kt-adv-heading3222_5c2efb-b6 mark.kt-highlight, .wp-block-kadence-advancedheading.kt-adv-heading3222_5c2efb-b6[data-kb-block=\"kb-adv-heading3222_5c2efb-b6\"] mark.kt-highlight{font-weight:normal;font-style:normal;color:#f76a0c;-webkit-box-decoration-break:clone;box-decoration-break:clone;padding-top:0px;padding-right:0px;padding-bottom:0px;padding-left:0px;}.wp-block-kadence-advancedheading.kt-adv-heading3222_5c2efb-b6 img.kb-inline-image, .wp-block-kadence-advancedheading.kt-adv-heading3222_5c2efb-b6[data-kb-block=\"kb-adv-heading3222_5c2efb-b6\"] img.kb-inline-image{width:150px;vertical-align:baseline;}@media all and (max-width: 1024px){.wp-block-kadence-advancedheading.kt-adv-heading3222_5c2efb-b6, .wp-block-kadence-advancedheading.kt-adv-heading3222_5c2efb-b6[data-kb-block=\"kb-adv-heading3222_5c2efb-b6\"]{font-size:20px;}}@media all and (max-width: 767px){.wp-block-kadence-advancedheading.kt-adv-heading3222_5c2efb-b6, .wp-block-kadence-advancedheading.kt-adv-heading3222_5c2efb-b6[data-kb-block=\"kb-adv-heading3222_5c2efb-b6\"]{font-size:20px;}}<\/style>\n<h3 class=\"kt-adv-heading3222_5c2efb-b6 wp-block-kadence-advancedheading\" data-kb-block=\"kb-adv-heading3222_5c2efb-b6\"><a href=\"https:\/\/wa.me\/523314668103\">+<\/a><a href=\"tel:3314668103\">3314668103<\/a><\/h3>\n\n\n<style>.kb-google-maps-container3222_564625-84{height:450px;}<\/style><div class=\"kb-google-maps-container kb-google-maps-container3222_564625-84  wp-block-kadence-googlemaps\" data-mapid=\"3222_56462584\"><iframe width=\"100%\" height=\"100%\"\n\t\t\t\t\t\t\tstyle=\"border:0\" loading=\"lazy\"\n\t\t\t\t\t\t\tsrc=\"https:\/\/www.google.com\/maps\/embed\/v1\/place?key=AIzaSyBAM2o7PiQqwk15LC1XRH2e_KJ-jUa7KYk&#038;zoom=11&#038;maptype=roadmap&#038;q=C.+Corona+5791%2C+Jocot%C3%A1n+Zapopan+Jalisco%2C+Jocot%C3%A1n%2C+45017+Zapopan%2C+Jal.\"\n\t\t\t\t\t\t\ttitle=\"Google map of C. Corona 5791, Jocot\u00e1n Zapopan Jalisco, Jocot\u00e1n, 45017 Zapopan, Jal.\"><\/iframe><\/div><script>function kb_google_map3222_56462584() { let center = { lat: 37.8201, lng: -122.4781}; let map = new google.maps.Map(document.getElementById(\"kb-google-map3222_56462584\"), {\n\t\t\t\t\t    zoom: 11,\n\t\t\t\t\t    center: center,});let marker = new google.maps.Marker({   position: { lat: 37.8201, lng: -122.4781},    map: map,  });}<\/script><\/div><\/div>\n\n<\/div><\/div>","protected":false},"excerpt":{"rendered":"<p>Deseamos estar cerca de nuestros clientes por ello ponemos a su disposici\u00f3n esta p\u00e1gina con nuestros datos de contacto. Para mensajes puede escribir a nuestro buz\u00f3n de correo a\u00a0contacto@bspharma.net\u00a0o bien llenar el siguiente formulario de contacto. FORMULARIO DE CONTACTO Venta directa +52 3314668103 Av. Ram\u00f3n Corona No. 5791, Col. Jocot\u00e1n oficina en villahermosa Av. Samarkanda&#8230;<\/p>","protected":false},"author":1,"featured_media":0,"parent":0,"menu_order":0,"comment_status":"closed","ping_status":"closed","template":"","meta":{"_kad_blocks_custom_css":"","_kad_blocks_head_custom_js":"","_kad_blocks_body_custom_js":"","_kad_blocks_footer_custom_js":"","_kadence_starter_templates_imported_post":false,"_kad_post_transparent":"","_kad_post_title":"","_kad_post_layout":"default","_kad_post_sidebar_id":"","_kad_post_content_style":"","_kad_post_vertical_padding":"","_kad_post_feature":"","_kad_post_feature_position":"","_kad_post_header":false,"_kad_post_footer":false,"_kad_post_classname":"","footnotes":""},"class_list":["post-3222","page","type-page","status-publish","hentry"],"yoast_head":"<!-- This site is optimized with the Yoast SEO plugin v27.2 - https:\/\/yoast.com\/product\/yoast-seo-wordpress\/ -->\n<title>Contacto - BS Pharma<\/title>\n<meta name=\"robots\" content=\"index, follow, max-snippet:-1, max-image-preview:large, max-video-preview:-1\" \/>\n<link rel=\"canonical\" href=\"https:\/\/bspharma.net\/es_mx\/contacto\/\" \/>\n<meta property=\"og:locale\" content=\"es_MX\" \/>\n<meta property=\"og:type\" content=\"article\" \/>\n<meta property=\"og:title\" content=\"Contacto - BS Pharma\" \/>\n<meta property=\"og:description\" content=\"Deseamos estar cerca de nuestros clientes por ello ponemos a su disposici\u00f3n esta p\u00e1gina con nuestros datos de contacto. Para mensajes puede escribir a nuestro buz\u00f3n de correo a\u00a0contacto@bspharma.net\u00a0o bien llenar el siguiente formulario de contacto. FORMULARIO DE CONTACTO Venta directa +52 3314668103 Av. Ram\u00f3n Corona No. 5791, Col. Jocot\u00e1n oficina en villahermosa Av. Samarkanda...\" \/>\n<meta property=\"og:url\" content=\"https:\/\/bspharma.net\/es_mx\/contacto\/\" \/>\n<meta property=\"og:site_name\" content=\"BS Pharma\" \/>\n<meta property=\"article:publisher\" content=\"https:\/\/www.facebook.com\/bspharmasolutions\/\" \/>\n<meta property=\"article:modified_time\" content=\"2024-09-06T22:09:01+00:00\" \/>\n<meta name=\"twitter:card\" content=\"summary_large_image\" \/>\n<meta name=\"twitter:label1\" content=\"Tiempo de lectura\" \/>\n\t<meta name=\"twitter:data1\" content=\"1 minuto\" \/>\n<script type=\"application\/ld+json\" class=\"yoast-schema-graph\">{\"@context\":\"https:\/\/schema.org\",\"@graph\":[{\"@type\":\"WebPage\",\"@id\":\"https:\/\/bspharma.net\/contacto\/\",\"url\":\"https:\/\/bspharma.net\/contacto\/\",\"name\":\"Contacto - BS Pharma\",\"isPartOf\":{\"@id\":\"https:\/\/bspharma.net\/#website\"},\"datePublished\":\"2024-09-06T03:31:00+00:00\",\"dateModified\":\"2024-09-06T22:09:01+00:00\",\"breadcrumb\":{\"@id\":\"https:\/\/bspharma.net\/contacto\/#breadcrumb\"},\"inLanguage\":\"es\",\"potentialAction\":[{\"@type\":\"ReadAction\",\"target\":[\"https:\/\/bspharma.net\/contacto\/\"]}]},{\"@type\":\"BreadcrumbList\",\"@id\":\"https:\/\/bspharma.net\/contacto\/#breadcrumb\",\"itemListElement\":[{\"@type\":\"ListItem\",\"position\":1,\"name\":\"Portada\",\"item\":\"https:\/\/bspharma.net\/\"},{\"@type\":\"ListItem\",\"position\":2,\"name\":\"Contacto\"}]},{\"@type\":\"WebSite\",\"@id\":\"https:\/\/bspharma.net\/#website\",\"url\":\"https:\/\/bspharma.net\/\",\"name\":\"BSPharma\",\"description\":\"Distribuidor Farmac\u00e9utico en M\u00e9xico\",\"publisher\":{\"@id\":\"https:\/\/bspharma.net\/#organization\"},\"potentialAction\":[{\"@type\":\"SearchAction\",\"target\":{\"@type\":\"EntryPoint\",\"urlTemplate\":\"https:\/\/bspharma.net\/?s={search_term_string}\"},\"query-input\":{\"@type\":\"PropertyValueSpecification\",\"valueRequired\":true,\"valueName\":\"search_term_string\"}}],\"inLanguage\":\"es\"},{\"@type\":\"Organization\",\"@id\":\"https:\/\/bspharma.net\/#organization\",\"name\":\"BSPharma\",\"url\":\"https:\/\/bspharma.net\/\",\"logo\":{\"@type\":\"ImageObject\",\"inLanguage\":\"es\",\"@id\":\"https:\/\/bspharma.net\/#\/schema\/logo\/image\/\",\"url\":\"https:\/\/bspharma.net\/wp-content\/uploads\/2024\/09\/cropped-cropped-Diseno-sin-titulo-6.png\",\"contentUrl\":\"https:\/\/bspharma.net\/wp-content\/uploads\/2024\/09\/cropped-cropped-Diseno-sin-titulo-6.png\",\"width\":1080,\"height\":756,\"caption\":\"BSPharma\"},\"image\":{\"@id\":\"https:\/\/bspharma.net\/#\/schema\/logo\/image\/\"},\"sameAs\":[\"https:\/\/www.facebook.com\/bspharmasolutions\/\",\"https:\/\/www.linkedin.com\/company\/bs-pharma-solutions\/\",\"https:\/\/www.instagram.com\/bspharmasolutions\/\",\"https:\/\/www.youtube.com\/@bspharmasolutions\"]}]}<\/script>\n<!-- \/ Yoast SEO plugin. -->","yoast_head_json":{"title":"Contacto - BS Pharma","robots":{"index":"index","follow":"follow","max-snippet":"max-snippet:-1","max-image-preview":"max-image-preview:large","max-video-preview":"max-video-preview:-1"},"canonical":"https:\/\/bspharma.net\/es_mx\/contacto\/","og_locale":"es_MX","og_type":"article","og_title":"Contacto - BS Pharma","og_description":"Deseamos estar cerca de nuestros clientes por ello ponemos a su disposici\u00f3n esta p\u00e1gina con nuestros datos de contacto. Para mensajes puede escribir a nuestro buz\u00f3n de correo a\u00a0contacto@bspharma.net\u00a0o bien llenar el siguiente formulario de contacto. FORMULARIO DE CONTACTO Venta directa +52 3314668103 Av. Ram\u00f3n Corona No. 5791, Col. Jocot\u00e1n oficina en villahermosa Av. Samarkanda...","og_url":"https:\/\/bspharma.net\/es_mx\/contacto\/","og_site_name":"BS Pharma","article_publisher":"https:\/\/www.facebook.com\/bspharmasolutions\/","article_modified_time":"2024-09-06T22:09:01+00:00","twitter_card":"summary_large_image","twitter_misc":{"Tiempo de lectura":"1 minuto"},"schema":{"@context":"https:\/\/schema.org","@graph":[{"@type":"WebPage","@id":"https:\/\/bspharma.net\/contacto\/","url":"https:\/\/bspharma.net\/contacto\/","name":"Contacto - BS Pharma","isPartOf":{"@id":"https:\/\/bspharma.net\/#website"},"datePublished":"2024-09-06T03:31:00+00:00","dateModified":"2024-09-06T22:09:01+00:00","breadcrumb":{"@id":"https:\/\/bspharma.net\/contacto\/#breadcrumb"},"inLanguage":"es","potentialAction":[{"@type":"ReadAction","target":["https:\/\/bspharma.net\/contacto\/"]}]},{"@type":"BreadcrumbList","@id":"https:\/\/bspharma.net\/contacto\/#breadcrumb","itemListElement":[{"@type":"ListItem","position":1,"name":"Portada","item":"https:\/\/bspharma.net\/"},{"@type":"ListItem","position":2,"name":"Contacto"}]},{"@type":"WebSite","@id":"https:\/\/bspharma.net\/#website","url":"https:\/\/bspharma.net\/","name":"BSPharma","description":"Distribuidor Farmac\u00e9utico en M\u00e9xico","publisher":{"@id":"https:\/\/bspharma.net\/#organization"},"potentialAction":[{"@type":"SearchAction","target":{"@type":"EntryPoint","urlTemplate":"https:\/\/bspharma.net\/?s={search_term_string}"},"query-input":{"@type":"PropertyValueSpecification","valueRequired":true,"valueName":"search_term_string"}}],"inLanguage":"es"},{"@type":"Organization","@id":"https:\/\/bspharma.net\/#organization","name":"BSPharma","url":"https:\/\/bspharma.net\/","logo":{"@type":"ImageObject","inLanguage":"es","@id":"https:\/\/bspharma.net\/#\/schema\/logo\/image\/","url":"https:\/\/bspharma.net\/wp-content\/uploads\/2024\/09\/cropped-cropped-Diseno-sin-titulo-6.png","contentUrl":"https:\/\/bspharma.net\/wp-content\/uploads\/2024\/09\/cropped-cropped-Diseno-sin-titulo-6.png","width":1080,"height":756,"caption":"BSPharma"},"image":{"@id":"https:\/\/bspharma.net\/#\/schema\/logo\/image\/"},"sameAs":["https:\/\/www.facebook.com\/bspharmasolutions\/","https:\/\/www.linkedin.com\/company\/bs-pharma-solutions\/","https:\/\/www.instagram.com\/bspharmasolutions\/","https:\/\/www.youtube.com\/@bspharmasolutions"]}]}},"taxonomy_info":[],"featured_image_src_large":false,"author_info":{"display_name":"bspharma_soporte","author_link":"https:\/\/bspharma.net\/es_mx\/author\/bspharma_soporte\/"},"comment_info":0,"_links":{"self":[{"href":"https:\/\/bspharma.net\/es_mx\/wp-json\/wp\/v2\/pages\/3222","targetHints":{"allow":["GET"]}}],"collection":[{"href":"https:\/\/bspharma.net\/es_mx\/wp-json\/wp\/v2\/pages"}],"about":[{"href":"https:\/\/bspharma.net\/es_mx\/wp-json\/wp\/v2\/types\/page"}],"author":[{"embeddable":true,"href":"https:\/\/bspharma.net\/es_mx\/wp-json\/wp\/v2\/users\/1"}],"replies":[{"embeddable":true,"href":"https:\/\/bspharma.net\/es_mx\/wp-json\/wp\/v2\/comments?post=3222"}],"version-history":[{"count":3,"href":"https:\/\/bspharma.net\/es_mx\/wp-json\/wp\/v2\/pages\/3222\/revisions"}],"predecessor-version":[{"id":3364,"href":"https:\/\/bspharma.net\/es_mx\/wp-json\/wp\/v2\/pages\/3222\/revisions\/3364"}],"wp:attachment":[{"href":"https:\/\/bspharma.net\/es_mx\/wp-json\/wp\/v2\/media?parent=3222"}],"curies":[{"name":"wp","href":"https:\/\/api.w.org\/{rel}","templated":true}]}}