{"id":1312,"date":"2024-09-05T18:27:05","date_gmt":"2024-09-06T00:27:05","guid":{"rendered":"https:\/\/bspharma.net\/?post_type=product&#038;p=1312"},"modified":"2025-09-17T13:06:37","modified_gmt":"2025-09-17T19:06:37","slug":"colageno-hidrolizado-naturex-c-60","status":"publish","type":"product","link":"https:\/\/bspharma.net\/es_mx\/producto\/colageno-hidrolizado-naturex-c-60\/","title":{"rendered":"COLAGENO HIDROLIZADO NATUREX C\/60"},"content":{"rendered":"<p><strong>Nombre:<\/strong> COLAGENO HIDROLIZADO NATUREX<br \/>\n<strong>Presentaci\u00f3n:<\/strong> Frasco c\/60 tabletas<br \/>\n<strong>Laboratorio:<\/strong> Naturex<\/p>","protected":false},"excerpt":{"rendered":"<p><strong>F\u00f3rmula:<\/strong> Acido este\u00e1rico, celulosa microcristalina, col\u00e1geno hidrolizado 1 gr, croscarmelosa s\u00f3dica, di\u00f3xido de silicio, lactosa, magnesio, vitamina C 20 mg \/ <strong>Laboratorio:<\/strong> Naturex\u00a0 \/ <strong>Presentaci\u00f3n:<\/strong> Frasco c\/60 tabletas<\/p>","protected":false},"featured_media":1342,"template":"","meta":{"_kad_blocks_custom_css":"","_kad_blocks_head_custom_js":"","_kad_blocks_body_custom_js":"","_kad_blocks_footer_custom_js":"","_kadence_starter_templates_imported_post":false,"_kad_post_transparent":"","_kad_post_title":"","_kad_post_layout":"","_kad_post_sidebar_id":"","_kad_post_content_style":"","_kad_post_vertical_padding":"","_kad_post_feature":"","_kad_post_feature_position":"","_kad_post_header":false,"_kad_post_footer":false,"_kad_post_classname":""},"product_brand":[],"product_cat":[192],"product_tag":[745,746,747,748,749,272,750,751,744,262],"class_list":{"0":"post-1312","1":"product","2":"type-product","3":"status-publish","4":"has-post-thumbnail","6":"product_cat-suplementos","7":"product_tag-acido-estearico","8":"product_tag-celulosa-microcristalina","9":"product_tag-colageno-1-g","10":"product_tag-colageno-hidrolizado-naturex","11":"product_tag-croscarmelosa-sodica","12":"product_tag-dioxido-de-silicio","13":"product_tag-lactosa","14":"product_tag-magnesio","15":"product_tag-nat","16":"product_tag-vitamina-c-20-mg","18":"first","19":"instock","20":"purchasable","21":"product-type-simple","22":"entry","23":"content-bg","24":"loop-entry"},"yoast_head":"<!-- This site is optimized with the Yoast SEO plugin v27.2 - https:\/\/yoast.com\/product\/yoast-seo-wordpress\/ -->\n<title>COLAGENO HIDROLIZADO NATUREX C\/60 - BS Pharma<\/title>\n<meta name=\"robots\" content=\"index, follow, max-snippet:-1, max-image-preview:large, max-video-preview:-1\" \/>\n<link rel=\"canonical\" href=\"https:\/\/bspharma.net\/es_mx\/producto\/colageno-hidrolizado-naturex-c-60\/\" \/>\n<meta property=\"og:locale\" content=\"es_MX\" \/>\n<meta property=\"og:type\" content=\"article\" \/>\n<meta property=\"og:title\" content=\"COLAGENO HIDROLIZADO NATUREX C\/60 - BS Pharma\" \/>\n<meta property=\"og:description\" content=\"F\u00f3rmula: Acido este\u00e1rico, celulosa microcristalina, col\u00e1geno hidrolizado 1 gr, croscarmelosa s\u00f3dica, di\u00f3xido de silicio, lactosa, magnesio, vitamina C 20 mg \/ Laboratorio: Naturex\u00a0 \/ Presentaci\u00f3n: Frasco c\/60 tabletas\" \/>\n<meta property=\"og:url\" content=\"https:\/\/bspharma.net\/es_mx\/producto\/colageno-hidrolizado-naturex-c-60\/\" \/>\n<meta property=\"og:site_name\" content=\"BS Pharma\" \/>\n<meta property=\"article:publisher\" content=\"https:\/\/www.facebook.com\/bspharmasolutions\/\" \/>\n<meta property=\"article:modified_time\" content=\"2025-09-17T19:06:37+00:00\" \/>\n<meta property=\"og:image\" content=\"https:\/\/bspharma.net\/wp-content\/uploads\/2024\/09\/COLAGENO-HIDROLIZADO-NATUREX-.jpg\" \/>\n\t<meta property=\"og:image:width\" content=\"591\" \/>\n\t<meta property=\"og:image:height\" content=\"591\" \/>\n\t<meta property=\"og:image:type\" content=\"image\/jpeg\" \/>\n<meta name=\"twitter:card\" content=\"summary_large_image\" \/>\n<meta name=\"twitter:label1\" content=\"Tiempo de lectura\" \/>\n\t<meta name=\"twitter:data1\" content=\"1 minuto\" \/>\n<script type=\"application\/ld+json\" class=\"yoast-schema-graph\">{\"@context\":\"https:\/\/schema.org\",\"@graph\":[{\"@type\":\"WebPage\",\"@id\":\"https:\/\/bspharma.net\/producto\/colageno-hidrolizado-naturex-c-60\/\",\"url\":\"https:\/\/bspharma.net\/producto\/colageno-hidrolizado-naturex-c-60\/\",\"name\":\"COLAGENO HIDROLIZADO NATUREX C\/60 - BS Pharma\",\"isPartOf\":{\"@id\":\"https:\/\/bspharma.net\/#website\"},\"primaryImageOfPage\":{\"@id\":\"https:\/\/bspharma.net\/producto\/colageno-hidrolizado-naturex-c-60\/#primaryimage\"},\"image\":{\"@id\":\"https:\/\/bspharma.net\/producto\/colageno-hidrolizado-naturex-c-60\/#primaryimage\"},\"thumbnailUrl\":\"https:\/\/bspharma.net\/wp-content\/uploads\/2024\/09\/COLAGENO-HIDROLIZADO-NATUREX-.jpg\",\"datePublished\":\"2024-09-06T00:27:05+00:00\",\"dateModified\":\"2025-09-17T19:06:37+00:00\",\"breadcrumb\":{\"@id\":\"https:\/\/bspharma.net\/producto\/colageno-hidrolizado-naturex-c-60\/#breadcrumb\"},\"inLanguage\":\"es\",\"potentialAction\":[{\"@type\":\"ReadAction\",\"target\":[\"https:\/\/bspharma.net\/producto\/colageno-hidrolizado-naturex-c-60\/\"]}]},{\"@type\":\"ImageObject\",\"inLanguage\":\"es\",\"@id\":\"https:\/\/bspharma.net\/producto\/colageno-hidrolizado-naturex-c-60\/#primaryimage\",\"url\":\"https:\/\/bspharma.net\/wp-content\/uploads\/2024\/09\/COLAGENO-HIDROLIZADO-NATUREX-.jpg\",\"contentUrl\":\"https:\/\/bspharma.net\/wp-content\/uploads\/2024\/09\/COLAGENO-HIDROLIZADO-NATUREX-.jpg\",\"width\":591,\"height\":591},{\"@type\":\"BreadcrumbList\",\"@id\":\"https:\/\/bspharma.net\/producto\/colageno-hidrolizado-naturex-c-60\/#breadcrumb\",\"itemListElement\":[{\"@type\":\"ListItem\",\"position\":1,\"name\":\"Portada\",\"item\":\"https:\/\/bspharma.net\/\"},{\"@type\":\"ListItem\",\"position\":2,\"name\":\"Productos\",\"item\":\"https:\/\/bspharma.net\/productos\/\"},{\"@type\":\"ListItem\",\"position\":3,\"name\":\"COLAGENO HIDROLIZADO NATUREX C\/60\"}]},{\"@type\":\"WebSite\",\"@id\":\"https:\/\/bspharma.net\/#website\",\"url\":\"https:\/\/bspharma.net\/\",\"name\":\"BSPharma\",\"description\":\"Distribuidor Farmac\u00e9utico en M\u00e9xico\",\"publisher\":{\"@id\":\"https:\/\/bspharma.net\/#organization\"},\"potentialAction\":[{\"@type\":\"SearchAction\",\"target\":{\"@type\":\"EntryPoint\",\"urlTemplate\":\"https:\/\/bspharma.net\/?s={search_term_string}\"},\"query-input\":{\"@type\":\"PropertyValueSpecification\",\"valueRequired\":true,\"valueName\":\"search_term_string\"}}],\"inLanguage\":\"es\"},{\"@type\":\"Organization\",\"@id\":\"https:\/\/bspharma.net\/#organization\",\"name\":\"BSPharma\",\"url\":\"https:\/\/bspharma.net\/\",\"logo\":{\"@type\":\"ImageObject\",\"inLanguage\":\"es\",\"@id\":\"https:\/\/bspharma.net\/#\/schema\/logo\/image\/\",\"url\":\"https:\/\/bspharma.net\/wp-content\/uploads\/2024\/09\/cropped-cropped-Diseno-sin-titulo-6.png\",\"contentUrl\":\"https:\/\/bspharma.net\/wp-content\/uploads\/2024\/09\/cropped-cropped-Diseno-sin-titulo-6.png\",\"width\":1080,\"height\":756,\"caption\":\"BSPharma\"},\"image\":{\"@id\":\"https:\/\/bspharma.net\/#\/schema\/logo\/image\/\"},\"sameAs\":[\"https:\/\/www.facebook.com\/bspharmasolutions\/\",\"https:\/\/www.linkedin.com\/company\/bs-pharma-solutions\/\",\"https:\/\/www.instagram.com\/bspharmasolutions\/\",\"https:\/\/www.youtube.com\/@bspharmasolutions\"]}]}<\/script>\n<!-- \/ Yoast SEO plugin. -->","yoast_head_json":{"title":"COLAGENO HIDROLIZADO NATUREX C\/60 - BS Pharma","robots":{"index":"index","follow":"follow","max-snippet":"max-snippet:-1","max-image-preview":"max-image-preview:large","max-video-preview":"max-video-preview:-1"},"canonical":"https:\/\/bspharma.net\/es_mx\/producto\/colageno-hidrolizado-naturex-c-60\/","og_locale":"es_MX","og_type":"article","og_title":"COLAGENO HIDROLIZADO NATUREX C\/60 - BS Pharma","og_description":"F\u00f3rmula: Acido este\u00e1rico, celulosa microcristalina, col\u00e1geno hidrolizado 1 gr, croscarmelosa s\u00f3dica, di\u00f3xido de silicio, lactosa, magnesio, vitamina C 20 mg \/ Laboratorio: Naturex\u00a0 \/ Presentaci\u00f3n: Frasco c\/60 tabletas","og_url":"https:\/\/bspharma.net\/es_mx\/producto\/colageno-hidrolizado-naturex-c-60\/","og_site_name":"BS Pharma","article_publisher":"https:\/\/www.facebook.com\/bspharmasolutions\/","article_modified_time":"2025-09-17T19:06:37+00:00","og_image":[{"width":591,"height":591,"url":"https:\/\/bspharma.net\/wp-content\/uploads\/2024\/09\/COLAGENO-HIDROLIZADO-NATUREX-.jpg","type":"image\/jpeg"}],"twitter_card":"summary_large_image","twitter_misc":{"Tiempo de lectura":"1 minuto"},"schema":{"@context":"https:\/\/schema.org","@graph":[{"@type":"WebPage","@id":"https:\/\/bspharma.net\/producto\/colageno-hidrolizado-naturex-c-60\/","url":"https:\/\/bspharma.net\/producto\/colageno-hidrolizado-naturex-c-60\/","name":"COLAGENO HIDROLIZADO NATUREX C\/60 - BS Pharma","isPartOf":{"@id":"https:\/\/bspharma.net\/#website"},"primaryImageOfPage":{"@id":"https:\/\/bspharma.net\/producto\/colageno-hidrolizado-naturex-c-60\/#primaryimage"},"image":{"@id":"https:\/\/bspharma.net\/producto\/colageno-hidrolizado-naturex-c-60\/#primaryimage"},"thumbnailUrl":"https:\/\/bspharma.net\/wp-content\/uploads\/2024\/09\/COLAGENO-HIDROLIZADO-NATUREX-.jpg","datePublished":"2024-09-06T00:27:05+00:00","dateModified":"2025-09-17T19:06:37+00:00","breadcrumb":{"@id":"https:\/\/bspharma.net\/producto\/colageno-hidrolizado-naturex-c-60\/#breadcrumb"},"inLanguage":"es","potentialAction":[{"@type":"ReadAction","target":["https:\/\/bspharma.net\/producto\/colageno-hidrolizado-naturex-c-60\/"]}]},{"@type":"ImageObject","inLanguage":"es","@id":"https:\/\/bspharma.net\/producto\/colageno-hidrolizado-naturex-c-60\/#primaryimage","url":"https:\/\/bspharma.net\/wp-content\/uploads\/2024\/09\/COLAGENO-HIDROLIZADO-NATUREX-.jpg","contentUrl":"https:\/\/bspharma.net\/wp-content\/uploads\/2024\/09\/COLAGENO-HIDROLIZADO-NATUREX-.jpg","width":591,"height":591},{"@type":"BreadcrumbList","@id":"https:\/\/bspharma.net\/producto\/colageno-hidrolizado-naturex-c-60\/#breadcrumb","itemListElement":[{"@type":"ListItem","position":1,"name":"Portada","item":"https:\/\/bspharma.net\/"},{"@type":"ListItem","position":2,"name":"Productos","item":"https:\/\/bspharma.net\/productos\/"},{"@type":"ListItem","position":3,"name":"COLAGENO HIDROLIZADO NATUREX C\/60"}]},{"@type":"WebSite","@id":"https:\/\/bspharma.net\/#website","url":"https:\/\/bspharma.net\/","name":"BSPharma","description":"Distribuidor Farmac\u00e9utico en M\u00e9xico","publisher":{"@id":"https:\/\/bspharma.net\/#organization"},"potentialAction":[{"@type":"SearchAction","target":{"@type":"EntryPoint","urlTemplate":"https:\/\/bspharma.net\/?s={search_term_string}"},"query-input":{"@type":"PropertyValueSpecification","valueRequired":true,"valueName":"search_term_string"}}],"inLanguage":"es"},{"@type":"Organization","@id":"https:\/\/bspharma.net\/#organization","name":"BSPharma","url":"https:\/\/bspharma.net\/","logo":{"@type":"ImageObject","inLanguage":"es","@id":"https:\/\/bspharma.net\/#\/schema\/logo\/image\/","url":"https:\/\/bspharma.net\/wp-content\/uploads\/2024\/09\/cropped-cropped-Diseno-sin-titulo-6.png","contentUrl":"https:\/\/bspharma.net\/wp-content\/uploads\/2024\/09\/cropped-cropped-Diseno-sin-titulo-6.png","width":1080,"height":756,"caption":"BSPharma"},"image":{"@id":"https:\/\/bspharma.net\/#\/schema\/logo\/image\/"},"sameAs":["https:\/\/www.facebook.com\/bspharmasolutions\/","https:\/\/www.linkedin.com\/company\/bs-pharma-solutions\/","https:\/\/www.instagram.com\/bspharmasolutions\/","https:\/\/www.youtube.com\/@bspharmasolutions"]}]}},"taxonomy_info":{"product_cat":[{"value":192,"label":"Suplementos"}],"product_tag":[{"value":745,"label":"Acido Estearico"},{"value":746,"label":"Celulosa Microcristalina"},{"value":747,"label":"Colageno 1 g"},{"value":748,"label":"COLAGENO HIDROLIZADO NATUREX"},{"value":749,"label":"Croscarmelosa Sodica"},{"value":272,"label":"Dioxido de Silicio"},{"value":750,"label":"Lactosa"},{"value":751,"label":"Magnesio"},{"value":744,"label":"NAT"},{"value":262,"label":"Vitamina C 20 mg"}]},"featured_image_src_large":["https:\/\/bspharma.net\/wp-content\/uploads\/2024\/09\/COLAGENO-HIDROLIZADO-NATUREX-.jpg",591,591,false],"author_info":[],"comment_info":"","_links":{"self":[{"href":"https:\/\/bspharma.net\/es_mx\/wp-json\/wp\/v2\/product\/1312","targetHints":{"allow":["GET"]}}],"collection":[{"href":"https:\/\/bspharma.net\/es_mx\/wp-json\/wp\/v2\/product"}],"about":[{"href":"https:\/\/bspharma.net\/es_mx\/wp-json\/wp\/v2\/types\/product"}],"wp:featuredmedia":[{"embeddable":true,"href":"https:\/\/bspharma.net\/es_mx\/wp-json\/wp\/v2\/media\/1342"}],"wp:attachment":[{"href":"https:\/\/bspharma.net\/es_mx\/wp-json\/wp\/v2\/media?parent=1312"}],"wp:term":[{"taxonomy":"product_brand","embeddable":true,"href":"https:\/\/bspharma.net\/es_mx\/wp-json\/wp\/v2\/product_brand?post=1312"},{"taxonomy":"product_cat","embeddable":true,"href":"https:\/\/bspharma.net\/es_mx\/wp-json\/wp\/v2\/product_cat?post=1312"},{"taxonomy":"product_tag","embeddable":true,"href":"https:\/\/bspharma.net\/es_mx\/wp-json\/wp\/v2\/product_tag?post=1312"}],"curies":[{"name":"wp","href":"https:\/\/api.w.org\/{rel}","templated":true}]}}