{"id":1314,"date":"2024-09-05T18:27:05","date_gmt":"2024-09-06T00:27:05","guid":{"rendered":"https:\/\/bspharma.net\/?post_type=product&#038;p=1314"},"modified":"2025-09-17T13:09:53","modified_gmt":"2025-09-17T19:09:53","slug":"paleta-osito","status":"publish","type":"product","link":"https:\/\/bspharma.net\/es_mx\/producto\/paleta-osito\/","title":{"rendered":"PALETA OSITO"},"content":{"rendered":"<p><strong>Nombre:<\/strong> PALETA OSITO<br \/>\n<strong>Presentaci\u00f3n:<\/strong> envase c\/40 piezas<br \/>\n<strong>Laboratorio:<\/strong> Naturex<\/p>","protected":false},"excerpt":{"rendered":"<p><strong>F\u00f3rmula:<\/strong> Acido citrico, eucalipto, gordolobo, lim\u00f3n, mentol, miel, mirra, prop\u00f3leo, sauco \/ <strong>Laboratorio:<\/strong> Naturex \/ <strong>Presentaci\u00f3n:<\/strong> envase c\/40 piezas<\/p>","protected":false},"featured_media":1344,"template":"","meta":{"_kad_blocks_custom_css":"","_kad_blocks_head_custom_js":"","_kad_blocks_body_custom_js":"","_kad_blocks_footer_custom_js":"","_kadence_starter_templates_imported_post":false,"_kad_post_transparent":"","_kad_post_title":"","_kad_post_layout":"","_kad_post_sidebar_id":"","_kad_post_content_style":"","_kad_post_vertical_padding":"","_kad_post_feature":"","_kad_post_feature_position":"","_kad_post_header":false,"_kad_post_footer":false,"_kad_post_classname":""},"product_brand":[],"product_cat":[245,192],"product_tag":[508,514,755,756,757,758,759,744,760,761,762,763,764,765,766],"class_list":{"0":"post-1314","1":"product","2":"type-product","3":"status-publish","4":"has-post-thumbnail","6":"product_cat-naturistas","7":"product_cat-suplementos","8":"product_tag-acido-citrico","9":"product_tag-eucalipto","10":"product_tag-gordolobo","11":"product_tag-limon","12":"product_tag-mentol","13":"product_tag-miel","14":"product_tag-mirra","15":"product_tag-nat","16":"product_tag-osito","17":"product_tag-paleta","18":"product_tag-paleta-osito","19":"product_tag-paletas","20":"product_tag-propoleo","21":"product_tag-sauco","22":"product_tag-tosito","24":"first","25":"outofstock","26":"purchasable","27":"product-type-simple","28":"entry","29":"content-bg","30":"loop-entry"},"yoast_head":"<!-- This site is optimized with the Yoast SEO plugin v27.2 - https:\/\/yoast.com\/product\/yoast-seo-wordpress\/ -->\n<title>PALETA OSITO - BS Pharma<\/title>\n<meta name=\"robots\" content=\"index, follow, max-snippet:-1, max-image-preview:large, max-video-preview:-1\" \/>\n<link rel=\"canonical\" href=\"https:\/\/bspharma.net\/es_mx\/producto\/paleta-osito\/\" \/>\n<meta property=\"og:locale\" content=\"es_MX\" \/>\n<meta property=\"og:type\" content=\"article\" \/>\n<meta property=\"og:title\" content=\"PALETA OSITO - BS Pharma\" \/>\n<meta property=\"og:description\" content=\"F\u00f3rmula: Acido citrico, eucalipto, gordolobo, lim\u00f3n, mentol, miel, mirra, prop\u00f3leo, sauco \/ Laboratorio: Naturex \/ Presentaci\u00f3n: envase c\/40 piezas\" \/>\n<meta property=\"og:url\" content=\"https:\/\/bspharma.net\/es_mx\/producto\/paleta-osito\/\" \/>\n<meta property=\"og:site_name\" content=\"BS Pharma\" \/>\n<meta property=\"article:publisher\" content=\"https:\/\/www.facebook.com\/bspharmasolutions\/\" \/>\n<meta property=\"article:modified_time\" content=\"2025-09-17T19:09:53+00:00\" \/>\n<meta property=\"og:image\" content=\"https:\/\/bspharma.net\/wp-content\/uploads\/2024\/09\/paleta-osito.jpg\" \/>\n\t<meta property=\"og:image:width\" content=\"591\" \/>\n\t<meta property=\"og:image:height\" content=\"591\" \/>\n\t<meta property=\"og:image:type\" content=\"image\/jpeg\" \/>\n<meta name=\"twitter:card\" content=\"summary_large_image\" \/>\n<meta name=\"twitter:label1\" content=\"Tiempo de lectura\" \/>\n\t<meta name=\"twitter:data1\" content=\"1 minuto\" \/>\n<script type=\"application\/ld+json\" class=\"yoast-schema-graph\">{\"@context\":\"https:\/\/schema.org\",\"@graph\":[{\"@type\":\"WebPage\",\"@id\":\"https:\/\/bspharma.net\/producto\/paleta-osito\/\",\"url\":\"https:\/\/bspharma.net\/producto\/paleta-osito\/\",\"name\":\"PALETA OSITO - BS Pharma\",\"isPartOf\":{\"@id\":\"https:\/\/bspharma.net\/#website\"},\"primaryImageOfPage\":{\"@id\":\"https:\/\/bspharma.net\/producto\/paleta-osito\/#primaryimage\"},\"image\":{\"@id\":\"https:\/\/bspharma.net\/producto\/paleta-osito\/#primaryimage\"},\"thumbnailUrl\":\"https:\/\/bspharma.net\/wp-content\/uploads\/2024\/09\/paleta-osito.jpg\",\"datePublished\":\"2024-09-06T00:27:05+00:00\",\"dateModified\":\"2025-09-17T19:09:53+00:00\",\"breadcrumb\":{\"@id\":\"https:\/\/bspharma.net\/producto\/paleta-osito\/#breadcrumb\"},\"inLanguage\":\"es\",\"potentialAction\":[{\"@type\":\"ReadAction\",\"target\":[\"https:\/\/bspharma.net\/producto\/paleta-osito\/\"]}]},{\"@type\":\"ImageObject\",\"inLanguage\":\"es\",\"@id\":\"https:\/\/bspharma.net\/producto\/paleta-osito\/#primaryimage\",\"url\":\"https:\/\/bspharma.net\/wp-content\/uploads\/2024\/09\/paleta-osito.jpg\",\"contentUrl\":\"https:\/\/bspharma.net\/wp-content\/uploads\/2024\/09\/paleta-osito.jpg\",\"width\":591,\"height\":591},{\"@type\":\"BreadcrumbList\",\"@id\":\"https:\/\/bspharma.net\/producto\/paleta-osito\/#breadcrumb\",\"itemListElement\":[{\"@type\":\"ListItem\",\"position\":1,\"name\":\"Portada\",\"item\":\"https:\/\/bspharma.net\/\"},{\"@type\":\"ListItem\",\"position\":2,\"name\":\"Productos\",\"item\":\"https:\/\/bspharma.net\/productos\/\"},{\"@type\":\"ListItem\",\"position\":3,\"name\":\"PALETA OSITO\"}]},{\"@type\":\"WebSite\",\"@id\":\"https:\/\/bspharma.net\/#website\",\"url\":\"https:\/\/bspharma.net\/\",\"name\":\"BSPharma\",\"description\":\"Distribuidor Farmac\u00e9utico en M\u00e9xico\",\"publisher\":{\"@id\":\"https:\/\/bspharma.net\/#organization\"},\"potentialAction\":[{\"@type\":\"SearchAction\",\"target\":{\"@type\":\"EntryPoint\",\"urlTemplate\":\"https:\/\/bspharma.net\/?s={search_term_string}\"},\"query-input\":{\"@type\":\"PropertyValueSpecification\",\"valueRequired\":true,\"valueName\":\"search_term_string\"}}],\"inLanguage\":\"es\"},{\"@type\":\"Organization\",\"@id\":\"https:\/\/bspharma.net\/#organization\",\"name\":\"BSPharma\",\"url\":\"https:\/\/bspharma.net\/\",\"logo\":{\"@type\":\"ImageObject\",\"inLanguage\":\"es\",\"@id\":\"https:\/\/bspharma.net\/#\/schema\/logo\/image\/\",\"url\":\"https:\/\/bspharma.net\/wp-content\/uploads\/2024\/09\/cropped-cropped-Diseno-sin-titulo-6.png\",\"contentUrl\":\"https:\/\/bspharma.net\/wp-content\/uploads\/2024\/09\/cropped-cropped-Diseno-sin-titulo-6.png\",\"width\":1080,\"height\":756,\"caption\":\"BSPharma\"},\"image\":{\"@id\":\"https:\/\/bspharma.net\/#\/schema\/logo\/image\/\"},\"sameAs\":[\"https:\/\/www.facebook.com\/bspharmasolutions\/\",\"https:\/\/www.linkedin.com\/company\/bs-pharma-solutions\/\",\"https:\/\/www.instagram.com\/bspharmasolutions\/\",\"https:\/\/www.youtube.com\/@bspharmasolutions\"]}]}<\/script>\n<!-- \/ Yoast SEO plugin. -->","yoast_head_json":{"title":"PALETA OSITO - BS Pharma","robots":{"index":"index","follow":"follow","max-snippet":"max-snippet:-1","max-image-preview":"max-image-preview:large","max-video-preview":"max-video-preview:-1"},"canonical":"https:\/\/bspharma.net\/es_mx\/producto\/paleta-osito\/","og_locale":"es_MX","og_type":"article","og_title":"PALETA OSITO - BS Pharma","og_description":"F\u00f3rmula: Acido citrico, eucalipto, gordolobo, lim\u00f3n, mentol, miel, mirra, prop\u00f3leo, sauco \/ Laboratorio: Naturex \/ Presentaci\u00f3n: envase c\/40 piezas","og_url":"https:\/\/bspharma.net\/es_mx\/producto\/paleta-osito\/","og_site_name":"BS Pharma","article_publisher":"https:\/\/www.facebook.com\/bspharmasolutions\/","article_modified_time":"2025-09-17T19:09:53+00:00","og_image":[{"width":591,"height":591,"url":"https:\/\/bspharma.net\/wp-content\/uploads\/2024\/09\/paleta-osito.jpg","type":"image\/jpeg"}],"twitter_card":"summary_large_image","twitter_misc":{"Tiempo de lectura":"1 minuto"},"schema":{"@context":"https:\/\/schema.org","@graph":[{"@type":"WebPage","@id":"https:\/\/bspharma.net\/producto\/paleta-osito\/","url":"https:\/\/bspharma.net\/producto\/paleta-osito\/","name":"PALETA OSITO - BS Pharma","isPartOf":{"@id":"https:\/\/bspharma.net\/#website"},"primaryImageOfPage":{"@id":"https:\/\/bspharma.net\/producto\/paleta-osito\/#primaryimage"},"image":{"@id":"https:\/\/bspharma.net\/producto\/paleta-osito\/#primaryimage"},"thumbnailUrl":"https:\/\/bspharma.net\/wp-content\/uploads\/2024\/09\/paleta-osito.jpg","datePublished":"2024-09-06T00:27:05+00:00","dateModified":"2025-09-17T19:09:53+00:00","breadcrumb":{"@id":"https:\/\/bspharma.net\/producto\/paleta-osito\/#breadcrumb"},"inLanguage":"es","potentialAction":[{"@type":"ReadAction","target":["https:\/\/bspharma.net\/producto\/paleta-osito\/"]}]},{"@type":"ImageObject","inLanguage":"es","@id":"https:\/\/bspharma.net\/producto\/paleta-osito\/#primaryimage","url":"https:\/\/bspharma.net\/wp-content\/uploads\/2024\/09\/paleta-osito.jpg","contentUrl":"https:\/\/bspharma.net\/wp-content\/uploads\/2024\/09\/paleta-osito.jpg","width":591,"height":591},{"@type":"BreadcrumbList","@id":"https:\/\/bspharma.net\/producto\/paleta-osito\/#breadcrumb","itemListElement":[{"@type":"ListItem","position":1,"name":"Portada","item":"https:\/\/bspharma.net\/"},{"@type":"ListItem","position":2,"name":"Productos","item":"https:\/\/bspharma.net\/productos\/"},{"@type":"ListItem","position":3,"name":"PALETA OSITO"}]},{"@type":"WebSite","@id":"https:\/\/bspharma.net\/#website","url":"https:\/\/bspharma.net\/","name":"BSPharma","description":"Distribuidor Farmac\u00e9utico en M\u00e9xico","publisher":{"@id":"https:\/\/bspharma.net\/#organization"},"potentialAction":[{"@type":"SearchAction","target":{"@type":"EntryPoint","urlTemplate":"https:\/\/bspharma.net\/?s={search_term_string}"},"query-input":{"@type":"PropertyValueSpecification","valueRequired":true,"valueName":"search_term_string"}}],"inLanguage":"es"},{"@type":"Organization","@id":"https:\/\/bspharma.net\/#organization","name":"BSPharma","url":"https:\/\/bspharma.net\/","logo":{"@type":"ImageObject","inLanguage":"es","@id":"https:\/\/bspharma.net\/#\/schema\/logo\/image\/","url":"https:\/\/bspharma.net\/wp-content\/uploads\/2024\/09\/cropped-cropped-Diseno-sin-titulo-6.png","contentUrl":"https:\/\/bspharma.net\/wp-content\/uploads\/2024\/09\/cropped-cropped-Diseno-sin-titulo-6.png","width":1080,"height":756,"caption":"BSPharma"},"image":{"@id":"https:\/\/bspharma.net\/#\/schema\/logo\/image\/"},"sameAs":["https:\/\/www.facebook.com\/bspharmasolutions\/","https:\/\/www.linkedin.com\/company\/bs-pharma-solutions\/","https:\/\/www.instagram.com\/bspharmasolutions\/","https:\/\/www.youtube.com\/@bspharmasolutions"]}]}},"taxonomy_info":{"product_cat":[{"value":245,"label":"Naturistas"},{"value":192,"label":"Suplementos"}],"product_tag":[{"value":508,"label":"Acido Citrico"},{"value":514,"label":"Eucalipto"},{"value":755,"label":"Gordolobo"},{"value":756,"label":"Limon"},{"value":757,"label":"Mentol"},{"value":758,"label":"Miel"},{"value":759,"label":"Mirra"},{"value":744,"label":"NAT"},{"value":760,"label":"osito"},{"value":761,"label":"paleta"},{"value":762,"label":"PALETA OSITO"},{"value":763,"label":"paletas"},{"value":764,"label":"Propoleo"},{"value":765,"label":"Sauco"},{"value":766,"label":"tosito"}]},"featured_image_src_large":["https:\/\/bspharma.net\/wp-content\/uploads\/2024\/09\/paleta-osito.jpg",591,591,false],"author_info":[],"comment_info":"","_links":{"self":[{"href":"https:\/\/bspharma.net\/es_mx\/wp-json\/wp\/v2\/product\/1314","targetHints":{"allow":["GET"]}}],"collection":[{"href":"https:\/\/bspharma.net\/es_mx\/wp-json\/wp\/v2\/product"}],"about":[{"href":"https:\/\/bspharma.net\/es_mx\/wp-json\/wp\/v2\/types\/product"}],"wp:featuredmedia":[{"embeddable":true,"href":"https:\/\/bspharma.net\/es_mx\/wp-json\/wp\/v2\/media\/1344"}],"wp:attachment":[{"href":"https:\/\/bspharma.net\/es_mx\/wp-json\/wp\/v2\/media?parent=1314"}],"wp:term":[{"taxonomy":"product_brand","embeddable":true,"href":"https:\/\/bspharma.net\/es_mx\/wp-json\/wp\/v2\/product_brand?post=1314"},{"taxonomy":"product_cat","embeddable":true,"href":"https:\/\/bspharma.net\/es_mx\/wp-json\/wp\/v2\/product_cat?post=1314"},{"taxonomy":"product_tag","embeddable":true,"href":"https:\/\/bspharma.net\/es_mx\/wp-json\/wp\/v2\/product_tag?post=1314"}],"curies":[{"name":"wp","href":"https:\/\/api.w.org\/{rel}","templated":true}]}}