{"id":1383,"date":"2024-09-05T18:27:20","date_gmt":"2024-09-06T00:27:20","guid":{"rendered":"https:\/\/bspharma.net\/?post_type=product&#038;p=1383"},"modified":"2025-09-18T16:28:49","modified_gmt":"2025-09-18T22:28:49","slug":"gelcavit-platinum","status":"publish","type":"product","link":"https:\/\/bspharma.net\/es_mx\/producto\/gelcavit-platinum\/","title":{"rendered":"GELCAVIT PLATINUM"},"content":{"rendered":"<p><strong>Nombre:<\/strong> GELCAVIT PLATINUM<br \/>\n<strong>Presentaci\u00f3n:<\/strong> Caja c\/30 c\u00e1psulas<br \/>\n<strong>Laboratorio:<\/strong> Pharmacaps<\/p>","protected":false},"excerpt":{"rendered":"<p><strong>F\u00f3rmula:<\/strong> Aceite de germen de trigo 10 mg, aceite de pr\u00edmula 50 mg, acido f\u00f3lico 400 mcg, Calcio 50.08 mg, cobre 2 mg, coenzima Q10 100 mcg, hierro 10 mg, magnesio 10 mg, manganeso 2.5 mg, nicotinamida 20.3 mg, potasio 20 mg, selenio 25 mcg, vitamina A 990 mcg, vitamina B1 1.1 mg, vitamina B12 6 mcg, vitamina B2 1.4 mg, vitamina B5 9.19 mcg, vitamina B6 2 mg, vitamina C 50 mg, vitamina D2 10 mcg, vitamina E 30 mcg, zinc 14.34 mg \/ <strong>Laboratorio:<\/strong> Pharmacaps\u00a0 \/ <strong>Presentaci\u00f3n:<\/strong> Caja c\/30 c\u00e1psulas<\/p>","protected":false},"featured_media":1413,"template":"","meta":{"_kad_blocks_custom_css":"","_kad_blocks_head_custom_js":"","_kad_blocks_body_custom_js":"","_kad_blocks_footer_custom_js":"","_kadence_starter_templates_imported_post":false,"_kad_post_transparent":"","_kad_post_title":"","_kad_post_layout":"","_kad_post_sidebar_id":"","_kad_post_content_style":"","_kad_post_vertical_padding":"","_kad_post_feature":"","_kad_post_feature_position":"","_kad_post_header":false,"_kad_post_footer":false,"_kad_post_classname":""},"product_brand":[],"product_cat":[192],"product_tag":[879,292,894,895,896,897,898,899,900,901,858,902,903,904,905,906,907,871,908,909,787,890,910,911,892,912],"class_list":{"0":"post-1383","1":"product","2":"type-product","3":"status-publish","4":"has-post-thumbnail","6":"product_cat-suplementos","7":"product_tag-aceite-de-germen-de-trigo-30-mg","8":"product_tag-acido-folico-400-mcg","9":"product_tag-ajo-deodorizado-3-mg","10":"product_tag-coenzima-q10-100-mcg","11":"product_tag-evening-primrose-oil-50-mg","12":"product_tag-fosfato-de-calcio-170-mg","13":"product_tag-gelcavit-platinum","14":"product_tag-gluconato-de-zinc-100-mg","15":"product_tag-hierro-reducido-10-mg","16":"product_tag-levadura-de-selenio-25-mg","17":"product_tag-pharmadan","18":"product_tag-sulfato-de-cobre-5-2-mg","19":"product_tag-sulfato-de-magnesio-50-mg","20":"product_tag-sulfato-de-manganeso-6-9-mg","21":"product_tag-sulfato-de-potasio-44-56-mg","22":"product_tag-vitamina-a-3300-ui","23":"product_tag-vitamina-b1-1-1-mg","24":"product_tag-vitamina-b12-6-mcg","25":"product_tag-vitamina-b2-1-4-mg","26":"product_tag-vitamina-b3-20-3-mg","27":"product_tag-vitamina-b5-10-mg","28":"product_tag-vitamina-b6-2-mg","29":"product_tag-vitamina-b8-100-mcg","30":"product_tag-vitamina-c-50-mg","31":"product_tag-vitamina-d-400-ui","32":"product_tag-vitamina-e-30-ui","34":"first","35":"instock","36":"purchasable","37":"product-type-simple","38":"entry","39":"content-bg","40":"loop-entry"},"yoast_head":"<!-- This site is optimized with the Yoast SEO plugin v27.2 - https:\/\/yoast.com\/product\/yoast-seo-wordpress\/ -->\n<title>GELCAVIT PLATINUM - BS Pharma<\/title>\n<meta name=\"robots\" content=\"index, follow, max-snippet:-1, max-image-preview:large, max-video-preview:-1\" \/>\n<link rel=\"canonical\" href=\"https:\/\/bspharma.net\/es_mx\/producto\/gelcavit-platinum\/\" \/>\n<meta property=\"og:locale\" content=\"es_MX\" \/>\n<meta property=\"og:type\" content=\"article\" \/>\n<meta property=\"og:title\" content=\"GELCAVIT PLATINUM - BS Pharma\" \/>\n<meta property=\"og:description\" content=\"F\u00f3rmula: Aceite de germen de trigo 10 mg, aceite de pr\u00edmula 50 mg, acido f\u00f3lico 400 mcg, Calcio 50.08 mg, cobre 2 mg, coenzima Q10 100 mcg, hierro 10 mg, magnesio 10 mg, manganeso 2.5 mg, nicotinamida 20.3 mg, potasio 20 mg, selenio 25 mcg, vitamina A 990 mcg, vitamina B1 1.1 mg, vitamina B12 6 mcg, vitamina B2 1.4 mg, vitamina B5 9.19 mcg, vitamina B6 2 mg, vitamina C 50 mg, vitamina D2 10 mcg, vitamina E 30 mcg, zinc 14.34 mg \/ Laboratorio: Pharmacaps\u00a0 \/ Presentaci\u00f3n: Caja c\/30 c\u00e1psulas\" \/>\n<meta property=\"og:url\" content=\"https:\/\/bspharma.net\/es_mx\/producto\/gelcavit-platinum\/\" \/>\n<meta property=\"og:site_name\" content=\"BS Pharma\" \/>\n<meta property=\"article:publisher\" content=\"https:\/\/www.facebook.com\/bspharmasolutions\/\" \/>\n<meta property=\"article:modified_time\" content=\"2025-09-18T22:28:49+00:00\" \/>\n<meta property=\"og:image\" content=\"https:\/\/bspharma.net\/wp-content\/uploads\/2024\/09\/Captura-de-Pantalla-2020-10-07-a-las-15.45.38.png\" \/>\n\t<meta property=\"og:image:width\" content=\"595\" \/>\n\t<meta property=\"og:image:height\" content=\"596\" \/>\n\t<meta property=\"og:image:type\" content=\"image\/png\" \/>\n<meta name=\"twitter:card\" content=\"summary_large_image\" \/>\n<meta name=\"twitter:label1\" content=\"Tiempo de lectura\" \/>\n\t<meta name=\"twitter:data1\" content=\"1 minuto\" \/>\n<script type=\"application\/ld+json\" class=\"yoast-schema-graph\">{\"@context\":\"https:\/\/schema.org\",\"@graph\":[{\"@type\":\"WebPage\",\"@id\":\"https:\/\/bspharma.net\/producto\/gelcavit-platinum\/\",\"url\":\"https:\/\/bspharma.net\/producto\/gelcavit-platinum\/\",\"name\":\"GELCAVIT PLATINUM - BS Pharma\",\"isPartOf\":{\"@id\":\"https:\/\/bspharma.net\/#website\"},\"primaryImageOfPage\":{\"@id\":\"https:\/\/bspharma.net\/producto\/gelcavit-platinum\/#primaryimage\"},\"image\":{\"@id\":\"https:\/\/bspharma.net\/producto\/gelcavit-platinum\/#primaryimage\"},\"thumbnailUrl\":\"https:\/\/bspharma.net\/wp-content\/uploads\/2024\/09\/Captura-de-Pantalla-2020-10-07-a-las-15.45.38.png\",\"datePublished\":\"2024-09-06T00:27:20+00:00\",\"dateModified\":\"2025-09-18T22:28:49+00:00\",\"breadcrumb\":{\"@id\":\"https:\/\/bspharma.net\/producto\/gelcavit-platinum\/#breadcrumb\"},\"inLanguage\":\"es\",\"potentialAction\":[{\"@type\":\"ReadAction\",\"target\":[\"https:\/\/bspharma.net\/producto\/gelcavit-platinum\/\"]}]},{\"@type\":\"ImageObject\",\"inLanguage\":\"es\",\"@id\":\"https:\/\/bspharma.net\/producto\/gelcavit-platinum\/#primaryimage\",\"url\":\"https:\/\/bspharma.net\/wp-content\/uploads\/2024\/09\/Captura-de-Pantalla-2020-10-07-a-las-15.45.38.png\",\"contentUrl\":\"https:\/\/bspharma.net\/wp-content\/uploads\/2024\/09\/Captura-de-Pantalla-2020-10-07-a-las-15.45.38.png\",\"width\":595,\"height\":596},{\"@type\":\"BreadcrumbList\",\"@id\":\"https:\/\/bspharma.net\/producto\/gelcavit-platinum\/#breadcrumb\",\"itemListElement\":[{\"@type\":\"ListItem\",\"position\":1,\"name\":\"Portada\",\"item\":\"https:\/\/bspharma.net\/\"},{\"@type\":\"ListItem\",\"position\":2,\"name\":\"Productos\",\"item\":\"https:\/\/bspharma.net\/productos\/\"},{\"@type\":\"ListItem\",\"position\":3,\"name\":\"GELCAVIT PLATINUM\"}]},{\"@type\":\"WebSite\",\"@id\":\"https:\/\/bspharma.net\/#website\",\"url\":\"https:\/\/bspharma.net\/\",\"name\":\"BSPharma\",\"description\":\"Distribuidor Farmac\u00e9utico en M\u00e9xico\",\"publisher\":{\"@id\":\"https:\/\/bspharma.net\/#organization\"},\"potentialAction\":[{\"@type\":\"SearchAction\",\"target\":{\"@type\":\"EntryPoint\",\"urlTemplate\":\"https:\/\/bspharma.net\/?s={search_term_string}\"},\"query-input\":{\"@type\":\"PropertyValueSpecification\",\"valueRequired\":true,\"valueName\":\"search_term_string\"}}],\"inLanguage\":\"es\"},{\"@type\":\"Organization\",\"@id\":\"https:\/\/bspharma.net\/#organization\",\"name\":\"BSPharma\",\"url\":\"https:\/\/bspharma.net\/\",\"logo\":{\"@type\":\"ImageObject\",\"inLanguage\":\"es\",\"@id\":\"https:\/\/bspharma.net\/#\/schema\/logo\/image\/\",\"url\":\"https:\/\/bspharma.net\/wp-content\/uploads\/2024\/09\/cropped-cropped-Diseno-sin-titulo-6.png\",\"contentUrl\":\"https:\/\/bspharma.net\/wp-content\/uploads\/2024\/09\/cropped-cropped-Diseno-sin-titulo-6.png\",\"width\":1080,\"height\":756,\"caption\":\"BSPharma\"},\"image\":{\"@id\":\"https:\/\/bspharma.net\/#\/schema\/logo\/image\/\"},\"sameAs\":[\"https:\/\/www.facebook.com\/bspharmasolutions\/\",\"https:\/\/www.linkedin.com\/company\/bs-pharma-solutions\/\",\"https:\/\/www.instagram.com\/bspharmasolutions\/\",\"https:\/\/www.youtube.com\/@bspharmasolutions\"]}]}<\/script>\n<!-- \/ Yoast SEO plugin. -->","yoast_head_json":{"title":"GELCAVIT PLATINUM - BS Pharma","robots":{"index":"index","follow":"follow","max-snippet":"max-snippet:-1","max-image-preview":"max-image-preview:large","max-video-preview":"max-video-preview:-1"},"canonical":"https:\/\/bspharma.net\/es_mx\/producto\/gelcavit-platinum\/","og_locale":"es_MX","og_type":"article","og_title":"GELCAVIT PLATINUM - BS Pharma","og_description":"F\u00f3rmula: Aceite de germen de trigo 10 mg, aceite de pr\u00edmula 50 mg, acido f\u00f3lico 400 mcg, Calcio 50.08 mg, cobre 2 mg, coenzima Q10 100 mcg, hierro 10 mg, magnesio 10 mg, manganeso 2.5 mg, nicotinamida 20.3 mg, potasio 20 mg, selenio 25 mcg, vitamina A 990 mcg, vitamina B1 1.1 mg, vitamina B12 6 mcg, vitamina B2 1.4 mg, vitamina B5 9.19 mcg, vitamina B6 2 mg, vitamina C 50 mg, vitamina D2 10 mcg, vitamina E 30 mcg, zinc 14.34 mg \/ Laboratorio: Pharmacaps\u00a0 \/ Presentaci\u00f3n: Caja c\/30 c\u00e1psulas","og_url":"https:\/\/bspharma.net\/es_mx\/producto\/gelcavit-platinum\/","og_site_name":"BS Pharma","article_publisher":"https:\/\/www.facebook.com\/bspharmasolutions\/","article_modified_time":"2025-09-18T22:28:49+00:00","og_image":[{"width":595,"height":596,"url":"https:\/\/bspharma.net\/wp-content\/uploads\/2024\/09\/Captura-de-Pantalla-2020-10-07-a-las-15.45.38.png","type":"image\/png"}],"twitter_card":"summary_large_image","twitter_misc":{"Tiempo de lectura":"1 minuto"},"schema":{"@context":"https:\/\/schema.org","@graph":[{"@type":"WebPage","@id":"https:\/\/bspharma.net\/producto\/gelcavit-platinum\/","url":"https:\/\/bspharma.net\/producto\/gelcavit-platinum\/","name":"GELCAVIT PLATINUM - BS Pharma","isPartOf":{"@id":"https:\/\/bspharma.net\/#website"},"primaryImageOfPage":{"@id":"https:\/\/bspharma.net\/producto\/gelcavit-platinum\/#primaryimage"},"image":{"@id":"https:\/\/bspharma.net\/producto\/gelcavit-platinum\/#primaryimage"},"thumbnailUrl":"https:\/\/bspharma.net\/wp-content\/uploads\/2024\/09\/Captura-de-Pantalla-2020-10-07-a-las-15.45.38.png","datePublished":"2024-09-06T00:27:20+00:00","dateModified":"2025-09-18T22:28:49+00:00","breadcrumb":{"@id":"https:\/\/bspharma.net\/producto\/gelcavit-platinum\/#breadcrumb"},"inLanguage":"es","potentialAction":[{"@type":"ReadAction","target":["https:\/\/bspharma.net\/producto\/gelcavit-platinum\/"]}]},{"@type":"ImageObject","inLanguage":"es","@id":"https:\/\/bspharma.net\/producto\/gelcavit-platinum\/#primaryimage","url":"https:\/\/bspharma.net\/wp-content\/uploads\/2024\/09\/Captura-de-Pantalla-2020-10-07-a-las-15.45.38.png","contentUrl":"https:\/\/bspharma.net\/wp-content\/uploads\/2024\/09\/Captura-de-Pantalla-2020-10-07-a-las-15.45.38.png","width":595,"height":596},{"@type":"BreadcrumbList","@id":"https:\/\/bspharma.net\/producto\/gelcavit-platinum\/#breadcrumb","itemListElement":[{"@type":"ListItem","position":1,"name":"Portada","item":"https:\/\/bspharma.net\/"},{"@type":"ListItem","position":2,"name":"Productos","item":"https:\/\/bspharma.net\/productos\/"},{"@type":"ListItem","position":3,"name":"GELCAVIT PLATINUM"}]},{"@type":"WebSite","@id":"https:\/\/bspharma.net\/#website","url":"https:\/\/bspharma.net\/","name":"BSPharma","description":"Distribuidor Farmac\u00e9utico en M\u00e9xico","publisher":{"@id":"https:\/\/bspharma.net\/#organization"},"potentialAction":[{"@type":"SearchAction","target":{"@type":"EntryPoint","urlTemplate":"https:\/\/bspharma.net\/?s={search_term_string}"},"query-input":{"@type":"PropertyValueSpecification","valueRequired":true,"valueName":"search_term_string"}}],"inLanguage":"es"},{"@type":"Organization","@id":"https:\/\/bspharma.net\/#organization","name":"BSPharma","url":"https:\/\/bspharma.net\/","logo":{"@type":"ImageObject","inLanguage":"es","@id":"https:\/\/bspharma.net\/#\/schema\/logo\/image\/","url":"https:\/\/bspharma.net\/wp-content\/uploads\/2024\/09\/cropped-cropped-Diseno-sin-titulo-6.png","contentUrl":"https:\/\/bspharma.net\/wp-content\/uploads\/2024\/09\/cropped-cropped-Diseno-sin-titulo-6.png","width":1080,"height":756,"caption":"BSPharma"},"image":{"@id":"https:\/\/bspharma.net\/#\/schema\/logo\/image\/"},"sameAs":["https:\/\/www.facebook.com\/bspharmasolutions\/","https:\/\/www.linkedin.com\/company\/bs-pharma-solutions\/","https:\/\/www.instagram.com\/bspharmasolutions\/","https:\/\/www.youtube.com\/@bspharmasolutions"]}]}},"taxonomy_info":{"product_cat":[{"value":192,"label":"Suplementos"}],"product_tag":[{"value":879,"label":"Aceite De Germen De Trigo 30 mg"},{"value":292,"label":"Acido Folico 400 mcg"},{"value":894,"label":"Ajo Deodorizado 3 mg"},{"value":895,"label":"Coenzima Q10 100 mcg"},{"value":896,"label":"Evening Primrose Oil 50 mg"},{"value":897,"label":"Fosfato de Calcio 170 mg"},{"value":898,"label":"GELCAVIT PLATINUM"},{"value":899,"label":"Gluconato de Zinc 100 mg"},{"value":900,"label":"Hierro Reducido 10 mg"},{"value":901,"label":"Levadura de Selenio 25 mg"},{"value":858,"label":"PHARMADAN"},{"value":902,"label":"Sulfato de Cobre 5.2 mg"},{"value":903,"label":"Sulfato de Magnesio 50 mg"},{"value":904,"label":"Sulfato de Manganeso 6.9 mg"},{"value":905,"label":"Sulfato de Potasio 44.56 mg"},{"value":906,"label":"Vitamina A 3300 UI"},{"value":907,"label":"Vitamina B1 1.1 mg"},{"value":871,"label":"Vitamina B12 6 mcg"},{"value":908,"label":"Vitamina B2 1.4 mg"},{"value":909,"label":"Vitamina B3 20.3 mg"},{"value":787,"label":"Vitamina B5 10 mg"},{"value":890,"label":"Vitamina B6 2 mg"},{"value":910,"label":"Vitamina B8 100 mcg"},{"value":911,"label":"Vitamina C 50 mg"},{"value":892,"label":"Vitamina D 400 UI"},{"value":912,"label":"Vitamina E 30 UI"}]},"featured_image_src_large":["https:\/\/bspharma.net\/wp-content\/uploads\/2024\/09\/Captura-de-Pantalla-2020-10-07-a-las-15.45.38.png",595,596,false],"author_info":[],"comment_info":"","_links":{"self":[{"href":"https:\/\/bspharma.net\/es_mx\/wp-json\/wp\/v2\/product\/1383","targetHints":{"allow":["GET"]}}],"collection":[{"href":"https:\/\/bspharma.net\/es_mx\/wp-json\/wp\/v2\/product"}],"about":[{"href":"https:\/\/bspharma.net\/es_mx\/wp-json\/wp\/v2\/types\/product"}],"wp:featuredmedia":[{"embeddable":true,"href":"https:\/\/bspharma.net\/es_mx\/wp-json\/wp\/v2\/media\/1413"}],"wp:attachment":[{"href":"https:\/\/bspharma.net\/es_mx\/wp-json\/wp\/v2\/media?parent=1383"}],"wp:term":[{"taxonomy":"product_brand","embeddable":true,"href":"https:\/\/bspharma.net\/es_mx\/wp-json\/wp\/v2\/product_brand?post=1383"},{"taxonomy":"product_cat","embeddable":true,"href":"https:\/\/bspharma.net\/es_mx\/wp-json\/wp\/v2\/product_cat?post=1383"},{"taxonomy":"product_tag","embeddable":true,"href":"https:\/\/bspharma.net\/es_mx\/wp-json\/wp\/v2\/product_tag?post=1383"}],"curies":[{"name":"wp","href":"https:\/\/api.w.org\/{rel}","templated":true}]}}