{"id":1621,"date":"2024-09-05T18:28:21","date_gmt":"2024-09-06T00:28:21","guid":{"rendered":"https:\/\/bspharma.net\/?post_type=product&#038;p=1621"},"modified":"2024-09-05T18:28:29","modified_gmt":"2024-09-06T00:28:29","slug":"maxi-b-c-30","status":"publish","type":"product","link":"https:\/\/bspharma.net\/es_mx\/producto\/maxi-b-c-30\/","title":{"rendered":"MAXI B C\/30"},"content":{"rendered":"<p><strong>Nombre:<\/strong>\u00a0MAXI-B<br \/>\n<strong>Presentaci\u00f3n:<\/strong> Caja c\/30 tabletas<br \/>\n<strong>Laboratorio:<\/strong> Naturex<\/p>","protected":false},"excerpt":{"rendered":"<p><strong>F\u00f3rmula:<\/strong> Acido este\u00e1rico, acido f\u00f3lico, bitartrato de colina, celulosa microcristalina, di\u00f3xido de silicio, estearato de magnesio, inositol, lactosa, l-teanina, paba, tript\u00f3fano, vitamina B1, vitamina B12, vitamina B2, vitamina B3, vitamina B5, vitamina B6, vitamina B8 \/ <strong>Laboratorio:<\/strong> Naturex \/ <strong>Presentaci\u00f3n:<\/strong> Caja c\/30 tabletas<\/p>","protected":false},"featured_media":1651,"template":"","meta":{"_kad_blocks_custom_css":"","_kad_blocks_head_custom_js":"","_kad_blocks_body_custom_js":"","_kad_blocks_footer_custom_js":"","_kadence_starter_templates_imported_post":false,"_kad_post_transparent":"","_kad_post_title":"","_kad_post_layout":"","_kad_post_sidebar_id":"","_kad_post_content_style":"","_kad_post_vertical_padding":"","_kad_post_feature":"","_kad_post_feature_position":"","_kad_post_header":false,"_kad_post_footer":false,"_kad_post_classname":""},"product_brand":[],"product_cat":[192],"product_tag":[1244,1245,1246,1242,1243],"class_list":{"0":"post-1621","1":"product","2":"type-product","3":"status-publish","4":"has-post-thumbnail","6":"product_cat-suplementos","7":"product_tag-complejo-b","8":"product_tag-maxi-b","9":"product_tag-maxi-b-complejo-b","10":"product_tag-teanina","11":"product_tag-triptofano","13":"first","14":"instock","15":"shipping-taxable","16":"purchasable","17":"product-type-simple","18":"entry","19":"content-bg","20":"loop-entry"},"yoast_head":"<!-- This site is optimized with the Yoast SEO plugin v27.2 - https:\/\/yoast.com\/product\/yoast-seo-wordpress\/ -->\n<title>MAXI B C\/30 - BS Pharma<\/title>\n<meta name=\"description\" content=\"MAXI-B (COMPLEJO B, TEANINA, TRIPT\u00d3FANO)\" \/>\n<meta name=\"robots\" content=\"index, follow, max-snippet:-1, max-image-preview:large, max-video-preview:-1\" \/>\n<link rel=\"canonical\" href=\"https:\/\/bspharma.net\/es_mx\/producto\/maxi-b-c-30\/\" \/>\n<meta property=\"og:locale\" content=\"es_MX\" \/>\n<meta property=\"og:type\" content=\"article\" \/>\n<meta property=\"og:title\" content=\"MAXI B C\/30 - BS Pharma\" \/>\n<meta property=\"og:description\" content=\"MAXI-B (COMPLEJO B, TEANINA, TRIPT\u00d3FANO)\" \/>\n<meta property=\"og:url\" content=\"https:\/\/bspharma.net\/es_mx\/producto\/maxi-b-c-30\/\" \/>\n<meta property=\"og:site_name\" content=\"BS Pharma\" \/>\n<meta property=\"article:publisher\" content=\"https:\/\/www.facebook.com\/bspharmasolutions\/\" \/>\n<meta property=\"article:modified_time\" content=\"2024-09-06T00:28:29+00:00\" \/>\n<meta property=\"og:image\" content=\"https:\/\/bspharma.net\/wp-content\/uploads\/2024\/09\/MAXI-B.jpg\" \/>\n\t<meta property=\"og:image:width\" content=\"591\" \/>\n\t<meta property=\"og:image:height\" content=\"591\" \/>\n\t<meta property=\"og:image:type\" content=\"image\/jpeg\" \/>\n<meta name=\"twitter:card\" content=\"summary_large_image\" \/>\n<meta name=\"twitter:label1\" content=\"Tiempo de lectura\" \/>\n\t<meta name=\"twitter:data1\" content=\"1 minuto\" \/>\n<script type=\"application\/ld+json\" class=\"yoast-schema-graph\">{\"@context\":\"https:\/\/schema.org\",\"@graph\":[{\"@type\":\"WebPage\",\"@id\":\"https:\/\/bspharma.net\/producto\/maxi-b-c-30\/\",\"url\":\"https:\/\/bspharma.net\/producto\/maxi-b-c-30\/\",\"name\":\"MAXI B C\/30 - BS Pharma\",\"isPartOf\":{\"@id\":\"https:\/\/bspharma.net\/#website\"},\"primaryImageOfPage\":{\"@id\":\"https:\/\/bspharma.net\/producto\/maxi-b-c-30\/#primaryimage\"},\"image\":{\"@id\":\"https:\/\/bspharma.net\/producto\/maxi-b-c-30\/#primaryimage\"},\"thumbnailUrl\":\"https:\/\/bspharma.net\/wp-content\/uploads\/2024\/09\/MAXI-B.jpg\",\"datePublished\":\"2024-09-06T00:28:21+00:00\",\"dateModified\":\"2024-09-06T00:28:29+00:00\",\"description\":\"MAXI-B (COMPLEJO B, TEANINA, TRIPT\u00d3FANO)\",\"breadcrumb\":{\"@id\":\"https:\/\/bspharma.net\/producto\/maxi-b-c-30\/#breadcrumb\"},\"inLanguage\":\"es\",\"potentialAction\":[{\"@type\":\"ReadAction\",\"target\":[\"https:\/\/bspharma.net\/producto\/maxi-b-c-30\/\"]}]},{\"@type\":\"ImageObject\",\"inLanguage\":\"es\",\"@id\":\"https:\/\/bspharma.net\/producto\/maxi-b-c-30\/#primaryimage\",\"url\":\"https:\/\/bspharma.net\/wp-content\/uploads\/2024\/09\/MAXI-B.jpg\",\"contentUrl\":\"https:\/\/bspharma.net\/wp-content\/uploads\/2024\/09\/MAXI-B.jpg\",\"width\":591,\"height\":591},{\"@type\":\"BreadcrumbList\",\"@id\":\"https:\/\/bspharma.net\/producto\/maxi-b-c-30\/#breadcrumb\",\"itemListElement\":[{\"@type\":\"ListItem\",\"position\":1,\"name\":\"Portada\",\"item\":\"https:\/\/bspharma.net\/\"},{\"@type\":\"ListItem\",\"position\":2,\"name\":\"Productos\",\"item\":\"https:\/\/bspharma.net\/productos\/\"},{\"@type\":\"ListItem\",\"position\":3,\"name\":\"MAXI B C\/30\"}]},{\"@type\":\"WebSite\",\"@id\":\"https:\/\/bspharma.net\/#website\",\"url\":\"https:\/\/bspharma.net\/\",\"name\":\"BSPharma\",\"description\":\"Distribuidor Farmac\u00e9utico en M\u00e9xico\",\"publisher\":{\"@id\":\"https:\/\/bspharma.net\/#organization\"},\"potentialAction\":[{\"@type\":\"SearchAction\",\"target\":{\"@type\":\"EntryPoint\",\"urlTemplate\":\"https:\/\/bspharma.net\/?s={search_term_string}\"},\"query-input\":{\"@type\":\"PropertyValueSpecification\",\"valueRequired\":true,\"valueName\":\"search_term_string\"}}],\"inLanguage\":\"es\"},{\"@type\":\"Organization\",\"@id\":\"https:\/\/bspharma.net\/#organization\",\"name\":\"BSPharma\",\"url\":\"https:\/\/bspharma.net\/\",\"logo\":{\"@type\":\"ImageObject\",\"inLanguage\":\"es\",\"@id\":\"https:\/\/bspharma.net\/#\/schema\/logo\/image\/\",\"url\":\"https:\/\/bspharma.net\/wp-content\/uploads\/2024\/09\/cropped-cropped-Diseno-sin-titulo-6.png\",\"contentUrl\":\"https:\/\/bspharma.net\/wp-content\/uploads\/2024\/09\/cropped-cropped-Diseno-sin-titulo-6.png\",\"width\":1080,\"height\":756,\"caption\":\"BSPharma\"},\"image\":{\"@id\":\"https:\/\/bspharma.net\/#\/schema\/logo\/image\/\"},\"sameAs\":[\"https:\/\/www.facebook.com\/bspharmasolutions\/\",\"https:\/\/www.linkedin.com\/company\/bs-pharma-solutions\/\",\"https:\/\/www.instagram.com\/bspharmasolutions\/\",\"https:\/\/www.youtube.com\/@bspharmasolutions\"]}]}<\/script>\n<!-- \/ Yoast SEO plugin. -->","yoast_head_json":{"title":"MAXI B C\/30 - BS Pharma","description":"MAXI-B (COMPLEJO B, TEANINA, TRIPT\u00d3FANO)","robots":{"index":"index","follow":"follow","max-snippet":"max-snippet:-1","max-image-preview":"max-image-preview:large","max-video-preview":"max-video-preview:-1"},"canonical":"https:\/\/bspharma.net\/es_mx\/producto\/maxi-b-c-30\/","og_locale":"es_MX","og_type":"article","og_title":"MAXI B C\/30 - BS Pharma","og_description":"MAXI-B (COMPLEJO B, TEANINA, TRIPT\u00d3FANO)","og_url":"https:\/\/bspharma.net\/es_mx\/producto\/maxi-b-c-30\/","og_site_name":"BS Pharma","article_publisher":"https:\/\/www.facebook.com\/bspharmasolutions\/","article_modified_time":"2024-09-06T00:28:29+00:00","og_image":[{"width":591,"height":591,"url":"https:\/\/bspharma.net\/wp-content\/uploads\/2024\/09\/MAXI-B.jpg","type":"image\/jpeg"}],"twitter_card":"summary_large_image","twitter_misc":{"Tiempo de lectura":"1 minuto"},"schema":{"@context":"https:\/\/schema.org","@graph":[{"@type":"WebPage","@id":"https:\/\/bspharma.net\/producto\/maxi-b-c-30\/","url":"https:\/\/bspharma.net\/producto\/maxi-b-c-30\/","name":"MAXI B C\/30 - BS Pharma","isPartOf":{"@id":"https:\/\/bspharma.net\/#website"},"primaryImageOfPage":{"@id":"https:\/\/bspharma.net\/producto\/maxi-b-c-30\/#primaryimage"},"image":{"@id":"https:\/\/bspharma.net\/producto\/maxi-b-c-30\/#primaryimage"},"thumbnailUrl":"https:\/\/bspharma.net\/wp-content\/uploads\/2024\/09\/MAXI-B.jpg","datePublished":"2024-09-06T00:28:21+00:00","dateModified":"2024-09-06T00:28:29+00:00","description":"MAXI-B (COMPLEJO B, TEANINA, TRIPT\u00d3FANO)","breadcrumb":{"@id":"https:\/\/bspharma.net\/producto\/maxi-b-c-30\/#breadcrumb"},"inLanguage":"es","potentialAction":[{"@type":"ReadAction","target":["https:\/\/bspharma.net\/producto\/maxi-b-c-30\/"]}]},{"@type":"ImageObject","inLanguage":"es","@id":"https:\/\/bspharma.net\/producto\/maxi-b-c-30\/#primaryimage","url":"https:\/\/bspharma.net\/wp-content\/uploads\/2024\/09\/MAXI-B.jpg","contentUrl":"https:\/\/bspharma.net\/wp-content\/uploads\/2024\/09\/MAXI-B.jpg","width":591,"height":591},{"@type":"BreadcrumbList","@id":"https:\/\/bspharma.net\/producto\/maxi-b-c-30\/#breadcrumb","itemListElement":[{"@type":"ListItem","position":1,"name":"Portada","item":"https:\/\/bspharma.net\/"},{"@type":"ListItem","position":2,"name":"Productos","item":"https:\/\/bspharma.net\/productos\/"},{"@type":"ListItem","position":3,"name":"MAXI B C\/30"}]},{"@type":"WebSite","@id":"https:\/\/bspharma.net\/#website","url":"https:\/\/bspharma.net\/","name":"BSPharma","description":"Distribuidor Farmac\u00e9utico en M\u00e9xico","publisher":{"@id":"https:\/\/bspharma.net\/#organization"},"potentialAction":[{"@type":"SearchAction","target":{"@type":"EntryPoint","urlTemplate":"https:\/\/bspharma.net\/?s={search_term_string}"},"query-input":{"@type":"PropertyValueSpecification","valueRequired":true,"valueName":"search_term_string"}}],"inLanguage":"es"},{"@type":"Organization","@id":"https:\/\/bspharma.net\/#organization","name":"BSPharma","url":"https:\/\/bspharma.net\/","logo":{"@type":"ImageObject","inLanguage":"es","@id":"https:\/\/bspharma.net\/#\/schema\/logo\/image\/","url":"https:\/\/bspharma.net\/wp-content\/uploads\/2024\/09\/cropped-cropped-Diseno-sin-titulo-6.png","contentUrl":"https:\/\/bspharma.net\/wp-content\/uploads\/2024\/09\/cropped-cropped-Diseno-sin-titulo-6.png","width":1080,"height":756,"caption":"BSPharma"},"image":{"@id":"https:\/\/bspharma.net\/#\/schema\/logo\/image\/"},"sameAs":["https:\/\/www.facebook.com\/bspharmasolutions\/","https:\/\/www.linkedin.com\/company\/bs-pharma-solutions\/","https:\/\/www.instagram.com\/bspharmasolutions\/","https:\/\/www.youtube.com\/@bspharmasolutions"]}]}},"taxonomy_info":{"product_cat":[{"value":192,"label":"Suplementos"}],"product_tag":[{"value":1244,"label":"complejo b"},{"value":1245,"label":"MAXI-B"},{"value":1246,"label":"MAXI-B (COMPLEJO B"},{"value":1242,"label":"Teanina"},{"value":1243,"label":"Triptofano"}]},"featured_image_src_large":["https:\/\/bspharma.net\/wp-content\/uploads\/2024\/09\/MAXI-B.jpg",591,591,false],"author_info":[],"comment_info":"","_links":{"self":[{"href":"https:\/\/bspharma.net\/es_mx\/wp-json\/wp\/v2\/product\/1621","targetHints":{"allow":["GET"]}}],"collection":[{"href":"https:\/\/bspharma.net\/es_mx\/wp-json\/wp\/v2\/product"}],"about":[{"href":"https:\/\/bspharma.net\/es_mx\/wp-json\/wp\/v2\/types\/product"}],"wp:featuredmedia":[{"embeddable":true,"href":"https:\/\/bspharma.net\/es_mx\/wp-json\/wp\/v2\/media\/1651"}],"wp:attachment":[{"href":"https:\/\/bspharma.net\/es_mx\/wp-json\/wp\/v2\/media?parent=1621"}],"wp:term":[{"taxonomy":"product_brand","embeddable":true,"href":"https:\/\/bspharma.net\/es_mx\/wp-json\/wp\/v2\/product_brand?post=1621"},{"taxonomy":"product_cat","embeddable":true,"href":"https:\/\/bspharma.net\/es_mx\/wp-json\/wp\/v2\/product_cat?post=1621"},{"taxonomy":"product_tag","embeddable":true,"href":"https:\/\/bspharma.net\/es_mx\/wp-json\/wp\/v2\/product_tag?post=1621"}],"curies":[{"name":"wp","href":"https:\/\/api.w.org\/{rel}","templated":true}]}}