{"id":1671,"date":"2024-09-05T18:28:34","date_gmt":"2024-09-06T00:28:34","guid":{"rendered":"https:\/\/bspharma.net\/?post_type=product&#038;p=1671"},"modified":"2024-09-05T18:28:38","modified_gmt":"2024-09-06T00:28:38","slug":"colageno-en-polvo-450gr-vich","status":"publish","type":"product","link":"https:\/\/bspharma.net\/es_mx\/producto\/colageno-en-polvo-450gr-vich\/","title":{"rendered":"COLAGENO EN POLVO 450GR VICH"},"content":{"rendered":"<p><strong>Nombre:<\/strong>\u00a0COLAGENO-VICH<br \/>\n<strong>Presentaci\u00f3n:<\/strong>\u00a0POLVO<br \/>\n<strong>Unidades:<\/strong>\u00a0C\/450 GR<br \/>\n<strong>Laboratorio:<\/strong>\u00a0VICHMAN SA DE CV<br \/>\n<strong>Precio:<\/strong>\u00a0$ 189.00<\/p>","protected":false},"excerpt":{"rendered":"<p><strong>F\u00f3rmula:<\/strong> Coenzima Q10, Colageno Hidrolizado, Retinol, Vitamina E, Acido Ascorbico<\/p>","protected":false},"featured_media":1701,"template":"","meta":{"_kad_blocks_custom_css":"","_kad_blocks_head_custom_js":"","_kad_blocks_body_custom_js":"","_kad_blocks_footer_custom_js":"","_kadence_starter_templates_imported_post":false,"_kad_post_transparent":"","_kad_post_title":"","_kad_post_layout":"","_kad_post_sidebar_id":"","_kad_post_content_style":"","_kad_post_vertical_padding":"","_kad_post_feature":"","_kad_post_feature_position":"","_kad_post_header":false,"_kad_post_footer":false,"_kad_post_classname":""},"product_brand":[],"product_cat":[192],"product_tag":[1292,1294],"class_list":{"0":"post-1671","1":"product","2":"type-product","3":"status-publish","4":"has-post-thumbnail","6":"product_cat-suplementos","7":"product_tag-colageno","8":"product_tag-colageno-vich-naranaja","10":"first","11":"instock","12":"shipping-taxable","13":"purchasable","14":"product-type-simple","15":"entry","16":"content-bg","17":"loop-entry"},"yoast_head":"<!-- This site is optimized with the Yoast SEO plugin v27.6 - https:\/\/yoast.com\/product\/yoast-seo-wordpress\/ -->\n<title>COLAGENO EN POLVO 450GR VICH - BS Pharma<\/title>\n<meta name=\"description\" content=\"F\u00f3rmula: Coenzima Q10, Colageno Hidrolizado, Retinol, Vitamina E, Acido Ascorbico. Env\u00edamos a toda la rep\u00fablica. Compra aqu\u00ed.\" \/>\n<meta name=\"robots\" content=\"index, follow, max-snippet:-1, max-image-preview:large, max-video-preview:-1\" \/>\n<link rel=\"canonical\" href=\"https:\/\/bspharma.net\/es_mx\/producto\/colageno-en-polvo-450gr-vich\/\" \/>\n<meta property=\"og:locale\" content=\"es_MX\" \/>\n<meta property=\"og:type\" content=\"article\" \/>\n<meta property=\"og:title\" content=\"COLAGENO EN POLVO 450GR VICH - BS Pharma\" \/>\n<meta property=\"og:description\" content=\"F\u00f3rmula: Coenzima Q10, Colageno Hidrolizado, Retinol, Vitamina E, Acido Ascorbico. Env\u00edamos a toda la rep\u00fablica. Compra aqu\u00ed.\" \/>\n<meta property=\"og:url\" content=\"https:\/\/bspharma.net\/es_mx\/producto\/colageno-en-polvo-450gr-vich\/\" \/>\n<meta property=\"og:site_name\" content=\"BS Pharma\" \/>\n<meta property=\"article:publisher\" content=\"https:\/\/www.facebook.com\/bspharmasolutions\/\" \/>\n<meta property=\"article:modified_time\" content=\"2024-09-06T00:28:38+00:00\" \/>\n<meta property=\"og:image\" content=\"https:\/\/bspharma.net\/wp-content\/uploads\/2024\/09\/COLAGENO-VICH-NARANJA.jpg\" \/>\n\t<meta property=\"og:image:width\" content=\"591\" \/>\n\t<meta property=\"og:image:height\" content=\"591\" \/>\n\t<meta property=\"og:image:type\" content=\"image\/jpeg\" \/>\n<meta name=\"twitter:card\" content=\"summary_large_image\" \/>\n<script type=\"application\/ld+json\" class=\"yoast-schema-graph\">{\"@context\":\"https:\\\/\\\/schema.org\",\"@graph\":[{\"@type\":\"WebPage\",\"@id\":\"https:\\\/\\\/bspharma.net\\\/producto\\\/colageno-en-polvo-450gr-vich\\\/\",\"url\":\"https:\\\/\\\/bspharma.net\\\/producto\\\/colageno-en-polvo-450gr-vich\\\/\",\"name\":\"COLAGENO EN POLVO 450GR VICH - BS Pharma\",\"isPartOf\":{\"@id\":\"https:\\\/\\\/bspharma.net\\\/#website\"},\"primaryImageOfPage\":{\"@id\":\"https:\\\/\\\/bspharma.net\\\/producto\\\/colageno-en-polvo-450gr-vich\\\/#primaryimage\"},\"image\":{\"@id\":\"https:\\\/\\\/bspharma.net\\\/producto\\\/colageno-en-polvo-450gr-vich\\\/#primaryimage\"},\"thumbnailUrl\":\"https:\\\/\\\/bspharma.net\\\/wp-content\\\/uploads\\\/2024\\\/09\\\/COLAGENO-VICH-NARANJA.jpg\",\"datePublished\":\"2024-09-06T00:28:34+00:00\",\"dateModified\":\"2024-09-06T00:28:38+00:00\",\"description\":\"F\u00f3rmula: Coenzima Q10, Colageno Hidrolizado, Retinol, Vitamina E, Acido Ascorbico. Env\u00edamos a toda la rep\u00fablica. Compra aqu\u00ed.\",\"breadcrumb\":{\"@id\":\"https:\\\/\\\/bspharma.net\\\/producto\\\/colageno-en-polvo-450gr-vich\\\/#breadcrumb\"},\"inLanguage\":\"es\",\"potentialAction\":[{\"@type\":\"ReadAction\",\"target\":[\"https:\\\/\\\/bspharma.net\\\/producto\\\/colageno-en-polvo-450gr-vich\\\/\"]}]},{\"@type\":\"ImageObject\",\"inLanguage\":\"es\",\"@id\":\"https:\\\/\\\/bspharma.net\\\/producto\\\/colageno-en-polvo-450gr-vich\\\/#primaryimage\",\"url\":\"https:\\\/\\\/bspharma.net\\\/wp-content\\\/uploads\\\/2024\\\/09\\\/COLAGENO-VICH-NARANJA.jpg\",\"contentUrl\":\"https:\\\/\\\/bspharma.net\\\/wp-content\\\/uploads\\\/2024\\\/09\\\/COLAGENO-VICH-NARANJA.jpg\",\"width\":591,\"height\":591},{\"@type\":\"BreadcrumbList\",\"@id\":\"https:\\\/\\\/bspharma.net\\\/producto\\\/colageno-en-polvo-450gr-vich\\\/#breadcrumb\",\"itemListElement\":[{\"@type\":\"ListItem\",\"position\":1,\"name\":\"Portada\",\"item\":\"https:\\\/\\\/bspharma.net\\\/\"},{\"@type\":\"ListItem\",\"position\":2,\"name\":\"Productos\",\"item\":\"https:\\\/\\\/bspharma.net\\\/productos\\\/\"},{\"@type\":\"ListItem\",\"position\":3,\"name\":\"COLAGENO EN POLVO 450GR VICH\"}]},{\"@type\":\"WebSite\",\"@id\":\"https:\\\/\\\/bspharma.net\\\/#website\",\"url\":\"https:\\\/\\\/bspharma.net\\\/\",\"name\":\"BSPharma\",\"description\":\"Distribuidor Farmac\u00e9utico en M\u00e9xico\",\"publisher\":{\"@id\":\"https:\\\/\\\/bspharma.net\\\/#organization\"},\"potentialAction\":[{\"@type\":\"SearchAction\",\"target\":{\"@type\":\"EntryPoint\",\"urlTemplate\":\"https:\\\/\\\/bspharma.net\\\/?s={search_term_string}\"},\"query-input\":{\"@type\":\"PropertyValueSpecification\",\"valueRequired\":true,\"valueName\":\"search_term_string\"}}],\"inLanguage\":\"es\"},{\"@type\":\"Organization\",\"@id\":\"https:\\\/\\\/bspharma.net\\\/#organization\",\"name\":\"BSPharma\",\"url\":\"https:\\\/\\\/bspharma.net\\\/\",\"logo\":{\"@type\":\"ImageObject\",\"inLanguage\":\"es\",\"@id\":\"https:\\\/\\\/bspharma.net\\\/#\\\/schema\\\/logo\\\/image\\\/\",\"url\":\"https:\\\/\\\/bspharma.net\\\/wp-content\\\/uploads\\\/2024\\\/09\\\/cropped-cropped-Diseno-sin-titulo-6.png\",\"contentUrl\":\"https:\\\/\\\/bspharma.net\\\/wp-content\\\/uploads\\\/2024\\\/09\\\/cropped-cropped-Diseno-sin-titulo-6.png\",\"width\":1080,\"height\":756,\"caption\":\"BSPharma\"},\"image\":{\"@id\":\"https:\\\/\\\/bspharma.net\\\/#\\\/schema\\\/logo\\\/image\\\/\"},\"sameAs\":[\"https:\\\/\\\/www.facebook.com\\\/bspharmasolutions\\\/\",\"https:\\\/\\\/www.linkedin.com\\\/company\\\/bs-pharma-solutions\\\/\",\"https:\\\/\\\/www.instagram.com\\\/bspharmasolutions\\\/\",\"https:\\\/\\\/www.youtube.com\\\/@bspharmasolutions\"]}]}<\/script>\n<!-- \/ Yoast SEO plugin. -->","yoast_head_json":{"title":"COLAGENO EN POLVO 450GR VICH - BS Pharma","description":"F\u00f3rmula: Coenzima Q10, Colageno Hidrolizado, Retinol, Vitamina E, Acido Ascorbico. Env\u00edamos a toda la rep\u00fablica. Compra aqu\u00ed.","robots":{"index":"index","follow":"follow","max-snippet":"max-snippet:-1","max-image-preview":"max-image-preview:large","max-video-preview":"max-video-preview:-1"},"canonical":"https:\/\/bspharma.net\/es_mx\/producto\/colageno-en-polvo-450gr-vich\/","og_locale":"es_MX","og_type":"article","og_title":"COLAGENO EN POLVO 450GR VICH - BS Pharma","og_description":"F\u00f3rmula: Coenzima Q10, Colageno Hidrolizado, Retinol, Vitamina E, Acido Ascorbico. Env\u00edamos a toda la rep\u00fablica. Compra aqu\u00ed.","og_url":"https:\/\/bspharma.net\/es_mx\/producto\/colageno-en-polvo-450gr-vich\/","og_site_name":"BS Pharma","article_publisher":"https:\/\/www.facebook.com\/bspharmasolutions\/","article_modified_time":"2024-09-06T00:28:38+00:00","og_image":[{"width":591,"height":591,"url":"https:\/\/bspharma.net\/wp-content\/uploads\/2024\/09\/COLAGENO-VICH-NARANJA.jpg","type":"image\/jpeg"}],"twitter_card":"summary_large_image","schema":{"@context":"https:\/\/schema.org","@graph":[{"@type":"WebPage","@id":"https:\/\/bspharma.net\/producto\/colageno-en-polvo-450gr-vich\/","url":"https:\/\/bspharma.net\/producto\/colageno-en-polvo-450gr-vich\/","name":"COLAGENO EN POLVO 450GR VICH - BS Pharma","isPartOf":{"@id":"https:\/\/bspharma.net\/#website"},"primaryImageOfPage":{"@id":"https:\/\/bspharma.net\/producto\/colageno-en-polvo-450gr-vich\/#primaryimage"},"image":{"@id":"https:\/\/bspharma.net\/producto\/colageno-en-polvo-450gr-vich\/#primaryimage"},"thumbnailUrl":"https:\/\/bspharma.net\/wp-content\/uploads\/2024\/09\/COLAGENO-VICH-NARANJA.jpg","datePublished":"2024-09-06T00:28:34+00:00","dateModified":"2024-09-06T00:28:38+00:00","description":"F\u00f3rmula: Coenzima Q10, Colageno Hidrolizado, Retinol, Vitamina E, Acido Ascorbico. Env\u00edamos a toda la rep\u00fablica. Compra aqu\u00ed.","breadcrumb":{"@id":"https:\/\/bspharma.net\/producto\/colageno-en-polvo-450gr-vich\/#breadcrumb"},"inLanguage":"es","potentialAction":[{"@type":"ReadAction","target":["https:\/\/bspharma.net\/producto\/colageno-en-polvo-450gr-vich\/"]}]},{"@type":"ImageObject","inLanguage":"es","@id":"https:\/\/bspharma.net\/producto\/colageno-en-polvo-450gr-vich\/#primaryimage","url":"https:\/\/bspharma.net\/wp-content\/uploads\/2024\/09\/COLAGENO-VICH-NARANJA.jpg","contentUrl":"https:\/\/bspharma.net\/wp-content\/uploads\/2024\/09\/COLAGENO-VICH-NARANJA.jpg","width":591,"height":591},{"@type":"BreadcrumbList","@id":"https:\/\/bspharma.net\/producto\/colageno-en-polvo-450gr-vich\/#breadcrumb","itemListElement":[{"@type":"ListItem","position":1,"name":"Portada","item":"https:\/\/bspharma.net\/"},{"@type":"ListItem","position":2,"name":"Productos","item":"https:\/\/bspharma.net\/productos\/"},{"@type":"ListItem","position":3,"name":"COLAGENO EN POLVO 450GR VICH"}]},{"@type":"WebSite","@id":"https:\/\/bspharma.net\/#website","url":"https:\/\/bspharma.net\/","name":"BSPharma","description":"Distribuidor Farmac\u00e9utico en M\u00e9xico","publisher":{"@id":"https:\/\/bspharma.net\/#organization"},"potentialAction":[{"@type":"SearchAction","target":{"@type":"EntryPoint","urlTemplate":"https:\/\/bspharma.net\/?s={search_term_string}"},"query-input":{"@type":"PropertyValueSpecification","valueRequired":true,"valueName":"search_term_string"}}],"inLanguage":"es"},{"@type":"Organization","@id":"https:\/\/bspharma.net\/#organization","name":"BSPharma","url":"https:\/\/bspharma.net\/","logo":{"@type":"ImageObject","inLanguage":"es","@id":"https:\/\/bspharma.net\/#\/schema\/logo\/image\/","url":"https:\/\/bspharma.net\/wp-content\/uploads\/2024\/09\/cropped-cropped-Diseno-sin-titulo-6.png","contentUrl":"https:\/\/bspharma.net\/wp-content\/uploads\/2024\/09\/cropped-cropped-Diseno-sin-titulo-6.png","width":1080,"height":756,"caption":"BSPharma"},"image":{"@id":"https:\/\/bspharma.net\/#\/schema\/logo\/image\/"},"sameAs":["https:\/\/www.facebook.com\/bspharmasolutions\/","https:\/\/www.linkedin.com\/company\/bs-pharma-solutions\/","https:\/\/www.instagram.com\/bspharmasolutions\/","https:\/\/www.youtube.com\/@bspharmasolutions"]}]}},"taxonomy_info":{"product_cat":[{"value":192,"label":"Suplementos"}],"product_tag":[{"value":1292,"label":"COLAGENO"},{"value":1294,"label":"COLAGENO-VICH NARANAJA"}]},"featured_image_src_large":["https:\/\/bspharma.net\/wp-content\/uploads\/2024\/09\/COLAGENO-VICH-NARANJA.jpg",591,591,false],"author_info":[],"comment_info":"","_links":{"self":[{"href":"https:\/\/bspharma.net\/es_mx\/wp-json\/wp\/v2\/product\/1671","targetHints":{"allow":["GET"]}}],"collection":[{"href":"https:\/\/bspharma.net\/es_mx\/wp-json\/wp\/v2\/product"}],"about":[{"href":"https:\/\/bspharma.net\/es_mx\/wp-json\/wp\/v2\/types\/product"}],"wp:featuredmedia":[{"embeddable":true,"href":"https:\/\/bspharma.net\/es_mx\/wp-json\/wp\/v2\/media\/1701"}],"wp:attachment":[{"href":"https:\/\/bspharma.net\/es_mx\/wp-json\/wp\/v2\/media?parent=1671"}],"wp:term":[{"taxonomy":"product_brand","embeddable":true,"href":"https:\/\/bspharma.net\/es_mx\/wp-json\/wp\/v2\/product_brand?post=1671"},{"taxonomy":"product_cat","embeddable":true,"href":"https:\/\/bspharma.net\/es_mx\/wp-json\/wp\/v2\/product_cat?post=1671"},{"taxonomy":"product_tag","embeddable":true,"href":"https:\/\/bspharma.net\/es_mx\/wp-json\/wp\/v2\/product_tag?post=1671"}],"curies":[{"name":"wp","href":"https:\/\/api.w.org\/{rel}","templated":true}]}}