{"id":2339,"date":"2024-09-05T18:30:54","date_gmt":"2024-09-06T00:30:54","guid":{"rendered":"https:\/\/bspharma.net\/?post_type=product&#038;p=2339"},"modified":"2025-09-15T12:05:51","modified_gmt":"2025-09-15T18:05:51","slug":"extracto-de-curcuma-1-3-g-c-30-capsulas-naturagel","status":"publish","type":"product","link":"https:\/\/bspharma.net\/es_mx\/producto\/extracto-de-curcuma-1-3-g-c-30-capsulas-naturagel\/","title":{"rendered":"Extracto de C\u00farcuma 1.3 G C\/30 C\u00e1psulas Naturagel"},"content":{"rendered":"<p><strong>Nombre:\u00a0<\/strong>EXTRACTO DE CURCUMA NATURAGEL<br \/>\n<strong>Presentaci\u00f3n:\u00a0<\/strong>Frasco c\/30 c\u00e1psulas<br \/>\n<strong>Laboratorio:<\/strong> Naturalgel<\/p>","protected":false},"excerpt":{"rendered":"<p><strong>F\u00f3rmula:<\/strong> C\u00farcuma 500 mg, pimienta piperina 5 mg \/ <strong>Laboratorio:<\/strong> Naturalgel \/ <strong>Presentaci\u00f3n:\u00a0<\/strong>Frasco c\/30 c\u00e1psulas<\/p>","protected":false},"featured_media":2371,"template":"","meta":{"_kad_blocks_custom_css":"","_kad_blocks_head_custom_js":"","_kad_blocks_body_custom_js":"","_kad_blocks_footer_custom_js":"","_kadence_starter_templates_imported_post":false,"_kad_post_transparent":"","_kad_post_title":"","_kad_post_layout":"","_kad_post_sidebar_id":"","_kad_post_content_style":"","_kad_post_vertical_padding":"","_kad_post_feature":"","_kad_post_feature_position":"","_kad_post_header":false,"_kad_post_footer":false,"_kad_post_classname":""},"product_brand":[],"product_cat":[245,192],"product_tag":[1980,1981,1493,1982],"class_list":{"0":"post-2339","1":"product","2":"type-product","3":"status-publish","4":"has-post-thumbnail","6":"product_cat-naturistas","7":"product_cat-suplementos","8":"product_tag-curcuma-500-mg","9":"product_tag-extracto-de-curcuma-naturagel","10":"product_tag-naturagel","11":"product_tag-pimienta-piperina-5-mg","13":"first","14":"outofstock","15":"purchasable","16":"product-type-simple","17":"entry","18":"content-bg","19":"loop-entry"},"yoast_head":"<!-- This site is optimized with the Yoast SEO plugin v27.2 - https:\/\/yoast.com\/product\/yoast-seo-wordpress\/ -->\n<title>Extracto de C\u00farcuma 1.3 G C\/30 C\u00e1psulas Naturagel - BS Pharma<\/title>\n<meta name=\"robots\" content=\"index, follow, max-snippet:-1, max-image-preview:large, max-video-preview:-1\" \/>\n<link rel=\"canonical\" href=\"https:\/\/bspharma.net\/es_mx\/producto\/extracto-de-curcuma-1-3-g-c-30-capsulas-naturagel\/\" \/>\n<meta property=\"og:locale\" content=\"es_MX\" \/>\n<meta property=\"og:type\" content=\"article\" \/>\n<meta property=\"og:title\" content=\"Extracto de C\u00farcuma 1.3 G C\/30 C\u00e1psulas Naturagel - BS Pharma\" \/>\n<meta property=\"og:description\" content=\"F\u00f3rmula: C\u00farcuma 500 mg, pimienta piperina 5 mg \/ Laboratorio: Naturalgel \/ Presentaci\u00f3n:\u00a0Frasco c\/30 c\u00e1psulas\" \/>\n<meta property=\"og:url\" content=\"https:\/\/bspharma.net\/es_mx\/producto\/extracto-de-curcuma-1-3-g-c-30-capsulas-naturagel\/\" \/>\n<meta property=\"og:site_name\" content=\"BS Pharma\" \/>\n<meta property=\"article:publisher\" content=\"https:\/\/www.facebook.com\/bspharmasolutions\/\" \/>\n<meta property=\"article:modified_time\" content=\"2025-09-15T18:05:51+00:00\" \/>\n<meta property=\"og:image\" content=\"https:\/\/bspharma.net\/wp-content\/uploads\/2024\/09\/EXTRACTO-DE-CURCUMA-NATURAGEL-.jpg\" \/>\n\t<meta property=\"og:image:width\" content=\"591\" \/>\n\t<meta property=\"og:image:height\" content=\"591\" \/>\n\t<meta property=\"og:image:type\" content=\"image\/jpeg\" \/>\n<meta name=\"twitter:card\" content=\"summary_large_image\" \/>\n<meta name=\"twitter:label1\" content=\"Tiempo de lectura\" \/>\n\t<meta name=\"twitter:data1\" content=\"1 minuto\" \/>\n<script type=\"application\/ld+json\" class=\"yoast-schema-graph\">{\"@context\":\"https:\/\/schema.org\",\"@graph\":[{\"@type\":\"WebPage\",\"@id\":\"https:\/\/bspharma.net\/producto\/extracto-de-curcuma-1-3-g-c-30-capsulas-naturagel\/\",\"url\":\"https:\/\/bspharma.net\/producto\/extracto-de-curcuma-1-3-g-c-30-capsulas-naturagel\/\",\"name\":\"Extracto de C\u00farcuma 1.3 G C\/30 C\u00e1psulas Naturagel - BS Pharma\",\"isPartOf\":{\"@id\":\"https:\/\/bspharma.net\/#website\"},\"primaryImageOfPage\":{\"@id\":\"https:\/\/bspharma.net\/producto\/extracto-de-curcuma-1-3-g-c-30-capsulas-naturagel\/#primaryimage\"},\"image\":{\"@id\":\"https:\/\/bspharma.net\/producto\/extracto-de-curcuma-1-3-g-c-30-capsulas-naturagel\/#primaryimage\"},\"thumbnailUrl\":\"https:\/\/bspharma.net\/wp-content\/uploads\/2024\/09\/EXTRACTO-DE-CURCUMA-NATURAGEL-.jpg\",\"datePublished\":\"2024-09-06T00:30:54+00:00\",\"dateModified\":\"2025-09-15T18:05:51+00:00\",\"breadcrumb\":{\"@id\":\"https:\/\/bspharma.net\/producto\/extracto-de-curcuma-1-3-g-c-30-capsulas-naturagel\/#breadcrumb\"},\"inLanguage\":\"es\",\"potentialAction\":[{\"@type\":\"ReadAction\",\"target\":[\"https:\/\/bspharma.net\/producto\/extracto-de-curcuma-1-3-g-c-30-capsulas-naturagel\/\"]}]},{\"@type\":\"ImageObject\",\"inLanguage\":\"es\",\"@id\":\"https:\/\/bspharma.net\/producto\/extracto-de-curcuma-1-3-g-c-30-capsulas-naturagel\/#primaryimage\",\"url\":\"https:\/\/bspharma.net\/wp-content\/uploads\/2024\/09\/EXTRACTO-DE-CURCUMA-NATURAGEL-.jpg\",\"contentUrl\":\"https:\/\/bspharma.net\/wp-content\/uploads\/2024\/09\/EXTRACTO-DE-CURCUMA-NATURAGEL-.jpg\",\"width\":591,\"height\":591},{\"@type\":\"BreadcrumbList\",\"@id\":\"https:\/\/bspharma.net\/producto\/extracto-de-curcuma-1-3-g-c-30-capsulas-naturagel\/#breadcrumb\",\"itemListElement\":[{\"@type\":\"ListItem\",\"position\":1,\"name\":\"Portada\",\"item\":\"https:\/\/bspharma.net\/\"},{\"@type\":\"ListItem\",\"position\":2,\"name\":\"Productos\",\"item\":\"https:\/\/bspharma.net\/productos\/\"},{\"@type\":\"ListItem\",\"position\":3,\"name\":\"Extracto de C\u00farcuma 1.3 G C\/30 C\u00e1psulas Naturagel\"}]},{\"@type\":\"WebSite\",\"@id\":\"https:\/\/bspharma.net\/#website\",\"url\":\"https:\/\/bspharma.net\/\",\"name\":\"BSPharma\",\"description\":\"Distribuidor Farmac\u00e9utico en M\u00e9xico\",\"publisher\":{\"@id\":\"https:\/\/bspharma.net\/#organization\"},\"potentialAction\":[{\"@type\":\"SearchAction\",\"target\":{\"@type\":\"EntryPoint\",\"urlTemplate\":\"https:\/\/bspharma.net\/?s={search_term_string}\"},\"query-input\":{\"@type\":\"PropertyValueSpecification\",\"valueRequired\":true,\"valueName\":\"search_term_string\"}}],\"inLanguage\":\"es\"},{\"@type\":\"Organization\",\"@id\":\"https:\/\/bspharma.net\/#organization\",\"name\":\"BSPharma\",\"url\":\"https:\/\/bspharma.net\/\",\"logo\":{\"@type\":\"ImageObject\",\"inLanguage\":\"es\",\"@id\":\"https:\/\/bspharma.net\/#\/schema\/logo\/image\/\",\"url\":\"https:\/\/bspharma.net\/wp-content\/uploads\/2024\/09\/cropped-cropped-Diseno-sin-titulo-6.png\",\"contentUrl\":\"https:\/\/bspharma.net\/wp-content\/uploads\/2024\/09\/cropped-cropped-Diseno-sin-titulo-6.png\",\"width\":1080,\"height\":756,\"caption\":\"BSPharma\"},\"image\":{\"@id\":\"https:\/\/bspharma.net\/#\/schema\/logo\/image\/\"},\"sameAs\":[\"https:\/\/www.facebook.com\/bspharmasolutions\/\",\"https:\/\/www.linkedin.com\/company\/bs-pharma-solutions\/\",\"https:\/\/www.instagram.com\/bspharmasolutions\/\",\"https:\/\/www.youtube.com\/@bspharmasolutions\"]}]}<\/script>\n<!-- \/ Yoast SEO plugin. -->","yoast_head_json":{"title":"Extracto de C\u00farcuma 1.3 G C\/30 C\u00e1psulas Naturagel - BS Pharma","robots":{"index":"index","follow":"follow","max-snippet":"max-snippet:-1","max-image-preview":"max-image-preview:large","max-video-preview":"max-video-preview:-1"},"canonical":"https:\/\/bspharma.net\/es_mx\/producto\/extracto-de-curcuma-1-3-g-c-30-capsulas-naturagel\/","og_locale":"es_MX","og_type":"article","og_title":"Extracto de C\u00farcuma 1.3 G C\/30 C\u00e1psulas Naturagel - BS Pharma","og_description":"F\u00f3rmula: C\u00farcuma 500 mg, pimienta piperina 5 mg \/ Laboratorio: Naturalgel \/ Presentaci\u00f3n:\u00a0Frasco c\/30 c\u00e1psulas","og_url":"https:\/\/bspharma.net\/es_mx\/producto\/extracto-de-curcuma-1-3-g-c-30-capsulas-naturagel\/","og_site_name":"BS Pharma","article_publisher":"https:\/\/www.facebook.com\/bspharmasolutions\/","article_modified_time":"2025-09-15T18:05:51+00:00","og_image":[{"width":591,"height":591,"url":"https:\/\/bspharma.net\/wp-content\/uploads\/2024\/09\/EXTRACTO-DE-CURCUMA-NATURAGEL-.jpg","type":"image\/jpeg"}],"twitter_card":"summary_large_image","twitter_misc":{"Tiempo de lectura":"1 minuto"},"schema":{"@context":"https:\/\/schema.org","@graph":[{"@type":"WebPage","@id":"https:\/\/bspharma.net\/producto\/extracto-de-curcuma-1-3-g-c-30-capsulas-naturagel\/","url":"https:\/\/bspharma.net\/producto\/extracto-de-curcuma-1-3-g-c-30-capsulas-naturagel\/","name":"Extracto de C\u00farcuma 1.3 G C\/30 C\u00e1psulas Naturagel - BS Pharma","isPartOf":{"@id":"https:\/\/bspharma.net\/#website"},"primaryImageOfPage":{"@id":"https:\/\/bspharma.net\/producto\/extracto-de-curcuma-1-3-g-c-30-capsulas-naturagel\/#primaryimage"},"image":{"@id":"https:\/\/bspharma.net\/producto\/extracto-de-curcuma-1-3-g-c-30-capsulas-naturagel\/#primaryimage"},"thumbnailUrl":"https:\/\/bspharma.net\/wp-content\/uploads\/2024\/09\/EXTRACTO-DE-CURCUMA-NATURAGEL-.jpg","datePublished":"2024-09-06T00:30:54+00:00","dateModified":"2025-09-15T18:05:51+00:00","breadcrumb":{"@id":"https:\/\/bspharma.net\/producto\/extracto-de-curcuma-1-3-g-c-30-capsulas-naturagel\/#breadcrumb"},"inLanguage":"es","potentialAction":[{"@type":"ReadAction","target":["https:\/\/bspharma.net\/producto\/extracto-de-curcuma-1-3-g-c-30-capsulas-naturagel\/"]}]},{"@type":"ImageObject","inLanguage":"es","@id":"https:\/\/bspharma.net\/producto\/extracto-de-curcuma-1-3-g-c-30-capsulas-naturagel\/#primaryimage","url":"https:\/\/bspharma.net\/wp-content\/uploads\/2024\/09\/EXTRACTO-DE-CURCUMA-NATURAGEL-.jpg","contentUrl":"https:\/\/bspharma.net\/wp-content\/uploads\/2024\/09\/EXTRACTO-DE-CURCUMA-NATURAGEL-.jpg","width":591,"height":591},{"@type":"BreadcrumbList","@id":"https:\/\/bspharma.net\/producto\/extracto-de-curcuma-1-3-g-c-30-capsulas-naturagel\/#breadcrumb","itemListElement":[{"@type":"ListItem","position":1,"name":"Portada","item":"https:\/\/bspharma.net\/"},{"@type":"ListItem","position":2,"name":"Productos","item":"https:\/\/bspharma.net\/productos\/"},{"@type":"ListItem","position":3,"name":"Extracto de C\u00farcuma 1.3 G C\/30 C\u00e1psulas Naturagel"}]},{"@type":"WebSite","@id":"https:\/\/bspharma.net\/#website","url":"https:\/\/bspharma.net\/","name":"BSPharma","description":"Distribuidor Farmac\u00e9utico en M\u00e9xico","publisher":{"@id":"https:\/\/bspharma.net\/#organization"},"potentialAction":[{"@type":"SearchAction","target":{"@type":"EntryPoint","urlTemplate":"https:\/\/bspharma.net\/?s={search_term_string}"},"query-input":{"@type":"PropertyValueSpecification","valueRequired":true,"valueName":"search_term_string"}}],"inLanguage":"es"},{"@type":"Organization","@id":"https:\/\/bspharma.net\/#organization","name":"BSPharma","url":"https:\/\/bspharma.net\/","logo":{"@type":"ImageObject","inLanguage":"es","@id":"https:\/\/bspharma.net\/#\/schema\/logo\/image\/","url":"https:\/\/bspharma.net\/wp-content\/uploads\/2024\/09\/cropped-cropped-Diseno-sin-titulo-6.png","contentUrl":"https:\/\/bspharma.net\/wp-content\/uploads\/2024\/09\/cropped-cropped-Diseno-sin-titulo-6.png","width":1080,"height":756,"caption":"BSPharma"},"image":{"@id":"https:\/\/bspharma.net\/#\/schema\/logo\/image\/"},"sameAs":["https:\/\/www.facebook.com\/bspharmasolutions\/","https:\/\/www.linkedin.com\/company\/bs-pharma-solutions\/","https:\/\/www.instagram.com\/bspharmasolutions\/","https:\/\/www.youtube.com\/@bspharmasolutions"]}]}},"taxonomy_info":{"product_cat":[{"value":245,"label":"Naturistas"},{"value":192,"label":"Suplementos"}],"product_tag":[{"value":1980,"label":"Curcuma 500 mg"},{"value":1981,"label":"EXTRACTO DE CURCUMA NATURAGEL"},{"value":1493,"label":"NATURAGEL"},{"value":1982,"label":"Pimienta piperina 5 mg"}]},"featured_image_src_large":["https:\/\/bspharma.net\/wp-content\/uploads\/2024\/09\/EXTRACTO-DE-CURCUMA-NATURAGEL-.jpg",591,591,false],"author_info":[],"comment_info":"","_links":{"self":[{"href":"https:\/\/bspharma.net\/es_mx\/wp-json\/wp\/v2\/product\/2339","targetHints":{"allow":["GET"]}}],"collection":[{"href":"https:\/\/bspharma.net\/es_mx\/wp-json\/wp\/v2\/product"}],"about":[{"href":"https:\/\/bspharma.net\/es_mx\/wp-json\/wp\/v2\/types\/product"}],"wp:featuredmedia":[{"embeddable":true,"href":"https:\/\/bspharma.net\/es_mx\/wp-json\/wp\/v2\/media\/2371"}],"wp:attachment":[{"href":"https:\/\/bspharma.net\/es_mx\/wp-json\/wp\/v2\/media?parent=2339"}],"wp:term":[{"taxonomy":"product_brand","embeddable":true,"href":"https:\/\/bspharma.net\/es_mx\/wp-json\/wp\/v2\/product_brand?post=2339"},{"taxonomy":"product_cat","embeddable":true,"href":"https:\/\/bspharma.net\/es_mx\/wp-json\/wp\/v2\/product_cat?post=2339"},{"taxonomy":"product_tag","embeddable":true,"href":"https:\/\/bspharma.net\/es_mx\/wp-json\/wp\/v2\/product_tag?post=2339"}],"curies":[{"name":"wp","href":"https:\/\/api.w.org\/{rel}","templated":true}]}}