{"id":2716,"date":"2024-09-05T18:32:27","date_gmt":"2024-09-06T00:32:27","guid":{"rendered":"https:\/\/bspharma.net\/?post_type=product&#038;p=2716"},"modified":"2024-09-05T18:32:37","modified_gmt":"2024-09-06T00:32:37","slug":"estericide-qx-5-lts","status":"publish","type":"product","link":"https:\/\/bspharma.net\/es_mx\/producto\/estericide-qx-5-lts\/","title":{"rendered":"ESTERICIDE QX 5 LTS"},"content":{"rendered":"<h1 style=\"text-align: center;\">ESTERICIDE QX 5 LTS<\/h1>\n<p><strong>Nombre:<\/strong> ESTERICIDE QX<br \/>\n<strong>Presentaci\u00f3n:<\/strong>\u00a0SOLUCI\u00d3N<br \/>\n<strong>Unidades:<\/strong>\u00a05 LTS<br \/>\n<strong>Laboratorio:<\/strong>\u00a0ESTERIPHARMA<\/p>\n<p>Es un desinfectante de alto nivel y esterilizante en fr\u00edo que elimina bacterias, hongos, virus y esporas. Ideal para la sanitizaci\u00f3n y desinfecci\u00f3n en instalaciones m\u00e9dico-hospitalarias y estirilizaci\u00f3n en fr\u00edo de instrumental quir\u00fargico, equipo m\u00e9dico y superficies.<\/p>\n<ul>\n<li>Elimina bacterias, hongos y virus en 30 segundos, esporas en 15 minutos.<\/li>\n<li>Impide la diseminaci\u00f3n de microorganismos.<\/li>\n<li>Evita la propagaci\u00f3n de enfermedades.<\/li>\n<li>No t\u00f3xico.<\/li>\n<li>Amigable con el medio ambiente.<\/li>\n<li>No requiere activaci\u00f3n, ni diluci\u00f3n.<\/li>\n<li>No requiere equipo de protecci\u00f3n para la manipulaci\u00f3n y uso.<\/li>\n<\/ul>","protected":false},"excerpt":{"rendered":"<p><strong>F\u00f3rmula:<\/strong> Soluci\u00f3n electrolizada de superoxidaci\u00f3n con pH neutro a 0.004% de Cl activo (HCLO\/CLO). \/ <strong>Laboratorio: <\/strong>Esteripharma \/ <strong>Presentaci\u00f3n<\/strong>: Gal\u00f3n c\/5 lts<\/p>","protected":false},"featured_media":2746,"template":"","meta":{"_kad_blocks_custom_css":"","_kad_blocks_head_custom_js":"","_kad_blocks_body_custom_js":"","_kad_blocks_footer_custom_js":"","_kadence_starter_templates_imported_post":false,"_kad_post_transparent":"","_kad_post_title":"","_kad_post_layout":"","_kad_post_sidebar_id":"","_kad_post_content_style":"","_kad_post_vertical_padding":"","_kad_post_feature":"","_kad_post_feature_position":"","_kad_post_header":false,"_kad_post_footer":false,"_kad_post_classname":""},"product_brand":[],"product_cat":[1304,86],"product_tag":[2608,2609,2610],"class_list":{"0":"post-2716","1":"product","2":"type-product","3":"status-publish","4":"has-post-thumbnail","6":"product_cat-equipo-medico","7":"product_cat-material-de-curacion","8":"product_tag-estericide-qx-5-lts","9":"product_tag-esteripharma","10":"product_tag-solucion-electrolizada-de-superoxidacion-con-ph-neutro-a-0-004-de-cl-activo-hclo-clo","12":"first","13":"outofstock","14":"featured","15":"shipping-taxable","16":"purchasable","17":"product-type-simple","18":"entry","19":"content-bg","20":"loop-entry"},"yoast_head":"<!-- This site is optimized with the Yoast SEO plugin v27.2 - https:\/\/yoast.com\/product\/yoast-seo-wordpress\/ -->\n<title>ESTERICIDE QX 5 LTS - BS Pharma<\/title>\n<meta name=\"robots\" content=\"index, follow, max-snippet:-1, max-image-preview:large, max-video-preview:-1\" \/>\n<link rel=\"canonical\" href=\"https:\/\/bspharma.net\/es_mx\/producto\/estericide-qx-5-lts\/\" \/>\n<meta property=\"og:locale\" content=\"es_MX\" \/>\n<meta property=\"og:type\" content=\"article\" \/>\n<meta property=\"og:title\" content=\"ESTERICIDE QX 5 LTS - BS Pharma\" \/>\n<meta property=\"og:description\" content=\"F\u00f3rmula: Soluci\u00f3n electrolizada de superoxidaci\u00f3n con pH neutro a 0.004% de Cl activo (HCLO\/CLO). \/ Laboratorio: Esteripharma \/ Presentaci\u00f3n: Gal\u00f3n c\/5 lts\" \/>\n<meta property=\"og:url\" content=\"https:\/\/bspharma.net\/es_mx\/producto\/estericide-qx-5-lts\/\" \/>\n<meta property=\"og:site_name\" content=\"BS Pharma\" \/>\n<meta property=\"article:publisher\" content=\"https:\/\/www.facebook.com\/bspharmasolutions\/\" \/>\n<meta property=\"article:modified_time\" content=\"2024-09-06T00:32:37+00:00\" \/>\n<meta property=\"og:image\" content=\"https:\/\/bspharma.net\/wp-content\/uploads\/2024\/09\/solucion-desinfectante-estericide-qx-5-litros.jpg\" \/>\n\t<meta property=\"og:image:width\" content=\"800\" \/>\n\t<meta property=\"og:image:height\" content=\"800\" \/>\n\t<meta property=\"og:image:type\" content=\"image\/jpeg\" \/>\n<meta name=\"twitter:card\" content=\"summary_large_image\" \/>\n<meta name=\"twitter:label1\" content=\"Tiempo de lectura\" \/>\n\t<meta name=\"twitter:data1\" content=\"1 minuto\" \/>\n<script type=\"application\/ld+json\" class=\"yoast-schema-graph\">{\"@context\":\"https:\/\/schema.org\",\"@graph\":[{\"@type\":\"WebPage\",\"@id\":\"https:\/\/bspharma.net\/producto\/estericide-qx-5-lts\/\",\"url\":\"https:\/\/bspharma.net\/producto\/estericide-qx-5-lts\/\",\"name\":\"ESTERICIDE QX 5 LTS - BS Pharma\",\"isPartOf\":{\"@id\":\"https:\/\/bspharma.net\/#website\"},\"primaryImageOfPage\":{\"@id\":\"https:\/\/bspharma.net\/producto\/estericide-qx-5-lts\/#primaryimage\"},\"image\":{\"@id\":\"https:\/\/bspharma.net\/producto\/estericide-qx-5-lts\/#primaryimage\"},\"thumbnailUrl\":\"https:\/\/bspharma.net\/wp-content\/uploads\/2024\/09\/solucion-desinfectante-estericide-qx-5-litros.jpg\",\"datePublished\":\"2024-09-06T00:32:27+00:00\",\"dateModified\":\"2024-09-06T00:32:37+00:00\",\"breadcrumb\":{\"@id\":\"https:\/\/bspharma.net\/producto\/estericide-qx-5-lts\/#breadcrumb\"},\"inLanguage\":\"es\",\"potentialAction\":[{\"@type\":\"ReadAction\",\"target\":[\"https:\/\/bspharma.net\/producto\/estericide-qx-5-lts\/\"]}]},{\"@type\":\"ImageObject\",\"inLanguage\":\"es\",\"@id\":\"https:\/\/bspharma.net\/producto\/estericide-qx-5-lts\/#primaryimage\",\"url\":\"https:\/\/bspharma.net\/wp-content\/uploads\/2024\/09\/solucion-desinfectante-estericide-qx-5-litros.jpg\",\"contentUrl\":\"https:\/\/bspharma.net\/wp-content\/uploads\/2024\/09\/solucion-desinfectante-estericide-qx-5-litros.jpg\",\"width\":800,\"height\":800},{\"@type\":\"BreadcrumbList\",\"@id\":\"https:\/\/bspharma.net\/producto\/estericide-qx-5-lts\/#breadcrumb\",\"itemListElement\":[{\"@type\":\"ListItem\",\"position\":1,\"name\":\"Portada\",\"item\":\"https:\/\/bspharma.net\/\"},{\"@type\":\"ListItem\",\"position\":2,\"name\":\"Productos\",\"item\":\"https:\/\/bspharma.net\/productos\/\"},{\"@type\":\"ListItem\",\"position\":3,\"name\":\"ESTERICIDE QX 5 LTS\"}]},{\"@type\":\"WebSite\",\"@id\":\"https:\/\/bspharma.net\/#website\",\"url\":\"https:\/\/bspharma.net\/\",\"name\":\"BSPharma\",\"description\":\"Distribuidor Farmac\u00e9utico en M\u00e9xico\",\"publisher\":{\"@id\":\"https:\/\/bspharma.net\/#organization\"},\"potentialAction\":[{\"@type\":\"SearchAction\",\"target\":{\"@type\":\"EntryPoint\",\"urlTemplate\":\"https:\/\/bspharma.net\/?s={search_term_string}\"},\"query-input\":{\"@type\":\"PropertyValueSpecification\",\"valueRequired\":true,\"valueName\":\"search_term_string\"}}],\"inLanguage\":\"es\"},{\"@type\":\"Organization\",\"@id\":\"https:\/\/bspharma.net\/#organization\",\"name\":\"BSPharma\",\"url\":\"https:\/\/bspharma.net\/\",\"logo\":{\"@type\":\"ImageObject\",\"inLanguage\":\"es\",\"@id\":\"https:\/\/bspharma.net\/#\/schema\/logo\/image\/\",\"url\":\"https:\/\/bspharma.net\/wp-content\/uploads\/2024\/09\/cropped-cropped-Diseno-sin-titulo-6.png\",\"contentUrl\":\"https:\/\/bspharma.net\/wp-content\/uploads\/2024\/09\/cropped-cropped-Diseno-sin-titulo-6.png\",\"width\":1080,\"height\":756,\"caption\":\"BSPharma\"},\"image\":{\"@id\":\"https:\/\/bspharma.net\/#\/schema\/logo\/image\/\"},\"sameAs\":[\"https:\/\/www.facebook.com\/bspharmasolutions\/\",\"https:\/\/www.linkedin.com\/company\/bs-pharma-solutions\/\",\"https:\/\/www.instagram.com\/bspharmasolutions\/\",\"https:\/\/www.youtube.com\/@bspharmasolutions\"]}]}<\/script>\n<!-- \/ Yoast SEO plugin. -->","yoast_head_json":{"title":"ESTERICIDE QX 5 LTS - BS Pharma","robots":{"index":"index","follow":"follow","max-snippet":"max-snippet:-1","max-image-preview":"max-image-preview:large","max-video-preview":"max-video-preview:-1"},"canonical":"https:\/\/bspharma.net\/es_mx\/producto\/estericide-qx-5-lts\/","og_locale":"es_MX","og_type":"article","og_title":"ESTERICIDE QX 5 LTS - BS Pharma","og_description":"F\u00f3rmula: Soluci\u00f3n electrolizada de superoxidaci\u00f3n con pH neutro a 0.004% de Cl activo (HCLO\/CLO). \/ Laboratorio: Esteripharma \/ Presentaci\u00f3n: Gal\u00f3n c\/5 lts","og_url":"https:\/\/bspharma.net\/es_mx\/producto\/estericide-qx-5-lts\/","og_site_name":"BS Pharma","article_publisher":"https:\/\/www.facebook.com\/bspharmasolutions\/","article_modified_time":"2024-09-06T00:32:37+00:00","og_image":[{"width":800,"height":800,"url":"https:\/\/bspharma.net\/wp-content\/uploads\/2024\/09\/solucion-desinfectante-estericide-qx-5-litros.jpg","type":"image\/jpeg"}],"twitter_card":"summary_large_image","twitter_misc":{"Tiempo de lectura":"1 minuto"},"schema":{"@context":"https:\/\/schema.org","@graph":[{"@type":"WebPage","@id":"https:\/\/bspharma.net\/producto\/estericide-qx-5-lts\/","url":"https:\/\/bspharma.net\/producto\/estericide-qx-5-lts\/","name":"ESTERICIDE QX 5 LTS - BS Pharma","isPartOf":{"@id":"https:\/\/bspharma.net\/#website"},"primaryImageOfPage":{"@id":"https:\/\/bspharma.net\/producto\/estericide-qx-5-lts\/#primaryimage"},"image":{"@id":"https:\/\/bspharma.net\/producto\/estericide-qx-5-lts\/#primaryimage"},"thumbnailUrl":"https:\/\/bspharma.net\/wp-content\/uploads\/2024\/09\/solucion-desinfectante-estericide-qx-5-litros.jpg","datePublished":"2024-09-06T00:32:27+00:00","dateModified":"2024-09-06T00:32:37+00:00","breadcrumb":{"@id":"https:\/\/bspharma.net\/producto\/estericide-qx-5-lts\/#breadcrumb"},"inLanguage":"es","potentialAction":[{"@type":"ReadAction","target":["https:\/\/bspharma.net\/producto\/estericide-qx-5-lts\/"]}]},{"@type":"ImageObject","inLanguage":"es","@id":"https:\/\/bspharma.net\/producto\/estericide-qx-5-lts\/#primaryimage","url":"https:\/\/bspharma.net\/wp-content\/uploads\/2024\/09\/solucion-desinfectante-estericide-qx-5-litros.jpg","contentUrl":"https:\/\/bspharma.net\/wp-content\/uploads\/2024\/09\/solucion-desinfectante-estericide-qx-5-litros.jpg","width":800,"height":800},{"@type":"BreadcrumbList","@id":"https:\/\/bspharma.net\/producto\/estericide-qx-5-lts\/#breadcrumb","itemListElement":[{"@type":"ListItem","position":1,"name":"Portada","item":"https:\/\/bspharma.net\/"},{"@type":"ListItem","position":2,"name":"Productos","item":"https:\/\/bspharma.net\/productos\/"},{"@type":"ListItem","position":3,"name":"ESTERICIDE QX 5 LTS"}]},{"@type":"WebSite","@id":"https:\/\/bspharma.net\/#website","url":"https:\/\/bspharma.net\/","name":"BSPharma","description":"Distribuidor Farmac\u00e9utico en M\u00e9xico","publisher":{"@id":"https:\/\/bspharma.net\/#organization"},"potentialAction":[{"@type":"SearchAction","target":{"@type":"EntryPoint","urlTemplate":"https:\/\/bspharma.net\/?s={search_term_string}"},"query-input":{"@type":"PropertyValueSpecification","valueRequired":true,"valueName":"search_term_string"}}],"inLanguage":"es"},{"@type":"Organization","@id":"https:\/\/bspharma.net\/#organization","name":"BSPharma","url":"https:\/\/bspharma.net\/","logo":{"@type":"ImageObject","inLanguage":"es","@id":"https:\/\/bspharma.net\/#\/schema\/logo\/image\/","url":"https:\/\/bspharma.net\/wp-content\/uploads\/2024\/09\/cropped-cropped-Diseno-sin-titulo-6.png","contentUrl":"https:\/\/bspharma.net\/wp-content\/uploads\/2024\/09\/cropped-cropped-Diseno-sin-titulo-6.png","width":1080,"height":756,"caption":"BSPharma"},"image":{"@id":"https:\/\/bspharma.net\/#\/schema\/logo\/image\/"},"sameAs":["https:\/\/www.facebook.com\/bspharmasolutions\/","https:\/\/www.linkedin.com\/company\/bs-pharma-solutions\/","https:\/\/www.instagram.com\/bspharmasolutions\/","https:\/\/www.youtube.com\/@bspharmasolutions"]}]}},"taxonomy_info":{"product_cat":[{"value":1304,"label":"Equipo m\u00e9dico"},{"value":86,"label":"Material de curaci\u00f3n"}],"product_tag":[{"value":2608,"label":"ESTERICIDE QX 5 LTS"},{"value":2609,"label":"ESTERIPHARMA"},{"value":2610,"label":"Soluci\u00f3n electrolizada de superoxidaci\u00f3n con pH neutro a 0.004% de Cl activo (HCLO\/CLO)."}]},"featured_image_src_large":["https:\/\/bspharma.net\/wp-content\/uploads\/2024\/09\/solucion-desinfectante-estericide-qx-5-litros.jpg",800,800,false],"author_info":[],"comment_info":"","_links":{"self":[{"href":"https:\/\/bspharma.net\/es_mx\/wp-json\/wp\/v2\/product\/2716","targetHints":{"allow":["GET"]}}],"collection":[{"href":"https:\/\/bspharma.net\/es_mx\/wp-json\/wp\/v2\/product"}],"about":[{"href":"https:\/\/bspharma.net\/es_mx\/wp-json\/wp\/v2\/types\/product"}],"wp:featuredmedia":[{"embeddable":true,"href":"https:\/\/bspharma.net\/es_mx\/wp-json\/wp\/v2\/media\/2746"}],"wp:attachment":[{"href":"https:\/\/bspharma.net\/es_mx\/wp-json\/wp\/v2\/media?parent=2716"}],"wp:term":[{"taxonomy":"product_brand","embeddable":true,"href":"https:\/\/bspharma.net\/es_mx\/wp-json\/wp\/v2\/product_brand?post=2716"},{"taxonomy":"product_cat","embeddable":true,"href":"https:\/\/bspharma.net\/es_mx\/wp-json\/wp\/v2\/product_cat?post=2716"},{"taxonomy":"product_tag","embeddable":true,"href":"https:\/\/bspharma.net\/es_mx\/wp-json\/wp\/v2\/product_tag?post=2716"}],"curies":[{"name":"wp","href":"https:\/\/api.w.org\/{rel}","templated":true}]}}