{"id":2761,"date":"2024-09-05T18:32:41","date_gmt":"2024-09-06T00:32:41","guid":{"rendered":"https:\/\/bspharma.net\/?post_type=product&#038;p=2761"},"modified":"2024-09-05T18:32:48","modified_gmt":"2024-09-06T00:32:48","slug":"cetaphil-gel-limpiador-piel-grasa-c-237-ml","status":"publish","type":"product","link":"https:\/\/bspharma.net\/es_mx\/producto\/cetaphil-gel-limpiador-piel-grasa-c-237-ml\/","title":{"rendered":"Cetaphil Gel Limpiador Piel Grasa C\/237 Ml"},"content":{"rendered":"<div class=\"haircare-category\">\n<div id=\"module-subheading\" class=\"hero-heading category-color\">\n<h2 class=\"modify-ui-title-id__title\">CETAPHIL GEL LIMPIADOR PIEL GRASA<\/h2>\n<\/div>\n<p>Combinaci\u00f3n de ingredientes que limpian suave y profundamente el rostro dej\u00e1ndolo sin brillo por m\u00e1s tiempo,<\/p>\n<h3>PROPIEDADES<\/h3>\n<p>Remueve el exceso de grasa dejando humectada la piel. Disminuye la proliferaci\u00f3n de bacterias al realizar una limpieza profunda. Ideal para uso diario en la piel con exceso de grasa, acn\u00e9 y dermatitis seborreica. Puede usar en cara, pecho y espalda. Se debe retirar con abundante agua. Elimina el brillo. Hipoalerg\u00e9nica. No contiene perfume.<\/p>\n<h3>TEXTURA Y APLICACI\u00d3N<\/h3>\n<p>Aplicar una peque\u00f1a cantidad sobre la piel h\u00fameda y efectuar un ligero masaje. Enjuagar.<\/p>\n<\/div>","protected":false},"excerpt":{"rendered":"<p><strong>F\u00f3rmula:<\/strong> Gel Limpiador \/ <strong>Laboratorio:<\/strong> Galderma \/ <strong>Presentaci\u00f3n:<\/strong> Bote c\/237 ml<\/p>","protected":false},"featured_media":2796,"template":"","meta":{"_kad_blocks_custom_css":"","_kad_blocks_head_custom_js":"","_kad_blocks_body_custom_js":"","_kad_blocks_footer_custom_js":"","_kadence_starter_templates_imported_post":false,"_kad_post_transparent":"","_kad_post_title":"","_kad_post_layout":"","_kad_post_sidebar_id":"","_kad_post_content_style":"","_kad_post_vertical_padding":"","_kad_post_feature":"","_kad_post_feature_position":"","_kad_post_header":false,"_kad_post_footer":false,"_kad_post_classname":""},"product_brand":[],"product_cat":[507,91],"product_tag":[2631,2622],"class_list":{"0":"post-2761","1":"product","2":"type-product","3":"status-publish","4":"has-post-thumbnail","6":"product_cat-cuidado-personal","7":"product_cat-dermatologicos","8":"product_tag-cetaphil-gel-limpiador-piel-grasa","9":"product_tag-galderma","11":"first","12":"instock","13":"shipping-taxable","14":"purchasable","15":"product-type-simple","16":"entry","17":"content-bg","18":"loop-entry"},"yoast_head":"<!-- This site is optimized with the Yoast SEO plugin v27.2 - https:\/\/yoast.com\/product\/yoast-seo-wordpress\/ -->\n<title>Cetaphil Gel Limpiador Piel Grasa C\/237 Ml - BS Pharma<\/title>\n<meta name=\"robots\" content=\"index, follow, max-snippet:-1, max-image-preview:large, max-video-preview:-1\" \/>\n<link rel=\"canonical\" href=\"https:\/\/bspharma.net\/es_mx\/producto\/cetaphil-gel-limpiador-piel-grasa-c-237-ml\/\" \/>\n<meta property=\"og:locale\" content=\"es_MX\" \/>\n<meta property=\"og:type\" content=\"article\" \/>\n<meta property=\"og:title\" content=\"Cetaphil Gel Limpiador Piel Grasa C\/237 Ml - BS Pharma\" \/>\n<meta property=\"og:description\" content=\"F\u00f3rmula: Gel Limpiador \/ Laboratorio: Galderma \/ Presentaci\u00f3n: Bote c\/237 ml\" \/>\n<meta property=\"og:url\" content=\"https:\/\/bspharma.net\/es_mx\/producto\/cetaphil-gel-limpiador-piel-grasa-c-237-ml\/\" \/>\n<meta property=\"og:site_name\" content=\"BS Pharma\" \/>\n<meta property=\"article:publisher\" content=\"https:\/\/www.facebook.com\/bspharmasolutions\/\" \/>\n<meta property=\"article:modified_time\" content=\"2024-09-06T00:32:48+00:00\" \/>\n<meta property=\"og:image\" content=\"https:\/\/bspharma.net\/wp-content\/uploads\/2024\/09\/cetaphil-gel-limpiador-237-ml.jpg\" \/>\n\t<meta property=\"og:image:width\" content=\"800\" \/>\n\t<meta property=\"og:image:height\" content=\"800\" \/>\n\t<meta property=\"og:image:type\" content=\"image\/jpeg\" \/>\n<meta name=\"twitter:card\" content=\"summary_large_image\" \/>\n<meta name=\"twitter:label1\" content=\"Tiempo de lectura\" \/>\n\t<meta name=\"twitter:data1\" content=\"1 minuto\" \/>\n<script type=\"application\/ld+json\" class=\"yoast-schema-graph\">{\"@context\":\"https:\/\/schema.org\",\"@graph\":[{\"@type\":\"WebPage\",\"@id\":\"https:\/\/bspharma.net\/producto\/cetaphil-gel-limpiador-piel-grasa-c-237-ml\/\",\"url\":\"https:\/\/bspharma.net\/producto\/cetaphil-gel-limpiador-piel-grasa-c-237-ml\/\",\"name\":\"Cetaphil Gel Limpiador Piel Grasa C\/237 Ml - BS Pharma\",\"isPartOf\":{\"@id\":\"https:\/\/bspharma.net\/#website\"},\"primaryImageOfPage\":{\"@id\":\"https:\/\/bspharma.net\/producto\/cetaphil-gel-limpiador-piel-grasa-c-237-ml\/#primaryimage\"},\"image\":{\"@id\":\"https:\/\/bspharma.net\/producto\/cetaphil-gel-limpiador-piel-grasa-c-237-ml\/#primaryimage\"},\"thumbnailUrl\":\"https:\/\/bspharma.net\/wp-content\/uploads\/2024\/09\/cetaphil-gel-limpiador-237-ml.jpg\",\"datePublished\":\"2024-09-06T00:32:41+00:00\",\"dateModified\":\"2024-09-06T00:32:48+00:00\",\"breadcrumb\":{\"@id\":\"https:\/\/bspharma.net\/producto\/cetaphil-gel-limpiador-piel-grasa-c-237-ml\/#breadcrumb\"},\"inLanguage\":\"es\",\"potentialAction\":[{\"@type\":\"ReadAction\",\"target\":[\"https:\/\/bspharma.net\/producto\/cetaphil-gel-limpiador-piel-grasa-c-237-ml\/\"]}]},{\"@type\":\"ImageObject\",\"inLanguage\":\"es\",\"@id\":\"https:\/\/bspharma.net\/producto\/cetaphil-gel-limpiador-piel-grasa-c-237-ml\/#primaryimage\",\"url\":\"https:\/\/bspharma.net\/wp-content\/uploads\/2024\/09\/cetaphil-gel-limpiador-237-ml.jpg\",\"contentUrl\":\"https:\/\/bspharma.net\/wp-content\/uploads\/2024\/09\/cetaphil-gel-limpiador-237-ml.jpg\",\"width\":800,\"height\":800},{\"@type\":\"BreadcrumbList\",\"@id\":\"https:\/\/bspharma.net\/producto\/cetaphil-gel-limpiador-piel-grasa-c-237-ml\/#breadcrumb\",\"itemListElement\":[{\"@type\":\"ListItem\",\"position\":1,\"name\":\"Portada\",\"item\":\"https:\/\/bspharma.net\/\"},{\"@type\":\"ListItem\",\"position\":2,\"name\":\"Productos\",\"item\":\"https:\/\/bspharma.net\/productos\/\"},{\"@type\":\"ListItem\",\"position\":3,\"name\":\"Cetaphil Gel Limpiador Piel Grasa C\/237 Ml\"}]},{\"@type\":\"WebSite\",\"@id\":\"https:\/\/bspharma.net\/#website\",\"url\":\"https:\/\/bspharma.net\/\",\"name\":\"BSPharma\",\"description\":\"Distribuidor Farmac\u00e9utico en M\u00e9xico\",\"publisher\":{\"@id\":\"https:\/\/bspharma.net\/#organization\"},\"potentialAction\":[{\"@type\":\"SearchAction\",\"target\":{\"@type\":\"EntryPoint\",\"urlTemplate\":\"https:\/\/bspharma.net\/?s={search_term_string}\"},\"query-input\":{\"@type\":\"PropertyValueSpecification\",\"valueRequired\":true,\"valueName\":\"search_term_string\"}}],\"inLanguage\":\"es\"},{\"@type\":\"Organization\",\"@id\":\"https:\/\/bspharma.net\/#organization\",\"name\":\"BSPharma\",\"url\":\"https:\/\/bspharma.net\/\",\"logo\":{\"@type\":\"ImageObject\",\"inLanguage\":\"es\",\"@id\":\"https:\/\/bspharma.net\/#\/schema\/logo\/image\/\",\"url\":\"https:\/\/bspharma.net\/wp-content\/uploads\/2024\/09\/cropped-cropped-Diseno-sin-titulo-6.png\",\"contentUrl\":\"https:\/\/bspharma.net\/wp-content\/uploads\/2024\/09\/cropped-cropped-Diseno-sin-titulo-6.png\",\"width\":1080,\"height\":756,\"caption\":\"BSPharma\"},\"image\":{\"@id\":\"https:\/\/bspharma.net\/#\/schema\/logo\/image\/\"},\"sameAs\":[\"https:\/\/www.facebook.com\/bspharmasolutions\/\",\"https:\/\/www.linkedin.com\/company\/bs-pharma-solutions\/\",\"https:\/\/www.instagram.com\/bspharmasolutions\/\",\"https:\/\/www.youtube.com\/@bspharmasolutions\"]}]}<\/script>\n<!-- \/ Yoast SEO plugin. -->","yoast_head_json":{"title":"Cetaphil Gel Limpiador Piel Grasa C\/237 Ml - BS Pharma","robots":{"index":"index","follow":"follow","max-snippet":"max-snippet:-1","max-image-preview":"max-image-preview:large","max-video-preview":"max-video-preview:-1"},"canonical":"https:\/\/bspharma.net\/es_mx\/producto\/cetaphil-gel-limpiador-piel-grasa-c-237-ml\/","og_locale":"es_MX","og_type":"article","og_title":"Cetaphil Gel Limpiador Piel Grasa C\/237 Ml - BS Pharma","og_description":"F\u00f3rmula: Gel Limpiador \/ Laboratorio: Galderma \/ Presentaci\u00f3n: Bote c\/237 ml","og_url":"https:\/\/bspharma.net\/es_mx\/producto\/cetaphil-gel-limpiador-piel-grasa-c-237-ml\/","og_site_name":"BS Pharma","article_publisher":"https:\/\/www.facebook.com\/bspharmasolutions\/","article_modified_time":"2024-09-06T00:32:48+00:00","og_image":[{"width":800,"height":800,"url":"https:\/\/bspharma.net\/wp-content\/uploads\/2024\/09\/cetaphil-gel-limpiador-237-ml.jpg","type":"image\/jpeg"}],"twitter_card":"summary_large_image","twitter_misc":{"Tiempo de lectura":"1 minuto"},"schema":{"@context":"https:\/\/schema.org","@graph":[{"@type":"WebPage","@id":"https:\/\/bspharma.net\/producto\/cetaphil-gel-limpiador-piel-grasa-c-237-ml\/","url":"https:\/\/bspharma.net\/producto\/cetaphil-gel-limpiador-piel-grasa-c-237-ml\/","name":"Cetaphil Gel Limpiador Piel Grasa C\/237 Ml - BS Pharma","isPartOf":{"@id":"https:\/\/bspharma.net\/#website"},"primaryImageOfPage":{"@id":"https:\/\/bspharma.net\/producto\/cetaphil-gel-limpiador-piel-grasa-c-237-ml\/#primaryimage"},"image":{"@id":"https:\/\/bspharma.net\/producto\/cetaphil-gel-limpiador-piel-grasa-c-237-ml\/#primaryimage"},"thumbnailUrl":"https:\/\/bspharma.net\/wp-content\/uploads\/2024\/09\/cetaphil-gel-limpiador-237-ml.jpg","datePublished":"2024-09-06T00:32:41+00:00","dateModified":"2024-09-06T00:32:48+00:00","breadcrumb":{"@id":"https:\/\/bspharma.net\/producto\/cetaphil-gel-limpiador-piel-grasa-c-237-ml\/#breadcrumb"},"inLanguage":"es","potentialAction":[{"@type":"ReadAction","target":["https:\/\/bspharma.net\/producto\/cetaphil-gel-limpiador-piel-grasa-c-237-ml\/"]}]},{"@type":"ImageObject","inLanguage":"es","@id":"https:\/\/bspharma.net\/producto\/cetaphil-gel-limpiador-piel-grasa-c-237-ml\/#primaryimage","url":"https:\/\/bspharma.net\/wp-content\/uploads\/2024\/09\/cetaphil-gel-limpiador-237-ml.jpg","contentUrl":"https:\/\/bspharma.net\/wp-content\/uploads\/2024\/09\/cetaphil-gel-limpiador-237-ml.jpg","width":800,"height":800},{"@type":"BreadcrumbList","@id":"https:\/\/bspharma.net\/producto\/cetaphil-gel-limpiador-piel-grasa-c-237-ml\/#breadcrumb","itemListElement":[{"@type":"ListItem","position":1,"name":"Portada","item":"https:\/\/bspharma.net\/"},{"@type":"ListItem","position":2,"name":"Productos","item":"https:\/\/bspharma.net\/productos\/"},{"@type":"ListItem","position":3,"name":"Cetaphil Gel Limpiador Piel Grasa C\/237 Ml"}]},{"@type":"WebSite","@id":"https:\/\/bspharma.net\/#website","url":"https:\/\/bspharma.net\/","name":"BSPharma","description":"Distribuidor Farmac\u00e9utico en M\u00e9xico","publisher":{"@id":"https:\/\/bspharma.net\/#organization"},"potentialAction":[{"@type":"SearchAction","target":{"@type":"EntryPoint","urlTemplate":"https:\/\/bspharma.net\/?s={search_term_string}"},"query-input":{"@type":"PropertyValueSpecification","valueRequired":true,"valueName":"search_term_string"}}],"inLanguage":"es"},{"@type":"Organization","@id":"https:\/\/bspharma.net\/#organization","name":"BSPharma","url":"https:\/\/bspharma.net\/","logo":{"@type":"ImageObject","inLanguage":"es","@id":"https:\/\/bspharma.net\/#\/schema\/logo\/image\/","url":"https:\/\/bspharma.net\/wp-content\/uploads\/2024\/09\/cropped-cropped-Diseno-sin-titulo-6.png","contentUrl":"https:\/\/bspharma.net\/wp-content\/uploads\/2024\/09\/cropped-cropped-Diseno-sin-titulo-6.png","width":1080,"height":756,"caption":"BSPharma"},"image":{"@id":"https:\/\/bspharma.net\/#\/schema\/logo\/image\/"},"sameAs":["https:\/\/www.facebook.com\/bspharmasolutions\/","https:\/\/www.linkedin.com\/company\/bs-pharma-solutions\/","https:\/\/www.instagram.com\/bspharmasolutions\/","https:\/\/www.youtube.com\/@bspharmasolutions"]}]}},"taxonomy_info":{"product_cat":[{"value":507,"label":"Cuidado personal"},{"value":91,"label":"Dermatol\u00f3gicos"}],"product_tag":[{"value":2631,"label":"CETAPHIL GEL LIMPIADOR PIEL GRASA"},{"value":2622,"label":"GALDERMA"}]},"featured_image_src_large":["https:\/\/bspharma.net\/wp-content\/uploads\/2024\/09\/cetaphil-gel-limpiador-237-ml.jpg",800,800,false],"author_info":[],"comment_info":"","_links":{"self":[{"href":"https:\/\/bspharma.net\/es_mx\/wp-json\/wp\/v2\/product\/2761","targetHints":{"allow":["GET"]}}],"collection":[{"href":"https:\/\/bspharma.net\/es_mx\/wp-json\/wp\/v2\/product"}],"about":[{"href":"https:\/\/bspharma.net\/es_mx\/wp-json\/wp\/v2\/types\/product"}],"wp:featuredmedia":[{"embeddable":true,"href":"https:\/\/bspharma.net\/es_mx\/wp-json\/wp\/v2\/media\/2796"}],"wp:attachment":[{"href":"https:\/\/bspharma.net\/es_mx\/wp-json\/wp\/v2\/media?parent=2761"}],"wp:term":[{"taxonomy":"product_brand","embeddable":true,"href":"https:\/\/bspharma.net\/es_mx\/wp-json\/wp\/v2\/product_brand?post=2761"},{"taxonomy":"product_cat","embeddable":true,"href":"https:\/\/bspharma.net\/es_mx\/wp-json\/wp\/v2\/product_cat?post=2761"},{"taxonomy":"product_tag","embeddable":true,"href":"https:\/\/bspharma.net\/es_mx\/wp-json\/wp\/v2\/product_tag?post=2761"}],"curies":[{"name":"wp","href":"https:\/\/api.w.org\/{rel}","templated":true}]}}