{"id":2762,"date":"2024-09-05T18:32:42","date_gmt":"2024-09-06T00:32:42","guid":{"rendered":"https:\/\/bspharma.net\/?post_type=product&#038;p=2762"},"modified":"2024-09-05T18:32:50","modified_gmt":"2024-09-06T00:32:50","slug":"lambdapil-shampoo-anticaida-c-200-ml-isdin","status":"publish","type":"product","link":"https:\/\/bspharma.net\/es_mx\/producto\/lambdapil-shampoo-anticaida-c-200-ml-isdin\/","title":{"rendered":"Lambdapil Shampoo Antica\u00edda C\/200 Ml Isdin"},"content":{"rendered":"<div class=\"haircare-category\">\n<div id=\"module-subheading\" class=\"hero-heading category-color\">\n<h2 class=\"modify-ui-title-id__title\">ISDIN LAMBDAPIL SHAMPOO ANT\u00cdCAIDA<\/h2>\n<\/div>\n<div class=\"mod__DescripcionP\">\n<div class=\"contSucursales\">\n<ul class=\"viewDescrip\">\n<li class=\"laDescrip textRaw show\">Shampoo Lamndapil ayuda a prevenir y frenar la ca\u00edda del cabello.<\/li>\n<li class=\"laDescrip textRaw show\">Estimula el crecimiento capilar gracias a su contenido en Serenoa Repens y al complejo multiactivo Trichogen.<\/li>\n<li class=\"laDescrip textRaw show\">Estimula el fol\u00edculo piloso y normaliza la secreci\u00f3n de las gl\u00e1ndulas seb\u00e1ceas.<\/li>\n<li class=\"laDescrip textRaw show\">Cuida tu cabello, le brinda fuerza y volumen.\n<div id=\"flix-inpage\">\n<div id=\"flixinpage_1620687302067\"><\/div>\n<div id=\"flixinpage_1620687302072\"><\/div>\n<div id=\"flixinpage_1620687304377\"><\/div>\n<\/div>\n<\/li>\n<\/ul>\n<\/div>\n<\/div>\n<section class=\"bannerDC\">\n<div class=\"bannerDC_Desktop\">\n<div id=\"div-gpt-ad-1566427394007-0\" data-google-query-id=\"CJW42tiawPACFcYWPwodm9UL4A\"><\/div>\n<\/div>\n<\/section>\n<\/div>","protected":false},"excerpt":{"rendered":"<p><strong>F\u00f3rmula:<\/strong> Shampoo Antica\u00edda \/ <strong>Laboratorio:<\/strong> Isdin \/ <strong>Presentaci\u00f3n:<\/strong> Bote c\/200 ml<\/p>","protected":false},"featured_media":2798,"template":"","meta":{"_kad_blocks_custom_css":"","_kad_blocks_head_custom_js":"","_kad_blocks_body_custom_js":"","_kad_blocks_footer_custom_js":"","_kadence_starter_templates_imported_post":false,"_kad_post_transparent":"","_kad_post_title":"","_kad_post_layout":"","_kad_post_sidebar_id":"","_kad_post_content_style":"","_kad_post_vertical_padding":"","_kad_post_feature":"","_kad_post_feature_position":"","_kad_post_header":false,"_kad_post_footer":false,"_kad_post_classname":""},"product_brand":[],"product_cat":[507],"product_tag":[2632,2633],"class_list":{"0":"post-2762","1":"product","2":"type-product","3":"status-publish","4":"has-post-thumbnail","6":"product_cat-cuidado-personal","7":"product_tag-isdin","8":"product_tag-isdin-lambdapil-shampoo-anticaida","10":"first","11":"instock","12":"shipping-taxable","13":"purchasable","14":"product-type-simple","15":"entry","16":"content-bg","17":"loop-entry"},"yoast_head":"<!-- This site is optimized with the Yoast SEO plugin v27.2 - https:\/\/yoast.com\/product\/yoast-seo-wordpress\/ -->\n<title>Lambdapil Shampoo Antica\u00edda C\/200 Ml Isdin - BS Pharma<\/title>\n<meta name=\"robots\" content=\"index, follow, max-snippet:-1, max-image-preview:large, max-video-preview:-1\" \/>\n<link rel=\"canonical\" href=\"https:\/\/bspharma.net\/es_mx\/producto\/lambdapil-shampoo-anticaida-c-200-ml-isdin\/\" \/>\n<meta property=\"og:locale\" content=\"es_MX\" \/>\n<meta property=\"og:type\" content=\"article\" \/>\n<meta property=\"og:title\" content=\"Lambdapil Shampoo Antica\u00edda C\/200 Ml Isdin - BS Pharma\" \/>\n<meta property=\"og:description\" content=\"F\u00f3rmula: Shampoo Antica\u00edda \/ Laboratorio: Isdin \/ Presentaci\u00f3n: Bote c\/200 ml\" \/>\n<meta property=\"og:url\" content=\"https:\/\/bspharma.net\/es_mx\/producto\/lambdapil-shampoo-anticaida-c-200-ml-isdin\/\" \/>\n<meta property=\"og:site_name\" content=\"BS Pharma\" \/>\n<meta property=\"article:publisher\" content=\"https:\/\/www.facebook.com\/bspharmasolutions\/\" \/>\n<meta property=\"article:modified_time\" content=\"2024-09-06T00:32:50+00:00\" \/>\n<meta property=\"og:image\" content=\"https:\/\/bspharma.net\/wp-content\/uploads\/2024\/09\/LamdapilShampoo_1400x.jpg\" \/>\n\t<meta property=\"og:image:width\" content=\"1200\" \/>\n\t<meta property=\"og:image:height\" content=\"1200\" \/>\n\t<meta property=\"og:image:type\" content=\"image\/jpeg\" \/>\n<meta name=\"twitter:card\" content=\"summary_large_image\" \/>\n<meta name=\"twitter:label1\" content=\"Tiempo de lectura\" \/>\n\t<meta name=\"twitter:data1\" content=\"1 minuto\" \/>\n<script type=\"application\/ld+json\" class=\"yoast-schema-graph\">{\"@context\":\"https:\/\/schema.org\",\"@graph\":[{\"@type\":\"WebPage\",\"@id\":\"https:\/\/bspharma.net\/producto\/lambdapil-shampoo-anticaida-c-200-ml-isdin\/\",\"url\":\"https:\/\/bspharma.net\/producto\/lambdapil-shampoo-anticaida-c-200-ml-isdin\/\",\"name\":\"Lambdapil Shampoo Antica\u00edda C\/200 Ml Isdin - BS Pharma\",\"isPartOf\":{\"@id\":\"https:\/\/bspharma.net\/#website\"},\"primaryImageOfPage\":{\"@id\":\"https:\/\/bspharma.net\/producto\/lambdapil-shampoo-anticaida-c-200-ml-isdin\/#primaryimage\"},\"image\":{\"@id\":\"https:\/\/bspharma.net\/producto\/lambdapil-shampoo-anticaida-c-200-ml-isdin\/#primaryimage\"},\"thumbnailUrl\":\"https:\/\/bspharma.net\/wp-content\/uploads\/2024\/09\/LamdapilShampoo_1400x.jpg\",\"datePublished\":\"2024-09-06T00:32:42+00:00\",\"dateModified\":\"2024-09-06T00:32:50+00:00\",\"breadcrumb\":{\"@id\":\"https:\/\/bspharma.net\/producto\/lambdapil-shampoo-anticaida-c-200-ml-isdin\/#breadcrumb\"},\"inLanguage\":\"es\",\"potentialAction\":[{\"@type\":\"ReadAction\",\"target\":[\"https:\/\/bspharma.net\/producto\/lambdapil-shampoo-anticaida-c-200-ml-isdin\/\"]}]},{\"@type\":\"ImageObject\",\"inLanguage\":\"es\",\"@id\":\"https:\/\/bspharma.net\/producto\/lambdapil-shampoo-anticaida-c-200-ml-isdin\/#primaryimage\",\"url\":\"https:\/\/bspharma.net\/wp-content\/uploads\/2024\/09\/LamdapilShampoo_1400x.jpg\",\"contentUrl\":\"https:\/\/bspharma.net\/wp-content\/uploads\/2024\/09\/LamdapilShampoo_1400x.jpg\",\"width\":1200,\"height\":1200},{\"@type\":\"BreadcrumbList\",\"@id\":\"https:\/\/bspharma.net\/producto\/lambdapil-shampoo-anticaida-c-200-ml-isdin\/#breadcrumb\",\"itemListElement\":[{\"@type\":\"ListItem\",\"position\":1,\"name\":\"Portada\",\"item\":\"https:\/\/bspharma.net\/\"},{\"@type\":\"ListItem\",\"position\":2,\"name\":\"Productos\",\"item\":\"https:\/\/bspharma.net\/productos\/\"},{\"@type\":\"ListItem\",\"position\":3,\"name\":\"Lambdapil Shampoo Antica\u00edda C\/200 Ml Isdin\"}]},{\"@type\":\"WebSite\",\"@id\":\"https:\/\/bspharma.net\/#website\",\"url\":\"https:\/\/bspharma.net\/\",\"name\":\"BSPharma\",\"description\":\"Distribuidor Farmac\u00e9utico en M\u00e9xico\",\"publisher\":{\"@id\":\"https:\/\/bspharma.net\/#organization\"},\"potentialAction\":[{\"@type\":\"SearchAction\",\"target\":{\"@type\":\"EntryPoint\",\"urlTemplate\":\"https:\/\/bspharma.net\/?s={search_term_string}\"},\"query-input\":{\"@type\":\"PropertyValueSpecification\",\"valueRequired\":true,\"valueName\":\"search_term_string\"}}],\"inLanguage\":\"es\"},{\"@type\":\"Organization\",\"@id\":\"https:\/\/bspharma.net\/#organization\",\"name\":\"BSPharma\",\"url\":\"https:\/\/bspharma.net\/\",\"logo\":{\"@type\":\"ImageObject\",\"inLanguage\":\"es\",\"@id\":\"https:\/\/bspharma.net\/#\/schema\/logo\/image\/\",\"url\":\"https:\/\/bspharma.net\/wp-content\/uploads\/2024\/09\/cropped-cropped-Diseno-sin-titulo-6.png\",\"contentUrl\":\"https:\/\/bspharma.net\/wp-content\/uploads\/2024\/09\/cropped-cropped-Diseno-sin-titulo-6.png\",\"width\":1080,\"height\":756,\"caption\":\"BSPharma\"},\"image\":{\"@id\":\"https:\/\/bspharma.net\/#\/schema\/logo\/image\/\"},\"sameAs\":[\"https:\/\/www.facebook.com\/bspharmasolutions\/\",\"https:\/\/www.linkedin.com\/company\/bs-pharma-solutions\/\",\"https:\/\/www.instagram.com\/bspharmasolutions\/\",\"https:\/\/www.youtube.com\/@bspharmasolutions\"]}]}<\/script>\n<!-- \/ Yoast SEO plugin. -->","yoast_head_json":{"title":"Lambdapil Shampoo Antica\u00edda C\/200 Ml Isdin - BS Pharma","robots":{"index":"index","follow":"follow","max-snippet":"max-snippet:-1","max-image-preview":"max-image-preview:large","max-video-preview":"max-video-preview:-1"},"canonical":"https:\/\/bspharma.net\/es_mx\/producto\/lambdapil-shampoo-anticaida-c-200-ml-isdin\/","og_locale":"es_MX","og_type":"article","og_title":"Lambdapil Shampoo Antica\u00edda C\/200 Ml Isdin - BS Pharma","og_description":"F\u00f3rmula: Shampoo Antica\u00edda \/ Laboratorio: Isdin \/ Presentaci\u00f3n: Bote c\/200 ml","og_url":"https:\/\/bspharma.net\/es_mx\/producto\/lambdapil-shampoo-anticaida-c-200-ml-isdin\/","og_site_name":"BS Pharma","article_publisher":"https:\/\/www.facebook.com\/bspharmasolutions\/","article_modified_time":"2024-09-06T00:32:50+00:00","og_image":[{"width":1200,"height":1200,"url":"https:\/\/bspharma.net\/wp-content\/uploads\/2024\/09\/LamdapilShampoo_1400x.jpg","type":"image\/jpeg"}],"twitter_card":"summary_large_image","twitter_misc":{"Tiempo de lectura":"1 minuto"},"schema":{"@context":"https:\/\/schema.org","@graph":[{"@type":"WebPage","@id":"https:\/\/bspharma.net\/producto\/lambdapil-shampoo-anticaida-c-200-ml-isdin\/","url":"https:\/\/bspharma.net\/producto\/lambdapil-shampoo-anticaida-c-200-ml-isdin\/","name":"Lambdapil Shampoo Antica\u00edda C\/200 Ml Isdin - BS Pharma","isPartOf":{"@id":"https:\/\/bspharma.net\/#website"},"primaryImageOfPage":{"@id":"https:\/\/bspharma.net\/producto\/lambdapil-shampoo-anticaida-c-200-ml-isdin\/#primaryimage"},"image":{"@id":"https:\/\/bspharma.net\/producto\/lambdapil-shampoo-anticaida-c-200-ml-isdin\/#primaryimage"},"thumbnailUrl":"https:\/\/bspharma.net\/wp-content\/uploads\/2024\/09\/LamdapilShampoo_1400x.jpg","datePublished":"2024-09-06T00:32:42+00:00","dateModified":"2024-09-06T00:32:50+00:00","breadcrumb":{"@id":"https:\/\/bspharma.net\/producto\/lambdapil-shampoo-anticaida-c-200-ml-isdin\/#breadcrumb"},"inLanguage":"es","potentialAction":[{"@type":"ReadAction","target":["https:\/\/bspharma.net\/producto\/lambdapil-shampoo-anticaida-c-200-ml-isdin\/"]}]},{"@type":"ImageObject","inLanguage":"es","@id":"https:\/\/bspharma.net\/producto\/lambdapil-shampoo-anticaida-c-200-ml-isdin\/#primaryimage","url":"https:\/\/bspharma.net\/wp-content\/uploads\/2024\/09\/LamdapilShampoo_1400x.jpg","contentUrl":"https:\/\/bspharma.net\/wp-content\/uploads\/2024\/09\/LamdapilShampoo_1400x.jpg","width":1200,"height":1200},{"@type":"BreadcrumbList","@id":"https:\/\/bspharma.net\/producto\/lambdapil-shampoo-anticaida-c-200-ml-isdin\/#breadcrumb","itemListElement":[{"@type":"ListItem","position":1,"name":"Portada","item":"https:\/\/bspharma.net\/"},{"@type":"ListItem","position":2,"name":"Productos","item":"https:\/\/bspharma.net\/productos\/"},{"@type":"ListItem","position":3,"name":"Lambdapil Shampoo Antica\u00edda C\/200 Ml Isdin"}]},{"@type":"WebSite","@id":"https:\/\/bspharma.net\/#website","url":"https:\/\/bspharma.net\/","name":"BSPharma","description":"Distribuidor Farmac\u00e9utico en M\u00e9xico","publisher":{"@id":"https:\/\/bspharma.net\/#organization"},"potentialAction":[{"@type":"SearchAction","target":{"@type":"EntryPoint","urlTemplate":"https:\/\/bspharma.net\/?s={search_term_string}"},"query-input":{"@type":"PropertyValueSpecification","valueRequired":true,"valueName":"search_term_string"}}],"inLanguage":"es"},{"@type":"Organization","@id":"https:\/\/bspharma.net\/#organization","name":"BSPharma","url":"https:\/\/bspharma.net\/","logo":{"@type":"ImageObject","inLanguage":"es","@id":"https:\/\/bspharma.net\/#\/schema\/logo\/image\/","url":"https:\/\/bspharma.net\/wp-content\/uploads\/2024\/09\/cropped-cropped-Diseno-sin-titulo-6.png","contentUrl":"https:\/\/bspharma.net\/wp-content\/uploads\/2024\/09\/cropped-cropped-Diseno-sin-titulo-6.png","width":1080,"height":756,"caption":"BSPharma"},"image":{"@id":"https:\/\/bspharma.net\/#\/schema\/logo\/image\/"},"sameAs":["https:\/\/www.facebook.com\/bspharmasolutions\/","https:\/\/www.linkedin.com\/company\/bs-pharma-solutions\/","https:\/\/www.instagram.com\/bspharmasolutions\/","https:\/\/www.youtube.com\/@bspharmasolutions"]}]}},"taxonomy_info":{"product_cat":[{"value":507,"label":"Cuidado personal"}],"product_tag":[{"value":2632,"label":"ISDIN"},{"value":2633,"label":"ISDIN LAMBDAPIL SHAMPOO ANT\u00cdCAIDA"}]},"featured_image_src_large":["https:\/\/bspharma.net\/wp-content\/uploads\/2024\/09\/LamdapilShampoo_1400x-1024x1024.jpg",1024,1024,true],"author_info":[],"comment_info":"","_links":{"self":[{"href":"https:\/\/bspharma.net\/es_mx\/wp-json\/wp\/v2\/product\/2762","targetHints":{"allow":["GET"]}}],"collection":[{"href":"https:\/\/bspharma.net\/es_mx\/wp-json\/wp\/v2\/product"}],"about":[{"href":"https:\/\/bspharma.net\/es_mx\/wp-json\/wp\/v2\/types\/product"}],"wp:featuredmedia":[{"embeddable":true,"href":"https:\/\/bspharma.net\/es_mx\/wp-json\/wp\/v2\/media\/2798"}],"wp:attachment":[{"href":"https:\/\/bspharma.net\/es_mx\/wp-json\/wp\/v2\/media?parent=2762"}],"wp:term":[{"taxonomy":"product_brand","embeddable":true,"href":"https:\/\/bspharma.net\/es_mx\/wp-json\/wp\/v2\/product_brand?post=2762"},{"taxonomy":"product_cat","embeddable":true,"href":"https:\/\/bspharma.net\/es_mx\/wp-json\/wp\/v2\/product_cat?post=2762"},{"taxonomy":"product_tag","embeddable":true,"href":"https:\/\/bspharma.net\/es_mx\/wp-json\/wp\/v2\/product_tag?post=2762"}],"curies":[{"name":"wp","href":"https:\/\/api.w.org\/{rel}","templated":true}]}}