{"id":2766,"date":"2024-09-05T18:32:42","date_gmt":"2024-09-06T00:32:42","guid":{"rendered":"https:\/\/bspharma.net\/?post_type=product&#038;p=2766"},"modified":"2024-09-05T18:32:52","modified_gmt":"2024-09-06T00:32:52","slug":"adaferin-gel-0-3-c-45-g-galderma","status":"publish","type":"product","link":"https:\/\/bspharma.net\/es_mx\/producto\/adaferin-gel-0-3-c-45-g-galderma\/","title":{"rendered":"Adaferin Gel 0.3% C\/45 G Galderma"},"content":{"rendered":"<div class=\"haircare-category\">\n<div id=\"module-subheading\" class=\"hero-heading category-color\">\n<h2 class=\"modify-ui-title-id__title\">ADAFERIN 0.3% GEL<\/h2>\n<\/div>\n<p>Adapaleno gel para el tratamiento del acn\u00e9<\/p>\n<h3>PROPIEDADES<\/h3>\n<p>Est\u00e1 indicado en el tratamiento t\u00f3pico del acn\u00e9 vulgar con predominio de comedones, p\u00e1pulas y p\u00fastulas. Se recomienda especialmente para el acn\u00e9 facial y cuando se vean afectados el pecho y la espalda.<\/p>\n<h3>TEXTURA Y APLICACION<\/h3>\n<p>Aplicar una capa fina sobre el area afectada por el acn\u00e9 antes de dormir y despu\u00e9s del lavado<\/p>\n<\/div>","protected":false},"excerpt":{"rendered":"<p><strong>F\u00f3rmula:<\/strong> Adapaleno 0.3% \/ <strong>Laboratorio:<\/strong> Galderma \/ <strong>Presentaci\u00f3n:<\/strong> Tubo c\/30 gr<\/p>","protected":false},"featured_media":2806,"template":"","meta":{"_kad_blocks_custom_css":"","_kad_blocks_head_custom_js":"","_kad_blocks_body_custom_js":"","_kad_blocks_footer_custom_js":"","_kadence_starter_templates_imported_post":false,"_kad_post_transparent":"","_kad_post_title":"","_kad_post_layout":"","_kad_post_sidebar_id":"","_kad_post_content_style":"","_kad_post_vertical_padding":"","_kad_post_feature":"","_kad_post_feature_position":"","_kad_post_header":false,"_kad_post_footer":false,"_kad_post_classname":""},"product_brand":[],"product_cat":[91,92],"product_tag":[2639,2640,2622],"class_list":{"0":"post-2766","1":"product","2":"type-product","3":"status-publish","4":"has-post-thumbnail","6":"product_cat-dermatologicos","7":"product_cat-topicos","8":"product_tag-adaferin-0-3-gel","9":"product_tag-adapaleno-0-3","10":"product_tag-galderma","12":"first","13":"instock","14":"shipping-taxable","15":"purchasable","16":"product-type-simple","17":"entry","18":"content-bg","19":"loop-entry"},"yoast_head":"<!-- This site is optimized with the Yoast SEO plugin v27.2 - https:\/\/yoast.com\/product\/yoast-seo-wordpress\/ -->\n<title>Adaferin Gel 0.3% C\/45 G Galderma - BS Pharma<\/title>\n<meta name=\"robots\" content=\"index, follow, max-snippet:-1, max-image-preview:large, max-video-preview:-1\" \/>\n<link rel=\"canonical\" href=\"https:\/\/bspharma.net\/es_mx\/producto\/adaferin-gel-0-3-c-45-g-galderma\/\" \/>\n<meta property=\"og:locale\" content=\"es_MX\" \/>\n<meta property=\"og:type\" content=\"article\" \/>\n<meta property=\"og:title\" content=\"Adaferin Gel 0.3% C\/45 G Galderma - BS Pharma\" \/>\n<meta property=\"og:description\" content=\"F\u00f3rmula: Adapaleno 0.3% \/ Laboratorio: Galderma \/ Presentaci\u00f3n: Tubo c\/30 gr\" \/>\n<meta property=\"og:url\" content=\"https:\/\/bspharma.net\/es_mx\/producto\/adaferin-gel-0-3-c-45-g-galderma\/\" \/>\n<meta property=\"og:site_name\" content=\"BS Pharma\" \/>\n<meta property=\"article:publisher\" content=\"https:\/\/www.facebook.com\/bspharmasolutions\/\" \/>\n<meta property=\"article:modified_time\" content=\"2024-09-06T00:32:52+00:00\" \/>\n<meta property=\"og:image\" content=\"https:\/\/bspharma.net\/wp-content\/uploads\/2024\/09\/PS_Adaferin_03_45g_2000x.jpg\" \/>\n\t<meta property=\"og:image:width\" content=\"800\" \/>\n\t<meta property=\"og:image:height\" content=\"800\" \/>\n\t<meta property=\"og:image:type\" content=\"image\/jpeg\" \/>\n<meta name=\"twitter:card\" content=\"summary_large_image\" \/>\n<meta name=\"twitter:label1\" content=\"Tiempo de lectura\" \/>\n\t<meta name=\"twitter:data1\" content=\"1 minuto\" \/>\n<script type=\"application\/ld+json\" class=\"yoast-schema-graph\">{\"@context\":\"https:\/\/schema.org\",\"@graph\":[{\"@type\":\"WebPage\",\"@id\":\"https:\/\/bspharma.net\/producto\/adaferin-gel-0-3-c-45-g-galderma\/\",\"url\":\"https:\/\/bspharma.net\/producto\/adaferin-gel-0-3-c-45-g-galderma\/\",\"name\":\"Adaferin Gel 0.3% C\/45 G Galderma - BS Pharma\",\"isPartOf\":{\"@id\":\"https:\/\/bspharma.net\/#website\"},\"primaryImageOfPage\":{\"@id\":\"https:\/\/bspharma.net\/producto\/adaferin-gel-0-3-c-45-g-galderma\/#primaryimage\"},\"image\":{\"@id\":\"https:\/\/bspharma.net\/producto\/adaferin-gel-0-3-c-45-g-galderma\/#primaryimage\"},\"thumbnailUrl\":\"https:\/\/bspharma.net\/wp-content\/uploads\/2024\/09\/PS_Adaferin_03_45g_2000x.jpg\",\"datePublished\":\"2024-09-06T00:32:42+00:00\",\"dateModified\":\"2024-09-06T00:32:52+00:00\",\"breadcrumb\":{\"@id\":\"https:\/\/bspharma.net\/producto\/adaferin-gel-0-3-c-45-g-galderma\/#breadcrumb\"},\"inLanguage\":\"es\",\"potentialAction\":[{\"@type\":\"ReadAction\",\"target\":[\"https:\/\/bspharma.net\/producto\/adaferin-gel-0-3-c-45-g-galderma\/\"]}]},{\"@type\":\"ImageObject\",\"inLanguage\":\"es\",\"@id\":\"https:\/\/bspharma.net\/producto\/adaferin-gel-0-3-c-45-g-galderma\/#primaryimage\",\"url\":\"https:\/\/bspharma.net\/wp-content\/uploads\/2024\/09\/PS_Adaferin_03_45g_2000x.jpg\",\"contentUrl\":\"https:\/\/bspharma.net\/wp-content\/uploads\/2024\/09\/PS_Adaferin_03_45g_2000x.jpg\",\"width\":800,\"height\":800},{\"@type\":\"BreadcrumbList\",\"@id\":\"https:\/\/bspharma.net\/producto\/adaferin-gel-0-3-c-45-g-galderma\/#breadcrumb\",\"itemListElement\":[{\"@type\":\"ListItem\",\"position\":1,\"name\":\"Portada\",\"item\":\"https:\/\/bspharma.net\/\"},{\"@type\":\"ListItem\",\"position\":2,\"name\":\"Productos\",\"item\":\"https:\/\/bspharma.net\/productos\/\"},{\"@type\":\"ListItem\",\"position\":3,\"name\":\"Adaferin Gel 0.3% C\/45 G Galderma\"}]},{\"@type\":\"WebSite\",\"@id\":\"https:\/\/bspharma.net\/#website\",\"url\":\"https:\/\/bspharma.net\/\",\"name\":\"BSPharma\",\"description\":\"Distribuidor Farmac\u00e9utico en M\u00e9xico\",\"publisher\":{\"@id\":\"https:\/\/bspharma.net\/#organization\"},\"potentialAction\":[{\"@type\":\"SearchAction\",\"target\":{\"@type\":\"EntryPoint\",\"urlTemplate\":\"https:\/\/bspharma.net\/?s={search_term_string}\"},\"query-input\":{\"@type\":\"PropertyValueSpecification\",\"valueRequired\":true,\"valueName\":\"search_term_string\"}}],\"inLanguage\":\"es\"},{\"@type\":\"Organization\",\"@id\":\"https:\/\/bspharma.net\/#organization\",\"name\":\"BSPharma\",\"url\":\"https:\/\/bspharma.net\/\",\"logo\":{\"@type\":\"ImageObject\",\"inLanguage\":\"es\",\"@id\":\"https:\/\/bspharma.net\/#\/schema\/logo\/image\/\",\"url\":\"https:\/\/bspharma.net\/wp-content\/uploads\/2024\/09\/cropped-cropped-Diseno-sin-titulo-6.png\",\"contentUrl\":\"https:\/\/bspharma.net\/wp-content\/uploads\/2024\/09\/cropped-cropped-Diseno-sin-titulo-6.png\",\"width\":1080,\"height\":756,\"caption\":\"BSPharma\"},\"image\":{\"@id\":\"https:\/\/bspharma.net\/#\/schema\/logo\/image\/\"},\"sameAs\":[\"https:\/\/www.facebook.com\/bspharmasolutions\/\",\"https:\/\/www.linkedin.com\/company\/bs-pharma-solutions\/\",\"https:\/\/www.instagram.com\/bspharmasolutions\/\",\"https:\/\/www.youtube.com\/@bspharmasolutions\"]}]}<\/script>\n<!-- \/ Yoast SEO plugin. -->","yoast_head_json":{"title":"Adaferin Gel 0.3% C\/45 G Galderma - BS Pharma","robots":{"index":"index","follow":"follow","max-snippet":"max-snippet:-1","max-image-preview":"max-image-preview:large","max-video-preview":"max-video-preview:-1"},"canonical":"https:\/\/bspharma.net\/es_mx\/producto\/adaferin-gel-0-3-c-45-g-galderma\/","og_locale":"es_MX","og_type":"article","og_title":"Adaferin Gel 0.3% C\/45 G Galderma - BS Pharma","og_description":"F\u00f3rmula: Adapaleno 0.3% \/ Laboratorio: Galderma \/ Presentaci\u00f3n: Tubo c\/30 gr","og_url":"https:\/\/bspharma.net\/es_mx\/producto\/adaferin-gel-0-3-c-45-g-galderma\/","og_site_name":"BS Pharma","article_publisher":"https:\/\/www.facebook.com\/bspharmasolutions\/","article_modified_time":"2024-09-06T00:32:52+00:00","og_image":[{"width":800,"height":800,"url":"https:\/\/bspharma.net\/wp-content\/uploads\/2024\/09\/PS_Adaferin_03_45g_2000x.jpg","type":"image\/jpeg"}],"twitter_card":"summary_large_image","twitter_misc":{"Tiempo de lectura":"1 minuto"},"schema":{"@context":"https:\/\/schema.org","@graph":[{"@type":"WebPage","@id":"https:\/\/bspharma.net\/producto\/adaferin-gel-0-3-c-45-g-galderma\/","url":"https:\/\/bspharma.net\/producto\/adaferin-gel-0-3-c-45-g-galderma\/","name":"Adaferin Gel 0.3% C\/45 G Galderma - BS Pharma","isPartOf":{"@id":"https:\/\/bspharma.net\/#website"},"primaryImageOfPage":{"@id":"https:\/\/bspharma.net\/producto\/adaferin-gel-0-3-c-45-g-galderma\/#primaryimage"},"image":{"@id":"https:\/\/bspharma.net\/producto\/adaferin-gel-0-3-c-45-g-galderma\/#primaryimage"},"thumbnailUrl":"https:\/\/bspharma.net\/wp-content\/uploads\/2024\/09\/PS_Adaferin_03_45g_2000x.jpg","datePublished":"2024-09-06T00:32:42+00:00","dateModified":"2024-09-06T00:32:52+00:00","breadcrumb":{"@id":"https:\/\/bspharma.net\/producto\/adaferin-gel-0-3-c-45-g-galderma\/#breadcrumb"},"inLanguage":"es","potentialAction":[{"@type":"ReadAction","target":["https:\/\/bspharma.net\/producto\/adaferin-gel-0-3-c-45-g-galderma\/"]}]},{"@type":"ImageObject","inLanguage":"es","@id":"https:\/\/bspharma.net\/producto\/adaferin-gel-0-3-c-45-g-galderma\/#primaryimage","url":"https:\/\/bspharma.net\/wp-content\/uploads\/2024\/09\/PS_Adaferin_03_45g_2000x.jpg","contentUrl":"https:\/\/bspharma.net\/wp-content\/uploads\/2024\/09\/PS_Adaferin_03_45g_2000x.jpg","width":800,"height":800},{"@type":"BreadcrumbList","@id":"https:\/\/bspharma.net\/producto\/adaferin-gel-0-3-c-45-g-galderma\/#breadcrumb","itemListElement":[{"@type":"ListItem","position":1,"name":"Portada","item":"https:\/\/bspharma.net\/"},{"@type":"ListItem","position":2,"name":"Productos","item":"https:\/\/bspharma.net\/productos\/"},{"@type":"ListItem","position":3,"name":"Adaferin Gel 0.3% C\/45 G Galderma"}]},{"@type":"WebSite","@id":"https:\/\/bspharma.net\/#website","url":"https:\/\/bspharma.net\/","name":"BSPharma","description":"Distribuidor Farmac\u00e9utico en M\u00e9xico","publisher":{"@id":"https:\/\/bspharma.net\/#organization"},"potentialAction":[{"@type":"SearchAction","target":{"@type":"EntryPoint","urlTemplate":"https:\/\/bspharma.net\/?s={search_term_string}"},"query-input":{"@type":"PropertyValueSpecification","valueRequired":true,"valueName":"search_term_string"}}],"inLanguage":"es"},{"@type":"Organization","@id":"https:\/\/bspharma.net\/#organization","name":"BSPharma","url":"https:\/\/bspharma.net\/","logo":{"@type":"ImageObject","inLanguage":"es","@id":"https:\/\/bspharma.net\/#\/schema\/logo\/image\/","url":"https:\/\/bspharma.net\/wp-content\/uploads\/2024\/09\/cropped-cropped-Diseno-sin-titulo-6.png","contentUrl":"https:\/\/bspharma.net\/wp-content\/uploads\/2024\/09\/cropped-cropped-Diseno-sin-titulo-6.png","width":1080,"height":756,"caption":"BSPharma"},"image":{"@id":"https:\/\/bspharma.net\/#\/schema\/logo\/image\/"},"sameAs":["https:\/\/www.facebook.com\/bspharmasolutions\/","https:\/\/www.linkedin.com\/company\/bs-pharma-solutions\/","https:\/\/www.instagram.com\/bspharmasolutions\/","https:\/\/www.youtube.com\/@bspharmasolutions"]}]}},"taxonomy_info":{"product_cat":[{"value":91,"label":"Dermatol\u00f3gicos"},{"value":92,"label":"T\u00f3picos"}],"product_tag":[{"value":2639,"label":"ADAFERIN 0.3% GEL"},{"value":2640,"label":"ADAPALENO 0.3%"},{"value":2622,"label":"GALDERMA"}]},"featured_image_src_large":["https:\/\/bspharma.net\/wp-content\/uploads\/2024\/09\/PS_Adaferin_03_45g_2000x.jpg",800,800,false],"author_info":[],"comment_info":"","_links":{"self":[{"href":"https:\/\/bspharma.net\/es_mx\/wp-json\/wp\/v2\/product\/2766","targetHints":{"allow":["GET"]}}],"collection":[{"href":"https:\/\/bspharma.net\/es_mx\/wp-json\/wp\/v2\/product"}],"about":[{"href":"https:\/\/bspharma.net\/es_mx\/wp-json\/wp\/v2\/types\/product"}],"wp:featuredmedia":[{"embeddable":true,"href":"https:\/\/bspharma.net\/es_mx\/wp-json\/wp\/v2\/media\/2806"}],"wp:attachment":[{"href":"https:\/\/bspharma.net\/es_mx\/wp-json\/wp\/v2\/media?parent=2766"}],"wp:term":[{"taxonomy":"product_brand","embeddable":true,"href":"https:\/\/bspharma.net\/es_mx\/wp-json\/wp\/v2\/product_brand?post=2766"},{"taxonomy":"product_cat","embeddable":true,"href":"https:\/\/bspharma.net\/es_mx\/wp-json\/wp\/v2\/product_cat?post=2766"},{"taxonomy":"product_tag","embeddable":true,"href":"https:\/\/bspharma.net\/es_mx\/wp-json\/wp\/v2\/product_tag?post=2766"}],"curies":[{"name":"wp","href":"https:\/\/api.w.org\/{rel}","templated":true}]}}