{"id":2767,"date":"2024-09-05T18:32:42","date_gmt":"2024-09-06T00:32:42","guid":{"rendered":"https:\/\/bspharma.net\/?post_type=product&#038;p=2767"},"modified":"2025-01-15T11:26:53","modified_gmt":"2025-01-15T17:26:53","slug":"crema-neutrogena-oil-free-con-extracto-de-toronja-c-118-ml-neutrogena","status":"publish","type":"product","link":"https:\/\/bspharma.net\/es_mx\/producto\/crema-neutrogena-oil-free-con-extracto-de-toronja-c-118-ml-neutrogena\/","title":{"rendered":"Crema Neutrogena Oil Free Con Extracto De Toronja C\/118 Ml Neutrogena"},"content":{"rendered":"<div class=\"haircare-category\">\n<div id=\"module-subheading\" class=\"hero-heading category-color\">\n<p><span style=\"font-size: 24pt\"><strong>CREMA NEUTROGENA OIL FREE C\/TORONJA<\/strong> <\/span><\/p>\n<p>Un humectante liviano y sin aceite para uso diario combate los brotes mientras se hidrata, para una piel clara y suave. Comb\u00ednalo con tu limpiador de acn\u00e9 favorito o exfoliante facial para una rutina completa de cuidado de la piel con acn\u00e9.<\/p>\n<p>Con una ligera fragancia a Toronja, la nueva F\u00f3rmula de Oil-Free Crema Humectante, Humecta y Combate barros y espinillas sin tapar los poros. F\u00f3rmula no grasosa.<\/p>\n<p><strong>APLICACI\u00d3N:<\/strong><\/p>\n<p>Limpiar la piel completamente antes de aplicar el producto. Cubrir el \u00e1rea afectada con barros y espinillas con una delgada capa del producto de 1 a 2 veces al d\u00eda o como se haya indicado por el dermat\u00f3logo. En caso de resequedad o descamaci\u00f3n, reducir las veces de aplicaci\u00f3n del producto.<\/p>\n<\/div>\n<\/div>\n<div class=\"multiple-columns col-3\">\n<div class=\"column border-right\">\n<p class=\"category-color\">\n<\/div>\n<\/div>","protected":false},"excerpt":{"rendered":"<p><strong>F\u00f3rmula:<\/strong> Crema Hidratante \/ <strong>Laboratorio:<\/strong> Neutrgoena\/ <strong>Presentaci\u00f3n:<\/strong> Frasco c\/118 ml<\/p>","protected":false},"featured_media":2808,"template":"","meta":{"_kad_blocks_custom_css":"","_kad_blocks_head_custom_js":"","_kad_blocks_body_custom_js":"","_kad_blocks_footer_custom_js":"","_kadence_starter_templates_imported_post":false,"_kad_post_transparent":"","_kad_post_title":"","_kad_post_layout":"","_kad_post_sidebar_id":"","_kad_post_content_style":"","_kad_post_vertical_padding":"","_kad_post_feature":"","_kad_post_feature_position":"","_kad_post_header":false,"_kad_post_footer":false,"_kad_post_classname":""},"product_brand":[],"product_cat":[507,91],"product_tag":[2641,2642,2617],"class_list":{"0":"post-2767","1":"product","2":"type-product","3":"status-publish","4":"has-post-thumbnail","6":"product_cat-cuidado-personal","7":"product_cat-dermatologicos","8":"product_tag-crema-neutrogena-oil-free-c-toronja","9":"product_tag-humectante","10":"product_tag-neutrogena","12":"first","13":"outofstock","14":"shipping-taxable","15":"purchasable","16":"product-type-simple","17":"entry","18":"content-bg","19":"loop-entry"},"yoast_head":"<!-- This site is optimized with the Yoast SEO plugin v27.2 - https:\/\/yoast.com\/product\/yoast-seo-wordpress\/ -->\n<title>Crema Neutrogena Oil Free Con Extracto De Toronja C\/118 Ml Neutrogena - BS Pharma<\/title>\n<meta name=\"robots\" content=\"index, follow, max-snippet:-1, max-image-preview:large, max-video-preview:-1\" \/>\n<link rel=\"canonical\" href=\"https:\/\/bspharma.net\/es_mx\/producto\/crema-neutrogena-oil-free-con-extracto-de-toronja-c-118-ml-neutrogena\/\" \/>\n<meta property=\"og:locale\" content=\"es_MX\" \/>\n<meta property=\"og:type\" content=\"article\" \/>\n<meta property=\"og:title\" content=\"Crema Neutrogena Oil Free Con Extracto De Toronja C\/118 Ml Neutrogena - BS Pharma\" \/>\n<meta property=\"og:description\" content=\"F\u00f3rmula: Crema Hidratante \/ Laboratorio: Neutrgoena\/ Presentaci\u00f3n: Frasco c\/118 ml\" \/>\n<meta property=\"og:url\" content=\"https:\/\/bspharma.net\/es_mx\/producto\/crema-neutrogena-oil-free-con-extracto-de-toronja-c-118-ml-neutrogena\/\" \/>\n<meta property=\"og:site_name\" content=\"BS Pharma\" \/>\n<meta property=\"article:publisher\" content=\"https:\/\/www.facebook.com\/bspharmasolutions\/\" \/>\n<meta property=\"article:modified_time\" content=\"2025-01-15T17:26:53+00:00\" \/>\n<meta property=\"og:image\" content=\"https:\/\/bspharma.net\/wp-content\/uploads\/2024\/09\/70501062241_12.jpg\" \/>\n\t<meta property=\"og:image:width\" content=\"800\" \/>\n\t<meta property=\"og:image:height\" content=\"800\" \/>\n\t<meta property=\"og:image:type\" content=\"image\/jpeg\" \/>\n<meta name=\"twitter:card\" content=\"summary_large_image\" \/>\n<meta name=\"twitter:label1\" content=\"Tiempo de lectura\" \/>\n\t<meta name=\"twitter:data1\" content=\"1 minuto\" \/>\n<script type=\"application\/ld+json\" class=\"yoast-schema-graph\">{\"@context\":\"https:\/\/schema.org\",\"@graph\":[{\"@type\":\"WebPage\",\"@id\":\"https:\/\/bspharma.net\/producto\/crema-neutrogena-oil-free-con-extracto-de-toronja-c-118-ml-neutrogena\/\",\"url\":\"https:\/\/bspharma.net\/producto\/crema-neutrogena-oil-free-con-extracto-de-toronja-c-118-ml-neutrogena\/\",\"name\":\"Crema Neutrogena Oil Free Con Extracto De Toronja C\/118 Ml Neutrogena - BS Pharma\",\"isPartOf\":{\"@id\":\"https:\/\/bspharma.net\/#website\"},\"primaryImageOfPage\":{\"@id\":\"https:\/\/bspharma.net\/producto\/crema-neutrogena-oil-free-con-extracto-de-toronja-c-118-ml-neutrogena\/#primaryimage\"},\"image\":{\"@id\":\"https:\/\/bspharma.net\/producto\/crema-neutrogena-oil-free-con-extracto-de-toronja-c-118-ml-neutrogena\/#primaryimage\"},\"thumbnailUrl\":\"https:\/\/bspharma.net\/wp-content\/uploads\/2024\/09\/70501062241_12.jpg\",\"datePublished\":\"2024-09-06T00:32:42+00:00\",\"dateModified\":\"2025-01-15T17:26:53+00:00\",\"breadcrumb\":{\"@id\":\"https:\/\/bspharma.net\/producto\/crema-neutrogena-oil-free-con-extracto-de-toronja-c-118-ml-neutrogena\/#breadcrumb\"},\"inLanguage\":\"es\",\"potentialAction\":[{\"@type\":\"ReadAction\",\"target\":[\"https:\/\/bspharma.net\/producto\/crema-neutrogena-oil-free-con-extracto-de-toronja-c-118-ml-neutrogena\/\"]}]},{\"@type\":\"ImageObject\",\"inLanguage\":\"es\",\"@id\":\"https:\/\/bspharma.net\/producto\/crema-neutrogena-oil-free-con-extracto-de-toronja-c-118-ml-neutrogena\/#primaryimage\",\"url\":\"https:\/\/bspharma.net\/wp-content\/uploads\/2024\/09\/70501062241_12.jpg\",\"contentUrl\":\"https:\/\/bspharma.net\/wp-content\/uploads\/2024\/09\/70501062241_12.jpg\",\"width\":800,\"height\":800},{\"@type\":\"BreadcrumbList\",\"@id\":\"https:\/\/bspharma.net\/producto\/crema-neutrogena-oil-free-con-extracto-de-toronja-c-118-ml-neutrogena\/#breadcrumb\",\"itemListElement\":[{\"@type\":\"ListItem\",\"position\":1,\"name\":\"Portada\",\"item\":\"https:\/\/bspharma.net\/\"},{\"@type\":\"ListItem\",\"position\":2,\"name\":\"Productos\",\"item\":\"https:\/\/bspharma.net\/productos\/\"},{\"@type\":\"ListItem\",\"position\":3,\"name\":\"Crema Neutrogena Oil Free Con Extracto De Toronja C\/118 Ml Neutrogena\"}]},{\"@type\":\"WebSite\",\"@id\":\"https:\/\/bspharma.net\/#website\",\"url\":\"https:\/\/bspharma.net\/\",\"name\":\"BSPharma\",\"description\":\"Distribuidor Farmac\u00e9utico en M\u00e9xico\",\"publisher\":{\"@id\":\"https:\/\/bspharma.net\/#organization\"},\"potentialAction\":[{\"@type\":\"SearchAction\",\"target\":{\"@type\":\"EntryPoint\",\"urlTemplate\":\"https:\/\/bspharma.net\/?s={search_term_string}\"},\"query-input\":{\"@type\":\"PropertyValueSpecification\",\"valueRequired\":true,\"valueName\":\"search_term_string\"}}],\"inLanguage\":\"es\"},{\"@type\":\"Organization\",\"@id\":\"https:\/\/bspharma.net\/#organization\",\"name\":\"BSPharma\",\"url\":\"https:\/\/bspharma.net\/\",\"logo\":{\"@type\":\"ImageObject\",\"inLanguage\":\"es\",\"@id\":\"https:\/\/bspharma.net\/#\/schema\/logo\/image\/\",\"url\":\"https:\/\/bspharma.net\/wp-content\/uploads\/2024\/09\/cropped-cropped-Diseno-sin-titulo-6.png\",\"contentUrl\":\"https:\/\/bspharma.net\/wp-content\/uploads\/2024\/09\/cropped-cropped-Diseno-sin-titulo-6.png\",\"width\":1080,\"height\":756,\"caption\":\"BSPharma\"},\"image\":{\"@id\":\"https:\/\/bspharma.net\/#\/schema\/logo\/image\/\"},\"sameAs\":[\"https:\/\/www.facebook.com\/bspharmasolutions\/\",\"https:\/\/www.linkedin.com\/company\/bs-pharma-solutions\/\",\"https:\/\/www.instagram.com\/bspharmasolutions\/\",\"https:\/\/www.youtube.com\/@bspharmasolutions\"]}]}<\/script>\n<!-- \/ Yoast SEO plugin. -->","yoast_head_json":{"title":"Crema Neutrogena Oil Free Con Extracto De Toronja C\/118 Ml Neutrogena - BS Pharma","robots":{"index":"index","follow":"follow","max-snippet":"max-snippet:-1","max-image-preview":"max-image-preview:large","max-video-preview":"max-video-preview:-1"},"canonical":"https:\/\/bspharma.net\/es_mx\/producto\/crema-neutrogena-oil-free-con-extracto-de-toronja-c-118-ml-neutrogena\/","og_locale":"es_MX","og_type":"article","og_title":"Crema Neutrogena Oil Free Con Extracto De Toronja C\/118 Ml Neutrogena - BS Pharma","og_description":"F\u00f3rmula: Crema Hidratante \/ Laboratorio: Neutrgoena\/ Presentaci\u00f3n: Frasco c\/118 ml","og_url":"https:\/\/bspharma.net\/es_mx\/producto\/crema-neutrogena-oil-free-con-extracto-de-toronja-c-118-ml-neutrogena\/","og_site_name":"BS Pharma","article_publisher":"https:\/\/www.facebook.com\/bspharmasolutions\/","article_modified_time":"2025-01-15T17:26:53+00:00","og_image":[{"width":800,"height":800,"url":"https:\/\/bspharma.net\/wp-content\/uploads\/2024\/09\/70501062241_12.jpg","type":"image\/jpeg"}],"twitter_card":"summary_large_image","twitter_misc":{"Tiempo de lectura":"1 minuto"},"schema":{"@context":"https:\/\/schema.org","@graph":[{"@type":"WebPage","@id":"https:\/\/bspharma.net\/producto\/crema-neutrogena-oil-free-con-extracto-de-toronja-c-118-ml-neutrogena\/","url":"https:\/\/bspharma.net\/producto\/crema-neutrogena-oil-free-con-extracto-de-toronja-c-118-ml-neutrogena\/","name":"Crema Neutrogena Oil Free Con Extracto De Toronja C\/118 Ml Neutrogena - BS Pharma","isPartOf":{"@id":"https:\/\/bspharma.net\/#website"},"primaryImageOfPage":{"@id":"https:\/\/bspharma.net\/producto\/crema-neutrogena-oil-free-con-extracto-de-toronja-c-118-ml-neutrogena\/#primaryimage"},"image":{"@id":"https:\/\/bspharma.net\/producto\/crema-neutrogena-oil-free-con-extracto-de-toronja-c-118-ml-neutrogena\/#primaryimage"},"thumbnailUrl":"https:\/\/bspharma.net\/wp-content\/uploads\/2024\/09\/70501062241_12.jpg","datePublished":"2024-09-06T00:32:42+00:00","dateModified":"2025-01-15T17:26:53+00:00","breadcrumb":{"@id":"https:\/\/bspharma.net\/producto\/crema-neutrogena-oil-free-con-extracto-de-toronja-c-118-ml-neutrogena\/#breadcrumb"},"inLanguage":"es","potentialAction":[{"@type":"ReadAction","target":["https:\/\/bspharma.net\/producto\/crema-neutrogena-oil-free-con-extracto-de-toronja-c-118-ml-neutrogena\/"]}]},{"@type":"ImageObject","inLanguage":"es","@id":"https:\/\/bspharma.net\/producto\/crema-neutrogena-oil-free-con-extracto-de-toronja-c-118-ml-neutrogena\/#primaryimage","url":"https:\/\/bspharma.net\/wp-content\/uploads\/2024\/09\/70501062241_12.jpg","contentUrl":"https:\/\/bspharma.net\/wp-content\/uploads\/2024\/09\/70501062241_12.jpg","width":800,"height":800},{"@type":"BreadcrumbList","@id":"https:\/\/bspharma.net\/producto\/crema-neutrogena-oil-free-con-extracto-de-toronja-c-118-ml-neutrogena\/#breadcrumb","itemListElement":[{"@type":"ListItem","position":1,"name":"Portada","item":"https:\/\/bspharma.net\/"},{"@type":"ListItem","position":2,"name":"Productos","item":"https:\/\/bspharma.net\/productos\/"},{"@type":"ListItem","position":3,"name":"Crema Neutrogena Oil Free Con Extracto De Toronja C\/118 Ml Neutrogena"}]},{"@type":"WebSite","@id":"https:\/\/bspharma.net\/#website","url":"https:\/\/bspharma.net\/","name":"BSPharma","description":"Distribuidor Farmac\u00e9utico en M\u00e9xico","publisher":{"@id":"https:\/\/bspharma.net\/#organization"},"potentialAction":[{"@type":"SearchAction","target":{"@type":"EntryPoint","urlTemplate":"https:\/\/bspharma.net\/?s={search_term_string}"},"query-input":{"@type":"PropertyValueSpecification","valueRequired":true,"valueName":"search_term_string"}}],"inLanguage":"es"},{"@type":"Organization","@id":"https:\/\/bspharma.net\/#organization","name":"BSPharma","url":"https:\/\/bspharma.net\/","logo":{"@type":"ImageObject","inLanguage":"es","@id":"https:\/\/bspharma.net\/#\/schema\/logo\/image\/","url":"https:\/\/bspharma.net\/wp-content\/uploads\/2024\/09\/cropped-cropped-Diseno-sin-titulo-6.png","contentUrl":"https:\/\/bspharma.net\/wp-content\/uploads\/2024\/09\/cropped-cropped-Diseno-sin-titulo-6.png","width":1080,"height":756,"caption":"BSPharma"},"image":{"@id":"https:\/\/bspharma.net\/#\/schema\/logo\/image\/"},"sameAs":["https:\/\/www.facebook.com\/bspharmasolutions\/","https:\/\/www.linkedin.com\/company\/bs-pharma-solutions\/","https:\/\/www.instagram.com\/bspharmasolutions\/","https:\/\/www.youtube.com\/@bspharmasolutions"]}]}},"taxonomy_info":{"product_cat":[{"value":507,"label":"Cuidado personal"},{"value":91,"label":"Dermatol\u00f3gicos"}],"product_tag":[{"value":2641,"label":"CREMA NEUTROGENA OIL FREE C\/TORONJA"},{"value":2642,"label":"HUMECTANTE"},{"value":2617,"label":"NEUTROGENA"}]},"featured_image_src_large":["https:\/\/bspharma.net\/wp-content\/uploads\/2024\/09\/70501062241_12.jpg",800,800,false],"author_info":[],"comment_info":"","_links":{"self":[{"href":"https:\/\/bspharma.net\/es_mx\/wp-json\/wp\/v2\/product\/2767","targetHints":{"allow":["GET"]}}],"collection":[{"href":"https:\/\/bspharma.net\/es_mx\/wp-json\/wp\/v2\/product"}],"about":[{"href":"https:\/\/bspharma.net\/es_mx\/wp-json\/wp\/v2\/types\/product"}],"wp:featuredmedia":[{"embeddable":true,"href":"https:\/\/bspharma.net\/es_mx\/wp-json\/wp\/v2\/media\/2808"}],"wp:attachment":[{"href":"https:\/\/bspharma.net\/es_mx\/wp-json\/wp\/v2\/media?parent=2767"}],"wp:term":[{"taxonomy":"product_brand","embeddable":true,"href":"https:\/\/bspharma.net\/es_mx\/wp-json\/wp\/v2\/product_brand?post=2767"},{"taxonomy":"product_cat","embeddable":true,"href":"https:\/\/bspharma.net\/es_mx\/wp-json\/wp\/v2\/product_cat?post=2767"},{"taxonomy":"product_tag","embeddable":true,"href":"https:\/\/bspharma.net\/es_mx\/wp-json\/wp\/v2\/product_tag?post=2767"}],"curies":[{"name":"wp","href":"https:\/\/api.w.org\/{rel}","templated":true}]}}