{"id":2770,"date":"2024-09-05T18:32:42","date_gmt":"2024-09-06T00:32:42","guid":{"rendered":"https:\/\/bspharma.net\/?post_type=product&#038;p=2770"},"modified":"2024-09-05T18:33:00","modified_gmt":"2024-09-06T00:33:00","slug":"anacastel-minoxidil-5-c-60-ml","status":"publish","type":"product","link":"https:\/\/bspharma.net\/es_mx\/producto\/anacastel-minoxidil-5-c-60-ml\/","title":{"rendered":"Anacastel Minoxidil 5% C\/60 Ml"},"content":{"rendered":"<div class=\"haircare-category\">\n<div id=\"module-subheading\" class=\"hero-heading category-color\">\n<h2 class=\"modify-ui-title-id__title\">ANACASTEL MINOXIDIL 5%<\/h2>\n<\/div>\n<p class=\"d-block product__description-main\"><b>Funci\u00f3n: Esta indicado como auxiliar para el tratamiento de la alopecia androg\u00e9nica en hombres y mujeres.<\/b><\/p>\n<div class=\"row align-items-center\">\n<div class=\"col-12\">\n<p class=\"product__description-main\">Ideal para piel:<\/p>\n<\/div>\n<div class=\"col-6\">\n<div class=\"product__description-main\">\n<ol class=\"product__description-list\">\n<li class=\"font-weight-bold product__description-selected\">Grasa<\/li>\n<li class=\"font-weight-bold product__description-selected\">Mixta<\/li>\n<li class=\"font-weight-bold product__description-selected\">Normal<\/li>\n<li class=\"font-weight-bold product__description-selected\">Seca<\/li>\n<\/ol>\n<\/div>\n<\/div>\n<div class=\"col-6\">\n<div class=\"product__description-main\">\n<ol class=\"product__description-list\">\n<li class=\"font-weight-bold product__description-selected\">Adolescente (12-21)<\/li>\n<li class=\"font-weight-bold product__description-selected\">Adulto (35-44)<\/li>\n<li class=\"font-weight-bold product__description-selected\">Joven (25-35)<\/li>\n<li class=\"font-weight-bold product__description-selected\">Madura (45-54)<\/li>\n<\/ol>\n<\/div>\n<\/div>\n<\/div>\n<div class=\"d-block product__description-secondary mr-lg-3\">\n<p>Anacastel \u00ae Minoxidil 5% ayuda a\u00a0<strong>incrementar la denseida del cabello, ayuda a alargar la fase de crecimiento del cabello.\u00a0<\/strong>Ideal para las personas que empiezan a notar p\u00e9rdida inusual de cabello.<\/p>\n<p>&nbsp;<\/p>\n<\/div>\n<div class=\"row align-items-center mb-3\">\n<div class=\"col-4 px-lg-5 text-lg-right product__description-br-lg\">\n<p class=\"product__description-main font-weight-bold text-green mb-0\"><strong>Ventajas de usar ANACASTEL<\/strong><\/p>\n<\/div>\n<div class=\"col-8\">\n<div class=\"product__description-secondary\">\n<p>Es seguro por su baja absorci\u00f3n en sangre<\/p>\n<p>Revierte el mecanismo de miniaturizaci\u00f3n del Pelo<\/p>\n<\/div>\n<\/div>\n<\/div>\n<div class=\"row align-items-center mb-3\">\n<div class=\"col-4 px-lg-5 text-lg-right product__description-br-lg\">\n<p class=\"product__description-main font-weight-bold text-green mb-0\"><strong>Ingredientes destacados de ANACASTEL<\/strong><\/p>\n<\/div>\n<div class=\"col-8\">\n<div class=\"product__description-secondary\">\n<p>Principio activo: Minoxidil 5%<\/p>\n<\/div>\n<\/div>\n<\/div>\n<div class=\"row align-items-center mb-3\">\n<div class=\"col-4 px-lg-5 text-lg-right product__description-br-lg\">\n<p class=\"product__description-main font-weight-bold text-green mb-0\"><strong>C\u00f3mo se usa ANACASTEL<\/strong><\/p>\n<\/div>\n<div class=\"col-8\">\n<div class=\"product__description-secondary\">\n<p>V\u00eda de administraci\u00f3n: T\u00f3pica<\/p>\n<p>Dosis y modo de empleo: Aplicar 1 mL (8 atomizaciones) sobre el cabello y la piel cabelluda secos sobre las \u00e1reas afectadas dos veces al d\u00eda.<\/p>\n<\/div>\n<\/div>\n<\/div>\n<\/div>","protected":false},"excerpt":{"rendered":"<p><strong>F\u00f3rmula:<\/strong> Minoxidil 5% \/ <strong>Laboratorio:<\/strong> Farmapiel \/ <strong>Presentaci\u00f3n:<\/strong> Frasco c\/60 ml<\/p>","protected":false},"featured_media":2814,"template":"","meta":{"_kad_blocks_custom_css":"","_kad_blocks_head_custom_js":"","_kad_blocks_body_custom_js":"","_kad_blocks_footer_custom_js":"","_kadence_starter_templates_imported_post":false,"_kad_post_transparent":"","_kad_post_title":"","_kad_post_layout":"","_kad_post_sidebar_id":"","_kad_post_content_style":"","_kad_post_vertical_padding":"","_kad_post_feature":"","_kad_post_feature_position":"","_kad_post_header":false,"_kad_post_footer":false,"_kad_post_classname":""},"product_brand":[],"product_cat":[91,92],"product_tag":[2645,2646,2647],"class_list":{"0":"post-2770","1":"product","2":"type-product","3":"status-publish","4":"has-post-thumbnail","6":"product_cat-dermatologicos","7":"product_cat-topicos","8":"product_tag-anacastel-minoxidil-5","9":"product_tag-farmapiel","10":"product_tag-minoxidil","12":"first","13":"outofstock","14":"shipping-taxable","15":"purchasable","16":"product-type-simple","17":"entry","18":"content-bg","19":"loop-entry"},"yoast_head":"<!-- This site is optimized with the Yoast SEO plugin v27.6 - https:\/\/yoast.com\/product\/yoast-seo-wordpress\/ -->\n<title>Anacastel Minoxidil 5% C\/60 Ml - BS Pharma<\/title>\n<meta name=\"robots\" content=\"index, follow, max-snippet:-1, max-image-preview:large, max-video-preview:-1\" \/>\n<link rel=\"canonical\" href=\"https:\/\/bspharma.net\/es_mx\/producto\/anacastel-minoxidil-5-c-60-ml\/\" \/>\n<meta property=\"og:locale\" content=\"es_MX\" \/>\n<meta property=\"og:type\" content=\"article\" \/>\n<meta property=\"og:title\" content=\"Anacastel Minoxidil 5% C\/60 Ml - BS Pharma\" \/>\n<meta property=\"og:description\" content=\"F\u00f3rmula: Minoxidil 5% \/ Laboratorio: Farmapiel \/ Presentaci\u00f3n: Frasco c\/60 ml\" \/>\n<meta property=\"og:url\" content=\"https:\/\/bspharma.net\/es_mx\/producto\/anacastel-minoxidil-5-c-60-ml\/\" \/>\n<meta property=\"og:site_name\" content=\"BS Pharma\" \/>\n<meta property=\"article:publisher\" content=\"https:\/\/www.facebook.com\/bspharmasolutions\/\" \/>\n<meta property=\"article:modified_time\" content=\"2024-09-06T00:33:00+00:00\" \/>\n<meta property=\"og:image\" content=\"https:\/\/bspharma.net\/wp-content\/uploads\/2024\/09\/Render-anacastel-Nva-imagen-2.png\" \/>\n\t<meta property=\"og:image:width\" content=\"1623\" \/>\n\t<meta property=\"og:image:height\" content=\"1559\" \/>\n\t<meta property=\"og:image:type\" content=\"image\/png\" \/>\n<meta name=\"twitter:card\" content=\"summary_large_image\" \/>\n<meta name=\"twitter:label1\" content=\"Tiempo de lectura\" \/>\n\t<meta name=\"twitter:data1\" content=\"1 minuto\" \/>\n<script type=\"application\/ld+json\" class=\"yoast-schema-graph\">{\"@context\":\"https:\\\/\\\/schema.org\",\"@graph\":[{\"@type\":\"WebPage\",\"@id\":\"https:\\\/\\\/bspharma.net\\\/producto\\\/anacastel-minoxidil-5-c-60-ml\\\/\",\"url\":\"https:\\\/\\\/bspharma.net\\\/producto\\\/anacastel-minoxidil-5-c-60-ml\\\/\",\"name\":\"Anacastel Minoxidil 5% C\\\/60 Ml - BS Pharma\",\"isPartOf\":{\"@id\":\"https:\\\/\\\/bspharma.net\\\/#website\"},\"primaryImageOfPage\":{\"@id\":\"https:\\\/\\\/bspharma.net\\\/producto\\\/anacastel-minoxidil-5-c-60-ml\\\/#primaryimage\"},\"image\":{\"@id\":\"https:\\\/\\\/bspharma.net\\\/producto\\\/anacastel-minoxidil-5-c-60-ml\\\/#primaryimage\"},\"thumbnailUrl\":\"https:\\\/\\\/bspharma.net\\\/wp-content\\\/uploads\\\/2024\\\/09\\\/Render-anacastel-Nva-imagen-2.png\",\"datePublished\":\"2024-09-06T00:32:42+00:00\",\"dateModified\":\"2024-09-06T00:33:00+00:00\",\"breadcrumb\":{\"@id\":\"https:\\\/\\\/bspharma.net\\\/producto\\\/anacastel-minoxidil-5-c-60-ml\\\/#breadcrumb\"},\"inLanguage\":\"es\",\"potentialAction\":[{\"@type\":\"ReadAction\",\"target\":[\"https:\\\/\\\/bspharma.net\\\/producto\\\/anacastel-minoxidil-5-c-60-ml\\\/\"]}]},{\"@type\":\"ImageObject\",\"inLanguage\":\"es\",\"@id\":\"https:\\\/\\\/bspharma.net\\\/producto\\\/anacastel-minoxidil-5-c-60-ml\\\/#primaryimage\",\"url\":\"https:\\\/\\\/bspharma.net\\\/wp-content\\\/uploads\\\/2024\\\/09\\\/Render-anacastel-Nva-imagen-2.png\",\"contentUrl\":\"https:\\\/\\\/bspharma.net\\\/wp-content\\\/uploads\\\/2024\\\/09\\\/Render-anacastel-Nva-imagen-2.png\",\"width\":1623,\"height\":1559},{\"@type\":\"BreadcrumbList\",\"@id\":\"https:\\\/\\\/bspharma.net\\\/producto\\\/anacastel-minoxidil-5-c-60-ml\\\/#breadcrumb\",\"itemListElement\":[{\"@type\":\"ListItem\",\"position\":1,\"name\":\"Portada\",\"item\":\"https:\\\/\\\/bspharma.net\\\/\"},{\"@type\":\"ListItem\",\"position\":2,\"name\":\"Productos\",\"item\":\"https:\\\/\\\/bspharma.net\\\/productos\\\/\"},{\"@type\":\"ListItem\",\"position\":3,\"name\":\"Anacastel Minoxidil 5% C\\\/60 Ml\"}]},{\"@type\":\"WebSite\",\"@id\":\"https:\\\/\\\/bspharma.net\\\/#website\",\"url\":\"https:\\\/\\\/bspharma.net\\\/\",\"name\":\"BSPharma\",\"description\":\"Distribuidor Farmac\u00e9utico en M\u00e9xico\",\"publisher\":{\"@id\":\"https:\\\/\\\/bspharma.net\\\/#organization\"},\"potentialAction\":[{\"@type\":\"SearchAction\",\"target\":{\"@type\":\"EntryPoint\",\"urlTemplate\":\"https:\\\/\\\/bspharma.net\\\/?s={search_term_string}\"},\"query-input\":{\"@type\":\"PropertyValueSpecification\",\"valueRequired\":true,\"valueName\":\"search_term_string\"}}],\"inLanguage\":\"es\"},{\"@type\":\"Organization\",\"@id\":\"https:\\\/\\\/bspharma.net\\\/#organization\",\"name\":\"BSPharma\",\"url\":\"https:\\\/\\\/bspharma.net\\\/\",\"logo\":{\"@type\":\"ImageObject\",\"inLanguage\":\"es\",\"@id\":\"https:\\\/\\\/bspharma.net\\\/#\\\/schema\\\/logo\\\/image\\\/\",\"url\":\"https:\\\/\\\/bspharma.net\\\/wp-content\\\/uploads\\\/2024\\\/09\\\/cropped-cropped-Diseno-sin-titulo-6.png\",\"contentUrl\":\"https:\\\/\\\/bspharma.net\\\/wp-content\\\/uploads\\\/2024\\\/09\\\/cropped-cropped-Diseno-sin-titulo-6.png\",\"width\":1080,\"height\":756,\"caption\":\"BSPharma\"},\"image\":{\"@id\":\"https:\\\/\\\/bspharma.net\\\/#\\\/schema\\\/logo\\\/image\\\/\"},\"sameAs\":[\"https:\\\/\\\/www.facebook.com\\\/bspharmasolutions\\\/\",\"https:\\\/\\\/www.linkedin.com\\\/company\\\/bs-pharma-solutions\\\/\",\"https:\\\/\\\/www.instagram.com\\\/bspharmasolutions\\\/\",\"https:\\\/\\\/www.youtube.com\\\/@bspharmasolutions\"]}]}<\/script>\n<!-- \/ Yoast SEO plugin. -->","yoast_head_json":{"title":"Anacastel Minoxidil 5% C\/60 Ml - BS Pharma","robots":{"index":"index","follow":"follow","max-snippet":"max-snippet:-1","max-image-preview":"max-image-preview:large","max-video-preview":"max-video-preview:-1"},"canonical":"https:\/\/bspharma.net\/es_mx\/producto\/anacastel-minoxidil-5-c-60-ml\/","og_locale":"es_MX","og_type":"article","og_title":"Anacastel Minoxidil 5% C\/60 Ml - BS Pharma","og_description":"F\u00f3rmula: Minoxidil 5% \/ Laboratorio: Farmapiel \/ Presentaci\u00f3n: Frasco c\/60 ml","og_url":"https:\/\/bspharma.net\/es_mx\/producto\/anacastel-minoxidil-5-c-60-ml\/","og_site_name":"BS Pharma","article_publisher":"https:\/\/www.facebook.com\/bspharmasolutions\/","article_modified_time":"2024-09-06T00:33:00+00:00","og_image":[{"width":1623,"height":1559,"url":"https:\/\/bspharma.net\/wp-content\/uploads\/2024\/09\/Render-anacastel-Nva-imagen-2.png","type":"image\/png"}],"twitter_card":"summary_large_image","twitter_misc":{"Tiempo de lectura":"1 minuto"},"schema":{"@context":"https:\/\/schema.org","@graph":[{"@type":"WebPage","@id":"https:\/\/bspharma.net\/producto\/anacastel-minoxidil-5-c-60-ml\/","url":"https:\/\/bspharma.net\/producto\/anacastel-minoxidil-5-c-60-ml\/","name":"Anacastel Minoxidil 5% C\/60 Ml - BS Pharma","isPartOf":{"@id":"https:\/\/bspharma.net\/#website"},"primaryImageOfPage":{"@id":"https:\/\/bspharma.net\/producto\/anacastel-minoxidil-5-c-60-ml\/#primaryimage"},"image":{"@id":"https:\/\/bspharma.net\/producto\/anacastel-minoxidil-5-c-60-ml\/#primaryimage"},"thumbnailUrl":"https:\/\/bspharma.net\/wp-content\/uploads\/2024\/09\/Render-anacastel-Nva-imagen-2.png","datePublished":"2024-09-06T00:32:42+00:00","dateModified":"2024-09-06T00:33:00+00:00","breadcrumb":{"@id":"https:\/\/bspharma.net\/producto\/anacastel-minoxidil-5-c-60-ml\/#breadcrumb"},"inLanguage":"es","potentialAction":[{"@type":"ReadAction","target":["https:\/\/bspharma.net\/producto\/anacastel-minoxidil-5-c-60-ml\/"]}]},{"@type":"ImageObject","inLanguage":"es","@id":"https:\/\/bspharma.net\/producto\/anacastel-minoxidil-5-c-60-ml\/#primaryimage","url":"https:\/\/bspharma.net\/wp-content\/uploads\/2024\/09\/Render-anacastel-Nva-imagen-2.png","contentUrl":"https:\/\/bspharma.net\/wp-content\/uploads\/2024\/09\/Render-anacastel-Nva-imagen-2.png","width":1623,"height":1559},{"@type":"BreadcrumbList","@id":"https:\/\/bspharma.net\/producto\/anacastel-minoxidil-5-c-60-ml\/#breadcrumb","itemListElement":[{"@type":"ListItem","position":1,"name":"Portada","item":"https:\/\/bspharma.net\/"},{"@type":"ListItem","position":2,"name":"Productos","item":"https:\/\/bspharma.net\/productos\/"},{"@type":"ListItem","position":3,"name":"Anacastel Minoxidil 5% C\/60 Ml"}]},{"@type":"WebSite","@id":"https:\/\/bspharma.net\/#website","url":"https:\/\/bspharma.net\/","name":"BSPharma","description":"Distribuidor Farmac\u00e9utico en M\u00e9xico","publisher":{"@id":"https:\/\/bspharma.net\/#organization"},"potentialAction":[{"@type":"SearchAction","target":{"@type":"EntryPoint","urlTemplate":"https:\/\/bspharma.net\/?s={search_term_string}"},"query-input":{"@type":"PropertyValueSpecification","valueRequired":true,"valueName":"search_term_string"}}],"inLanguage":"es"},{"@type":"Organization","@id":"https:\/\/bspharma.net\/#organization","name":"BSPharma","url":"https:\/\/bspharma.net\/","logo":{"@type":"ImageObject","inLanguage":"es","@id":"https:\/\/bspharma.net\/#\/schema\/logo\/image\/","url":"https:\/\/bspharma.net\/wp-content\/uploads\/2024\/09\/cropped-cropped-Diseno-sin-titulo-6.png","contentUrl":"https:\/\/bspharma.net\/wp-content\/uploads\/2024\/09\/cropped-cropped-Diseno-sin-titulo-6.png","width":1080,"height":756,"caption":"BSPharma"},"image":{"@id":"https:\/\/bspharma.net\/#\/schema\/logo\/image\/"},"sameAs":["https:\/\/www.facebook.com\/bspharmasolutions\/","https:\/\/www.linkedin.com\/company\/bs-pharma-solutions\/","https:\/\/www.instagram.com\/bspharmasolutions\/","https:\/\/www.youtube.com\/@bspharmasolutions"]}]}},"taxonomy_info":{"product_cat":[{"value":91,"label":"Dermatol\u00f3gicos"},{"value":92,"label":"T\u00f3picos"}],"product_tag":[{"value":2645,"label":"ANACASTEL MINOXIDIL 5%"},{"value":2646,"label":"FARMAPIEL"},{"value":2647,"label":"MINOXIDIL"}]},"featured_image_src_large":["https:\/\/bspharma.net\/wp-content\/uploads\/2024\/09\/Render-anacastel-Nva-imagen-2-1024x984.png",1024,984,true],"author_info":[],"comment_info":"","_links":{"self":[{"href":"https:\/\/bspharma.net\/es_mx\/wp-json\/wp\/v2\/product\/2770","targetHints":{"allow":["GET"]}}],"collection":[{"href":"https:\/\/bspharma.net\/es_mx\/wp-json\/wp\/v2\/product"}],"about":[{"href":"https:\/\/bspharma.net\/es_mx\/wp-json\/wp\/v2\/types\/product"}],"wp:featuredmedia":[{"embeddable":true,"href":"https:\/\/bspharma.net\/es_mx\/wp-json\/wp\/v2\/media\/2814"}],"wp:attachment":[{"href":"https:\/\/bspharma.net\/es_mx\/wp-json\/wp\/v2\/media?parent=2770"}],"wp:term":[{"taxonomy":"product_brand","embeddable":true,"href":"https:\/\/bspharma.net\/es_mx\/wp-json\/wp\/v2\/product_brand?post=2770"},{"taxonomy":"product_cat","embeddable":true,"href":"https:\/\/bspharma.net\/es_mx\/wp-json\/wp\/v2\/product_cat?post=2770"},{"taxonomy":"product_tag","embeddable":true,"href":"https:\/\/bspharma.net\/es_mx\/wp-json\/wp\/v2\/product_tag?post=2770"}],"curies":[{"name":"wp","href":"https:\/\/api.w.org\/{rel}","templated":true}]}}