{"id":2943,"date":"2024-09-05T18:33:45","date_gmt":"2024-09-06T00:33:45","guid":{"rendered":"https:\/\/bspharma.net\/?post_type=product&#038;p=2943"},"modified":"2024-09-05T18:33:48","modified_gmt":"2024-09-06T00:33:48","slug":"salerm-21-acondicionador-hidratante-cabello-maltratado-250-ml","status":"publish","type":"product","link":"https:\/\/bspharma.net\/es_mx\/producto\/salerm-21-acondicionador-hidratante-cabello-maltratado-250-ml\/","title":{"rendered":"Salerm 21 Acondicionador Hidratante Cabello Maltratado 250 Ml"},"content":{"rendered":"<p>a soluci\u00f3n a cabellos maltratados y deshidratados<\/p>\n<p>Provitamina B5 que multiplica por diez su efecto<\/p>\n<p>Salerm 21 es m\u00e1s que un acondicionador y una mascarilla hidratante sin aclarado. Su f\u00f3rmula basada en prote\u00ednas de seda llega hasta la m\u00e9dula del cabello, cuidando y reavivando el cabello desde el primer uso. Salerm 21 proporciona brillo y vida a los cabellos y los protege frente agentes externos como el sol, cloro, salitre o calor<\/p>","protected":false},"excerpt":{"rendered":"<p>a soluci\u00f3n a cabellos maltratados y deshidratados<\/p>\n<p>Provitamina B5 que multiplica por diez su efecto<\/p>\n<p>Salerm 21 es m\u00e1s que un acondicionador y una mascarilla hidratante sin aclarado. Su f\u00f3rmula basada en prote\u00ednas de seda llega hasta la m\u00e9dula del cabello, cuidando y reavivando el cabello desde el primer uso. Salerm 21 proporciona brillo y vida a los cabellos y los protege frente agentes externos como el sol, cloro, salitre o calor<\/p>","protected":false},"featured_media":2973,"template":"","meta":{"_kad_blocks_custom_css":"","_kad_blocks_head_custom_js":"","_kad_blocks_body_custom_js":"","_kad_blocks_footer_custom_js":"","_kadence_starter_templates_imported_post":false,"_kad_post_transparent":"","_kad_post_title":"","_kad_post_layout":"","_kad_post_sidebar_id":"","_kad_post_content_style":"","_kad_post_vertical_padding":"","_kad_post_feature":"","_kad_post_feature_position":"","_kad_post_header":false,"_kad_post_footer":false,"_kad_post_classname":""},"product_brand":[],"product_cat":[507],"product_tag":[2759],"class_list":{"0":"post-2943","1":"product","2":"type-product","3":"status-publish","4":"has-post-thumbnail","6":"product_cat-cuidado-personal","7":"product_tag-salerm-21-acondicionador-hidratante-cabello-maltratado-250-ml","9":"first","10":"instock","11":"shipping-taxable","12":"purchasable","13":"product-type-simple","14":"entry","15":"content-bg","16":"loop-entry"},"yoast_head":"<!-- This site is optimized with the Yoast SEO plugin v27.2 - https:\/\/yoast.com\/product\/yoast-seo-wordpress\/ -->\n<title>Salerm 21 Acondicionador Hidratante Cabello Maltratado 250 Ml - BS Pharma<\/title>\n<meta name=\"robots\" content=\"index, follow, max-snippet:-1, max-image-preview:large, max-video-preview:-1\" \/>\n<link rel=\"canonical\" href=\"https:\/\/bspharma.net\/es_mx\/producto\/salerm-21-acondicionador-hidratante-cabello-maltratado-250-ml\/\" \/>\n<meta property=\"og:locale\" content=\"es_MX\" \/>\n<meta property=\"og:type\" content=\"article\" \/>\n<meta property=\"og:title\" content=\"Salerm 21 Acondicionador Hidratante Cabello Maltratado 250 Ml - BS Pharma\" \/>\n<meta property=\"og:description\" content=\"a soluci\u00f3n a cabellos maltratados y deshidratados  Provitamina B5 que multiplica por diez su efecto  Salerm 21 es m\u00e1s que un acondicionador y una mascarilla hidratante sin aclarado. Su f\u00f3rmula basada en prote\u00ednas de seda llega hasta la m\u00e9dula del cabello, cuidando y reavivando el cabello desde el primer uso. Salerm 21 proporciona brillo y vida a los cabellos y los protege frente agentes externos como el sol, cloro, salitre o calor\" \/>\n<meta property=\"og:url\" content=\"https:\/\/bspharma.net\/es_mx\/producto\/salerm-21-acondicionador-hidratante-cabello-maltratado-250-ml\/\" \/>\n<meta property=\"og:site_name\" content=\"BS Pharma\" \/>\n<meta property=\"article:publisher\" content=\"https:\/\/www.facebook.com\/bspharmasolutions\/\" \/>\n<meta property=\"article:modified_time\" content=\"2024-09-06T00:33:48+00:00\" \/>\n<meta property=\"og:image\" content=\"https:\/\/bspharma.net\/wp-content\/uploads\/2024\/09\/OK.jpg\" \/>\n\t<meta property=\"og:image:width\" content=\"900\" \/>\n\t<meta property=\"og:image:height\" content=\"900\" \/>\n\t<meta property=\"og:image:type\" content=\"image\/jpeg\" \/>\n<meta name=\"twitter:card\" content=\"summary_large_image\" \/>\n<meta name=\"twitter:label1\" content=\"Tiempo de lectura\" \/>\n\t<meta name=\"twitter:data1\" content=\"1 minuto\" \/>\n<script type=\"application\/ld+json\" class=\"yoast-schema-graph\">{\"@context\":\"https:\/\/schema.org\",\"@graph\":[{\"@type\":\"WebPage\",\"@id\":\"https:\/\/bspharma.net\/producto\/salerm-21-acondicionador-hidratante-cabello-maltratado-250-ml\/\",\"url\":\"https:\/\/bspharma.net\/producto\/salerm-21-acondicionador-hidratante-cabello-maltratado-250-ml\/\",\"name\":\"Salerm 21 Acondicionador Hidratante Cabello Maltratado 250 Ml - BS Pharma\",\"isPartOf\":{\"@id\":\"https:\/\/bspharma.net\/#website\"},\"primaryImageOfPage\":{\"@id\":\"https:\/\/bspharma.net\/producto\/salerm-21-acondicionador-hidratante-cabello-maltratado-250-ml\/#primaryimage\"},\"image\":{\"@id\":\"https:\/\/bspharma.net\/producto\/salerm-21-acondicionador-hidratante-cabello-maltratado-250-ml\/#primaryimage\"},\"thumbnailUrl\":\"https:\/\/bspharma.net\/wp-content\/uploads\/2024\/09\/OK.jpg\",\"datePublished\":\"2024-09-06T00:33:45+00:00\",\"dateModified\":\"2024-09-06T00:33:48+00:00\",\"breadcrumb\":{\"@id\":\"https:\/\/bspharma.net\/producto\/salerm-21-acondicionador-hidratante-cabello-maltratado-250-ml\/#breadcrumb\"},\"inLanguage\":\"es\",\"potentialAction\":[{\"@type\":\"ReadAction\",\"target\":[\"https:\/\/bspharma.net\/producto\/salerm-21-acondicionador-hidratante-cabello-maltratado-250-ml\/\"]}]},{\"@type\":\"ImageObject\",\"inLanguage\":\"es\",\"@id\":\"https:\/\/bspharma.net\/producto\/salerm-21-acondicionador-hidratante-cabello-maltratado-250-ml\/#primaryimage\",\"url\":\"https:\/\/bspharma.net\/wp-content\/uploads\/2024\/09\/OK.jpg\",\"contentUrl\":\"https:\/\/bspharma.net\/wp-content\/uploads\/2024\/09\/OK.jpg\",\"width\":900,\"height\":900},{\"@type\":\"BreadcrumbList\",\"@id\":\"https:\/\/bspharma.net\/producto\/salerm-21-acondicionador-hidratante-cabello-maltratado-250-ml\/#breadcrumb\",\"itemListElement\":[{\"@type\":\"ListItem\",\"position\":1,\"name\":\"Portada\",\"item\":\"https:\/\/bspharma.net\/\"},{\"@type\":\"ListItem\",\"position\":2,\"name\":\"Productos\",\"item\":\"https:\/\/bspharma.net\/productos\/\"},{\"@type\":\"ListItem\",\"position\":3,\"name\":\"Salerm 21 Acondicionador Hidratante Cabello Maltratado 250 Ml\"}]},{\"@type\":\"WebSite\",\"@id\":\"https:\/\/bspharma.net\/#website\",\"url\":\"https:\/\/bspharma.net\/\",\"name\":\"BSPharma\",\"description\":\"Distribuidor Farmac\u00e9utico en M\u00e9xico\",\"publisher\":{\"@id\":\"https:\/\/bspharma.net\/#organization\"},\"potentialAction\":[{\"@type\":\"SearchAction\",\"target\":{\"@type\":\"EntryPoint\",\"urlTemplate\":\"https:\/\/bspharma.net\/?s={search_term_string}\"},\"query-input\":{\"@type\":\"PropertyValueSpecification\",\"valueRequired\":true,\"valueName\":\"search_term_string\"}}],\"inLanguage\":\"es\"},{\"@type\":\"Organization\",\"@id\":\"https:\/\/bspharma.net\/#organization\",\"name\":\"BSPharma\",\"url\":\"https:\/\/bspharma.net\/\",\"logo\":{\"@type\":\"ImageObject\",\"inLanguage\":\"es\",\"@id\":\"https:\/\/bspharma.net\/#\/schema\/logo\/image\/\",\"url\":\"https:\/\/bspharma.net\/wp-content\/uploads\/2024\/09\/cropped-cropped-Diseno-sin-titulo-6.png\",\"contentUrl\":\"https:\/\/bspharma.net\/wp-content\/uploads\/2024\/09\/cropped-cropped-Diseno-sin-titulo-6.png\",\"width\":1080,\"height\":756,\"caption\":\"BSPharma\"},\"image\":{\"@id\":\"https:\/\/bspharma.net\/#\/schema\/logo\/image\/\"},\"sameAs\":[\"https:\/\/www.facebook.com\/bspharmasolutions\/\",\"https:\/\/www.linkedin.com\/company\/bs-pharma-solutions\/\",\"https:\/\/www.instagram.com\/bspharmasolutions\/\",\"https:\/\/www.youtube.com\/@bspharmasolutions\"]}]}<\/script>\n<!-- \/ Yoast SEO plugin. -->","yoast_head_json":{"title":"Salerm 21 Acondicionador Hidratante Cabello Maltratado 250 Ml - BS Pharma","robots":{"index":"index","follow":"follow","max-snippet":"max-snippet:-1","max-image-preview":"max-image-preview:large","max-video-preview":"max-video-preview:-1"},"canonical":"https:\/\/bspharma.net\/es_mx\/producto\/salerm-21-acondicionador-hidratante-cabello-maltratado-250-ml\/","og_locale":"es_MX","og_type":"article","og_title":"Salerm 21 Acondicionador Hidratante Cabello Maltratado 250 Ml - BS Pharma","og_description":"a soluci\u00f3n a cabellos maltratados y deshidratados  Provitamina B5 que multiplica por diez su efecto  Salerm 21 es m\u00e1s que un acondicionador y una mascarilla hidratante sin aclarado. Su f\u00f3rmula basada en prote\u00ednas de seda llega hasta la m\u00e9dula del cabello, cuidando y reavivando el cabello desde el primer uso. Salerm 21 proporciona brillo y vida a los cabellos y los protege frente agentes externos como el sol, cloro, salitre o calor","og_url":"https:\/\/bspharma.net\/es_mx\/producto\/salerm-21-acondicionador-hidratante-cabello-maltratado-250-ml\/","og_site_name":"BS Pharma","article_publisher":"https:\/\/www.facebook.com\/bspharmasolutions\/","article_modified_time":"2024-09-06T00:33:48+00:00","og_image":[{"width":900,"height":900,"url":"https:\/\/bspharma.net\/wp-content\/uploads\/2024\/09\/OK.jpg","type":"image\/jpeg"}],"twitter_card":"summary_large_image","twitter_misc":{"Tiempo de lectura":"1 minuto"},"schema":{"@context":"https:\/\/schema.org","@graph":[{"@type":"WebPage","@id":"https:\/\/bspharma.net\/producto\/salerm-21-acondicionador-hidratante-cabello-maltratado-250-ml\/","url":"https:\/\/bspharma.net\/producto\/salerm-21-acondicionador-hidratante-cabello-maltratado-250-ml\/","name":"Salerm 21 Acondicionador Hidratante Cabello Maltratado 250 Ml - BS Pharma","isPartOf":{"@id":"https:\/\/bspharma.net\/#website"},"primaryImageOfPage":{"@id":"https:\/\/bspharma.net\/producto\/salerm-21-acondicionador-hidratante-cabello-maltratado-250-ml\/#primaryimage"},"image":{"@id":"https:\/\/bspharma.net\/producto\/salerm-21-acondicionador-hidratante-cabello-maltratado-250-ml\/#primaryimage"},"thumbnailUrl":"https:\/\/bspharma.net\/wp-content\/uploads\/2024\/09\/OK.jpg","datePublished":"2024-09-06T00:33:45+00:00","dateModified":"2024-09-06T00:33:48+00:00","breadcrumb":{"@id":"https:\/\/bspharma.net\/producto\/salerm-21-acondicionador-hidratante-cabello-maltratado-250-ml\/#breadcrumb"},"inLanguage":"es","potentialAction":[{"@type":"ReadAction","target":["https:\/\/bspharma.net\/producto\/salerm-21-acondicionador-hidratante-cabello-maltratado-250-ml\/"]}]},{"@type":"ImageObject","inLanguage":"es","@id":"https:\/\/bspharma.net\/producto\/salerm-21-acondicionador-hidratante-cabello-maltratado-250-ml\/#primaryimage","url":"https:\/\/bspharma.net\/wp-content\/uploads\/2024\/09\/OK.jpg","contentUrl":"https:\/\/bspharma.net\/wp-content\/uploads\/2024\/09\/OK.jpg","width":900,"height":900},{"@type":"BreadcrumbList","@id":"https:\/\/bspharma.net\/producto\/salerm-21-acondicionador-hidratante-cabello-maltratado-250-ml\/#breadcrumb","itemListElement":[{"@type":"ListItem","position":1,"name":"Portada","item":"https:\/\/bspharma.net\/"},{"@type":"ListItem","position":2,"name":"Productos","item":"https:\/\/bspharma.net\/productos\/"},{"@type":"ListItem","position":3,"name":"Salerm 21 Acondicionador Hidratante Cabello Maltratado 250 Ml"}]},{"@type":"WebSite","@id":"https:\/\/bspharma.net\/#website","url":"https:\/\/bspharma.net\/","name":"BSPharma","description":"Distribuidor Farmac\u00e9utico en M\u00e9xico","publisher":{"@id":"https:\/\/bspharma.net\/#organization"},"potentialAction":[{"@type":"SearchAction","target":{"@type":"EntryPoint","urlTemplate":"https:\/\/bspharma.net\/?s={search_term_string}"},"query-input":{"@type":"PropertyValueSpecification","valueRequired":true,"valueName":"search_term_string"}}],"inLanguage":"es"},{"@type":"Organization","@id":"https:\/\/bspharma.net\/#organization","name":"BSPharma","url":"https:\/\/bspharma.net\/","logo":{"@type":"ImageObject","inLanguage":"es","@id":"https:\/\/bspharma.net\/#\/schema\/logo\/image\/","url":"https:\/\/bspharma.net\/wp-content\/uploads\/2024\/09\/cropped-cropped-Diseno-sin-titulo-6.png","contentUrl":"https:\/\/bspharma.net\/wp-content\/uploads\/2024\/09\/cropped-cropped-Diseno-sin-titulo-6.png","width":1080,"height":756,"caption":"BSPharma"},"image":{"@id":"https:\/\/bspharma.net\/#\/schema\/logo\/image\/"},"sameAs":["https:\/\/www.facebook.com\/bspharmasolutions\/","https:\/\/www.linkedin.com\/company\/bs-pharma-solutions\/","https:\/\/www.instagram.com\/bspharmasolutions\/","https:\/\/www.youtube.com\/@bspharmasolutions"]}]}},"taxonomy_info":{"product_cat":[{"value":507,"label":"Cuidado personal"}],"product_tag":[{"value":2759,"label":"SALERM 21 ACONDICIONADOR HIDRATANTE CABELLO MALTRATADO 250 ML"}]},"featured_image_src_large":["https:\/\/bspharma.net\/wp-content\/uploads\/2024\/09\/OK.jpg",900,900,false],"author_info":[],"comment_info":"","_links":{"self":[{"href":"https:\/\/bspharma.net\/es_mx\/wp-json\/wp\/v2\/product\/2943","targetHints":{"allow":["GET"]}}],"collection":[{"href":"https:\/\/bspharma.net\/es_mx\/wp-json\/wp\/v2\/product"}],"about":[{"href":"https:\/\/bspharma.net\/es_mx\/wp-json\/wp\/v2\/types\/product"}],"wp:featuredmedia":[{"embeddable":true,"href":"https:\/\/bspharma.net\/es_mx\/wp-json\/wp\/v2\/media\/2973"}],"wp:attachment":[{"href":"https:\/\/bspharma.net\/es_mx\/wp-json\/wp\/v2\/media?parent=2943"}],"wp:term":[{"taxonomy":"product_brand","embeddable":true,"href":"https:\/\/bspharma.net\/es_mx\/wp-json\/wp\/v2\/product_brand?post=2943"},{"taxonomy":"product_cat","embeddable":true,"href":"https:\/\/bspharma.net\/es_mx\/wp-json\/wp\/v2\/product_cat?post=2943"},{"taxonomy":"product_tag","embeddable":true,"href":"https:\/\/bspharma.net\/es_mx\/wp-json\/wp\/v2\/product_tag?post=2943"}],"curies":[{"name":"wp","href":"https:\/\/api.w.org\/{rel}","templated":true}]}}