{"id":3083,"date":"2024-09-05T18:34:24","date_gmt":"2024-09-06T00:34:24","guid":{"rendered":"https:\/\/bspharma.net\/?post_type=product&#038;p=3083"},"modified":"2024-09-05T18:34:36","modified_gmt":"2024-09-06T00:34:36","slug":"salerm-21-bi-phase-190ml-desenreda-repara-hidrata-protege","status":"publish","type":"product","link":"https:\/\/bspharma.net\/es_mx\/producto\/salerm-21-bi-phase-190ml-desenreda-repara-hidrata-protege\/","title":{"rendered":"Salerm 21 Bi-phase 190ml Desenreda\/ Repara\/ Hidrata\/ Protege"},"content":{"rendered":"<p>Salerm 21 Bi-Phase<br \/>\nProtege tu cabello de la manera m\u00e1s f\u00e1cil<br \/>\nUn cabello hidratado, sano y saludable<br \/>\nSalerm 21 Bi-Phase ha sido dise\u00f1ado espec\u00edficamente para proteger la fibra capilar de la exposici\u00f3n solar, el cloro y el salitre a la vez que acondiciona, desenreda y repara de forma instant\u00e1nea el cabello para un aspecto saludable, con brillo y sin encrespamiento.<br \/>\nSu formato spray con una novedosa f\u00f3rmula bifase aporta un doble efecto, adem\u00e1s de filtro UV de larga duraci\u00f3n. En su fase 1, aporte protecci\u00f3n de la fibra capilar gracias a su composici\u00f3n con queratina, prolonga la duraci\u00f3n del color, aporta brillo y luminosidad; y evita los temidos tonos amarillentos. En su fase 2, acondiciona, repara y desenreda de forma instant\u00e1nea. Adem\u00e1s, elimina el encrespamiento, protege el cabello frente al cloro y el salitre y evita la re-deposici\u00f3n de sales y metales.<br \/>\nCon Salerm 21 Bi-Phase mejorar\u00e1s el resultado y prolongar\u00e1s la duraci\u00f3n de tus tratamientos t\u00e9cnicos. \u00a1Un cabello sano, fuerte y protegido!<br \/>\nMODO DE EMPLEO<br \/>\nPulveriza Salerm 21 Bi-Phase sobre el cabello y peina para repartir. No es necesario enjuagar. Procede como de costumbre.<\/p>","protected":false},"excerpt":{"rendered":"<p class=\"ui-pdp-title\">Salerm 21 Bi-phase 190ml Desenreda\/ Repara\/ Hidrata\/ Protege<br \/>\nProtege tu cabello de la manera m\u00e1s f\u00e1cil<br \/>\nUn cabello hidratado, sano y saludable<br \/>\nEn su fase 1, aporte protecci\u00f3n de la fibra capilar gracias a su composici\u00f3n con queratina, prolonga la duraci\u00f3n del color, aporta brillo y luminosidad; y evita los temidos tonos amarillentos. En su fase 2, acondiciona, repara y desenreda de forma instant\u00e1nea. Adem\u00e1s, elimina el encrespamiento, protege el cabello frente al cloro y el salitre y evita la re-deposici\u00f3n de sales y metales.<\/p>","protected":false},"featured_media":3113,"template":"","meta":{"_kad_blocks_custom_css":"","_kad_blocks_head_custom_js":"","_kad_blocks_body_custom_js":"","_kad_blocks_footer_custom_js":"","_kadence_starter_templates_imported_post":false,"_kad_post_transparent":"","_kad_post_title":"","_kad_post_layout":"","_kad_post_sidebar_id":"","_kad_post_content_style":"","_kad_post_vertical_padding":"","_kad_post_feature":"","_kad_post_feature_position":"","_kad_post_header":false,"_kad_post_footer":false,"_kad_post_classname":""},"product_brand":[],"product_cat":[507],"product_tag":[],"class_list":{"0":"post-3083","1":"product","2":"type-product","3":"status-publish","4":"has-post-thumbnail","6":"product_cat-cuidado-personal","8":"first","9":"instock","10":"shipping-taxable","11":"purchasable","12":"product-type-simple","13":"entry","14":"content-bg","15":"loop-entry"},"yoast_head":"<!-- This site is optimized with the Yoast SEO plugin v27.2 - https:\/\/yoast.com\/product\/yoast-seo-wordpress\/ -->\n<title>Salerm 21 Bi-phase 190ml Desenreda\/ Repara\/ Hidrata\/ Protege - BS Pharma<\/title>\n<meta name=\"robots\" content=\"index, follow, max-snippet:-1, max-image-preview:large, max-video-preview:-1\" \/>\n<link rel=\"canonical\" href=\"https:\/\/bspharma.net\/es_mx\/producto\/salerm-21-bi-phase-190ml-desenreda-repara-hidrata-protege\/\" \/>\n<meta property=\"og:locale\" content=\"es_MX\" \/>\n<meta property=\"og:type\" content=\"article\" \/>\n<meta property=\"og:title\" content=\"Salerm 21 Bi-phase 190ml Desenreda\/ Repara\/ Hidrata\/ Protege - BS Pharma\" \/>\n<meta property=\"og:description\" content=\"Salerm 21 Bi-phase 190ml Desenreda\/ Repara\/ Hidrata\/ Protege Protege tu cabello de la manera m\u00e1s f\u00e1cil Un cabello hidratado, sano y saludable En su fase 1, aporte protecci\u00f3n de la fibra capilar gracias a su composici\u00f3n con queratina, prolonga la duraci\u00f3n del color, aporta brillo y luminosidad; y evita los temidos tonos amarillentos. En su fase 2, acondiciona, repara y desenreda de forma instant\u00e1nea. Adem\u00e1s, elimina el encrespamiento, protege el cabello frente al cloro y el salitre y evita la re-deposici\u00f3n de sales y metales.\" \/>\n<meta property=\"og:url\" content=\"https:\/\/bspharma.net\/es_mx\/producto\/salerm-21-bi-phase-190ml-desenreda-repara-hidrata-protege\/\" \/>\n<meta property=\"og:site_name\" content=\"BS Pharma\" \/>\n<meta property=\"article:publisher\" content=\"https:\/\/www.facebook.com\/bspharmasolutions\/\" \/>\n<meta property=\"article:modified_time\" content=\"2024-09-06T00:34:36+00:00\" \/>\n<meta property=\"og:image\" content=\"https:\/\/bspharma.net\/wp-content\/uploads\/2024\/09\/salerm-21-bi-phase-spray-acondicionador-190-ml.jpg\" \/>\n\t<meta property=\"og:image:width\" content=\"458\" \/>\n\t<meta property=\"og:image:height\" content=\"458\" \/>\n\t<meta property=\"og:image:type\" content=\"image\/jpeg\" \/>\n<meta name=\"twitter:card\" content=\"summary_large_image\" \/>\n<meta name=\"twitter:label1\" content=\"Tiempo de lectura\" \/>\n\t<meta name=\"twitter:data1\" content=\"1 minuto\" \/>\n<script type=\"application\/ld+json\" class=\"yoast-schema-graph\">{\"@context\":\"https:\/\/schema.org\",\"@graph\":[{\"@type\":\"WebPage\",\"@id\":\"https:\/\/bspharma.net\/producto\/salerm-21-bi-phase-190ml-desenreda-repara-hidrata-protege\/\",\"url\":\"https:\/\/bspharma.net\/producto\/salerm-21-bi-phase-190ml-desenreda-repara-hidrata-protege\/\",\"name\":\"Salerm 21 Bi-phase 190ml Desenreda\/ Repara\/ Hidrata\/ Protege - BS Pharma\",\"isPartOf\":{\"@id\":\"https:\/\/bspharma.net\/#website\"},\"primaryImageOfPage\":{\"@id\":\"https:\/\/bspharma.net\/producto\/salerm-21-bi-phase-190ml-desenreda-repara-hidrata-protege\/#primaryimage\"},\"image\":{\"@id\":\"https:\/\/bspharma.net\/producto\/salerm-21-bi-phase-190ml-desenreda-repara-hidrata-protege\/#primaryimage\"},\"thumbnailUrl\":\"https:\/\/bspharma.net\/wp-content\/uploads\/2024\/09\/salerm-21-bi-phase-spray-acondicionador-190-ml.jpg\",\"datePublished\":\"2024-09-06T00:34:24+00:00\",\"dateModified\":\"2024-09-06T00:34:36+00:00\",\"breadcrumb\":{\"@id\":\"https:\/\/bspharma.net\/producto\/salerm-21-bi-phase-190ml-desenreda-repara-hidrata-protege\/#breadcrumb\"},\"inLanguage\":\"es\",\"potentialAction\":[{\"@type\":\"ReadAction\",\"target\":[\"https:\/\/bspharma.net\/producto\/salerm-21-bi-phase-190ml-desenreda-repara-hidrata-protege\/\"]}]},{\"@type\":\"ImageObject\",\"inLanguage\":\"es\",\"@id\":\"https:\/\/bspharma.net\/producto\/salerm-21-bi-phase-190ml-desenreda-repara-hidrata-protege\/#primaryimage\",\"url\":\"https:\/\/bspharma.net\/wp-content\/uploads\/2024\/09\/salerm-21-bi-phase-spray-acondicionador-190-ml.jpg\",\"contentUrl\":\"https:\/\/bspharma.net\/wp-content\/uploads\/2024\/09\/salerm-21-bi-phase-spray-acondicionador-190-ml.jpg\",\"width\":458,\"height\":458},{\"@type\":\"BreadcrumbList\",\"@id\":\"https:\/\/bspharma.net\/producto\/salerm-21-bi-phase-190ml-desenreda-repara-hidrata-protege\/#breadcrumb\",\"itemListElement\":[{\"@type\":\"ListItem\",\"position\":1,\"name\":\"Portada\",\"item\":\"https:\/\/bspharma.net\/\"},{\"@type\":\"ListItem\",\"position\":2,\"name\":\"Productos\",\"item\":\"https:\/\/bspharma.net\/productos\/\"},{\"@type\":\"ListItem\",\"position\":3,\"name\":\"Salerm 21 Bi-phase 190ml Desenreda\/ Repara\/ Hidrata\/ Protege\"}]},{\"@type\":\"WebSite\",\"@id\":\"https:\/\/bspharma.net\/#website\",\"url\":\"https:\/\/bspharma.net\/\",\"name\":\"BSPharma\",\"description\":\"Distribuidor Farmac\u00e9utico en M\u00e9xico\",\"publisher\":{\"@id\":\"https:\/\/bspharma.net\/#organization\"},\"potentialAction\":[{\"@type\":\"SearchAction\",\"target\":{\"@type\":\"EntryPoint\",\"urlTemplate\":\"https:\/\/bspharma.net\/?s={search_term_string}\"},\"query-input\":{\"@type\":\"PropertyValueSpecification\",\"valueRequired\":true,\"valueName\":\"search_term_string\"}}],\"inLanguage\":\"es\"},{\"@type\":\"Organization\",\"@id\":\"https:\/\/bspharma.net\/#organization\",\"name\":\"BSPharma\",\"url\":\"https:\/\/bspharma.net\/\",\"logo\":{\"@type\":\"ImageObject\",\"inLanguage\":\"es\",\"@id\":\"https:\/\/bspharma.net\/#\/schema\/logo\/image\/\",\"url\":\"https:\/\/bspharma.net\/wp-content\/uploads\/2024\/09\/cropped-cropped-Diseno-sin-titulo-6.png\",\"contentUrl\":\"https:\/\/bspharma.net\/wp-content\/uploads\/2024\/09\/cropped-cropped-Diseno-sin-titulo-6.png\",\"width\":1080,\"height\":756,\"caption\":\"BSPharma\"},\"image\":{\"@id\":\"https:\/\/bspharma.net\/#\/schema\/logo\/image\/\"},\"sameAs\":[\"https:\/\/www.facebook.com\/bspharmasolutions\/\",\"https:\/\/www.linkedin.com\/company\/bs-pharma-solutions\/\",\"https:\/\/www.instagram.com\/bspharmasolutions\/\",\"https:\/\/www.youtube.com\/@bspharmasolutions\"]}]}<\/script>\n<!-- \/ Yoast SEO plugin. -->","yoast_head_json":{"title":"Salerm 21 Bi-phase 190ml Desenreda\/ Repara\/ Hidrata\/ Protege - BS Pharma","robots":{"index":"index","follow":"follow","max-snippet":"max-snippet:-1","max-image-preview":"max-image-preview:large","max-video-preview":"max-video-preview:-1"},"canonical":"https:\/\/bspharma.net\/es_mx\/producto\/salerm-21-bi-phase-190ml-desenreda-repara-hidrata-protege\/","og_locale":"es_MX","og_type":"article","og_title":"Salerm 21 Bi-phase 190ml Desenreda\/ Repara\/ Hidrata\/ Protege - BS Pharma","og_description":"Salerm 21 Bi-phase 190ml Desenreda\/ Repara\/ Hidrata\/ Protege Protege tu cabello de la manera m\u00e1s f\u00e1cil Un cabello hidratado, sano y saludable En su fase 1, aporte protecci\u00f3n de la fibra capilar gracias a su composici\u00f3n con queratina, prolonga la duraci\u00f3n del color, aporta brillo y luminosidad; y evita los temidos tonos amarillentos. En su fase 2, acondiciona, repara y desenreda de forma instant\u00e1nea. Adem\u00e1s, elimina el encrespamiento, protege el cabello frente al cloro y el salitre y evita la re-deposici\u00f3n de sales y metales.","og_url":"https:\/\/bspharma.net\/es_mx\/producto\/salerm-21-bi-phase-190ml-desenreda-repara-hidrata-protege\/","og_site_name":"BS Pharma","article_publisher":"https:\/\/www.facebook.com\/bspharmasolutions\/","article_modified_time":"2024-09-06T00:34:36+00:00","og_image":[{"width":458,"height":458,"url":"https:\/\/bspharma.net\/wp-content\/uploads\/2024\/09\/salerm-21-bi-phase-spray-acondicionador-190-ml.jpg","type":"image\/jpeg"}],"twitter_card":"summary_large_image","twitter_misc":{"Tiempo de lectura":"1 minuto"},"schema":{"@context":"https:\/\/schema.org","@graph":[{"@type":"WebPage","@id":"https:\/\/bspharma.net\/producto\/salerm-21-bi-phase-190ml-desenreda-repara-hidrata-protege\/","url":"https:\/\/bspharma.net\/producto\/salerm-21-bi-phase-190ml-desenreda-repara-hidrata-protege\/","name":"Salerm 21 Bi-phase 190ml Desenreda\/ Repara\/ Hidrata\/ Protege - BS Pharma","isPartOf":{"@id":"https:\/\/bspharma.net\/#website"},"primaryImageOfPage":{"@id":"https:\/\/bspharma.net\/producto\/salerm-21-bi-phase-190ml-desenreda-repara-hidrata-protege\/#primaryimage"},"image":{"@id":"https:\/\/bspharma.net\/producto\/salerm-21-bi-phase-190ml-desenreda-repara-hidrata-protege\/#primaryimage"},"thumbnailUrl":"https:\/\/bspharma.net\/wp-content\/uploads\/2024\/09\/salerm-21-bi-phase-spray-acondicionador-190-ml.jpg","datePublished":"2024-09-06T00:34:24+00:00","dateModified":"2024-09-06T00:34:36+00:00","breadcrumb":{"@id":"https:\/\/bspharma.net\/producto\/salerm-21-bi-phase-190ml-desenreda-repara-hidrata-protege\/#breadcrumb"},"inLanguage":"es","potentialAction":[{"@type":"ReadAction","target":["https:\/\/bspharma.net\/producto\/salerm-21-bi-phase-190ml-desenreda-repara-hidrata-protege\/"]}]},{"@type":"ImageObject","inLanguage":"es","@id":"https:\/\/bspharma.net\/producto\/salerm-21-bi-phase-190ml-desenreda-repara-hidrata-protege\/#primaryimage","url":"https:\/\/bspharma.net\/wp-content\/uploads\/2024\/09\/salerm-21-bi-phase-spray-acondicionador-190-ml.jpg","contentUrl":"https:\/\/bspharma.net\/wp-content\/uploads\/2024\/09\/salerm-21-bi-phase-spray-acondicionador-190-ml.jpg","width":458,"height":458},{"@type":"BreadcrumbList","@id":"https:\/\/bspharma.net\/producto\/salerm-21-bi-phase-190ml-desenreda-repara-hidrata-protege\/#breadcrumb","itemListElement":[{"@type":"ListItem","position":1,"name":"Portada","item":"https:\/\/bspharma.net\/"},{"@type":"ListItem","position":2,"name":"Productos","item":"https:\/\/bspharma.net\/productos\/"},{"@type":"ListItem","position":3,"name":"Salerm 21 Bi-phase 190ml Desenreda\/ Repara\/ Hidrata\/ Protege"}]},{"@type":"WebSite","@id":"https:\/\/bspharma.net\/#website","url":"https:\/\/bspharma.net\/","name":"BSPharma","description":"Distribuidor Farmac\u00e9utico en M\u00e9xico","publisher":{"@id":"https:\/\/bspharma.net\/#organization"},"potentialAction":[{"@type":"SearchAction","target":{"@type":"EntryPoint","urlTemplate":"https:\/\/bspharma.net\/?s={search_term_string}"},"query-input":{"@type":"PropertyValueSpecification","valueRequired":true,"valueName":"search_term_string"}}],"inLanguage":"es"},{"@type":"Organization","@id":"https:\/\/bspharma.net\/#organization","name":"BSPharma","url":"https:\/\/bspharma.net\/","logo":{"@type":"ImageObject","inLanguage":"es","@id":"https:\/\/bspharma.net\/#\/schema\/logo\/image\/","url":"https:\/\/bspharma.net\/wp-content\/uploads\/2024\/09\/cropped-cropped-Diseno-sin-titulo-6.png","contentUrl":"https:\/\/bspharma.net\/wp-content\/uploads\/2024\/09\/cropped-cropped-Diseno-sin-titulo-6.png","width":1080,"height":756,"caption":"BSPharma"},"image":{"@id":"https:\/\/bspharma.net\/#\/schema\/logo\/image\/"},"sameAs":["https:\/\/www.facebook.com\/bspharmasolutions\/","https:\/\/www.linkedin.com\/company\/bs-pharma-solutions\/","https:\/\/www.instagram.com\/bspharmasolutions\/","https:\/\/www.youtube.com\/@bspharmasolutions"]}]}},"taxonomy_info":{"product_cat":[{"value":507,"label":"Cuidado personal"}]},"featured_image_src_large":["https:\/\/bspharma.net\/wp-content\/uploads\/2024\/09\/salerm-21-bi-phase-spray-acondicionador-190-ml.jpg",458,458,false],"author_info":[],"comment_info":"","_links":{"self":[{"href":"https:\/\/bspharma.net\/es_mx\/wp-json\/wp\/v2\/product\/3083","targetHints":{"allow":["GET"]}}],"collection":[{"href":"https:\/\/bspharma.net\/es_mx\/wp-json\/wp\/v2\/product"}],"about":[{"href":"https:\/\/bspharma.net\/es_mx\/wp-json\/wp\/v2\/types\/product"}],"wp:featuredmedia":[{"embeddable":true,"href":"https:\/\/bspharma.net\/es_mx\/wp-json\/wp\/v2\/media\/3113"}],"wp:attachment":[{"href":"https:\/\/bspharma.net\/es_mx\/wp-json\/wp\/v2\/media?parent=3083"}],"wp:term":[{"taxonomy":"product_brand","embeddable":true,"href":"https:\/\/bspharma.net\/es_mx\/wp-json\/wp\/v2\/product_brand?post=3083"},{"taxonomy":"product_cat","embeddable":true,"href":"https:\/\/bspharma.net\/es_mx\/wp-json\/wp\/v2\/product_cat?post=3083"},{"taxonomy":"product_tag","embeddable":true,"href":"https:\/\/bspharma.net\/es_mx\/wp-json\/wp\/v2\/product_tag?post=3083"}],"curies":[{"name":"wp","href":"https:\/\/api.w.org\/{rel}","templated":true}]}}