{"id":3266,"date":"2024-09-06T08:31:13","date_gmt":"2024-09-06T14:31:13","guid":{"rendered":"https:\/\/bspharma.net\/?post_type=product&#038;p=3266"},"modified":"2024-09-06T08:31:25","modified_gmt":"2024-09-06T14:31:25","slug":"avene-locion-micelar-400-ml","status":"publish","type":"product","link":"https:\/\/bspharma.net\/es_mx\/producto\/avene-locion-micelar-400-ml\/","title":{"rendered":"Avene Loci\u00f3n Micelar 400 Ml."},"content":{"rendered":"<p>Limpia, desmaquilla, desintoxica y elimina part\u00edculas contaminantes. Adecuado para piel y ojos sensibles y para usuarios de lentes de contacto.<\/p>\n<p>Esta agua micelar desmaquillante limpia (incluso las part\u00edculas de contaminaci\u00f3n*), hidrata y calma el rostro y los ojos sensibles en un solo paso. Contiene un 99 % de ingredientes de origen natural y ninguno de origen animal. A diario, esta agua refrescante delicadamente perfumada quitar el maquillaje y aporta suavidad en un solo y r\u00e1pido paso. Mejora la hidrataci\u00f3n y preserva el equilibrio natural de la piel gracias a la combinaci\u00f3n de glicerina y trehalosa y a la alta concentraci\u00f3n de Agua Termal de Av\u00e8ne con sus propiedades calmantes. Su f\u00f3rmula contiene un m\u00ednimo de ingredientes en la dosis justa para garantizar la eficacia y la tolerancia. Deja la piel limpia, suave, calmada y confortable.<\/p>","protected":false},"excerpt":{"rendered":"<p><strong>F\u00f3rmula: <\/strong>Loci\u00f3n Micelar\/ <strong>Laboratorio:<\/strong> Avene\/ <strong>Presentaci\u00f3n: <\/strong>Bote\u00a0C\/400 ml<\/p>","protected":false},"featured_media":3290,"template":"","meta":{"_kad_blocks_custom_css":"","_kad_blocks_head_custom_js":"","_kad_blocks_body_custom_js":"","_kad_blocks_footer_custom_js":"","_kadence_starter_templates_imported_post":false,"_kad_post_transparent":"","_kad_post_title":"","_kad_post_layout":"","_kad_post_sidebar_id":"","_kad_post_content_style":"","_kad_post_vertical_padding":"","_kad_post_feature":"","_kad_post_feature_position":"","_kad_post_header":false,"_kad_post_footer":false,"_kad_post_classname":""},"product_brand":[],"product_cat":[507,91],"product_tag":[2955,2933,2956,2957],"class_list":{"0":"post-3266","1":"product","2":"type-product","3":"status-publish","4":"has-post-thumbnail","6":"product_cat-cuidado-personal","7":"product_cat-dermatologicos","8":"product_tag-agua-micelar","9":"product_tag-avene","10":"product_tag-avene-locion-micelar-400-ml","11":"product_tag-locion-micelar","13":"first","14":"outofstock","15":"shipping-taxable","16":"purchasable","17":"product-type-simple","18":"entry","19":"content-bg","20":"loop-entry"},"yoast_head":"<!-- This site is optimized with the Yoast SEO plugin v27.2 - https:\/\/yoast.com\/product\/yoast-seo-wordpress\/ -->\n<title>Avene Loci\u00f3n Micelar 400 Ml. - BS Pharma<\/title>\n<meta name=\"robots\" content=\"index, follow, max-snippet:-1, max-image-preview:large, max-video-preview:-1\" \/>\n<link rel=\"canonical\" href=\"https:\/\/bspharma.net\/es_mx\/producto\/avene-locion-micelar-400-ml\/\" \/>\n<meta property=\"og:locale\" content=\"es_MX\" \/>\n<meta property=\"og:type\" content=\"article\" \/>\n<meta property=\"og:title\" content=\"Avene Loci\u00f3n Micelar 400 Ml. - BS Pharma\" \/>\n<meta property=\"og:description\" content=\"F\u00f3rmula: Loci\u00f3n Micelar\/ Laboratorio: Avene\/ Presentaci\u00f3n: Bote\u00a0C\/400 ml\" \/>\n<meta property=\"og:url\" content=\"https:\/\/bspharma.net\/es_mx\/producto\/avene-locion-micelar-400-ml\/\" \/>\n<meta property=\"og:site_name\" content=\"BS Pharma\" \/>\n<meta property=\"article:publisher\" content=\"https:\/\/www.facebook.com\/bspharmasolutions\/\" \/>\n<meta property=\"article:modified_time\" content=\"2024-09-06T14:31:25+00:00\" \/>\n<meta property=\"og:image\" content=\"https:\/\/bspharma.net\/wp-content\/uploads\/2024\/09\/3282770390179_1.jpg\" \/>\n\t<meta property=\"og:image:width\" content=\"500\" \/>\n\t<meta property=\"og:image:height\" content=\"500\" \/>\n\t<meta property=\"og:image:type\" content=\"image\/jpeg\" \/>\n<meta name=\"twitter:card\" content=\"summary_large_image\" \/>\n<meta name=\"twitter:label1\" content=\"Tiempo de lectura\" \/>\n\t<meta name=\"twitter:data1\" content=\"1 minuto\" \/>\n<script type=\"application\/ld+json\" class=\"yoast-schema-graph\">{\"@context\":\"https:\/\/schema.org\",\"@graph\":[{\"@type\":\"WebPage\",\"@id\":\"https:\/\/bspharma.net\/producto\/avene-locion-micelar-400-ml\/\",\"url\":\"https:\/\/bspharma.net\/producto\/avene-locion-micelar-400-ml\/\",\"name\":\"Avene Loci\u00f3n Micelar 400 Ml. - BS Pharma\",\"isPartOf\":{\"@id\":\"https:\/\/bspharma.net\/#website\"},\"primaryImageOfPage\":{\"@id\":\"https:\/\/bspharma.net\/producto\/avene-locion-micelar-400-ml\/#primaryimage\"},\"image\":{\"@id\":\"https:\/\/bspharma.net\/producto\/avene-locion-micelar-400-ml\/#primaryimage\"},\"thumbnailUrl\":\"https:\/\/bspharma.net\/wp-content\/uploads\/2024\/09\/3282770390179_1.jpg\",\"datePublished\":\"2024-09-06T14:31:13+00:00\",\"dateModified\":\"2024-09-06T14:31:25+00:00\",\"breadcrumb\":{\"@id\":\"https:\/\/bspharma.net\/producto\/avene-locion-micelar-400-ml\/#breadcrumb\"},\"inLanguage\":\"es\",\"potentialAction\":[{\"@type\":\"ReadAction\",\"target\":[\"https:\/\/bspharma.net\/producto\/avene-locion-micelar-400-ml\/\"]}]},{\"@type\":\"ImageObject\",\"inLanguage\":\"es\",\"@id\":\"https:\/\/bspharma.net\/producto\/avene-locion-micelar-400-ml\/#primaryimage\",\"url\":\"https:\/\/bspharma.net\/wp-content\/uploads\/2024\/09\/3282770390179_1.jpg\",\"contentUrl\":\"https:\/\/bspharma.net\/wp-content\/uploads\/2024\/09\/3282770390179_1.jpg\",\"width\":500,\"height\":500},{\"@type\":\"BreadcrumbList\",\"@id\":\"https:\/\/bspharma.net\/producto\/avene-locion-micelar-400-ml\/#breadcrumb\",\"itemListElement\":[{\"@type\":\"ListItem\",\"position\":1,\"name\":\"Portada\",\"item\":\"https:\/\/bspharma.net\/\"},{\"@type\":\"ListItem\",\"position\":2,\"name\":\"Productos\",\"item\":\"https:\/\/bspharma.net\/productos\/\"},{\"@type\":\"ListItem\",\"position\":3,\"name\":\"Avene Loci\u00f3n Micelar 400 Ml.\"}]},{\"@type\":\"WebSite\",\"@id\":\"https:\/\/bspharma.net\/#website\",\"url\":\"https:\/\/bspharma.net\/\",\"name\":\"BSPharma\",\"description\":\"Distribuidor Farmac\u00e9utico en M\u00e9xico\",\"publisher\":{\"@id\":\"https:\/\/bspharma.net\/#organization\"},\"potentialAction\":[{\"@type\":\"SearchAction\",\"target\":{\"@type\":\"EntryPoint\",\"urlTemplate\":\"https:\/\/bspharma.net\/?s={search_term_string}\"},\"query-input\":{\"@type\":\"PropertyValueSpecification\",\"valueRequired\":true,\"valueName\":\"search_term_string\"}}],\"inLanguage\":\"es\"},{\"@type\":\"Organization\",\"@id\":\"https:\/\/bspharma.net\/#organization\",\"name\":\"BSPharma\",\"url\":\"https:\/\/bspharma.net\/\",\"logo\":{\"@type\":\"ImageObject\",\"inLanguage\":\"es\",\"@id\":\"https:\/\/bspharma.net\/#\/schema\/logo\/image\/\",\"url\":\"https:\/\/bspharma.net\/wp-content\/uploads\/2024\/09\/cropped-cropped-Diseno-sin-titulo-6.png\",\"contentUrl\":\"https:\/\/bspharma.net\/wp-content\/uploads\/2024\/09\/cropped-cropped-Diseno-sin-titulo-6.png\",\"width\":1080,\"height\":756,\"caption\":\"BSPharma\"},\"image\":{\"@id\":\"https:\/\/bspharma.net\/#\/schema\/logo\/image\/\"},\"sameAs\":[\"https:\/\/www.facebook.com\/bspharmasolutions\/\",\"https:\/\/www.linkedin.com\/company\/bs-pharma-solutions\/\",\"https:\/\/www.instagram.com\/bspharmasolutions\/\",\"https:\/\/www.youtube.com\/@bspharmasolutions\"]}]}<\/script>\n<!-- \/ Yoast SEO plugin. -->","yoast_head_json":{"title":"Avene Loci\u00f3n Micelar 400 Ml. - BS Pharma","robots":{"index":"index","follow":"follow","max-snippet":"max-snippet:-1","max-image-preview":"max-image-preview:large","max-video-preview":"max-video-preview:-1"},"canonical":"https:\/\/bspharma.net\/es_mx\/producto\/avene-locion-micelar-400-ml\/","og_locale":"es_MX","og_type":"article","og_title":"Avene Loci\u00f3n Micelar 400 Ml. - BS Pharma","og_description":"F\u00f3rmula: Loci\u00f3n Micelar\/ Laboratorio: Avene\/ Presentaci\u00f3n: Bote\u00a0C\/400 ml","og_url":"https:\/\/bspharma.net\/es_mx\/producto\/avene-locion-micelar-400-ml\/","og_site_name":"BS Pharma","article_publisher":"https:\/\/www.facebook.com\/bspharmasolutions\/","article_modified_time":"2024-09-06T14:31:25+00:00","og_image":[{"width":500,"height":500,"url":"https:\/\/bspharma.net\/wp-content\/uploads\/2024\/09\/3282770390179_1.jpg","type":"image\/jpeg"}],"twitter_card":"summary_large_image","twitter_misc":{"Tiempo de lectura":"1 minuto"},"schema":{"@context":"https:\/\/schema.org","@graph":[{"@type":"WebPage","@id":"https:\/\/bspharma.net\/producto\/avene-locion-micelar-400-ml\/","url":"https:\/\/bspharma.net\/producto\/avene-locion-micelar-400-ml\/","name":"Avene Loci\u00f3n Micelar 400 Ml. - BS Pharma","isPartOf":{"@id":"https:\/\/bspharma.net\/#website"},"primaryImageOfPage":{"@id":"https:\/\/bspharma.net\/producto\/avene-locion-micelar-400-ml\/#primaryimage"},"image":{"@id":"https:\/\/bspharma.net\/producto\/avene-locion-micelar-400-ml\/#primaryimage"},"thumbnailUrl":"https:\/\/bspharma.net\/wp-content\/uploads\/2024\/09\/3282770390179_1.jpg","datePublished":"2024-09-06T14:31:13+00:00","dateModified":"2024-09-06T14:31:25+00:00","breadcrumb":{"@id":"https:\/\/bspharma.net\/producto\/avene-locion-micelar-400-ml\/#breadcrumb"},"inLanguage":"es","potentialAction":[{"@type":"ReadAction","target":["https:\/\/bspharma.net\/producto\/avene-locion-micelar-400-ml\/"]}]},{"@type":"ImageObject","inLanguage":"es","@id":"https:\/\/bspharma.net\/producto\/avene-locion-micelar-400-ml\/#primaryimage","url":"https:\/\/bspharma.net\/wp-content\/uploads\/2024\/09\/3282770390179_1.jpg","contentUrl":"https:\/\/bspharma.net\/wp-content\/uploads\/2024\/09\/3282770390179_1.jpg","width":500,"height":500},{"@type":"BreadcrumbList","@id":"https:\/\/bspharma.net\/producto\/avene-locion-micelar-400-ml\/#breadcrumb","itemListElement":[{"@type":"ListItem","position":1,"name":"Portada","item":"https:\/\/bspharma.net\/"},{"@type":"ListItem","position":2,"name":"Productos","item":"https:\/\/bspharma.net\/productos\/"},{"@type":"ListItem","position":3,"name":"Avene Loci\u00f3n Micelar 400 Ml."}]},{"@type":"WebSite","@id":"https:\/\/bspharma.net\/#website","url":"https:\/\/bspharma.net\/","name":"BSPharma","description":"Distribuidor Farmac\u00e9utico en M\u00e9xico","publisher":{"@id":"https:\/\/bspharma.net\/#organization"},"potentialAction":[{"@type":"SearchAction","target":{"@type":"EntryPoint","urlTemplate":"https:\/\/bspharma.net\/?s={search_term_string}"},"query-input":{"@type":"PropertyValueSpecification","valueRequired":true,"valueName":"search_term_string"}}],"inLanguage":"es"},{"@type":"Organization","@id":"https:\/\/bspharma.net\/#organization","name":"BSPharma","url":"https:\/\/bspharma.net\/","logo":{"@type":"ImageObject","inLanguage":"es","@id":"https:\/\/bspharma.net\/#\/schema\/logo\/image\/","url":"https:\/\/bspharma.net\/wp-content\/uploads\/2024\/09\/cropped-cropped-Diseno-sin-titulo-6.png","contentUrl":"https:\/\/bspharma.net\/wp-content\/uploads\/2024\/09\/cropped-cropped-Diseno-sin-titulo-6.png","width":1080,"height":756,"caption":"BSPharma"},"image":{"@id":"https:\/\/bspharma.net\/#\/schema\/logo\/image\/"},"sameAs":["https:\/\/www.facebook.com\/bspharmasolutions\/","https:\/\/www.linkedin.com\/company\/bs-pharma-solutions\/","https:\/\/www.instagram.com\/bspharmasolutions\/","https:\/\/www.youtube.com\/@bspharmasolutions"]}]}},"taxonomy_info":{"product_cat":[{"value":507,"label":"Cuidado personal"},{"value":91,"label":"Dermatol\u00f3gicos"}],"product_tag":[{"value":2955,"label":"Agua micelar"},{"value":2933,"label":"Avene"},{"value":2956,"label":"Avene Loci\u00f3n Micelar 400 Ml."},{"value":2957,"label":"Loci\u00f3n Micelar"}]},"featured_image_src_large":["https:\/\/bspharma.net\/wp-content\/uploads\/2024\/09\/3282770390179_1.jpg",500,500,false],"author_info":[],"comment_info":"","_links":{"self":[{"href":"https:\/\/bspharma.net\/es_mx\/wp-json\/wp\/v2\/product\/3266","targetHints":{"allow":["GET"]}}],"collection":[{"href":"https:\/\/bspharma.net\/es_mx\/wp-json\/wp\/v2\/product"}],"about":[{"href":"https:\/\/bspharma.net\/es_mx\/wp-json\/wp\/v2\/types\/product"}],"wp:featuredmedia":[{"embeddable":true,"href":"https:\/\/bspharma.net\/es_mx\/wp-json\/wp\/v2\/media\/3290"}],"wp:attachment":[{"href":"https:\/\/bspharma.net\/es_mx\/wp-json\/wp\/v2\/media?parent=3266"}],"wp:term":[{"taxonomy":"product_brand","embeddable":true,"href":"https:\/\/bspharma.net\/es_mx\/wp-json\/wp\/v2\/product_brand?post=3266"},{"taxonomy":"product_cat","embeddable":true,"href":"https:\/\/bspharma.net\/es_mx\/wp-json\/wp\/v2\/product_cat?post=3266"},{"taxonomy":"product_tag","embeddable":true,"href":"https:\/\/bspharma.net\/es_mx\/wp-json\/wp\/v2\/product_tag?post=3266"}],"curies":[{"name":"wp","href":"https:\/\/api.w.org\/{rel}","templated":true}]}}