{"id":3267,"date":"2024-09-06T08:31:13","date_gmt":"2024-09-06T14:31:13","guid":{"rendered":"https:\/\/bspharma.net\/?post_type=product&#038;p=3267"},"modified":"2024-09-06T08:31:25","modified_gmt":"2024-09-06T14:31:25","slug":"avene-serum-corrector-women-30-ml","status":"publish","type":"product","link":"https:\/\/bspharma.net\/es_mx\/producto\/avene-serum-corrector-women-30-ml\/","title":{"rendered":"Avene Serum Corrector Women 30 Ml"},"content":{"rendered":"<ul>\n<li>Un s\u00e9rum corrector que reduce las imperfecciones de la piel de las mujeres adultas, afina su textura y reduce los poros. Su eficacia est\u00e1 asociada a un concentrado de ingredientes activos combinados.<\/li>\n<li>Synovea HR para reducir las imperfecciones y limitar la oxidaci\u00f3n del sebo que provoca la aparici\u00f3n de puntos negros.<\/li>\n<li>P-Refinyl para tensar los poros, y \u00c1cidos Glic\u00f3lico y L\u00e1ctico para afinar la textura de la piel.<\/li>\n<\/ul>\n<p>Un s\u00e9rum corrector que reduce las imperfecciones de la piel de las mujeres adultas, afina su textura y reduce los poros. Su eficacia est\u00e1 asociada a un concentrado de ingredientes activos combinados : Synovea\u2122 HR para reducir las imperfecciones y limitar la oxidaci\u00f3n del sebo* que provoca la aparici\u00f3n de puntos negros, P-Refinyl para tensar los poros, y \u00c1cidos Glic\u00f3lico y L\u00e1ctico para afinar la textura de la piel. Este tratamiento de textura fresca y ligera deja la piel radiante, limpia y suave. Su adictiva fragancia lo convierte en un tratamiento imprescindible para integrar r\u00e1pidamente en la rutina diaria.<\/p>","protected":false},"excerpt":{"rendered":"<p><strong>F\u00f3rmula: <\/strong>Ser\u00fam Corrector\u00a0\/ <strong>Laboratorio:<\/strong> Avene\/ <strong>Presentaci\u00f3n: <\/strong>Frasco C\/30 ml<\/p>","protected":false},"featured_media":3291,"template":"","meta":{"_kad_blocks_custom_css":"","_kad_blocks_head_custom_js":"","_kad_blocks_body_custom_js":"","_kad_blocks_footer_custom_js":"","_kadence_starter_templates_imported_post":false,"_kad_post_transparent":"","_kad_post_title":"","_kad_post_layout":"","_kad_post_sidebar_id":"","_kad_post_content_style":"","_kad_post_vertical_padding":"","_kad_post_feature":"","_kad_post_feature_position":"","_kad_post_header":false,"_kad_post_footer":false,"_kad_post_classname":""},"product_brand":[],"product_cat":[507,91],"product_tag":[2933,2934,2958,2959,2960],"class_list":{"0":"post-3267","1":"product","2":"type-product","3":"status-publish","4":"has-post-thumbnail","6":"product_cat-cuidado-personal","7":"product_cat-dermatologicos","8":"product_tag-avene","9":"product_tag-avene-cleanance","10":"product_tag-avene-cleanance-women","11":"product_tag-avene-cleanance-women-suero-30-ml","12":"product_tag-cleanance-women-suero","14":"first","15":"instock","16":"shipping-taxable","17":"purchasable","18":"product-type-simple","19":"entry","20":"content-bg","21":"loop-entry"},"yoast_head":"<!-- This site is optimized with the Yoast SEO plugin v27.2 - https:\/\/yoast.com\/product\/yoast-seo-wordpress\/ -->\n<title>Avene Serum Corrector Women 30 Ml - BS Pharma<\/title>\n<meta name=\"robots\" content=\"index, follow, max-snippet:-1, max-image-preview:large, max-video-preview:-1\" \/>\n<link rel=\"canonical\" href=\"https:\/\/bspharma.net\/es_mx\/producto\/avene-serum-corrector-women-30-ml\/\" \/>\n<meta property=\"og:locale\" content=\"es_MX\" \/>\n<meta property=\"og:type\" content=\"article\" \/>\n<meta property=\"og:title\" content=\"Avene Serum Corrector Women 30 Ml - BS Pharma\" \/>\n<meta property=\"og:description\" content=\"F\u00f3rmula: Ser\u00fam Corrector\u00a0\/ Laboratorio: Avene\/ Presentaci\u00f3n: Frasco C\/30 ml\" \/>\n<meta property=\"og:url\" content=\"https:\/\/bspharma.net\/es_mx\/producto\/avene-serum-corrector-women-30-ml\/\" \/>\n<meta property=\"og:site_name\" content=\"BS Pharma\" \/>\n<meta property=\"article:publisher\" content=\"https:\/\/www.facebook.com\/bspharmasolutions\/\" \/>\n<meta property=\"article:modified_time\" content=\"2024-09-06T14:31:25+00:00\" \/>\n<meta property=\"og:image\" content=\"https:\/\/bspharma.net\/wp-content\/uploads\/2024\/09\/196922-800-auto.webp\" \/>\n\t<meta property=\"og:image:width\" content=\"800\" \/>\n\t<meta property=\"og:image:height\" content=\"800\" \/>\n\t<meta property=\"og:image:type\" content=\"image\/webp\" \/>\n<meta name=\"twitter:card\" content=\"summary_large_image\" \/>\n<meta name=\"twitter:label1\" content=\"Tiempo de lectura\" \/>\n\t<meta name=\"twitter:data1\" content=\"1 minuto\" \/>\n<script type=\"application\/ld+json\" class=\"yoast-schema-graph\">{\"@context\":\"https:\/\/schema.org\",\"@graph\":[{\"@type\":\"WebPage\",\"@id\":\"https:\/\/bspharma.net\/producto\/avene-serum-corrector-women-30-ml\/\",\"url\":\"https:\/\/bspharma.net\/producto\/avene-serum-corrector-women-30-ml\/\",\"name\":\"Avene Serum Corrector Women 30 Ml - BS Pharma\",\"isPartOf\":{\"@id\":\"https:\/\/bspharma.net\/#website\"},\"primaryImageOfPage\":{\"@id\":\"https:\/\/bspharma.net\/producto\/avene-serum-corrector-women-30-ml\/#primaryimage\"},\"image\":{\"@id\":\"https:\/\/bspharma.net\/producto\/avene-serum-corrector-women-30-ml\/#primaryimage\"},\"thumbnailUrl\":\"https:\/\/bspharma.net\/wp-content\/uploads\/2024\/09\/196922-800-auto.webp\",\"datePublished\":\"2024-09-06T14:31:13+00:00\",\"dateModified\":\"2024-09-06T14:31:25+00:00\",\"breadcrumb\":{\"@id\":\"https:\/\/bspharma.net\/producto\/avene-serum-corrector-women-30-ml\/#breadcrumb\"},\"inLanguage\":\"es\",\"potentialAction\":[{\"@type\":\"ReadAction\",\"target\":[\"https:\/\/bspharma.net\/producto\/avene-serum-corrector-women-30-ml\/\"]}]},{\"@type\":\"ImageObject\",\"inLanguage\":\"es\",\"@id\":\"https:\/\/bspharma.net\/producto\/avene-serum-corrector-women-30-ml\/#primaryimage\",\"url\":\"https:\/\/bspharma.net\/wp-content\/uploads\/2024\/09\/196922-800-auto.webp\",\"contentUrl\":\"https:\/\/bspharma.net\/wp-content\/uploads\/2024\/09\/196922-800-auto.webp\",\"width\":800,\"height\":800},{\"@type\":\"BreadcrumbList\",\"@id\":\"https:\/\/bspharma.net\/producto\/avene-serum-corrector-women-30-ml\/#breadcrumb\",\"itemListElement\":[{\"@type\":\"ListItem\",\"position\":1,\"name\":\"Portada\",\"item\":\"https:\/\/bspharma.net\/\"},{\"@type\":\"ListItem\",\"position\":2,\"name\":\"Productos\",\"item\":\"https:\/\/bspharma.net\/productos\/\"},{\"@type\":\"ListItem\",\"position\":3,\"name\":\"Avene Serum Corrector Women 30 Ml\"}]},{\"@type\":\"WebSite\",\"@id\":\"https:\/\/bspharma.net\/#website\",\"url\":\"https:\/\/bspharma.net\/\",\"name\":\"BSPharma\",\"description\":\"Distribuidor Farmac\u00e9utico en M\u00e9xico\",\"publisher\":{\"@id\":\"https:\/\/bspharma.net\/#organization\"},\"potentialAction\":[{\"@type\":\"SearchAction\",\"target\":{\"@type\":\"EntryPoint\",\"urlTemplate\":\"https:\/\/bspharma.net\/?s={search_term_string}\"},\"query-input\":{\"@type\":\"PropertyValueSpecification\",\"valueRequired\":true,\"valueName\":\"search_term_string\"}}],\"inLanguage\":\"es\"},{\"@type\":\"Organization\",\"@id\":\"https:\/\/bspharma.net\/#organization\",\"name\":\"BSPharma\",\"url\":\"https:\/\/bspharma.net\/\",\"logo\":{\"@type\":\"ImageObject\",\"inLanguage\":\"es\",\"@id\":\"https:\/\/bspharma.net\/#\/schema\/logo\/image\/\",\"url\":\"https:\/\/bspharma.net\/wp-content\/uploads\/2024\/09\/cropped-cropped-Diseno-sin-titulo-6.png\",\"contentUrl\":\"https:\/\/bspharma.net\/wp-content\/uploads\/2024\/09\/cropped-cropped-Diseno-sin-titulo-6.png\",\"width\":1080,\"height\":756,\"caption\":\"BSPharma\"},\"image\":{\"@id\":\"https:\/\/bspharma.net\/#\/schema\/logo\/image\/\"},\"sameAs\":[\"https:\/\/www.facebook.com\/bspharmasolutions\/\",\"https:\/\/www.linkedin.com\/company\/bs-pharma-solutions\/\",\"https:\/\/www.instagram.com\/bspharmasolutions\/\",\"https:\/\/www.youtube.com\/@bspharmasolutions\"]}]}<\/script>\n<!-- \/ Yoast SEO plugin. -->","yoast_head_json":{"title":"Avene Serum Corrector Women 30 Ml - BS Pharma","robots":{"index":"index","follow":"follow","max-snippet":"max-snippet:-1","max-image-preview":"max-image-preview:large","max-video-preview":"max-video-preview:-1"},"canonical":"https:\/\/bspharma.net\/es_mx\/producto\/avene-serum-corrector-women-30-ml\/","og_locale":"es_MX","og_type":"article","og_title":"Avene Serum Corrector Women 30 Ml - BS Pharma","og_description":"F\u00f3rmula: Ser\u00fam Corrector\u00a0\/ Laboratorio: Avene\/ Presentaci\u00f3n: Frasco C\/30 ml","og_url":"https:\/\/bspharma.net\/es_mx\/producto\/avene-serum-corrector-women-30-ml\/","og_site_name":"BS Pharma","article_publisher":"https:\/\/www.facebook.com\/bspharmasolutions\/","article_modified_time":"2024-09-06T14:31:25+00:00","og_image":[{"width":800,"height":800,"url":"https:\/\/bspharma.net\/wp-content\/uploads\/2024\/09\/196922-800-auto.webp","type":"image\/webp"}],"twitter_card":"summary_large_image","twitter_misc":{"Tiempo de lectura":"1 minuto"},"schema":{"@context":"https:\/\/schema.org","@graph":[{"@type":"WebPage","@id":"https:\/\/bspharma.net\/producto\/avene-serum-corrector-women-30-ml\/","url":"https:\/\/bspharma.net\/producto\/avene-serum-corrector-women-30-ml\/","name":"Avene Serum Corrector Women 30 Ml - BS Pharma","isPartOf":{"@id":"https:\/\/bspharma.net\/#website"},"primaryImageOfPage":{"@id":"https:\/\/bspharma.net\/producto\/avene-serum-corrector-women-30-ml\/#primaryimage"},"image":{"@id":"https:\/\/bspharma.net\/producto\/avene-serum-corrector-women-30-ml\/#primaryimage"},"thumbnailUrl":"https:\/\/bspharma.net\/wp-content\/uploads\/2024\/09\/196922-800-auto.webp","datePublished":"2024-09-06T14:31:13+00:00","dateModified":"2024-09-06T14:31:25+00:00","breadcrumb":{"@id":"https:\/\/bspharma.net\/producto\/avene-serum-corrector-women-30-ml\/#breadcrumb"},"inLanguage":"es","potentialAction":[{"@type":"ReadAction","target":["https:\/\/bspharma.net\/producto\/avene-serum-corrector-women-30-ml\/"]}]},{"@type":"ImageObject","inLanguage":"es","@id":"https:\/\/bspharma.net\/producto\/avene-serum-corrector-women-30-ml\/#primaryimage","url":"https:\/\/bspharma.net\/wp-content\/uploads\/2024\/09\/196922-800-auto.webp","contentUrl":"https:\/\/bspharma.net\/wp-content\/uploads\/2024\/09\/196922-800-auto.webp","width":800,"height":800},{"@type":"BreadcrumbList","@id":"https:\/\/bspharma.net\/producto\/avene-serum-corrector-women-30-ml\/#breadcrumb","itemListElement":[{"@type":"ListItem","position":1,"name":"Portada","item":"https:\/\/bspharma.net\/"},{"@type":"ListItem","position":2,"name":"Productos","item":"https:\/\/bspharma.net\/productos\/"},{"@type":"ListItem","position":3,"name":"Avene Serum Corrector Women 30 Ml"}]},{"@type":"WebSite","@id":"https:\/\/bspharma.net\/#website","url":"https:\/\/bspharma.net\/","name":"BSPharma","description":"Distribuidor Farmac\u00e9utico en M\u00e9xico","publisher":{"@id":"https:\/\/bspharma.net\/#organization"},"potentialAction":[{"@type":"SearchAction","target":{"@type":"EntryPoint","urlTemplate":"https:\/\/bspharma.net\/?s={search_term_string}"},"query-input":{"@type":"PropertyValueSpecification","valueRequired":true,"valueName":"search_term_string"}}],"inLanguage":"es"},{"@type":"Organization","@id":"https:\/\/bspharma.net\/#organization","name":"BSPharma","url":"https:\/\/bspharma.net\/","logo":{"@type":"ImageObject","inLanguage":"es","@id":"https:\/\/bspharma.net\/#\/schema\/logo\/image\/","url":"https:\/\/bspharma.net\/wp-content\/uploads\/2024\/09\/cropped-cropped-Diseno-sin-titulo-6.png","contentUrl":"https:\/\/bspharma.net\/wp-content\/uploads\/2024\/09\/cropped-cropped-Diseno-sin-titulo-6.png","width":1080,"height":756,"caption":"BSPharma"},"image":{"@id":"https:\/\/bspharma.net\/#\/schema\/logo\/image\/"},"sameAs":["https:\/\/www.facebook.com\/bspharmasolutions\/","https:\/\/www.linkedin.com\/company\/bs-pharma-solutions\/","https:\/\/www.instagram.com\/bspharmasolutions\/","https:\/\/www.youtube.com\/@bspharmasolutions"]}]}},"taxonomy_info":{"product_cat":[{"value":507,"label":"Cuidado personal"},{"value":91,"label":"Dermatol\u00f3gicos"}],"product_tag":[{"value":2933,"label":"Avene"},{"value":2934,"label":"Avene Cleanance"},{"value":2958,"label":"Avene Cleanance Women"},{"value":2959,"label":"Avene Cleanance Women Suero 30 ml"},{"value":2960,"label":"Cleanance Women Suero"}]},"featured_image_src_large":["https:\/\/bspharma.net\/wp-content\/uploads\/2024\/09\/196922-800-auto.webp",800,800,false],"author_info":[],"comment_info":"","_links":{"self":[{"href":"https:\/\/bspharma.net\/es_mx\/wp-json\/wp\/v2\/product\/3267","targetHints":{"allow":["GET"]}}],"collection":[{"href":"https:\/\/bspharma.net\/es_mx\/wp-json\/wp\/v2\/product"}],"about":[{"href":"https:\/\/bspharma.net\/es_mx\/wp-json\/wp\/v2\/types\/product"}],"wp:featuredmedia":[{"embeddable":true,"href":"https:\/\/bspharma.net\/es_mx\/wp-json\/wp\/v2\/media\/3291"}],"wp:attachment":[{"href":"https:\/\/bspharma.net\/es_mx\/wp-json\/wp\/v2\/media?parent=3267"}],"wp:term":[{"taxonomy":"product_brand","embeddable":true,"href":"https:\/\/bspharma.net\/es_mx\/wp-json\/wp\/v2\/product_brand?post=3267"},{"taxonomy":"product_cat","embeddable":true,"href":"https:\/\/bspharma.net\/es_mx\/wp-json\/wp\/v2\/product_cat?post=3267"},{"taxonomy":"product_tag","embeddable":true,"href":"https:\/\/bspharma.net\/es_mx\/wp-json\/wp\/v2\/product_tag?post=3267"}],"curies":[{"name":"wp","href":"https:\/\/api.w.org\/{rel}","templated":true}]}}