{"id":3405,"date":"2024-09-11T13:31:52","date_gmt":"2024-09-11T19:31:52","guid":{"rendered":"https:\/\/bspharma.net\/?post_type=product&#038;p=3405"},"modified":"2024-09-11T13:31:52","modified_gmt":"2024-09-11T19:31:52","slug":"eroxon-gel-disfuncion-erectil-c-4-tubos-m8-pharmaceuticals","status":"publish","type":"product","link":"https:\/\/bspharma.net\/es_mx\/producto\/eroxon-gel-disfuncion-erectil-c-4-tubos-m8-pharmaceuticals\/","title":{"rendered":"Eroxon Gel Disfunci\u00f3n Er\u00e9ctil C\/4 Tubos M8 Pharmaceuticals"},"content":{"rendered":"<h5><strong>F\u00f3rmula:<\/strong> eroxon <strong>Presentaci\u00f3: <\/strong>CAJA C\/4 Tubos de sosis \u00fanica. <strong>Laboratorio:<\/strong> M8 pharmaceuticals<\/h5>","protected":false},"excerpt":{"rendered":"<h2>\u00bfQu\u00e9 es?<\/h2>\n<p>Eroxon es un coadyuvante en gel para hombres adultos con disfunci\u00f3n er\u00e9ctil.<\/p>\n<p>Eroxon estimula el flujo de sangre en el pene a trav\u00e9s de un efecto f\u00edsico \u00fanico de enfriamiento y luego de calor, ayud\u00e1ndole a obtener y mantener una erecci\u00f3n lo suficientemente firme como para tener relaciones sexuales.<\/p>\n<h5><strong>F\u00f3rmula:<\/strong> eroxon \/ <strong>Presentaci\u00f3: <\/strong>CAJA C\/4 Tubos de sosis \u00fanica \/ <strong>Laboratorio:<\/strong> M8 pharmaceuticals.<\/h5>","protected":false},"featured_media":3412,"template":"","meta":{"_kad_blocks_custom_css":"","_kad_blocks_head_custom_js":"","_kad_blocks_body_custom_js":"","_kad_blocks_footer_custom_js":"","_kadence_starter_templates_imported_post":false,"_kad_post_transparent":"default","_kad_post_title":"","_kad_post_layout":"default","_kad_post_sidebar_id":"","_kad_post_content_style":"default","_kad_post_vertical_padding":"default","_kad_post_feature":"","_kad_post_feature_position":"","_kad_post_header":false,"_kad_post_footer":false,"_kad_post_classname":""},"product_brand":[],"product_cat":[1748,389],"product_tag":[2982,2979,2980,2981],"class_list":{"0":"post-3405","1":"product","2":"type-product","3":"status-publish","4":"has-post-thumbnail","6":"product_cat-mas-vendidos","7":"product_cat-salud-sexual","8":"product_tag-disfuncion-erectil","9":"product_tag-eroxon","10":"product_tag-eroxon-gel","11":"product_tag-m8-pharmaceuticals","13":"first","14":"instock","15":"shipping-taxable","16":"purchasable","17":"product-type-simple","18":"entry","19":"content-bg","20":"loop-entry"},"yoast_head":"<!-- This site is optimized with the Yoast SEO plugin v27.6 - https:\/\/yoast.com\/product\/yoast-seo-wordpress\/ -->\n<title>Eroxon Gel Disfunci\u00f3n Er\u00e9ctil C\/4 Tubos M8 Pharmaceuticals - BS Pharma<\/title>\n<meta name=\"robots\" content=\"index, follow, max-snippet:-1, max-image-preview:large, max-video-preview:-1\" \/>\n<link rel=\"canonical\" href=\"https:\/\/bspharma.net\/es_mx\/producto\/eroxon-gel-disfuncion-erectil-c-4-tubos-m8-pharmaceuticals\/\" \/>\n<meta property=\"og:locale\" content=\"es_MX\" \/>\n<meta property=\"og:type\" content=\"article\" \/>\n<meta property=\"og:title\" content=\"Eroxon Gel Disfunci\u00f3n Er\u00e9ctil C\/4 Tubos M8 Pharmaceuticals - BS Pharma\" \/>\n<meta property=\"og:description\" content=\"\u00bfQu\u00e9 es? Eroxon es un coadyuvante en gel para hombres adultos con disfunci\u00f3n er\u00e9ctil.  Eroxon estimula el flujo de sangre en el pene a trav\u00e9s de un efecto f\u00edsico \u00fanico de enfriamiento y luego de calor, ayud\u00e1ndole a obtener y mantener una erecci\u00f3n lo suficientemente firme como para tener relaciones sexuales. F\u00f3rmula: eroxon \/ Presentaci\u00f3: CAJA C\/4 Tubos de sosis \u00fanica \/ Laboratorio: M8 pharmaceuticals.\" \/>\n<meta property=\"og:url\" content=\"https:\/\/bspharma.net\/es_mx\/producto\/eroxon-gel-disfuncion-erectil-c-4-tubos-m8-pharmaceuticals\/\" \/>\n<meta property=\"og:site_name\" content=\"BS Pharma\" \/>\n<meta property=\"article:publisher\" content=\"https:\/\/www.facebook.com\/bspharmasolutions\/\" \/>\n<meta property=\"og:image\" content=\"https:\/\/bspharma.net\/wp-content\/uploads\/2024\/09\/Eroxon_4Tubos_M8Pharmaceuticals_1.jpeg\" \/>\n\t<meta property=\"og:image:width\" content=\"1512\" \/>\n\t<meta property=\"og:image:height\" content=\"1512\" \/>\n\t<meta property=\"og:image:type\" content=\"image\/jpeg\" \/>\n<meta name=\"twitter:card\" content=\"summary_large_image\" \/>\n<meta name=\"twitter:label1\" content=\"Tiempo de lectura\" \/>\n\t<meta name=\"twitter:data1\" content=\"1 minuto\" \/>\n<script type=\"application\/ld+json\" class=\"yoast-schema-graph\">{\"@context\":\"https:\\\/\\\/schema.org\",\"@graph\":[{\"@type\":\"WebPage\",\"@id\":\"https:\\\/\\\/bspharma.net\\\/producto\\\/eroxon-gel-disfuncion-erectil-c-4-tubos-m8-pharmaceuticals\\\/\",\"url\":\"https:\\\/\\\/bspharma.net\\\/producto\\\/eroxon-gel-disfuncion-erectil-c-4-tubos-m8-pharmaceuticals\\\/\",\"name\":\"Eroxon Gel Disfunci\u00f3n Er\u00e9ctil C\\\/4 Tubos M8 Pharmaceuticals - BS Pharma\",\"isPartOf\":{\"@id\":\"https:\\\/\\\/bspharma.net\\\/#website\"},\"primaryImageOfPage\":{\"@id\":\"https:\\\/\\\/bspharma.net\\\/producto\\\/eroxon-gel-disfuncion-erectil-c-4-tubos-m8-pharmaceuticals\\\/#primaryimage\"},\"image\":{\"@id\":\"https:\\\/\\\/bspharma.net\\\/producto\\\/eroxon-gel-disfuncion-erectil-c-4-tubos-m8-pharmaceuticals\\\/#primaryimage\"},\"thumbnailUrl\":\"https:\\\/\\\/bspharma.net\\\/wp-content\\\/uploads\\\/2024\\\/09\\\/Eroxon_4Tubos_M8Pharmaceuticals_1.jpeg\",\"datePublished\":\"2024-09-11T19:31:52+00:00\",\"breadcrumb\":{\"@id\":\"https:\\\/\\\/bspharma.net\\\/producto\\\/eroxon-gel-disfuncion-erectil-c-4-tubos-m8-pharmaceuticals\\\/#breadcrumb\"},\"inLanguage\":\"es\",\"potentialAction\":[{\"@type\":\"ReadAction\",\"target\":[\"https:\\\/\\\/bspharma.net\\\/producto\\\/eroxon-gel-disfuncion-erectil-c-4-tubos-m8-pharmaceuticals\\\/\"]}]},{\"@type\":\"ImageObject\",\"inLanguage\":\"es\",\"@id\":\"https:\\\/\\\/bspharma.net\\\/producto\\\/eroxon-gel-disfuncion-erectil-c-4-tubos-m8-pharmaceuticals\\\/#primaryimage\",\"url\":\"https:\\\/\\\/bspharma.net\\\/wp-content\\\/uploads\\\/2024\\\/09\\\/Eroxon_4Tubos_M8Pharmaceuticals_1.jpeg\",\"contentUrl\":\"https:\\\/\\\/bspharma.net\\\/wp-content\\\/uploads\\\/2024\\\/09\\\/Eroxon_4Tubos_M8Pharmaceuticals_1.jpeg\",\"width\":1512,\"height\":1512},{\"@type\":\"BreadcrumbList\",\"@id\":\"https:\\\/\\\/bspharma.net\\\/producto\\\/eroxon-gel-disfuncion-erectil-c-4-tubos-m8-pharmaceuticals\\\/#breadcrumb\",\"itemListElement\":[{\"@type\":\"ListItem\",\"position\":1,\"name\":\"Portada\",\"item\":\"https:\\\/\\\/bspharma.net\\\/\"},{\"@type\":\"ListItem\",\"position\":2,\"name\":\"Productos\",\"item\":\"https:\\\/\\\/bspharma.net\\\/productos\\\/\"},{\"@type\":\"ListItem\",\"position\":3,\"name\":\"Eroxon Gel Disfunci\u00f3n Er\u00e9ctil C\\\/4 Tubos M8 Pharmaceuticals\"}]},{\"@type\":\"WebSite\",\"@id\":\"https:\\\/\\\/bspharma.net\\\/#website\",\"url\":\"https:\\\/\\\/bspharma.net\\\/\",\"name\":\"BSPharma\",\"description\":\"Distribuidor Farmac\u00e9utico en M\u00e9xico\",\"publisher\":{\"@id\":\"https:\\\/\\\/bspharma.net\\\/#organization\"},\"potentialAction\":[{\"@type\":\"SearchAction\",\"target\":{\"@type\":\"EntryPoint\",\"urlTemplate\":\"https:\\\/\\\/bspharma.net\\\/?s={search_term_string}\"},\"query-input\":{\"@type\":\"PropertyValueSpecification\",\"valueRequired\":true,\"valueName\":\"search_term_string\"}}],\"inLanguage\":\"es\"},{\"@type\":\"Organization\",\"@id\":\"https:\\\/\\\/bspharma.net\\\/#organization\",\"name\":\"BSPharma\",\"url\":\"https:\\\/\\\/bspharma.net\\\/\",\"logo\":{\"@type\":\"ImageObject\",\"inLanguage\":\"es\",\"@id\":\"https:\\\/\\\/bspharma.net\\\/#\\\/schema\\\/logo\\\/image\\\/\",\"url\":\"https:\\\/\\\/bspharma.net\\\/wp-content\\\/uploads\\\/2024\\\/09\\\/cropped-cropped-Diseno-sin-titulo-6.png\",\"contentUrl\":\"https:\\\/\\\/bspharma.net\\\/wp-content\\\/uploads\\\/2024\\\/09\\\/cropped-cropped-Diseno-sin-titulo-6.png\",\"width\":1080,\"height\":756,\"caption\":\"BSPharma\"},\"image\":{\"@id\":\"https:\\\/\\\/bspharma.net\\\/#\\\/schema\\\/logo\\\/image\\\/\"},\"sameAs\":[\"https:\\\/\\\/www.facebook.com\\\/bspharmasolutions\\\/\",\"https:\\\/\\\/www.linkedin.com\\\/company\\\/bs-pharma-solutions\\\/\",\"https:\\\/\\\/www.instagram.com\\\/bspharmasolutions\\\/\",\"https:\\\/\\\/www.youtube.com\\\/@bspharmasolutions\"]}]}<\/script>\n<!-- \/ Yoast SEO plugin. -->","yoast_head_json":{"title":"Eroxon Gel Disfunci\u00f3n Er\u00e9ctil C\/4 Tubos M8 Pharmaceuticals - BS Pharma","robots":{"index":"index","follow":"follow","max-snippet":"max-snippet:-1","max-image-preview":"max-image-preview:large","max-video-preview":"max-video-preview:-1"},"canonical":"https:\/\/bspharma.net\/es_mx\/producto\/eroxon-gel-disfuncion-erectil-c-4-tubos-m8-pharmaceuticals\/","og_locale":"es_MX","og_type":"article","og_title":"Eroxon Gel Disfunci\u00f3n Er\u00e9ctil C\/4 Tubos M8 Pharmaceuticals - BS Pharma","og_description":"\u00bfQu\u00e9 es? Eroxon es un coadyuvante en gel para hombres adultos con disfunci\u00f3n er\u00e9ctil.  Eroxon estimula el flujo de sangre en el pene a trav\u00e9s de un efecto f\u00edsico \u00fanico de enfriamiento y luego de calor, ayud\u00e1ndole a obtener y mantener una erecci\u00f3n lo suficientemente firme como para tener relaciones sexuales. F\u00f3rmula: eroxon \/ Presentaci\u00f3: CAJA C\/4 Tubos de sosis \u00fanica \/ Laboratorio: M8 pharmaceuticals.","og_url":"https:\/\/bspharma.net\/es_mx\/producto\/eroxon-gel-disfuncion-erectil-c-4-tubos-m8-pharmaceuticals\/","og_site_name":"BS Pharma","article_publisher":"https:\/\/www.facebook.com\/bspharmasolutions\/","og_image":[{"width":1512,"height":1512,"url":"https:\/\/bspharma.net\/wp-content\/uploads\/2024\/09\/Eroxon_4Tubos_M8Pharmaceuticals_1.jpeg","type":"image\/jpeg"}],"twitter_card":"summary_large_image","twitter_misc":{"Tiempo de lectura":"1 minuto"},"schema":{"@context":"https:\/\/schema.org","@graph":[{"@type":"WebPage","@id":"https:\/\/bspharma.net\/producto\/eroxon-gel-disfuncion-erectil-c-4-tubos-m8-pharmaceuticals\/","url":"https:\/\/bspharma.net\/producto\/eroxon-gel-disfuncion-erectil-c-4-tubos-m8-pharmaceuticals\/","name":"Eroxon Gel Disfunci\u00f3n Er\u00e9ctil C\/4 Tubos M8 Pharmaceuticals - BS Pharma","isPartOf":{"@id":"https:\/\/bspharma.net\/#website"},"primaryImageOfPage":{"@id":"https:\/\/bspharma.net\/producto\/eroxon-gel-disfuncion-erectil-c-4-tubos-m8-pharmaceuticals\/#primaryimage"},"image":{"@id":"https:\/\/bspharma.net\/producto\/eroxon-gel-disfuncion-erectil-c-4-tubos-m8-pharmaceuticals\/#primaryimage"},"thumbnailUrl":"https:\/\/bspharma.net\/wp-content\/uploads\/2024\/09\/Eroxon_4Tubos_M8Pharmaceuticals_1.jpeg","datePublished":"2024-09-11T19:31:52+00:00","breadcrumb":{"@id":"https:\/\/bspharma.net\/producto\/eroxon-gel-disfuncion-erectil-c-4-tubos-m8-pharmaceuticals\/#breadcrumb"},"inLanguage":"es","potentialAction":[{"@type":"ReadAction","target":["https:\/\/bspharma.net\/producto\/eroxon-gel-disfuncion-erectil-c-4-tubos-m8-pharmaceuticals\/"]}]},{"@type":"ImageObject","inLanguage":"es","@id":"https:\/\/bspharma.net\/producto\/eroxon-gel-disfuncion-erectil-c-4-tubos-m8-pharmaceuticals\/#primaryimage","url":"https:\/\/bspharma.net\/wp-content\/uploads\/2024\/09\/Eroxon_4Tubos_M8Pharmaceuticals_1.jpeg","contentUrl":"https:\/\/bspharma.net\/wp-content\/uploads\/2024\/09\/Eroxon_4Tubos_M8Pharmaceuticals_1.jpeg","width":1512,"height":1512},{"@type":"BreadcrumbList","@id":"https:\/\/bspharma.net\/producto\/eroxon-gel-disfuncion-erectil-c-4-tubos-m8-pharmaceuticals\/#breadcrumb","itemListElement":[{"@type":"ListItem","position":1,"name":"Portada","item":"https:\/\/bspharma.net\/"},{"@type":"ListItem","position":2,"name":"Productos","item":"https:\/\/bspharma.net\/productos\/"},{"@type":"ListItem","position":3,"name":"Eroxon Gel Disfunci\u00f3n Er\u00e9ctil C\/4 Tubos M8 Pharmaceuticals"}]},{"@type":"WebSite","@id":"https:\/\/bspharma.net\/#website","url":"https:\/\/bspharma.net\/","name":"BSPharma","description":"Distribuidor Farmac\u00e9utico en M\u00e9xico","publisher":{"@id":"https:\/\/bspharma.net\/#organization"},"potentialAction":[{"@type":"SearchAction","target":{"@type":"EntryPoint","urlTemplate":"https:\/\/bspharma.net\/?s={search_term_string}"},"query-input":{"@type":"PropertyValueSpecification","valueRequired":true,"valueName":"search_term_string"}}],"inLanguage":"es"},{"@type":"Organization","@id":"https:\/\/bspharma.net\/#organization","name":"BSPharma","url":"https:\/\/bspharma.net\/","logo":{"@type":"ImageObject","inLanguage":"es","@id":"https:\/\/bspharma.net\/#\/schema\/logo\/image\/","url":"https:\/\/bspharma.net\/wp-content\/uploads\/2024\/09\/cropped-cropped-Diseno-sin-titulo-6.png","contentUrl":"https:\/\/bspharma.net\/wp-content\/uploads\/2024\/09\/cropped-cropped-Diseno-sin-titulo-6.png","width":1080,"height":756,"caption":"BSPharma"},"image":{"@id":"https:\/\/bspharma.net\/#\/schema\/logo\/image\/"},"sameAs":["https:\/\/www.facebook.com\/bspharmasolutions\/","https:\/\/www.linkedin.com\/company\/bs-pharma-solutions\/","https:\/\/www.instagram.com\/bspharmasolutions\/","https:\/\/www.youtube.com\/@bspharmasolutions"]}]}},"taxonomy_info":{"product_cat":[{"value":1748,"label":"Mas vendidos"},{"value":389,"label":"Salud sexual"}],"product_tag":[{"value":2982,"label":"Disfunci\u00f3n Erectil"},{"value":2979,"label":"Eroxon"},{"value":2980,"label":"Eroxon Gel"},{"value":2981,"label":"M8 Pharmaceuticals"}]},"featured_image_src_large":["https:\/\/bspharma.net\/wp-content\/uploads\/2024\/09\/Eroxon_4Tubos_M8Pharmaceuticals_1-1024x1024.jpeg",1024,1024,true],"author_info":[],"comment_info":"","_links":{"self":[{"href":"https:\/\/bspharma.net\/es_mx\/wp-json\/wp\/v2\/product\/3405","targetHints":{"allow":["GET"]}}],"collection":[{"href":"https:\/\/bspharma.net\/es_mx\/wp-json\/wp\/v2\/product"}],"about":[{"href":"https:\/\/bspharma.net\/es_mx\/wp-json\/wp\/v2\/types\/product"}],"wp:featuredmedia":[{"embeddable":true,"href":"https:\/\/bspharma.net\/es_mx\/wp-json\/wp\/v2\/media\/3412"}],"wp:attachment":[{"href":"https:\/\/bspharma.net\/es_mx\/wp-json\/wp\/v2\/media?parent=3405"}],"wp:term":[{"taxonomy":"product_brand","embeddable":true,"href":"https:\/\/bspharma.net\/es_mx\/wp-json\/wp\/v2\/product_brand?post=3405"},{"taxonomy":"product_cat","embeddable":true,"href":"https:\/\/bspharma.net\/es_mx\/wp-json\/wp\/v2\/product_cat?post=3405"},{"taxonomy":"product_tag","embeddable":true,"href":"https:\/\/bspharma.net\/es_mx\/wp-json\/wp\/v2\/product_tag?post=3405"}],"curies":[{"name":"wp","href":"https:\/\/api.w.org\/{rel}","templated":true}]}}