{"id":4271,"date":"2025-07-17T13:01:35","date_gmt":"2025-07-17T19:01:35","guid":{"rendered":"https:\/\/bspharma.net\/?post_type=product&#038;p=4271"},"modified":"2025-07-17T13:01:35","modified_gmt":"2025-07-17T19:01:35","slug":"alzocid-tadalafil-20mg-caja-c-4-tabletas-collins","status":"publish","type":"product","link":"https:\/\/bspharma.net\/es_mx\/producto\/alzocid-tadalafil-20mg-caja-c-4-tabletas-collins\/","title":{"rendered":"Alzocid Tadalafil 20mg Caja C\/4 Tabletas Collins"},"content":{"rendered":"<p data-start=\"138\" data-end=\"178\"><strong data-start=\"138\" data-end=\"178\">Alzocid (Tadalafil) 20 mg \u2013 Tabletas<\/strong><\/p>\n<p data-start=\"180\" data-end=\"236\"><strong data-start=\"180\" data-end=\"197\">Presentaci\u00f3n:<\/strong> Caja con 4 tabletas de 20 mg cada una.<\/p>\n<p data-start=\"238\" data-end=\"670\"><strong data-start=\"238\" data-end=\"254\">Descripci\u00f3n:<\/strong><br data-start=\"254\" data-end=\"257\" \/>Alzocid es un medicamento indicado para el tratamiento de la disfunci\u00f3n er\u00e9ctil y, en algunos casos, para la hiperplasia prost\u00e1tica benigna. Su principio activo, Tadalafil, act\u00faa relajando los vasos sangu\u00edneos y aumentando el flujo de sangre hacia ciertas \u00e1reas del cuerpo, facilitando la erecci\u00f3n en respuesta a la estimulaci\u00f3n sexual. Tambi\u00e9n puede mejorar los s\u00edntomas urinarios asociados a pr\u00f3stata agrandada.<\/p>\n<p data-start=\"672\" data-end=\"783\">Se administra por v\u00eda oral, de preferencia antes de la actividad sexual, siguiendo las indicaciones del m\u00e9dico.<\/p>\n<p data-start=\"785\" data-end=\"887\">Ideal para hombres que buscan un tratamiento eficaz y de acci\u00f3n prolongada para la disfunci\u00f3n er\u00e9ctil.<\/p>","protected":false},"excerpt":{"rendered":"<p><strong>F\u00f3rmula:<\/strong> Tadalafil 20Mg \/ <strong>Laboratorio: Collins <\/strong>\/ <strong>Presentaci\u00f3n:<\/strong> Caja C\/4 Tabletas.<\/p>","protected":false},"featured_media":4272,"template":"","meta":{"_kad_blocks_custom_css":"","_kad_blocks_head_custom_js":"","_kad_blocks_body_custom_js":"","_kad_blocks_footer_custom_js":"","_kadence_starter_templates_imported_post":false,"_kad_post_transparent":"default","_kad_post_title":"","_kad_post_layout":"default","_kad_post_sidebar_id":"","_kad_post_content_style":"default","_kad_post_vertical_padding":"default","_kad_post_feature":"","_kad_post_feature_position":"","_kad_post_header":false,"_kad_post_footer":false,"_kad_post_classname":""},"product_brand":[],"product_cat":[1748,948],"product_tag":[3006,3009,300,3007,3008],"class_list":{"0":"post-4271","1":"product","2":"type-product","3":"status-publish","4":"has-post-thumbnail","6":"product_cat-mas-vendidos","7":"product_cat-sin-categoria","8":"product_tag-alzocid","9":"product_tag-alzocid-4-tabletas","10":"product_tag-collins","11":"product_tag-tadalafil","12":"product_tag-tadalafil-20mg","14":"first","15":"instock","16":"shipping-taxable","17":"purchasable","18":"product-type-simple","19":"entry","20":"content-bg","21":"loop-entry"},"yoast_head":"<!-- This site is optimized with the Yoast SEO plugin v27.2 - https:\/\/yoast.com\/product\/yoast-seo-wordpress\/ -->\n<title>Alzocid Tadalafil 20mg Caja C\/4 Tabletas Collins - BS Pharma<\/title>\n<meta name=\"robots\" content=\"index, follow, max-snippet:-1, max-image-preview:large, max-video-preview:-1\" \/>\n<link rel=\"canonical\" href=\"https:\/\/bspharma.net\/es_mx\/producto\/alzocid-tadalafil-20mg-caja-c-4-tabletas-collins\/\" \/>\n<meta property=\"og:locale\" content=\"es_MX\" \/>\n<meta property=\"og:type\" content=\"article\" \/>\n<meta property=\"og:title\" content=\"Alzocid Tadalafil 20mg Caja C\/4 Tabletas Collins - BS Pharma\" \/>\n<meta property=\"og:description\" content=\"F\u00f3rmula: Tadalafil 20Mg \/ Laboratorio: Collins \/ Presentaci\u00f3n: Caja C\/4 Tabletas.\" \/>\n<meta property=\"og:url\" content=\"https:\/\/bspharma.net\/es_mx\/producto\/alzocid-tadalafil-20mg-caja-c-4-tabletas-collins\/\" \/>\n<meta property=\"og:site_name\" content=\"BS Pharma\" \/>\n<meta property=\"article:publisher\" content=\"https:\/\/www.facebook.com\/bspharmasolutions\/\" \/>\n<meta property=\"og:image\" content=\"https:\/\/bspharma.net\/wp-content\/uploads\/2025\/07\/Alzocid_Tadalafil_20mg_Collins_BSPharmaSolutions.jpeg\" \/>\n\t<meta property=\"og:image:width\" content=\"1512\" \/>\n\t<meta property=\"og:image:height\" content=\"1512\" \/>\n\t<meta property=\"og:image:type\" content=\"image\/jpeg\" \/>\n<meta name=\"twitter:card\" content=\"summary_large_image\" \/>\n<meta name=\"twitter:label1\" content=\"Tiempo de lectura\" \/>\n\t<meta name=\"twitter:data1\" content=\"1 minuto\" \/>\n<script type=\"application\/ld+json\" class=\"yoast-schema-graph\">{\"@context\":\"https:\/\/schema.org\",\"@graph\":[{\"@type\":\"WebPage\",\"@id\":\"https:\/\/bspharma.net\/producto\/alzocid-tadalafil-20mg-caja-c-4-tabletas-collins\/\",\"url\":\"https:\/\/bspharma.net\/producto\/alzocid-tadalafil-20mg-caja-c-4-tabletas-collins\/\",\"name\":\"Alzocid Tadalafil 20mg Caja C\/4 Tabletas Collins - BS Pharma\",\"isPartOf\":{\"@id\":\"https:\/\/bspharma.net\/#website\"},\"primaryImageOfPage\":{\"@id\":\"https:\/\/bspharma.net\/producto\/alzocid-tadalafil-20mg-caja-c-4-tabletas-collins\/#primaryimage\"},\"image\":{\"@id\":\"https:\/\/bspharma.net\/producto\/alzocid-tadalafil-20mg-caja-c-4-tabletas-collins\/#primaryimage\"},\"thumbnailUrl\":\"https:\/\/bspharma.net\/wp-content\/uploads\/2025\/07\/Alzocid_Tadalafil_20mg_Collins_BSPharmaSolutions.jpeg\",\"datePublished\":\"2025-07-17T19:01:35+00:00\",\"breadcrumb\":{\"@id\":\"https:\/\/bspharma.net\/producto\/alzocid-tadalafil-20mg-caja-c-4-tabletas-collins\/#breadcrumb\"},\"inLanguage\":\"es\",\"potentialAction\":[{\"@type\":\"ReadAction\",\"target\":[\"https:\/\/bspharma.net\/producto\/alzocid-tadalafil-20mg-caja-c-4-tabletas-collins\/\"]}]},{\"@type\":\"ImageObject\",\"inLanguage\":\"es\",\"@id\":\"https:\/\/bspharma.net\/producto\/alzocid-tadalafil-20mg-caja-c-4-tabletas-collins\/#primaryimage\",\"url\":\"https:\/\/bspharma.net\/wp-content\/uploads\/2025\/07\/Alzocid_Tadalafil_20mg_Collins_BSPharmaSolutions.jpeg\",\"contentUrl\":\"https:\/\/bspharma.net\/wp-content\/uploads\/2025\/07\/Alzocid_Tadalafil_20mg_Collins_BSPharmaSolutions.jpeg\",\"width\":1512,\"height\":1512},{\"@type\":\"BreadcrumbList\",\"@id\":\"https:\/\/bspharma.net\/producto\/alzocid-tadalafil-20mg-caja-c-4-tabletas-collins\/#breadcrumb\",\"itemListElement\":[{\"@type\":\"ListItem\",\"position\":1,\"name\":\"Portada\",\"item\":\"https:\/\/bspharma.net\/\"},{\"@type\":\"ListItem\",\"position\":2,\"name\":\"Productos\",\"item\":\"https:\/\/bspharma.net\/productos\/\"},{\"@type\":\"ListItem\",\"position\":3,\"name\":\"Alzocid Tadalafil 20mg Caja C\/4 Tabletas Collins\"}]},{\"@type\":\"WebSite\",\"@id\":\"https:\/\/bspharma.net\/#website\",\"url\":\"https:\/\/bspharma.net\/\",\"name\":\"BSPharma\",\"description\":\"Distribuidor Farmac\u00e9utico en M\u00e9xico\",\"publisher\":{\"@id\":\"https:\/\/bspharma.net\/#organization\"},\"potentialAction\":[{\"@type\":\"SearchAction\",\"target\":{\"@type\":\"EntryPoint\",\"urlTemplate\":\"https:\/\/bspharma.net\/?s={search_term_string}\"},\"query-input\":{\"@type\":\"PropertyValueSpecification\",\"valueRequired\":true,\"valueName\":\"search_term_string\"}}],\"inLanguage\":\"es\"},{\"@type\":\"Organization\",\"@id\":\"https:\/\/bspharma.net\/#organization\",\"name\":\"BSPharma\",\"url\":\"https:\/\/bspharma.net\/\",\"logo\":{\"@type\":\"ImageObject\",\"inLanguage\":\"es\",\"@id\":\"https:\/\/bspharma.net\/#\/schema\/logo\/image\/\",\"url\":\"https:\/\/bspharma.net\/wp-content\/uploads\/2024\/09\/cropped-cropped-Diseno-sin-titulo-6.png\",\"contentUrl\":\"https:\/\/bspharma.net\/wp-content\/uploads\/2024\/09\/cropped-cropped-Diseno-sin-titulo-6.png\",\"width\":1080,\"height\":756,\"caption\":\"BSPharma\"},\"image\":{\"@id\":\"https:\/\/bspharma.net\/#\/schema\/logo\/image\/\"},\"sameAs\":[\"https:\/\/www.facebook.com\/bspharmasolutions\/\",\"https:\/\/www.linkedin.com\/company\/bs-pharma-solutions\/\",\"https:\/\/www.instagram.com\/bspharmasolutions\/\",\"https:\/\/www.youtube.com\/@bspharmasolutions\"]}]}<\/script>\n<!-- \/ Yoast SEO plugin. -->","yoast_head_json":{"title":"Alzocid Tadalafil 20mg Caja C\/4 Tabletas Collins - BS Pharma","robots":{"index":"index","follow":"follow","max-snippet":"max-snippet:-1","max-image-preview":"max-image-preview:large","max-video-preview":"max-video-preview:-1"},"canonical":"https:\/\/bspharma.net\/es_mx\/producto\/alzocid-tadalafil-20mg-caja-c-4-tabletas-collins\/","og_locale":"es_MX","og_type":"article","og_title":"Alzocid Tadalafil 20mg Caja C\/4 Tabletas Collins - BS Pharma","og_description":"F\u00f3rmula: Tadalafil 20Mg \/ Laboratorio: Collins \/ Presentaci\u00f3n: Caja C\/4 Tabletas.","og_url":"https:\/\/bspharma.net\/es_mx\/producto\/alzocid-tadalafil-20mg-caja-c-4-tabletas-collins\/","og_site_name":"BS Pharma","article_publisher":"https:\/\/www.facebook.com\/bspharmasolutions\/","og_image":[{"width":1512,"height":1512,"url":"https:\/\/bspharma.net\/wp-content\/uploads\/2025\/07\/Alzocid_Tadalafil_20mg_Collins_BSPharmaSolutions.jpeg","type":"image\/jpeg"}],"twitter_card":"summary_large_image","twitter_misc":{"Tiempo de lectura":"1 minuto"},"schema":{"@context":"https:\/\/schema.org","@graph":[{"@type":"WebPage","@id":"https:\/\/bspharma.net\/producto\/alzocid-tadalafil-20mg-caja-c-4-tabletas-collins\/","url":"https:\/\/bspharma.net\/producto\/alzocid-tadalafil-20mg-caja-c-4-tabletas-collins\/","name":"Alzocid Tadalafil 20mg Caja C\/4 Tabletas Collins - BS Pharma","isPartOf":{"@id":"https:\/\/bspharma.net\/#website"},"primaryImageOfPage":{"@id":"https:\/\/bspharma.net\/producto\/alzocid-tadalafil-20mg-caja-c-4-tabletas-collins\/#primaryimage"},"image":{"@id":"https:\/\/bspharma.net\/producto\/alzocid-tadalafil-20mg-caja-c-4-tabletas-collins\/#primaryimage"},"thumbnailUrl":"https:\/\/bspharma.net\/wp-content\/uploads\/2025\/07\/Alzocid_Tadalafil_20mg_Collins_BSPharmaSolutions.jpeg","datePublished":"2025-07-17T19:01:35+00:00","breadcrumb":{"@id":"https:\/\/bspharma.net\/producto\/alzocid-tadalafil-20mg-caja-c-4-tabletas-collins\/#breadcrumb"},"inLanguage":"es","potentialAction":[{"@type":"ReadAction","target":["https:\/\/bspharma.net\/producto\/alzocid-tadalafil-20mg-caja-c-4-tabletas-collins\/"]}]},{"@type":"ImageObject","inLanguage":"es","@id":"https:\/\/bspharma.net\/producto\/alzocid-tadalafil-20mg-caja-c-4-tabletas-collins\/#primaryimage","url":"https:\/\/bspharma.net\/wp-content\/uploads\/2025\/07\/Alzocid_Tadalafil_20mg_Collins_BSPharmaSolutions.jpeg","contentUrl":"https:\/\/bspharma.net\/wp-content\/uploads\/2025\/07\/Alzocid_Tadalafil_20mg_Collins_BSPharmaSolutions.jpeg","width":1512,"height":1512},{"@type":"BreadcrumbList","@id":"https:\/\/bspharma.net\/producto\/alzocid-tadalafil-20mg-caja-c-4-tabletas-collins\/#breadcrumb","itemListElement":[{"@type":"ListItem","position":1,"name":"Portada","item":"https:\/\/bspharma.net\/"},{"@type":"ListItem","position":2,"name":"Productos","item":"https:\/\/bspharma.net\/productos\/"},{"@type":"ListItem","position":3,"name":"Alzocid Tadalafil 20mg Caja C\/4 Tabletas Collins"}]},{"@type":"WebSite","@id":"https:\/\/bspharma.net\/#website","url":"https:\/\/bspharma.net\/","name":"BSPharma","description":"Distribuidor Farmac\u00e9utico en M\u00e9xico","publisher":{"@id":"https:\/\/bspharma.net\/#organization"},"potentialAction":[{"@type":"SearchAction","target":{"@type":"EntryPoint","urlTemplate":"https:\/\/bspharma.net\/?s={search_term_string}"},"query-input":{"@type":"PropertyValueSpecification","valueRequired":true,"valueName":"search_term_string"}}],"inLanguage":"es"},{"@type":"Organization","@id":"https:\/\/bspharma.net\/#organization","name":"BSPharma","url":"https:\/\/bspharma.net\/","logo":{"@type":"ImageObject","inLanguage":"es","@id":"https:\/\/bspharma.net\/#\/schema\/logo\/image\/","url":"https:\/\/bspharma.net\/wp-content\/uploads\/2024\/09\/cropped-cropped-Diseno-sin-titulo-6.png","contentUrl":"https:\/\/bspharma.net\/wp-content\/uploads\/2024\/09\/cropped-cropped-Diseno-sin-titulo-6.png","width":1080,"height":756,"caption":"BSPharma"},"image":{"@id":"https:\/\/bspharma.net\/#\/schema\/logo\/image\/"},"sameAs":["https:\/\/www.facebook.com\/bspharmasolutions\/","https:\/\/www.linkedin.com\/company\/bs-pharma-solutions\/","https:\/\/www.instagram.com\/bspharmasolutions\/","https:\/\/www.youtube.com\/@bspharmasolutions"]}]}},"taxonomy_info":{"product_cat":[{"value":1748,"label":"Mas vendidos"},{"value":948,"label":"Sin categor\u00eda"}],"product_tag":[{"value":3006,"label":"Alzocid"},{"value":3009,"label":"Alzocid 4 Tabletas"},{"value":300,"label":"COLLINS"},{"value":3007,"label":"Tadalafil"},{"value":3008,"label":"Tadalafil 20Mg"}]},"featured_image_src_large":["https:\/\/bspharma.net\/wp-content\/uploads\/2025\/07\/Alzocid_Tadalafil_20mg_Collins_BSPharmaSolutions-1024x1024.jpeg",1024,1024,true],"author_info":[],"comment_info":"","_links":{"self":[{"href":"https:\/\/bspharma.net\/es_mx\/wp-json\/wp\/v2\/product\/4271","targetHints":{"allow":["GET"]}}],"collection":[{"href":"https:\/\/bspharma.net\/es_mx\/wp-json\/wp\/v2\/product"}],"about":[{"href":"https:\/\/bspharma.net\/es_mx\/wp-json\/wp\/v2\/types\/product"}],"wp:featuredmedia":[{"embeddable":true,"href":"https:\/\/bspharma.net\/es_mx\/wp-json\/wp\/v2\/media\/4272"}],"wp:attachment":[{"href":"https:\/\/bspharma.net\/es_mx\/wp-json\/wp\/v2\/media?parent=4271"}],"wp:term":[{"taxonomy":"product_brand","embeddable":true,"href":"https:\/\/bspharma.net\/es_mx\/wp-json\/wp\/v2\/product_brand?post=4271"},{"taxonomy":"product_cat","embeddable":true,"href":"https:\/\/bspharma.net\/es_mx\/wp-json\/wp\/v2\/product_cat?post=4271"},{"taxonomy":"product_tag","embeddable":true,"href":"https:\/\/bspharma.net\/es_mx\/wp-json\/wp\/v2\/product_tag?post=4271"}],"curies":[{"name":"wp","href":"https:\/\/api.w.org\/{rel}","templated":true}]}}