{"id":4309,"date":"2025-08-13T11:03:38","date_gmt":"2025-08-13T17:03:38","guid":{"rendered":"https:\/\/bspharma.net\/?post_type=product&#038;p=4309"},"modified":"2026-04-14T13:57:34","modified_gmt":"2026-04-14T19:57:34","slug":"monaxyl-piridostigmina-60mg-c-20-tabletas-maver","status":"publish","type":"product","link":"https:\/\/bspharma.net\/es_mx\/producto\/monaxyl-piridostigmina-60mg-c-20-tabletas-maver\/","title":{"rendered":"Monaxyl Piridostigmina 60mg C\/20 Tabletas Maver"},"content":{"rendered":"<p data-start=\"87\" data-end=\"134\"><strong data-start=\"87\" data-end=\"132\">Monaxyl (Piridostigmina) 60 mg \u2013 Tabletas<\/strong><\/p>\n<p data-start=\"136\" data-end=\"186\"><strong data-start=\"136\" data-end=\"153\">Presentaci\u00f3n:<\/strong> caja con 20 tabletas de 60 mg.<\/p>\n<p data-start=\"188\" data-end=\"528\"><strong data-start=\"188\" data-end=\"204\">Descripci\u00f3n:<\/strong><br data-start=\"204\" data-end=\"207\" \/>Monaxyl es un agente anticolinester\u00e1sico indicado principalmente para el tratamiento de la miastenia gravis. Contiene piridostigmina bromuro, que mejora la transmisi\u00f3n neuromuscular al inhibir la degradaci\u00f3n de la acetilcolina, ayudando a aumentar la fuerza muscular. Se administra por v\u00eda oral seg\u00fan indicaci\u00f3n m\u00e9dica.<\/p>","protected":false},"excerpt":{"rendered":"<p><strong>F\u00f3rmula:<\/strong> Piridostigmina 60mg \/ <strong>Laboratorio:<\/strong>\u00a0Maver \/\u00a0<strong>Presentaci\u00f3n:<\/strong> Caja C\/20 Tabletas<\/p>\n<p>&nbsp;<\/p>","protected":false},"featured_media":4310,"template":"","meta":{"_kad_blocks_custom_css":"","_kad_blocks_head_custom_js":"","_kad_blocks_body_custom_js":"","_kad_blocks_footer_custom_js":"","_kadence_starter_templates_imported_post":false,"_kad_post_transparent":"default","_kad_post_title":"","_kad_post_layout":"default","_kad_post_sidebar_id":"","_kad_post_content_style":"default","_kad_post_vertical_padding":"default","_kad_post_feature":"","_kad_post_feature_position":"","_kad_post_header":false,"_kad_post_footer":false,"_kad_post_classname":""},"product_brand":[],"product_cat":[1748,739],"product_tag":[593,3013,3014,3015,3016],"class_list":{"0":"post-4309","1":"product","2":"type-product","3":"status-publish","4":"has-post-thumbnail","6":"product_cat-mas-vendidos","7":"product_cat-otros","8":"product_tag-maver","9":"product_tag-monaxyl","10":"product_tag-monaxyl-60mg","11":"product_tag-piridostigmina","12":"product_tag-piridostigmina-60mg","14":"first","15":"instock","16":"shipping-taxable","17":"purchasable","18":"product-type-simple","19":"entry","20":"content-bg","21":"loop-entry"},"yoast_head":"<!-- This site is optimized with the Yoast SEO plugin v27.2 - https:\/\/yoast.com\/product\/yoast-seo-wordpress\/ -->\n<title>Monaxyl Piridostigmina 60mg C\/20 Tabletas Maver - BS Pharma<\/title>\n<meta name=\"robots\" content=\"index, follow, max-snippet:-1, max-image-preview:large, max-video-preview:-1\" \/>\n<link rel=\"canonical\" href=\"https:\/\/bspharma.net\/es_mx\/producto\/monaxyl-piridostigmina-60mg-c-20-tabletas-maver\/\" \/>\n<meta property=\"og:locale\" content=\"es_MX\" \/>\n<meta property=\"og:type\" content=\"article\" \/>\n<meta property=\"og:title\" content=\"Monaxyl Piridostigmina 60mg C\/20 Tabletas Maver - BS Pharma\" \/>\n<meta property=\"og:description\" content=\"F\u00f3rmula: Piridostigmina 60mg \/ Laboratorio:\u00a0Maver \/\u00a0Presentaci\u00f3n: Caja C\/20 Tabletas  &nbsp;\" \/>\n<meta property=\"og:url\" content=\"https:\/\/bspharma.net\/es_mx\/producto\/monaxyl-piridostigmina-60mg-c-20-tabletas-maver\/\" \/>\n<meta property=\"og:site_name\" content=\"BS Pharma\" \/>\n<meta property=\"article:publisher\" content=\"https:\/\/www.facebook.com\/bspharmasolutions\/\" \/>\n<meta property=\"article:modified_time\" content=\"2026-04-14T19:57:34+00:00\" \/>\n<meta property=\"og:image\" content=\"https:\/\/bspharma.net\/wp-content\/uploads\/2025\/08\/Monaxyl_Piridostigmina_60mg_Maver_BS_Pharma_Solutions.jpeg\" \/>\n\t<meta property=\"og:image:width\" content=\"1512\" \/>\n\t<meta property=\"og:image:height\" content=\"1512\" \/>\n\t<meta property=\"og:image:type\" content=\"image\/jpeg\" \/>\n<meta name=\"twitter:card\" content=\"summary_large_image\" \/>\n<meta name=\"twitter:label1\" content=\"Tiempo de lectura\" \/>\n\t<meta name=\"twitter:data1\" content=\"1 minuto\" \/>\n<script type=\"application\/ld+json\" class=\"yoast-schema-graph\">{\"@context\":\"https:\/\/schema.org\",\"@graph\":[{\"@type\":\"WebPage\",\"@id\":\"https:\/\/bspharma.net\/producto\/monaxyl-piridostigmina-60mg-c-20-tabletas-maver\/\",\"url\":\"https:\/\/bspharma.net\/producto\/monaxyl-piridostigmina-60mg-c-20-tabletas-maver\/\",\"name\":\"Monaxyl Piridostigmina 60mg C\/20 Tabletas Maver - BS Pharma\",\"isPartOf\":{\"@id\":\"https:\/\/bspharma.net\/#website\"},\"primaryImageOfPage\":{\"@id\":\"https:\/\/bspharma.net\/producto\/monaxyl-piridostigmina-60mg-c-20-tabletas-maver\/#primaryimage\"},\"image\":{\"@id\":\"https:\/\/bspharma.net\/producto\/monaxyl-piridostigmina-60mg-c-20-tabletas-maver\/#primaryimage\"},\"thumbnailUrl\":\"https:\/\/bspharma.net\/wp-content\/uploads\/2025\/08\/Monaxyl_Piridostigmina_60mg_Maver_BS_Pharma_Solutions.jpeg\",\"datePublished\":\"2025-08-13T17:03:38+00:00\",\"dateModified\":\"2026-04-14T19:57:34+00:00\",\"breadcrumb\":{\"@id\":\"https:\/\/bspharma.net\/producto\/monaxyl-piridostigmina-60mg-c-20-tabletas-maver\/#breadcrumb\"},\"inLanguage\":\"es\",\"potentialAction\":[{\"@type\":\"ReadAction\",\"target\":[\"https:\/\/bspharma.net\/producto\/monaxyl-piridostigmina-60mg-c-20-tabletas-maver\/\"]}]},{\"@type\":\"ImageObject\",\"inLanguage\":\"es\",\"@id\":\"https:\/\/bspharma.net\/producto\/monaxyl-piridostigmina-60mg-c-20-tabletas-maver\/#primaryimage\",\"url\":\"https:\/\/bspharma.net\/wp-content\/uploads\/2025\/08\/Monaxyl_Piridostigmina_60mg_Maver_BS_Pharma_Solutions.jpeg\",\"contentUrl\":\"https:\/\/bspharma.net\/wp-content\/uploads\/2025\/08\/Monaxyl_Piridostigmina_60mg_Maver_BS_Pharma_Solutions.jpeg\",\"width\":1512,\"height\":1512},{\"@type\":\"BreadcrumbList\",\"@id\":\"https:\/\/bspharma.net\/producto\/monaxyl-piridostigmina-60mg-c-20-tabletas-maver\/#breadcrumb\",\"itemListElement\":[{\"@type\":\"ListItem\",\"position\":1,\"name\":\"Portada\",\"item\":\"https:\/\/bspharma.net\/\"},{\"@type\":\"ListItem\",\"position\":2,\"name\":\"Productos\",\"item\":\"https:\/\/bspharma.net\/productos\/\"},{\"@type\":\"ListItem\",\"position\":3,\"name\":\"Monaxyl Piridostigmina 60mg C\/20 Tabletas Maver\"}]},{\"@type\":\"WebSite\",\"@id\":\"https:\/\/bspharma.net\/#website\",\"url\":\"https:\/\/bspharma.net\/\",\"name\":\"BSPharma\",\"description\":\"Distribuidor Farmac\u00e9utico en M\u00e9xico\",\"publisher\":{\"@id\":\"https:\/\/bspharma.net\/#organization\"},\"potentialAction\":[{\"@type\":\"SearchAction\",\"target\":{\"@type\":\"EntryPoint\",\"urlTemplate\":\"https:\/\/bspharma.net\/?s={search_term_string}\"},\"query-input\":{\"@type\":\"PropertyValueSpecification\",\"valueRequired\":true,\"valueName\":\"search_term_string\"}}],\"inLanguage\":\"es\"},{\"@type\":\"Organization\",\"@id\":\"https:\/\/bspharma.net\/#organization\",\"name\":\"BSPharma\",\"url\":\"https:\/\/bspharma.net\/\",\"logo\":{\"@type\":\"ImageObject\",\"inLanguage\":\"es\",\"@id\":\"https:\/\/bspharma.net\/#\/schema\/logo\/image\/\",\"url\":\"https:\/\/bspharma.net\/wp-content\/uploads\/2024\/09\/cropped-cropped-Diseno-sin-titulo-6.png\",\"contentUrl\":\"https:\/\/bspharma.net\/wp-content\/uploads\/2024\/09\/cropped-cropped-Diseno-sin-titulo-6.png\",\"width\":1080,\"height\":756,\"caption\":\"BSPharma\"},\"image\":{\"@id\":\"https:\/\/bspharma.net\/#\/schema\/logo\/image\/\"},\"sameAs\":[\"https:\/\/www.facebook.com\/bspharmasolutions\/\",\"https:\/\/www.linkedin.com\/company\/bs-pharma-solutions\/\",\"https:\/\/www.instagram.com\/bspharmasolutions\/\",\"https:\/\/www.youtube.com\/@bspharmasolutions\"]}]}<\/script>\n<!-- \/ Yoast SEO plugin. -->","yoast_head_json":{"title":"Monaxyl Piridostigmina 60mg C\/20 Tabletas Maver - BS Pharma","robots":{"index":"index","follow":"follow","max-snippet":"max-snippet:-1","max-image-preview":"max-image-preview:large","max-video-preview":"max-video-preview:-1"},"canonical":"https:\/\/bspharma.net\/es_mx\/producto\/monaxyl-piridostigmina-60mg-c-20-tabletas-maver\/","og_locale":"es_MX","og_type":"article","og_title":"Monaxyl Piridostigmina 60mg C\/20 Tabletas Maver - BS Pharma","og_description":"F\u00f3rmula: Piridostigmina 60mg \/ Laboratorio:\u00a0Maver \/\u00a0Presentaci\u00f3n: Caja C\/20 Tabletas  &nbsp;","og_url":"https:\/\/bspharma.net\/es_mx\/producto\/monaxyl-piridostigmina-60mg-c-20-tabletas-maver\/","og_site_name":"BS Pharma","article_publisher":"https:\/\/www.facebook.com\/bspharmasolutions\/","article_modified_time":"2026-04-14T19:57:34+00:00","og_image":[{"width":1512,"height":1512,"url":"https:\/\/bspharma.net\/wp-content\/uploads\/2025\/08\/Monaxyl_Piridostigmina_60mg_Maver_BS_Pharma_Solutions.jpeg","type":"image\/jpeg"}],"twitter_card":"summary_large_image","twitter_misc":{"Tiempo de lectura":"1 minuto"},"schema":{"@context":"https:\/\/schema.org","@graph":[{"@type":"WebPage","@id":"https:\/\/bspharma.net\/producto\/monaxyl-piridostigmina-60mg-c-20-tabletas-maver\/","url":"https:\/\/bspharma.net\/producto\/monaxyl-piridostigmina-60mg-c-20-tabletas-maver\/","name":"Monaxyl Piridostigmina 60mg C\/20 Tabletas Maver - BS Pharma","isPartOf":{"@id":"https:\/\/bspharma.net\/#website"},"primaryImageOfPage":{"@id":"https:\/\/bspharma.net\/producto\/monaxyl-piridostigmina-60mg-c-20-tabletas-maver\/#primaryimage"},"image":{"@id":"https:\/\/bspharma.net\/producto\/monaxyl-piridostigmina-60mg-c-20-tabletas-maver\/#primaryimage"},"thumbnailUrl":"https:\/\/bspharma.net\/wp-content\/uploads\/2025\/08\/Monaxyl_Piridostigmina_60mg_Maver_BS_Pharma_Solutions.jpeg","datePublished":"2025-08-13T17:03:38+00:00","dateModified":"2026-04-14T19:57:34+00:00","breadcrumb":{"@id":"https:\/\/bspharma.net\/producto\/monaxyl-piridostigmina-60mg-c-20-tabletas-maver\/#breadcrumb"},"inLanguage":"es","potentialAction":[{"@type":"ReadAction","target":["https:\/\/bspharma.net\/producto\/monaxyl-piridostigmina-60mg-c-20-tabletas-maver\/"]}]},{"@type":"ImageObject","inLanguage":"es","@id":"https:\/\/bspharma.net\/producto\/monaxyl-piridostigmina-60mg-c-20-tabletas-maver\/#primaryimage","url":"https:\/\/bspharma.net\/wp-content\/uploads\/2025\/08\/Monaxyl_Piridostigmina_60mg_Maver_BS_Pharma_Solutions.jpeg","contentUrl":"https:\/\/bspharma.net\/wp-content\/uploads\/2025\/08\/Monaxyl_Piridostigmina_60mg_Maver_BS_Pharma_Solutions.jpeg","width":1512,"height":1512},{"@type":"BreadcrumbList","@id":"https:\/\/bspharma.net\/producto\/monaxyl-piridostigmina-60mg-c-20-tabletas-maver\/#breadcrumb","itemListElement":[{"@type":"ListItem","position":1,"name":"Portada","item":"https:\/\/bspharma.net\/"},{"@type":"ListItem","position":2,"name":"Productos","item":"https:\/\/bspharma.net\/productos\/"},{"@type":"ListItem","position":3,"name":"Monaxyl Piridostigmina 60mg C\/20 Tabletas Maver"}]},{"@type":"WebSite","@id":"https:\/\/bspharma.net\/#website","url":"https:\/\/bspharma.net\/","name":"BSPharma","description":"Distribuidor Farmac\u00e9utico en M\u00e9xico","publisher":{"@id":"https:\/\/bspharma.net\/#organization"},"potentialAction":[{"@type":"SearchAction","target":{"@type":"EntryPoint","urlTemplate":"https:\/\/bspharma.net\/?s={search_term_string}"},"query-input":{"@type":"PropertyValueSpecification","valueRequired":true,"valueName":"search_term_string"}}],"inLanguage":"es"},{"@type":"Organization","@id":"https:\/\/bspharma.net\/#organization","name":"BSPharma","url":"https:\/\/bspharma.net\/","logo":{"@type":"ImageObject","inLanguage":"es","@id":"https:\/\/bspharma.net\/#\/schema\/logo\/image\/","url":"https:\/\/bspharma.net\/wp-content\/uploads\/2024\/09\/cropped-cropped-Diseno-sin-titulo-6.png","contentUrl":"https:\/\/bspharma.net\/wp-content\/uploads\/2024\/09\/cropped-cropped-Diseno-sin-titulo-6.png","width":1080,"height":756,"caption":"BSPharma"},"image":{"@id":"https:\/\/bspharma.net\/#\/schema\/logo\/image\/"},"sameAs":["https:\/\/www.facebook.com\/bspharmasolutions\/","https:\/\/www.linkedin.com\/company\/bs-pharma-solutions\/","https:\/\/www.instagram.com\/bspharmasolutions\/","https:\/\/www.youtube.com\/@bspharmasolutions"]}]}},"taxonomy_info":{"product_cat":[{"value":1748,"label":"Mas vendidos"},{"value":739,"label":"Otros"}],"product_tag":[{"value":593,"label":"MAVER"},{"value":3013,"label":"Monaxyl"},{"value":3014,"label":"Monaxyl 60mg"},{"value":3015,"label":"Piridostigmina"},{"value":3016,"label":"Piridostigmina 60mg"}]},"featured_image_src_large":["https:\/\/bspharma.net\/wp-content\/uploads\/2025\/08\/Monaxyl_Piridostigmina_60mg_Maver_BS_Pharma_Solutions-1024x1024.jpeg",1024,1024,true],"author_info":[],"comment_info":"","_links":{"self":[{"href":"https:\/\/bspharma.net\/es_mx\/wp-json\/wp\/v2\/product\/4309","targetHints":{"allow":["GET"]}}],"collection":[{"href":"https:\/\/bspharma.net\/es_mx\/wp-json\/wp\/v2\/product"}],"about":[{"href":"https:\/\/bspharma.net\/es_mx\/wp-json\/wp\/v2\/types\/product"}],"wp:featuredmedia":[{"embeddable":true,"href":"https:\/\/bspharma.net\/es_mx\/wp-json\/wp\/v2\/media\/4310"}],"wp:attachment":[{"href":"https:\/\/bspharma.net\/es_mx\/wp-json\/wp\/v2\/media?parent=4309"}],"wp:term":[{"taxonomy":"product_brand","embeddable":true,"href":"https:\/\/bspharma.net\/es_mx\/wp-json\/wp\/v2\/product_brand?post=4309"},{"taxonomy":"product_cat","embeddable":true,"href":"https:\/\/bspharma.net\/es_mx\/wp-json\/wp\/v2\/product_cat?post=4309"},{"taxonomy":"product_tag","embeddable":true,"href":"https:\/\/bspharma.net\/es_mx\/wp-json\/wp\/v2\/product_tag?post=4309"}],"curies":[{"name":"wp","href":"https:\/\/api.w.org\/{rel}","templated":true}]}}