{"id":4353,"date":"2025-09-08T13:58:46","date_gmt":"2025-09-08T19:58:46","guid":{"rendered":"https:\/\/bspharma.net\/?post_type=product&#038;p=4353"},"modified":"2025-09-08T13:58:46","modified_gmt":"2025-09-08T19:58:46","slug":"flebotek-equipo-p-venoclisis-s-aguja-normogotero-pisa","status":"publish","type":"product","link":"https:\/\/bspharma.net\/es_mx\/producto\/flebotek-equipo-p-venoclisis-s-aguja-normogotero-pisa\/","title":{"rendered":"Flebotek Equipo P\/ Venoclisis S\/Aguja Normogotero Pisa"},"content":{"rendered":"<p data-start=\"116\" data-end=\"270\"><strong data-start=\"116\" data-end=\"137\">Nombre comercial:<\/strong> Flebotek<br data-start=\"146\" data-end=\"149\" \/><strong data-start=\"149\" data-end=\"162\">Producto:<\/strong> Equipo para venoclisis sin aguja, normogotero<br data-start=\"208\" data-end=\"211\" \/><strong data-start=\"211\" data-end=\"228\">Presentaci\u00f3n:<\/strong> Bolsa con un equipo est\u00e9ril desechable.<\/p>\n<h3 data-start=\"272\" data-end=\"289\">Descripci\u00f3n<\/h3>\n<p data-start=\"290\" data-end=\"568\">Flebotek es un <strong data-start=\"305\" data-end=\"339\">equipo est\u00e9ril para venoclisis<\/strong>, dise\u00f1ado para la administraci\u00f3n intravenosa de soluciones parenterales de forma segura y controlada. Incorpora un <strong data-start=\"455\" data-end=\"470\">normogotero<\/strong> que permite un flujo de goteo est\u00e1ndar y uniforme, facilitando la infusi\u00f3n precisa de l\u00edquidos.<\/p>\n<p data-start=\"570\" data-end=\"803\">Est\u00e1 elaborado con materiales de <strong data-start=\"603\" data-end=\"648\">grado m\u00e9dico, libres de l\u00e1tex y pir\u00f3genos<\/strong>, lo que reduce el riesgo de reacciones adversas. Su dise\u00f1o sin aguja favorece la seguridad del personal de salud al minimizar accidentes punzocortantes.<\/p>\n<h3 data-start=\"805\" data-end=\"821\">Ideal para<\/h3>\n<ul data-start=\"822\" data-end=\"1026\">\n<li data-start=\"822\" data-end=\"905\">\n<p data-start=\"824\" data-end=\"905\">Administrar soluciones intravenosas en pacientes hospitalizados o ambulatorios.<\/p>\n<\/li>\n<li data-start=\"906\" data-end=\"961\">\n<p data-start=\"908\" data-end=\"961\">Uso en cl\u00ednicas, hospitales y consultorios m\u00e9dicos.<\/p>\n<\/li>\n<li data-start=\"962\" data-end=\"1026\">\n<p data-start=\"964\" data-end=\"1026\">Procedimientos que requieren un control confiable del goteo.<\/p>\n<\/li>\n<\/ul>","protected":false},"excerpt":{"rendered":"<p>Presentaci\u00f3n: Flebotek Equipo P\/ Venoclisis S\/Aguja Normogotero.\/ Laboratorio:\u00a0 Pisa.<\/p>\n<p>&nbsp;<\/p>","protected":false},"featured_media":4354,"template":"","meta":{"_kad_blocks_custom_css":"","_kad_blocks_head_custom_js":"","_kad_blocks_body_custom_js":"","_kad_blocks_footer_custom_js":"","_kadence_starter_templates_imported_post":false,"_kad_post_transparent":"default","_kad_post_title":"","_kad_post_layout":"default","_kad_post_sidebar_id":"","_kad_post_content_style":"default","_kad_post_vertical_padding":"default","_kad_post_feature":"","_kad_post_feature_position":"","_kad_post_header":false,"_kad_post_footer":false,"_kad_post_classname":""},"product_brand":[],"product_cat":[1748,86,739],"product_tag":[3027,3026,3028,936],"class_list":{"0":"post-4353","1":"product","2":"type-product","3":"status-publish","4":"has-post-thumbnail","6":"product_cat-mas-vendidos","7":"product_cat-material-de-curacion","8":"product_cat-otros","9":"product_tag-equipo-para-intravenosa","10":"product_tag-flebotek","11":"product_tag-intravenosa","12":"product_tag-pisa","14":"first","15":"instock","16":"shipping-taxable","17":"purchasable","18":"product-type-simple","19":"entry","20":"content-bg","21":"loop-entry"},"yoast_head":"<!-- This site is optimized with the Yoast SEO plugin v27.2 - https:\/\/yoast.com\/product\/yoast-seo-wordpress\/ -->\n<title>Flebotek Equipo P\/ Venoclisis S\/Aguja Normogotero Pisa - BS Pharma<\/title>\n<meta name=\"robots\" content=\"index, follow, max-snippet:-1, max-image-preview:large, max-video-preview:-1\" \/>\n<link rel=\"canonical\" href=\"https:\/\/bspharma.net\/es_mx\/producto\/flebotek-equipo-p-venoclisis-s-aguja-normogotero-pisa\/\" \/>\n<meta property=\"og:locale\" content=\"es_MX\" \/>\n<meta property=\"og:type\" content=\"article\" \/>\n<meta property=\"og:title\" content=\"Flebotek Equipo P\/ Venoclisis S\/Aguja Normogotero Pisa - BS Pharma\" \/>\n<meta property=\"og:description\" content=\"Presentaci\u00f3n: Flebotek Equipo P\/ Venoclisis S\/Aguja Normogotero.\/ Laboratorio:\u00a0 Pisa.  &nbsp;\" \/>\n<meta property=\"og:url\" content=\"https:\/\/bspharma.net\/es_mx\/producto\/flebotek-equipo-p-venoclisis-s-aguja-normogotero-pisa\/\" \/>\n<meta property=\"og:site_name\" content=\"BS Pharma\" \/>\n<meta property=\"article:publisher\" content=\"https:\/\/www.facebook.com\/bspharmasolutions\/\" \/>\n<meta property=\"og:image\" content=\"https:\/\/bspharma.net\/wp-content\/uploads\/2025\/09\/Flebotek-Equipo-Venoclisis-Sin-Aguja-Normogotero-Pisa-BSPharmaSolutions.jpg\" \/>\n\t<meta property=\"og:image:width\" content=\"1512\" \/>\n\t<meta property=\"og:image:height\" content=\"1512\" \/>\n\t<meta property=\"og:image:type\" content=\"image\/jpeg\" \/>\n<meta name=\"twitter:card\" content=\"summary_large_image\" \/>\n<meta name=\"twitter:label1\" content=\"Tiempo de lectura\" \/>\n\t<meta name=\"twitter:data1\" content=\"1 minuto\" \/>\n<script type=\"application\/ld+json\" class=\"yoast-schema-graph\">{\"@context\":\"https:\/\/schema.org\",\"@graph\":[{\"@type\":\"WebPage\",\"@id\":\"https:\/\/bspharma.net\/producto\/flebotek-equipo-p-venoclisis-s-aguja-normogotero-pisa\/\",\"url\":\"https:\/\/bspharma.net\/producto\/flebotek-equipo-p-venoclisis-s-aguja-normogotero-pisa\/\",\"name\":\"Flebotek Equipo P\/ Venoclisis S\/Aguja Normogotero Pisa - BS Pharma\",\"isPartOf\":{\"@id\":\"https:\/\/bspharma.net\/#website\"},\"primaryImageOfPage\":{\"@id\":\"https:\/\/bspharma.net\/producto\/flebotek-equipo-p-venoclisis-s-aguja-normogotero-pisa\/#primaryimage\"},\"image\":{\"@id\":\"https:\/\/bspharma.net\/producto\/flebotek-equipo-p-venoclisis-s-aguja-normogotero-pisa\/#primaryimage\"},\"thumbnailUrl\":\"https:\/\/bspharma.net\/wp-content\/uploads\/2025\/09\/Flebotek-Equipo-Venoclisis-Sin-Aguja-Normogotero-Pisa-BSPharmaSolutions.jpg\",\"datePublished\":\"2025-09-08T19:58:46+00:00\",\"breadcrumb\":{\"@id\":\"https:\/\/bspharma.net\/producto\/flebotek-equipo-p-venoclisis-s-aguja-normogotero-pisa\/#breadcrumb\"},\"inLanguage\":\"es\",\"potentialAction\":[{\"@type\":\"ReadAction\",\"target\":[\"https:\/\/bspharma.net\/producto\/flebotek-equipo-p-venoclisis-s-aguja-normogotero-pisa\/\"]}]},{\"@type\":\"ImageObject\",\"inLanguage\":\"es\",\"@id\":\"https:\/\/bspharma.net\/producto\/flebotek-equipo-p-venoclisis-s-aguja-normogotero-pisa\/#primaryimage\",\"url\":\"https:\/\/bspharma.net\/wp-content\/uploads\/2025\/09\/Flebotek-Equipo-Venoclisis-Sin-Aguja-Normogotero-Pisa-BSPharmaSolutions.jpg\",\"contentUrl\":\"https:\/\/bspharma.net\/wp-content\/uploads\/2025\/09\/Flebotek-Equipo-Venoclisis-Sin-Aguja-Normogotero-Pisa-BSPharmaSolutions.jpg\",\"width\":1512,\"height\":1512},{\"@type\":\"BreadcrumbList\",\"@id\":\"https:\/\/bspharma.net\/producto\/flebotek-equipo-p-venoclisis-s-aguja-normogotero-pisa\/#breadcrumb\",\"itemListElement\":[{\"@type\":\"ListItem\",\"position\":1,\"name\":\"Portada\",\"item\":\"https:\/\/bspharma.net\/\"},{\"@type\":\"ListItem\",\"position\":2,\"name\":\"Productos\",\"item\":\"https:\/\/bspharma.net\/productos\/\"},{\"@type\":\"ListItem\",\"position\":3,\"name\":\"Flebotek Equipo P\/ Venoclisis S\/Aguja Normogotero Pisa\"}]},{\"@type\":\"WebSite\",\"@id\":\"https:\/\/bspharma.net\/#website\",\"url\":\"https:\/\/bspharma.net\/\",\"name\":\"BSPharma\",\"description\":\"Distribuidor Farmac\u00e9utico en M\u00e9xico\",\"publisher\":{\"@id\":\"https:\/\/bspharma.net\/#organization\"},\"potentialAction\":[{\"@type\":\"SearchAction\",\"target\":{\"@type\":\"EntryPoint\",\"urlTemplate\":\"https:\/\/bspharma.net\/?s={search_term_string}\"},\"query-input\":{\"@type\":\"PropertyValueSpecification\",\"valueRequired\":true,\"valueName\":\"search_term_string\"}}],\"inLanguage\":\"es\"},{\"@type\":\"Organization\",\"@id\":\"https:\/\/bspharma.net\/#organization\",\"name\":\"BSPharma\",\"url\":\"https:\/\/bspharma.net\/\",\"logo\":{\"@type\":\"ImageObject\",\"inLanguage\":\"es\",\"@id\":\"https:\/\/bspharma.net\/#\/schema\/logo\/image\/\",\"url\":\"https:\/\/bspharma.net\/wp-content\/uploads\/2024\/09\/cropped-cropped-Diseno-sin-titulo-6.png\",\"contentUrl\":\"https:\/\/bspharma.net\/wp-content\/uploads\/2024\/09\/cropped-cropped-Diseno-sin-titulo-6.png\",\"width\":1080,\"height\":756,\"caption\":\"BSPharma\"},\"image\":{\"@id\":\"https:\/\/bspharma.net\/#\/schema\/logo\/image\/\"},\"sameAs\":[\"https:\/\/www.facebook.com\/bspharmasolutions\/\",\"https:\/\/www.linkedin.com\/company\/bs-pharma-solutions\/\",\"https:\/\/www.instagram.com\/bspharmasolutions\/\",\"https:\/\/www.youtube.com\/@bspharmasolutions\"]}]}<\/script>\n<!-- \/ Yoast SEO plugin. -->","yoast_head_json":{"title":"Flebotek Equipo P\/ Venoclisis S\/Aguja Normogotero Pisa - BS Pharma","robots":{"index":"index","follow":"follow","max-snippet":"max-snippet:-1","max-image-preview":"max-image-preview:large","max-video-preview":"max-video-preview:-1"},"canonical":"https:\/\/bspharma.net\/es_mx\/producto\/flebotek-equipo-p-venoclisis-s-aguja-normogotero-pisa\/","og_locale":"es_MX","og_type":"article","og_title":"Flebotek Equipo P\/ Venoclisis S\/Aguja Normogotero Pisa - BS Pharma","og_description":"Presentaci\u00f3n: Flebotek Equipo P\/ Venoclisis S\/Aguja Normogotero.\/ Laboratorio:\u00a0 Pisa.  &nbsp;","og_url":"https:\/\/bspharma.net\/es_mx\/producto\/flebotek-equipo-p-venoclisis-s-aguja-normogotero-pisa\/","og_site_name":"BS Pharma","article_publisher":"https:\/\/www.facebook.com\/bspharmasolutions\/","og_image":[{"width":1512,"height":1512,"url":"https:\/\/bspharma.net\/wp-content\/uploads\/2025\/09\/Flebotek-Equipo-Venoclisis-Sin-Aguja-Normogotero-Pisa-BSPharmaSolutions.jpg","type":"image\/jpeg"}],"twitter_card":"summary_large_image","twitter_misc":{"Tiempo de lectura":"1 minuto"},"schema":{"@context":"https:\/\/schema.org","@graph":[{"@type":"WebPage","@id":"https:\/\/bspharma.net\/producto\/flebotek-equipo-p-venoclisis-s-aguja-normogotero-pisa\/","url":"https:\/\/bspharma.net\/producto\/flebotek-equipo-p-venoclisis-s-aguja-normogotero-pisa\/","name":"Flebotek Equipo P\/ Venoclisis S\/Aguja Normogotero Pisa - BS Pharma","isPartOf":{"@id":"https:\/\/bspharma.net\/#website"},"primaryImageOfPage":{"@id":"https:\/\/bspharma.net\/producto\/flebotek-equipo-p-venoclisis-s-aguja-normogotero-pisa\/#primaryimage"},"image":{"@id":"https:\/\/bspharma.net\/producto\/flebotek-equipo-p-venoclisis-s-aguja-normogotero-pisa\/#primaryimage"},"thumbnailUrl":"https:\/\/bspharma.net\/wp-content\/uploads\/2025\/09\/Flebotek-Equipo-Venoclisis-Sin-Aguja-Normogotero-Pisa-BSPharmaSolutions.jpg","datePublished":"2025-09-08T19:58:46+00:00","breadcrumb":{"@id":"https:\/\/bspharma.net\/producto\/flebotek-equipo-p-venoclisis-s-aguja-normogotero-pisa\/#breadcrumb"},"inLanguage":"es","potentialAction":[{"@type":"ReadAction","target":["https:\/\/bspharma.net\/producto\/flebotek-equipo-p-venoclisis-s-aguja-normogotero-pisa\/"]}]},{"@type":"ImageObject","inLanguage":"es","@id":"https:\/\/bspharma.net\/producto\/flebotek-equipo-p-venoclisis-s-aguja-normogotero-pisa\/#primaryimage","url":"https:\/\/bspharma.net\/wp-content\/uploads\/2025\/09\/Flebotek-Equipo-Venoclisis-Sin-Aguja-Normogotero-Pisa-BSPharmaSolutions.jpg","contentUrl":"https:\/\/bspharma.net\/wp-content\/uploads\/2025\/09\/Flebotek-Equipo-Venoclisis-Sin-Aguja-Normogotero-Pisa-BSPharmaSolutions.jpg","width":1512,"height":1512},{"@type":"BreadcrumbList","@id":"https:\/\/bspharma.net\/producto\/flebotek-equipo-p-venoclisis-s-aguja-normogotero-pisa\/#breadcrumb","itemListElement":[{"@type":"ListItem","position":1,"name":"Portada","item":"https:\/\/bspharma.net\/"},{"@type":"ListItem","position":2,"name":"Productos","item":"https:\/\/bspharma.net\/productos\/"},{"@type":"ListItem","position":3,"name":"Flebotek Equipo P\/ Venoclisis S\/Aguja Normogotero Pisa"}]},{"@type":"WebSite","@id":"https:\/\/bspharma.net\/#website","url":"https:\/\/bspharma.net\/","name":"BSPharma","description":"Distribuidor Farmac\u00e9utico en M\u00e9xico","publisher":{"@id":"https:\/\/bspharma.net\/#organization"},"potentialAction":[{"@type":"SearchAction","target":{"@type":"EntryPoint","urlTemplate":"https:\/\/bspharma.net\/?s={search_term_string}"},"query-input":{"@type":"PropertyValueSpecification","valueRequired":true,"valueName":"search_term_string"}}],"inLanguage":"es"},{"@type":"Organization","@id":"https:\/\/bspharma.net\/#organization","name":"BSPharma","url":"https:\/\/bspharma.net\/","logo":{"@type":"ImageObject","inLanguage":"es","@id":"https:\/\/bspharma.net\/#\/schema\/logo\/image\/","url":"https:\/\/bspharma.net\/wp-content\/uploads\/2024\/09\/cropped-cropped-Diseno-sin-titulo-6.png","contentUrl":"https:\/\/bspharma.net\/wp-content\/uploads\/2024\/09\/cropped-cropped-Diseno-sin-titulo-6.png","width":1080,"height":756,"caption":"BSPharma"},"image":{"@id":"https:\/\/bspharma.net\/#\/schema\/logo\/image\/"},"sameAs":["https:\/\/www.facebook.com\/bspharmasolutions\/","https:\/\/www.linkedin.com\/company\/bs-pharma-solutions\/","https:\/\/www.instagram.com\/bspharmasolutions\/","https:\/\/www.youtube.com\/@bspharmasolutions"]}]}},"taxonomy_info":{"product_cat":[{"value":1748,"label":"Mas vendidos"},{"value":86,"label":"Material de curaci\u00f3n"},{"value":739,"label":"Otros"}],"product_tag":[{"value":3027,"label":"Equipo para intravenosa"},{"value":3026,"label":"Flebotek"},{"value":3028,"label":"Intravenosa"},{"value":936,"label":"pisa"}]},"featured_image_src_large":["https:\/\/bspharma.net\/wp-content\/uploads\/2025\/09\/Flebotek-Equipo-Venoclisis-Sin-Aguja-Normogotero-Pisa-BSPharmaSolutions-1024x1024.jpg",1024,1024,true],"author_info":[],"comment_info":"","_links":{"self":[{"href":"https:\/\/bspharma.net\/es_mx\/wp-json\/wp\/v2\/product\/4353","targetHints":{"allow":["GET"]}}],"collection":[{"href":"https:\/\/bspharma.net\/es_mx\/wp-json\/wp\/v2\/product"}],"about":[{"href":"https:\/\/bspharma.net\/es_mx\/wp-json\/wp\/v2\/types\/product"}],"wp:featuredmedia":[{"embeddable":true,"href":"https:\/\/bspharma.net\/es_mx\/wp-json\/wp\/v2\/media\/4354"}],"wp:attachment":[{"href":"https:\/\/bspharma.net\/es_mx\/wp-json\/wp\/v2\/media?parent=4353"}],"wp:term":[{"taxonomy":"product_brand","embeddable":true,"href":"https:\/\/bspharma.net\/es_mx\/wp-json\/wp\/v2\/product_brand?post=4353"},{"taxonomy":"product_cat","embeddable":true,"href":"https:\/\/bspharma.net\/es_mx\/wp-json\/wp\/v2\/product_cat?post=4353"},{"taxonomy":"product_tag","embeddable":true,"href":"https:\/\/bspharma.net\/es_mx\/wp-json\/wp\/v2\/product_tag?post=4353"}],"curies":[{"name":"wp","href":"https:\/\/api.w.org\/{rel}","templated":true}]}}