{"id":4370,"date":"2025-09-22T10:55:49","date_gmt":"2025-09-22T16:55:49","guid":{"rendered":"https:\/\/bspharma.net\/?post_type=product&#038;p=4370"},"modified":"2025-09-22T11:49:17","modified_gmt":"2025-09-22T17:49:17","slug":"gaelorax-quetiapina-100mg-c-60-tabletas-novag","status":"publish","type":"product","link":"https:\/\/bspharma.net\/es_mx\/producto\/gaelorax-quetiapina-100mg-c-60-tabletas-novag\/","title":{"rendered":"Gaelorax Quetiapina 100mg C\/60 Tabletas Novag"},"content":{"rendered":"<p data-start=\"123\" data-end=\"168\"><strong data-start=\"123\" data-end=\"166\">Gaelorax (Quetiapina) 100 mg \u2013 Tabletas<\/strong><\/p>\n<p data-start=\"170\" data-end=\"211\"><strong data-start=\"170\" data-end=\"187\">Presentaci\u00f3n:<\/strong> caja con 60 tabletas.<\/p>\n<p data-start=\"213\" data-end=\"581\"><strong data-start=\"213\" data-end=\"229\">Descripci\u00f3n:<\/strong><br data-start=\"229\" data-end=\"232\" \/>Gaelorax es un antipsic\u00f3tico at\u00edpico indicado para el tratamiento de trastornos psiqui\u00e1tricos como la esquizofrenia, los episodios de man\u00eda asociados al trastorno bipolar y la depresi\u00f3n bipolar. Contiene Quetiapina, un f\u00e1rmaco que act\u00faa sobre receptores dopamin\u00e9rgicos y serotonin\u00e9rgicos, ayudando a equilibrar los neurotransmisores en el cerebro.<\/p>\n<p data-start=\"583\" data-end=\"664\">Se administra por v\u00eda oral, siguiendo la dosis indicada por el m\u00e9dico tratante.<\/p>\n<p data-start=\"666\" data-end=\"824\"><strong data-start=\"666\" data-end=\"678\">Indicado<\/strong> en pacientes que requieren control de s\u00edntomas psic\u00f3ticos, estabilizaci\u00f3n del \u00e1nimo o tratamiento complementario en depresi\u00f3n mayor resistente.<\/p>","protected":false},"excerpt":{"rendered":"<p><strong>F\u00f3rmula:<\/strong> Quetiapina 100 Mg \/ <strong>Laboratorio:<\/strong> Novag \/ <strong>Presentaci\u00f3n:<\/strong> Caja con 60 Tabletas<\/p>","protected":false},"featured_media":4371,"template":"","meta":{"_kad_blocks_custom_css":"","_kad_blocks_head_custom_js":"","_kad_blocks_body_custom_js":"","_kad_blocks_footer_custom_js":"","_kadence_starter_templates_imported_post":false,"_kad_post_transparent":"default","_kad_post_title":"","_kad_post_layout":"default","_kad_post_sidebar_id":"","_kad_post_content_style":"default","_kad_post_vertical_padding":"default","_kad_post_feature":"","_kad_post_feature_position":"","_kad_post_header":false,"_kad_post_footer":false,"_kad_post_classname":""},"product_brand":[],"product_cat":[1748,44],"product_tag":[3031,3032,3029,3030,1761],"class_list":{"0":"post-4370","1":"product","2":"type-product","3":"status-publish","4":"has-post-thumbnail","6":"product_cat-mas-vendidos","7":"product_cat-salud-mental","8":"product_tag-gaelorax","9":"product_tag-gaelorax-100mg","10":"product_tag-navag","11":"product_tag-quetiapina","12":"product_tag-quetiapina-100-mg","14":"first","15":"instock","16":"shipping-taxable","17":"purchasable","18":"product-type-simple","19":"entry","20":"content-bg","21":"loop-entry"},"yoast_head":"<!-- This site is optimized with the Yoast SEO plugin v27.6 - https:\/\/yoast.com\/product\/yoast-seo-wordpress\/ -->\n<title>Gaelorax Quetiapina 100mg C\/60 Tabletas Novag - BS Pharma<\/title>\n<meta name=\"robots\" content=\"index, follow, max-snippet:-1, max-image-preview:large, max-video-preview:-1\" \/>\n<link rel=\"canonical\" href=\"https:\/\/bspharma.net\/es_mx\/producto\/gaelorax-quetiapina-100mg-c-60-tabletas-novag\/\" \/>\n<meta property=\"og:locale\" content=\"es_MX\" \/>\n<meta property=\"og:type\" content=\"article\" \/>\n<meta property=\"og:title\" content=\"Gaelorax Quetiapina 100mg C\/60 Tabletas Novag - BS Pharma\" \/>\n<meta property=\"og:description\" content=\"F\u00f3rmula: Quetiapina 100 Mg \/ Laboratorio: Novag \/ Presentaci\u00f3n: Caja con 60 Tabletas\" \/>\n<meta property=\"og:url\" content=\"https:\/\/bspharma.net\/es_mx\/producto\/gaelorax-quetiapina-100mg-c-60-tabletas-novag\/\" \/>\n<meta property=\"og:site_name\" content=\"BS Pharma\" \/>\n<meta property=\"article:publisher\" content=\"https:\/\/www.facebook.com\/bspharmasolutions\/\" \/>\n<meta property=\"article:modified_time\" content=\"2025-09-22T17:49:17+00:00\" \/>\n<meta property=\"og:image\" content=\"https:\/\/bspharma.net\/wp-content\/uploads\/2025\/09\/Gaelorax-Quetiapina-100mg-c60Tabletas-BS-Pharma-solutions2.jpeg\" \/>\n\t<meta property=\"og:image:width\" content=\"1280\" \/>\n\t<meta property=\"og:image:height\" content=\"1280\" \/>\n\t<meta property=\"og:image:type\" content=\"image\/jpeg\" \/>\n<meta name=\"twitter:card\" content=\"summary_large_image\" \/>\n<meta name=\"twitter:label1\" content=\"Tiempo de lectura\" \/>\n\t<meta name=\"twitter:data1\" content=\"1 minuto\" \/>\n<script type=\"application\/ld+json\" class=\"yoast-schema-graph\">{\"@context\":\"https:\\\/\\\/schema.org\",\"@graph\":[{\"@type\":\"WebPage\",\"@id\":\"https:\\\/\\\/bspharma.net\\\/producto\\\/gaelorax-quetiapina-100mg-c-60-tabletas-novag\\\/\",\"url\":\"https:\\\/\\\/bspharma.net\\\/producto\\\/gaelorax-quetiapina-100mg-c-60-tabletas-novag\\\/\",\"name\":\"Gaelorax Quetiapina 100mg C\\\/60 Tabletas Novag - BS Pharma\",\"isPartOf\":{\"@id\":\"https:\\\/\\\/bspharma.net\\\/#website\"},\"primaryImageOfPage\":{\"@id\":\"https:\\\/\\\/bspharma.net\\\/producto\\\/gaelorax-quetiapina-100mg-c-60-tabletas-novag\\\/#primaryimage\"},\"image\":{\"@id\":\"https:\\\/\\\/bspharma.net\\\/producto\\\/gaelorax-quetiapina-100mg-c-60-tabletas-novag\\\/#primaryimage\"},\"thumbnailUrl\":\"https:\\\/\\\/bspharma.net\\\/wp-content\\\/uploads\\\/2025\\\/09\\\/Gaelorax-Quetiapina-100mg-c60Tabletas-BS-Pharma-solutions2.jpeg\",\"datePublished\":\"2025-09-22T16:55:49+00:00\",\"dateModified\":\"2025-09-22T17:49:17+00:00\",\"breadcrumb\":{\"@id\":\"https:\\\/\\\/bspharma.net\\\/producto\\\/gaelorax-quetiapina-100mg-c-60-tabletas-novag\\\/#breadcrumb\"},\"inLanguage\":\"es\",\"potentialAction\":[{\"@type\":\"ReadAction\",\"target\":[\"https:\\\/\\\/bspharma.net\\\/producto\\\/gaelorax-quetiapina-100mg-c-60-tabletas-novag\\\/\"]}]},{\"@type\":\"ImageObject\",\"inLanguage\":\"es\",\"@id\":\"https:\\\/\\\/bspharma.net\\\/producto\\\/gaelorax-quetiapina-100mg-c-60-tabletas-novag\\\/#primaryimage\",\"url\":\"https:\\\/\\\/bspharma.net\\\/wp-content\\\/uploads\\\/2025\\\/09\\\/Gaelorax-Quetiapina-100mg-c60Tabletas-BS-Pharma-solutions2.jpeg\",\"contentUrl\":\"https:\\\/\\\/bspharma.net\\\/wp-content\\\/uploads\\\/2025\\\/09\\\/Gaelorax-Quetiapina-100mg-c60Tabletas-BS-Pharma-solutions2.jpeg\",\"width\":1280,\"height\":1280},{\"@type\":\"BreadcrumbList\",\"@id\":\"https:\\\/\\\/bspharma.net\\\/producto\\\/gaelorax-quetiapina-100mg-c-60-tabletas-novag\\\/#breadcrumb\",\"itemListElement\":[{\"@type\":\"ListItem\",\"position\":1,\"name\":\"Portada\",\"item\":\"https:\\\/\\\/bspharma.net\\\/\"},{\"@type\":\"ListItem\",\"position\":2,\"name\":\"Productos\",\"item\":\"https:\\\/\\\/bspharma.net\\\/productos\\\/\"},{\"@type\":\"ListItem\",\"position\":3,\"name\":\"Gaelorax Quetiapina 100mg C\\\/60 Tabletas Novag\"}]},{\"@type\":\"WebSite\",\"@id\":\"https:\\\/\\\/bspharma.net\\\/#website\",\"url\":\"https:\\\/\\\/bspharma.net\\\/\",\"name\":\"BSPharma\",\"description\":\"Distribuidor Farmac\u00e9utico en M\u00e9xico\",\"publisher\":{\"@id\":\"https:\\\/\\\/bspharma.net\\\/#organization\"},\"potentialAction\":[{\"@type\":\"SearchAction\",\"target\":{\"@type\":\"EntryPoint\",\"urlTemplate\":\"https:\\\/\\\/bspharma.net\\\/?s={search_term_string}\"},\"query-input\":{\"@type\":\"PropertyValueSpecification\",\"valueRequired\":true,\"valueName\":\"search_term_string\"}}],\"inLanguage\":\"es\"},{\"@type\":\"Organization\",\"@id\":\"https:\\\/\\\/bspharma.net\\\/#organization\",\"name\":\"BSPharma\",\"url\":\"https:\\\/\\\/bspharma.net\\\/\",\"logo\":{\"@type\":\"ImageObject\",\"inLanguage\":\"es\",\"@id\":\"https:\\\/\\\/bspharma.net\\\/#\\\/schema\\\/logo\\\/image\\\/\",\"url\":\"https:\\\/\\\/bspharma.net\\\/wp-content\\\/uploads\\\/2024\\\/09\\\/cropped-cropped-Diseno-sin-titulo-6.png\",\"contentUrl\":\"https:\\\/\\\/bspharma.net\\\/wp-content\\\/uploads\\\/2024\\\/09\\\/cropped-cropped-Diseno-sin-titulo-6.png\",\"width\":1080,\"height\":756,\"caption\":\"BSPharma\"},\"image\":{\"@id\":\"https:\\\/\\\/bspharma.net\\\/#\\\/schema\\\/logo\\\/image\\\/\"},\"sameAs\":[\"https:\\\/\\\/www.facebook.com\\\/bspharmasolutions\\\/\",\"https:\\\/\\\/www.linkedin.com\\\/company\\\/bs-pharma-solutions\\\/\",\"https:\\\/\\\/www.instagram.com\\\/bspharmasolutions\\\/\",\"https:\\\/\\\/www.youtube.com\\\/@bspharmasolutions\"]}]}<\/script>\n<!-- \/ Yoast SEO plugin. -->","yoast_head_json":{"title":"Gaelorax Quetiapina 100mg C\/60 Tabletas Novag - BS Pharma","robots":{"index":"index","follow":"follow","max-snippet":"max-snippet:-1","max-image-preview":"max-image-preview:large","max-video-preview":"max-video-preview:-1"},"canonical":"https:\/\/bspharma.net\/es_mx\/producto\/gaelorax-quetiapina-100mg-c-60-tabletas-novag\/","og_locale":"es_MX","og_type":"article","og_title":"Gaelorax Quetiapina 100mg C\/60 Tabletas Novag - BS Pharma","og_description":"F\u00f3rmula: Quetiapina 100 Mg \/ Laboratorio: Novag \/ Presentaci\u00f3n: Caja con 60 Tabletas","og_url":"https:\/\/bspharma.net\/es_mx\/producto\/gaelorax-quetiapina-100mg-c-60-tabletas-novag\/","og_site_name":"BS Pharma","article_publisher":"https:\/\/www.facebook.com\/bspharmasolutions\/","article_modified_time":"2025-09-22T17:49:17+00:00","og_image":[{"width":1280,"height":1280,"url":"https:\/\/bspharma.net\/wp-content\/uploads\/2025\/09\/Gaelorax-Quetiapina-100mg-c60Tabletas-BS-Pharma-solutions2.jpeg","type":"image\/jpeg"}],"twitter_card":"summary_large_image","twitter_misc":{"Tiempo de lectura":"1 minuto"},"schema":{"@context":"https:\/\/schema.org","@graph":[{"@type":"WebPage","@id":"https:\/\/bspharma.net\/producto\/gaelorax-quetiapina-100mg-c-60-tabletas-novag\/","url":"https:\/\/bspharma.net\/producto\/gaelorax-quetiapina-100mg-c-60-tabletas-novag\/","name":"Gaelorax Quetiapina 100mg C\/60 Tabletas Novag - BS Pharma","isPartOf":{"@id":"https:\/\/bspharma.net\/#website"},"primaryImageOfPage":{"@id":"https:\/\/bspharma.net\/producto\/gaelorax-quetiapina-100mg-c-60-tabletas-novag\/#primaryimage"},"image":{"@id":"https:\/\/bspharma.net\/producto\/gaelorax-quetiapina-100mg-c-60-tabletas-novag\/#primaryimage"},"thumbnailUrl":"https:\/\/bspharma.net\/wp-content\/uploads\/2025\/09\/Gaelorax-Quetiapina-100mg-c60Tabletas-BS-Pharma-solutions2.jpeg","datePublished":"2025-09-22T16:55:49+00:00","dateModified":"2025-09-22T17:49:17+00:00","breadcrumb":{"@id":"https:\/\/bspharma.net\/producto\/gaelorax-quetiapina-100mg-c-60-tabletas-novag\/#breadcrumb"},"inLanguage":"es","potentialAction":[{"@type":"ReadAction","target":["https:\/\/bspharma.net\/producto\/gaelorax-quetiapina-100mg-c-60-tabletas-novag\/"]}]},{"@type":"ImageObject","inLanguage":"es","@id":"https:\/\/bspharma.net\/producto\/gaelorax-quetiapina-100mg-c-60-tabletas-novag\/#primaryimage","url":"https:\/\/bspharma.net\/wp-content\/uploads\/2025\/09\/Gaelorax-Quetiapina-100mg-c60Tabletas-BS-Pharma-solutions2.jpeg","contentUrl":"https:\/\/bspharma.net\/wp-content\/uploads\/2025\/09\/Gaelorax-Quetiapina-100mg-c60Tabletas-BS-Pharma-solutions2.jpeg","width":1280,"height":1280},{"@type":"BreadcrumbList","@id":"https:\/\/bspharma.net\/producto\/gaelorax-quetiapina-100mg-c-60-tabletas-novag\/#breadcrumb","itemListElement":[{"@type":"ListItem","position":1,"name":"Portada","item":"https:\/\/bspharma.net\/"},{"@type":"ListItem","position":2,"name":"Productos","item":"https:\/\/bspharma.net\/productos\/"},{"@type":"ListItem","position":3,"name":"Gaelorax Quetiapina 100mg C\/60 Tabletas Novag"}]},{"@type":"WebSite","@id":"https:\/\/bspharma.net\/#website","url":"https:\/\/bspharma.net\/","name":"BSPharma","description":"Distribuidor Farmac\u00e9utico en M\u00e9xico","publisher":{"@id":"https:\/\/bspharma.net\/#organization"},"potentialAction":[{"@type":"SearchAction","target":{"@type":"EntryPoint","urlTemplate":"https:\/\/bspharma.net\/?s={search_term_string}"},"query-input":{"@type":"PropertyValueSpecification","valueRequired":true,"valueName":"search_term_string"}}],"inLanguage":"es"},{"@type":"Organization","@id":"https:\/\/bspharma.net\/#organization","name":"BSPharma","url":"https:\/\/bspharma.net\/","logo":{"@type":"ImageObject","inLanguage":"es","@id":"https:\/\/bspharma.net\/#\/schema\/logo\/image\/","url":"https:\/\/bspharma.net\/wp-content\/uploads\/2024\/09\/cropped-cropped-Diseno-sin-titulo-6.png","contentUrl":"https:\/\/bspharma.net\/wp-content\/uploads\/2024\/09\/cropped-cropped-Diseno-sin-titulo-6.png","width":1080,"height":756,"caption":"BSPharma"},"image":{"@id":"https:\/\/bspharma.net\/#\/schema\/logo\/image\/"},"sameAs":["https:\/\/www.facebook.com\/bspharmasolutions\/","https:\/\/www.linkedin.com\/company\/bs-pharma-solutions\/","https:\/\/www.instagram.com\/bspharmasolutions\/","https:\/\/www.youtube.com\/@bspharmasolutions"]}]}},"taxonomy_info":{"product_cat":[{"value":1748,"label":"Mas vendidos"},{"value":44,"label":"Salud mental"}],"product_tag":[{"value":3031,"label":"Gaelorax"},{"value":3032,"label":"Gaelorax 100mg"},{"value":3029,"label":"Navag"},{"value":3030,"label":"Quetiapina"},{"value":1761,"label":"Quetiapina 100 mg"}]},"featured_image_src_large":["https:\/\/bspharma.net\/wp-content\/uploads\/2025\/09\/Gaelorax-Quetiapina-100mg-c60Tabletas-BS-Pharma-solutions2-1024x1024.jpeg",1024,1024,true],"author_info":[],"comment_info":"","_links":{"self":[{"href":"https:\/\/bspharma.net\/es_mx\/wp-json\/wp\/v2\/product\/4370","targetHints":{"allow":["GET"]}}],"collection":[{"href":"https:\/\/bspharma.net\/es_mx\/wp-json\/wp\/v2\/product"}],"about":[{"href":"https:\/\/bspharma.net\/es_mx\/wp-json\/wp\/v2\/types\/product"}],"wp:featuredmedia":[{"embeddable":true,"href":"https:\/\/bspharma.net\/es_mx\/wp-json\/wp\/v2\/media\/4371"}],"wp:attachment":[{"href":"https:\/\/bspharma.net\/es_mx\/wp-json\/wp\/v2\/media?parent=4370"}],"wp:term":[{"taxonomy":"product_brand","embeddable":true,"href":"https:\/\/bspharma.net\/es_mx\/wp-json\/wp\/v2\/product_brand?post=4370"},{"taxonomy":"product_cat","embeddable":true,"href":"https:\/\/bspharma.net\/es_mx\/wp-json\/wp\/v2\/product_cat?post=4370"},{"taxonomy":"product_tag","embeddable":true,"href":"https:\/\/bspharma.net\/es_mx\/wp-json\/wp\/v2\/product_tag?post=4370"}],"curies":[{"name":"wp","href":"https:\/\/api.w.org\/{rel}","templated":true}]}}