{"id":4403,"date":"2025-11-07T17:45:19","date_gmt":"2025-11-07T23:45:19","guid":{"rendered":"https:\/\/bspharma.net\/?post_type=product&#038;p=4403"},"modified":"2025-11-07T17:45:19","modified_gmt":"2025-11-07T23:45:19","slug":"lindeza-orlistat-120-mg-c-84-capsulas-pisa","status":"publish","type":"product","link":"https:\/\/bspharma.net\/es_mx\/producto\/lindeza-orlistat-120-mg-c-84-capsulas-pisa\/","title":{"rendered":"Lindeza Orlistat 120 mg C\/84 C\u00e1psulas Pisa"},"content":{"rendered":"<p data-start=\"192\" data-end=\"250\"><strong data-start=\"192\" data-end=\"209\">Presentaci\u00f3n:<\/strong> caja con 84 c\u00e1psulas de 120 mg cada una.<\/p>\n<p data-start=\"252\" data-end=\"647\"><strong data-start=\"252\" data-end=\"268\">Descripci\u00f3n:<\/strong><br data-start=\"268\" data-end=\"271\" \/>Lindeza es un medicamento utilizado para el tratamiento del sobrepeso y la obesidad. Su principio activo, <strong data-start=\"377\" data-end=\"389\">Orlistat<\/strong>, act\u00faa bloqueando la absorci\u00f3n de parte de las grasas de los alimentos a nivel intestinal, ayudando as\u00ed a reducir el peso corporal y mejorar la salud metab\u00f3lica. Se administra por v\u00eda oral, generalmente junto con las comidas principales que contengan grasa.<\/p>\n<p data-start=\"649\" data-end=\"816\">Ideal para pacientes que buscan controlar su peso corporal como parte de un plan integral que incluya alimentaci\u00f3n equilibrada, ejercicio regular y supervisi\u00f3n m\u00e9dica.<\/p>","protected":false},"excerpt":{"rendered":"<p><strong>F\u00f3rmula:<\/strong> Lindeza Orlistat 120 mg \/ <strong>Laboratorio:<\/strong> Pisa\/ <strong>Presentaci\u00f3n:<\/strong> Caja con 84 C\u00e1psulas<\/p>","protected":false},"featured_media":4404,"template":"","meta":{"_kad_blocks_custom_css":"","_kad_blocks_head_custom_js":"","_kad_blocks_body_custom_js":"","_kad_blocks_footer_custom_js":"","_kadence_starter_templates_imported_post":false,"_kad_post_transparent":"default","_kad_post_title":"","_kad_post_layout":"default","_kad_post_sidebar_id":"","_kad_post_content_style":"default","_kad_post_vertical_padding":"default","_kad_post_feature":"","_kad_post_feature_position":"","_kad_post_header":false,"_kad_post_footer":false,"_kad_post_classname":""},"product_brand":[],"product_cat":[507,54,1748],"product_tag":[3038,3039,936,3040],"class_list":{"0":"post-4403","1":"product","2":"type-product","3":"status-publish","4":"has-post-thumbnail","6":"product_cat-cuidado-personal","7":"product_cat-estomacales","8":"product_cat-mas-vendidos","9":"product_tag-lindeza","10":"product_tag-orlistat","11":"product_tag-pisa","12":"product_tag-tratamiento-de-la-obesidad","14":"first","15":"instock","16":"shipping-taxable","17":"purchasable","18":"product-type-simple","19":"entry","20":"content-bg","21":"loop-entry"},"yoast_head":"<!-- This site is optimized with the Yoast SEO plugin v27.2 - https:\/\/yoast.com\/product\/yoast-seo-wordpress\/ -->\n<title>Lindeza Orlistat 120 mg C\/84 C\u00e1psulas Pisa - BS Pharma<\/title>\n<meta name=\"robots\" content=\"index, follow, max-snippet:-1, max-image-preview:large, max-video-preview:-1\" \/>\n<link rel=\"canonical\" href=\"https:\/\/bspharma.net\/es_mx\/producto\/lindeza-orlistat-120-mg-c-84-capsulas-pisa\/\" \/>\n<meta property=\"og:locale\" content=\"es_MX\" \/>\n<meta property=\"og:type\" content=\"article\" \/>\n<meta property=\"og:title\" content=\"Lindeza Orlistat 120 mg C\/84 C\u00e1psulas Pisa - BS Pharma\" \/>\n<meta property=\"og:description\" content=\"F\u00f3rmula: Lindeza Orlistat 120 mg \/ Laboratorio: Pisa\/ Presentaci\u00f3n: Caja con 84 C\u00e1psulas\" \/>\n<meta property=\"og:url\" content=\"https:\/\/bspharma.net\/es_mx\/producto\/lindeza-orlistat-120-mg-c-84-capsulas-pisa\/\" \/>\n<meta property=\"og:site_name\" content=\"BS Pharma\" \/>\n<meta property=\"article:publisher\" content=\"https:\/\/www.facebook.com\/bspharmasolutions\/\" \/>\n<meta property=\"og:image\" content=\"https:\/\/bspharma.net\/wp-content\/uploads\/2025\/11\/Lindeza_Orlistart_120mg_84Caps_Pisa_BS_Pharma.jpg\" \/>\n\t<meta property=\"og:image:width\" content=\"1000\" \/>\n\t<meta property=\"og:image:height\" content=\"1200\" \/>\n\t<meta property=\"og:image:type\" content=\"image\/jpeg\" \/>\n<meta name=\"twitter:card\" content=\"summary_large_image\" \/>\n<meta name=\"twitter:label1\" content=\"Tiempo de lectura\" \/>\n\t<meta name=\"twitter:data1\" content=\"1 minuto\" \/>\n<script type=\"application\/ld+json\" class=\"yoast-schema-graph\">{\"@context\":\"https:\/\/schema.org\",\"@graph\":[{\"@type\":\"WebPage\",\"@id\":\"https:\/\/bspharma.net\/producto\/lindeza-orlistat-120-mg-c-84-capsulas-pisa\/\",\"url\":\"https:\/\/bspharma.net\/producto\/lindeza-orlistat-120-mg-c-84-capsulas-pisa\/\",\"name\":\"Lindeza Orlistat 120 mg C\/84 C\u00e1psulas Pisa - BS Pharma\",\"isPartOf\":{\"@id\":\"https:\/\/bspharma.net\/#website\"},\"primaryImageOfPage\":{\"@id\":\"https:\/\/bspharma.net\/producto\/lindeza-orlistat-120-mg-c-84-capsulas-pisa\/#primaryimage\"},\"image\":{\"@id\":\"https:\/\/bspharma.net\/producto\/lindeza-orlistat-120-mg-c-84-capsulas-pisa\/#primaryimage\"},\"thumbnailUrl\":\"https:\/\/bspharma.net\/wp-content\/uploads\/2025\/11\/Lindeza_Orlistart_120mg_84Caps_Pisa_BS_Pharma.jpg\",\"datePublished\":\"2025-11-07T23:45:19+00:00\",\"breadcrumb\":{\"@id\":\"https:\/\/bspharma.net\/producto\/lindeza-orlistat-120-mg-c-84-capsulas-pisa\/#breadcrumb\"},\"inLanguage\":\"es\",\"potentialAction\":[{\"@type\":\"ReadAction\",\"target\":[\"https:\/\/bspharma.net\/producto\/lindeza-orlistat-120-mg-c-84-capsulas-pisa\/\"]}]},{\"@type\":\"ImageObject\",\"inLanguage\":\"es\",\"@id\":\"https:\/\/bspharma.net\/producto\/lindeza-orlistat-120-mg-c-84-capsulas-pisa\/#primaryimage\",\"url\":\"https:\/\/bspharma.net\/wp-content\/uploads\/2025\/11\/Lindeza_Orlistart_120mg_84Caps_Pisa_BS_Pharma.jpg\",\"contentUrl\":\"https:\/\/bspharma.net\/wp-content\/uploads\/2025\/11\/Lindeza_Orlistart_120mg_84Caps_Pisa_BS_Pharma.jpg\",\"width\":1000,\"height\":1200},{\"@type\":\"BreadcrumbList\",\"@id\":\"https:\/\/bspharma.net\/producto\/lindeza-orlistat-120-mg-c-84-capsulas-pisa\/#breadcrumb\",\"itemListElement\":[{\"@type\":\"ListItem\",\"position\":1,\"name\":\"Portada\",\"item\":\"https:\/\/bspharma.net\/\"},{\"@type\":\"ListItem\",\"position\":2,\"name\":\"Productos\",\"item\":\"https:\/\/bspharma.net\/productos\/\"},{\"@type\":\"ListItem\",\"position\":3,\"name\":\"Lindeza Orlistat 120 mg C\/84 C\u00e1psulas Pisa\"}]},{\"@type\":\"WebSite\",\"@id\":\"https:\/\/bspharma.net\/#website\",\"url\":\"https:\/\/bspharma.net\/\",\"name\":\"BSPharma\",\"description\":\"Distribuidor Farmac\u00e9utico en M\u00e9xico\",\"publisher\":{\"@id\":\"https:\/\/bspharma.net\/#organization\"},\"potentialAction\":[{\"@type\":\"SearchAction\",\"target\":{\"@type\":\"EntryPoint\",\"urlTemplate\":\"https:\/\/bspharma.net\/?s={search_term_string}\"},\"query-input\":{\"@type\":\"PropertyValueSpecification\",\"valueRequired\":true,\"valueName\":\"search_term_string\"}}],\"inLanguage\":\"es\"},{\"@type\":\"Organization\",\"@id\":\"https:\/\/bspharma.net\/#organization\",\"name\":\"BSPharma\",\"url\":\"https:\/\/bspharma.net\/\",\"logo\":{\"@type\":\"ImageObject\",\"inLanguage\":\"es\",\"@id\":\"https:\/\/bspharma.net\/#\/schema\/logo\/image\/\",\"url\":\"https:\/\/bspharma.net\/wp-content\/uploads\/2024\/09\/cropped-cropped-Diseno-sin-titulo-6.png\",\"contentUrl\":\"https:\/\/bspharma.net\/wp-content\/uploads\/2024\/09\/cropped-cropped-Diseno-sin-titulo-6.png\",\"width\":1080,\"height\":756,\"caption\":\"BSPharma\"},\"image\":{\"@id\":\"https:\/\/bspharma.net\/#\/schema\/logo\/image\/\"},\"sameAs\":[\"https:\/\/www.facebook.com\/bspharmasolutions\/\",\"https:\/\/www.linkedin.com\/company\/bs-pharma-solutions\/\",\"https:\/\/www.instagram.com\/bspharmasolutions\/\",\"https:\/\/www.youtube.com\/@bspharmasolutions\"]}]}<\/script>\n<!-- \/ Yoast SEO plugin. -->","yoast_head_json":{"title":"Lindeza Orlistat 120 mg C\/84 C\u00e1psulas Pisa - BS Pharma","robots":{"index":"index","follow":"follow","max-snippet":"max-snippet:-1","max-image-preview":"max-image-preview:large","max-video-preview":"max-video-preview:-1"},"canonical":"https:\/\/bspharma.net\/es_mx\/producto\/lindeza-orlistat-120-mg-c-84-capsulas-pisa\/","og_locale":"es_MX","og_type":"article","og_title":"Lindeza Orlistat 120 mg C\/84 C\u00e1psulas Pisa - BS Pharma","og_description":"F\u00f3rmula: Lindeza Orlistat 120 mg \/ Laboratorio: Pisa\/ Presentaci\u00f3n: Caja con 84 C\u00e1psulas","og_url":"https:\/\/bspharma.net\/es_mx\/producto\/lindeza-orlistat-120-mg-c-84-capsulas-pisa\/","og_site_name":"BS Pharma","article_publisher":"https:\/\/www.facebook.com\/bspharmasolutions\/","og_image":[{"width":1000,"height":1200,"url":"https:\/\/bspharma.net\/wp-content\/uploads\/2025\/11\/Lindeza_Orlistart_120mg_84Caps_Pisa_BS_Pharma.jpg","type":"image\/jpeg"}],"twitter_card":"summary_large_image","twitter_misc":{"Tiempo de lectura":"1 minuto"},"schema":{"@context":"https:\/\/schema.org","@graph":[{"@type":"WebPage","@id":"https:\/\/bspharma.net\/producto\/lindeza-orlistat-120-mg-c-84-capsulas-pisa\/","url":"https:\/\/bspharma.net\/producto\/lindeza-orlistat-120-mg-c-84-capsulas-pisa\/","name":"Lindeza Orlistat 120 mg C\/84 C\u00e1psulas Pisa - BS Pharma","isPartOf":{"@id":"https:\/\/bspharma.net\/#website"},"primaryImageOfPage":{"@id":"https:\/\/bspharma.net\/producto\/lindeza-orlistat-120-mg-c-84-capsulas-pisa\/#primaryimage"},"image":{"@id":"https:\/\/bspharma.net\/producto\/lindeza-orlistat-120-mg-c-84-capsulas-pisa\/#primaryimage"},"thumbnailUrl":"https:\/\/bspharma.net\/wp-content\/uploads\/2025\/11\/Lindeza_Orlistart_120mg_84Caps_Pisa_BS_Pharma.jpg","datePublished":"2025-11-07T23:45:19+00:00","breadcrumb":{"@id":"https:\/\/bspharma.net\/producto\/lindeza-orlistat-120-mg-c-84-capsulas-pisa\/#breadcrumb"},"inLanguage":"es","potentialAction":[{"@type":"ReadAction","target":["https:\/\/bspharma.net\/producto\/lindeza-orlistat-120-mg-c-84-capsulas-pisa\/"]}]},{"@type":"ImageObject","inLanguage":"es","@id":"https:\/\/bspharma.net\/producto\/lindeza-orlistat-120-mg-c-84-capsulas-pisa\/#primaryimage","url":"https:\/\/bspharma.net\/wp-content\/uploads\/2025\/11\/Lindeza_Orlistart_120mg_84Caps_Pisa_BS_Pharma.jpg","contentUrl":"https:\/\/bspharma.net\/wp-content\/uploads\/2025\/11\/Lindeza_Orlistart_120mg_84Caps_Pisa_BS_Pharma.jpg","width":1000,"height":1200},{"@type":"BreadcrumbList","@id":"https:\/\/bspharma.net\/producto\/lindeza-orlistat-120-mg-c-84-capsulas-pisa\/#breadcrumb","itemListElement":[{"@type":"ListItem","position":1,"name":"Portada","item":"https:\/\/bspharma.net\/"},{"@type":"ListItem","position":2,"name":"Productos","item":"https:\/\/bspharma.net\/productos\/"},{"@type":"ListItem","position":3,"name":"Lindeza Orlistat 120 mg C\/84 C\u00e1psulas Pisa"}]},{"@type":"WebSite","@id":"https:\/\/bspharma.net\/#website","url":"https:\/\/bspharma.net\/","name":"BSPharma","description":"Distribuidor Farmac\u00e9utico en M\u00e9xico","publisher":{"@id":"https:\/\/bspharma.net\/#organization"},"potentialAction":[{"@type":"SearchAction","target":{"@type":"EntryPoint","urlTemplate":"https:\/\/bspharma.net\/?s={search_term_string}"},"query-input":{"@type":"PropertyValueSpecification","valueRequired":true,"valueName":"search_term_string"}}],"inLanguage":"es"},{"@type":"Organization","@id":"https:\/\/bspharma.net\/#organization","name":"BSPharma","url":"https:\/\/bspharma.net\/","logo":{"@type":"ImageObject","inLanguage":"es","@id":"https:\/\/bspharma.net\/#\/schema\/logo\/image\/","url":"https:\/\/bspharma.net\/wp-content\/uploads\/2024\/09\/cropped-cropped-Diseno-sin-titulo-6.png","contentUrl":"https:\/\/bspharma.net\/wp-content\/uploads\/2024\/09\/cropped-cropped-Diseno-sin-titulo-6.png","width":1080,"height":756,"caption":"BSPharma"},"image":{"@id":"https:\/\/bspharma.net\/#\/schema\/logo\/image\/"},"sameAs":["https:\/\/www.facebook.com\/bspharmasolutions\/","https:\/\/www.linkedin.com\/company\/bs-pharma-solutions\/","https:\/\/www.instagram.com\/bspharmasolutions\/","https:\/\/www.youtube.com\/@bspharmasolutions"]}]}},"taxonomy_info":{"product_cat":[{"value":507,"label":"Cuidado personal"},{"value":54,"label":"Estomacales"},{"value":1748,"label":"Mas vendidos"}],"product_tag":[{"value":3038,"label":"Lindeza"},{"value":3039,"label":"Orlistat"},{"value":936,"label":"pisa"},{"value":3040,"label":"Tratamiento de la obesidad"}]},"featured_image_src_large":["https:\/\/bspharma.net\/wp-content\/uploads\/2025\/11\/Lindeza_Orlistart_120mg_84Caps_Pisa_BS_Pharma-853x1024.jpg",853,1024,true],"author_info":[],"comment_info":"","_links":{"self":[{"href":"https:\/\/bspharma.net\/es_mx\/wp-json\/wp\/v2\/product\/4403","targetHints":{"allow":["GET"]}}],"collection":[{"href":"https:\/\/bspharma.net\/es_mx\/wp-json\/wp\/v2\/product"}],"about":[{"href":"https:\/\/bspharma.net\/es_mx\/wp-json\/wp\/v2\/types\/product"}],"wp:featuredmedia":[{"embeddable":true,"href":"https:\/\/bspharma.net\/es_mx\/wp-json\/wp\/v2\/media\/4404"}],"wp:attachment":[{"href":"https:\/\/bspharma.net\/es_mx\/wp-json\/wp\/v2\/media?parent=4403"}],"wp:term":[{"taxonomy":"product_brand","embeddable":true,"href":"https:\/\/bspharma.net\/es_mx\/wp-json\/wp\/v2\/product_brand?post=4403"},{"taxonomy":"product_cat","embeddable":true,"href":"https:\/\/bspharma.net\/es_mx\/wp-json\/wp\/v2\/product_cat?post=4403"},{"taxonomy":"product_tag","embeddable":true,"href":"https:\/\/bspharma.net\/es_mx\/wp-json\/wp\/v2\/product_tag?post=4403"}],"curies":[{"name":"wp","href":"https:\/\/api.w.org\/{rel}","templated":true}]}}