{"id":4407,"date":"2025-11-07T18:02:52","date_gmt":"2025-11-08T00:02:52","guid":{"rendered":"https:\/\/bspharma.net\/?post_type=product&#038;p=4407"},"modified":"2025-11-07T18:02:53","modified_gmt":"2025-11-08T00:02:53","slug":"lindeza-orlistat-120-mg-c-42-capsulas-pisa","status":"publish","type":"product","link":"https:\/\/bspharma.net\/es_mx\/producto\/lindeza-orlistat-120-mg-c-42-capsulas-pisa\/","title":{"rendered":"Lindeza Orlistat 120 mg C\/42 C\u00e1psulas Pisa"},"content":{"rendered":"<article class=\"text-token-text-primary w-full focus:outline-none [--shadow-height:45px] has-data-writing-block:pointer-events-none has-data-writing-block:-mt-(--shadow-height) has-data-writing-block:pt-(--shadow-height) [&amp;:has([data-writing-block])&gt;*]:pointer-events-auto [content-visibility:auto] supports-[content-visibility:auto]:[contain-intrinsic-size:auto_100lvh] scroll-mt-[calc(var(--header-height)+min(200px,max(70px,20svh)))]\" dir=\"auto\" tabindex=\"-1\" data-turn-id=\"eb649270-68ad-40a0-819e-9b401f263349\" data-testid=\"conversation-turn-2\" data-scroll-anchor=\"true\" data-turn=\"assistant\">\n<div class=\"text-base my-auto mx-auto pb-10 [--thread-content-margin:--spacing(4)] thread-sm:[--thread-content-margin:--spacing(6)] thread-lg:[--thread-content-margin:--spacing(16)] px-(--thread-content-margin)\">\n<div class=\"[--thread-content-max-width:40rem] thread-lg:[--thread-content-max-width:48rem] mx-auto max-w-(--thread-content-max-width) flex-1 group\/turn-messages focus-visible:outline-hidden relative flex w-full min-w-0 flex-col agent-turn\" tabindex=\"-1\">\n<div class=\"flex max-w-full flex-col grow\">\n<div class=\"min-h-8 text-message relative flex w-full flex-col items-end gap-2 text-start break-words whitespace-normal [.text-message+&amp;]:mt-1\" dir=\"auto\" data-message-author-role=\"assistant\" data-message-id=\"b13ad3ac-3113-43d0-b44c-2f05e4b938be\" data-message-model-slug=\"gpt-5\">\n<div class=\"flex w-full flex-col gap-1 empty:hidden first:pt-[1px]\">\n<div class=\"markdown prose dark:prose-invert w-full break-words dark markdown-new-styling\">\n<p data-start=\"62\" data-end=\"103\"><strong data-start=\"62\" data-end=\"79\">Presentaci\u00f3n:<\/strong> caja con 42 c\u00e1psulas.<\/p>\n<p data-start=\"105\" data-end=\"477\"><strong data-start=\"105\" data-end=\"121\">Descripci\u00f3n:<\/strong><br data-start=\"121\" data-end=\"124\" \/>Lindeza es un medicamento utilizado como coadyuvante en el tratamiento del sobrepeso y la obesidad. Su principio activo, <strong data-start=\"245\" data-end=\"257\">Orlistat<\/strong>, act\u00faa inhibiendo la absorci\u00f3n de grasas a nivel intestinal al bloquear la acci\u00f3n de la enzima lipasa. Esto reduce la cantidad de grasa que el organismo absorbe de los alimentos, ayudando a controlar el peso corporal.<\/p>\n<p data-start=\"479\" data-end=\"702\">Est\u00e1 indicado en pacientes con <strong data-start=\"510\" data-end=\"571\">\u00edndice de masa corporal (IMC) igual o superior a 30 kg\/m\u00b2<\/strong>, o <strong data-start=\"575\" data-end=\"606\">igual o superior a 27 kg\/m\u00b2<\/strong> si presentan factores de riesgo asociados, como hipertensi\u00f3n, diabetes tipo 2 o dislipidemia.<\/p>\n<p data-start=\"704\" data-end=\"910\" data-is-last-node=\"\" data-is-only-node=\"\">Debe administrarse <strong data-start=\"723\" data-end=\"739\">por v\u00eda oral<\/strong>, junto con las comidas principales que contengan grasa, y siempre como parte de un <strong data-start=\"823\" data-end=\"859\">plan integral de control de peso<\/strong> que incluya dieta equilibrada y ejercicio regular.<\/p>\n<\/div>\n<\/div>\n<\/div>\n<\/div>\n<div class=\"z-0 flex min-h-[46px] justify-start\"><\/div>\n<div class=\"mt-3 w-full empty:hidden\">\n<div class=\"text-center\"><\/div>\n<\/div>\n<\/div>\n<\/div>\n<\/article>\n<div class=\"pointer-events-none h-px w-px\" aria-hidden=\"true\" data-edge=\"true\"><\/div>\n","protected":false},"excerpt":{"rendered":"<p><strong>F\u00f3rmula:<\/strong>\u00a0Lindeza Orlistat 120 mg \/\u00a0<strong>Laboratorio:<\/strong>\u00a0Pisa\/\u00a0<strong>Presentaci\u00f3n:<\/strong> Caja con 42 C\u00e1psulas<\/p>","protected":false},"featured_media":4409,"template":"","meta":{"_kad_blocks_custom_css":"","_kad_blocks_head_custom_js":"","_kad_blocks_body_custom_js":"","_kad_blocks_footer_custom_js":"","_kadence_starter_templates_imported_post":false,"_kad_post_transparent":"default","_kad_post_title":"","_kad_post_layout":"default","_kad_post_sidebar_id":"","_kad_post_content_style":"default","_kad_post_vertical_padding":"default","_kad_post_feature":"","_kad_post_feature_position":"","_kad_post_header":false,"_kad_post_footer":false,"_kad_post_classname":""},"product_brand":[],"product_cat":[507,54,1748],"product_tag":[3041,3039,936,3040],"class_list":{"0":"post-4407","1":"product","2":"type-product","3":"status-publish","4":"has-post-thumbnail","6":"product_cat-cuidado-personal","7":"product_cat-estomacales","8":"product_cat-mas-vendidos","9":"product_tag-lindeza-con-42-capsulas","10":"product_tag-orlistat","11":"product_tag-pisa","12":"product_tag-tratamiento-de-la-obesidad","14":"first","15":"instock","16":"shipping-taxable","17":"purchasable","18":"product-type-simple","19":"entry","20":"content-bg","21":"loop-entry"},"yoast_head":"<!-- This site is optimized with the Yoast SEO plugin v27.2 - https:\/\/yoast.com\/product\/yoast-seo-wordpress\/ -->\n<title>Lindeza Orlistat 120 mg C\/42 C\u00e1psulas Pisa - BS Pharma<\/title>\n<meta name=\"robots\" content=\"index, follow, max-snippet:-1, max-image-preview:large, max-video-preview:-1\" \/>\n<link rel=\"canonical\" href=\"https:\/\/bspharma.net\/es_mx\/producto\/lindeza-orlistat-120-mg-c-42-capsulas-pisa\/\" \/>\n<meta property=\"og:locale\" content=\"es_MX\" \/>\n<meta property=\"og:type\" content=\"article\" \/>\n<meta property=\"og:title\" content=\"Lindeza Orlistat 120 mg C\/42 C\u00e1psulas Pisa - BS Pharma\" \/>\n<meta property=\"og:description\" content=\"F\u00f3rmula:\u00a0Lindeza Orlistat 120 mg \/\u00a0Laboratorio:\u00a0Pisa\/\u00a0Presentaci\u00f3n: Caja con 42 C\u00e1psulas\" \/>\n<meta property=\"og:url\" content=\"https:\/\/bspharma.net\/es_mx\/producto\/lindeza-orlistat-120-mg-c-42-capsulas-pisa\/\" \/>\n<meta property=\"og:site_name\" content=\"BS Pharma\" \/>\n<meta property=\"article:publisher\" content=\"https:\/\/www.facebook.com\/bspharmasolutions\/\" \/>\n<meta property=\"article:modified_time\" content=\"2025-11-08T00:02:53+00:00\" \/>\n<meta property=\"og:image\" content=\"https:\/\/bspharma.net\/wp-content\/uploads\/2025\/11\/Lindeza_Orlistart_120mg_42Caps_Pisa_BS_Pharma2.jpg\" \/>\n\t<meta property=\"og:image:width\" content=\"1000\" \/>\n\t<meta property=\"og:image:height\" content=\"1200\" \/>\n\t<meta property=\"og:image:type\" content=\"image\/jpeg\" \/>\n<meta name=\"twitter:card\" content=\"summary_large_image\" \/>\n<meta name=\"twitter:label1\" content=\"Tiempo de lectura\" \/>\n\t<meta name=\"twitter:data1\" content=\"1 minuto\" \/>\n<script type=\"application\/ld+json\" class=\"yoast-schema-graph\">{\"@context\":\"https:\/\/schema.org\",\"@graph\":[{\"@type\":\"WebPage\",\"@id\":\"https:\/\/bspharma.net\/producto\/lindeza-orlistat-120-mg-c-42-capsulas-pisa\/\",\"url\":\"https:\/\/bspharma.net\/producto\/lindeza-orlistat-120-mg-c-42-capsulas-pisa\/\",\"name\":\"Lindeza Orlistat 120 mg C\/42 C\u00e1psulas Pisa - BS Pharma\",\"isPartOf\":{\"@id\":\"https:\/\/bspharma.net\/#website\"},\"primaryImageOfPage\":{\"@id\":\"https:\/\/bspharma.net\/producto\/lindeza-orlistat-120-mg-c-42-capsulas-pisa\/#primaryimage\"},\"image\":{\"@id\":\"https:\/\/bspharma.net\/producto\/lindeza-orlistat-120-mg-c-42-capsulas-pisa\/#primaryimage\"},\"thumbnailUrl\":\"https:\/\/bspharma.net\/wp-content\/uploads\/2025\/11\/Lindeza_Orlistart_120mg_42Caps_Pisa_BS_Pharma2.jpg\",\"datePublished\":\"2025-11-08T00:02:52+00:00\",\"dateModified\":\"2025-11-08T00:02:53+00:00\",\"breadcrumb\":{\"@id\":\"https:\/\/bspharma.net\/producto\/lindeza-orlistat-120-mg-c-42-capsulas-pisa\/#breadcrumb\"},\"inLanguage\":\"es\",\"potentialAction\":[{\"@type\":\"ReadAction\",\"target\":[\"https:\/\/bspharma.net\/producto\/lindeza-orlistat-120-mg-c-42-capsulas-pisa\/\"]}]},{\"@type\":\"ImageObject\",\"inLanguage\":\"es\",\"@id\":\"https:\/\/bspharma.net\/producto\/lindeza-orlistat-120-mg-c-42-capsulas-pisa\/#primaryimage\",\"url\":\"https:\/\/bspharma.net\/wp-content\/uploads\/2025\/11\/Lindeza_Orlistart_120mg_42Caps_Pisa_BS_Pharma2.jpg\",\"contentUrl\":\"https:\/\/bspharma.net\/wp-content\/uploads\/2025\/11\/Lindeza_Orlistart_120mg_42Caps_Pisa_BS_Pharma2.jpg\",\"width\":1000,\"height\":1200},{\"@type\":\"BreadcrumbList\",\"@id\":\"https:\/\/bspharma.net\/producto\/lindeza-orlistat-120-mg-c-42-capsulas-pisa\/#breadcrumb\",\"itemListElement\":[{\"@type\":\"ListItem\",\"position\":1,\"name\":\"Portada\",\"item\":\"https:\/\/bspharma.net\/\"},{\"@type\":\"ListItem\",\"position\":2,\"name\":\"Productos\",\"item\":\"https:\/\/bspharma.net\/productos\/\"},{\"@type\":\"ListItem\",\"position\":3,\"name\":\"Lindeza Orlistat 120 mg C\/42 C\u00e1psulas Pisa\"}]},{\"@type\":\"WebSite\",\"@id\":\"https:\/\/bspharma.net\/#website\",\"url\":\"https:\/\/bspharma.net\/\",\"name\":\"BSPharma\",\"description\":\"Distribuidor Farmac\u00e9utico en M\u00e9xico\",\"publisher\":{\"@id\":\"https:\/\/bspharma.net\/#organization\"},\"potentialAction\":[{\"@type\":\"SearchAction\",\"target\":{\"@type\":\"EntryPoint\",\"urlTemplate\":\"https:\/\/bspharma.net\/?s={search_term_string}\"},\"query-input\":{\"@type\":\"PropertyValueSpecification\",\"valueRequired\":true,\"valueName\":\"search_term_string\"}}],\"inLanguage\":\"es\"},{\"@type\":\"Organization\",\"@id\":\"https:\/\/bspharma.net\/#organization\",\"name\":\"BSPharma\",\"url\":\"https:\/\/bspharma.net\/\",\"logo\":{\"@type\":\"ImageObject\",\"inLanguage\":\"es\",\"@id\":\"https:\/\/bspharma.net\/#\/schema\/logo\/image\/\",\"url\":\"https:\/\/bspharma.net\/wp-content\/uploads\/2024\/09\/cropped-cropped-Diseno-sin-titulo-6.png\",\"contentUrl\":\"https:\/\/bspharma.net\/wp-content\/uploads\/2024\/09\/cropped-cropped-Diseno-sin-titulo-6.png\",\"width\":1080,\"height\":756,\"caption\":\"BSPharma\"},\"image\":{\"@id\":\"https:\/\/bspharma.net\/#\/schema\/logo\/image\/\"},\"sameAs\":[\"https:\/\/www.facebook.com\/bspharmasolutions\/\",\"https:\/\/www.linkedin.com\/company\/bs-pharma-solutions\/\",\"https:\/\/www.instagram.com\/bspharmasolutions\/\",\"https:\/\/www.youtube.com\/@bspharmasolutions\"]}]}<\/script>\n<!-- \/ Yoast SEO plugin. -->","yoast_head_json":{"title":"Lindeza Orlistat 120 mg C\/42 C\u00e1psulas Pisa - BS Pharma","robots":{"index":"index","follow":"follow","max-snippet":"max-snippet:-1","max-image-preview":"max-image-preview:large","max-video-preview":"max-video-preview:-1"},"canonical":"https:\/\/bspharma.net\/es_mx\/producto\/lindeza-orlistat-120-mg-c-42-capsulas-pisa\/","og_locale":"es_MX","og_type":"article","og_title":"Lindeza Orlistat 120 mg C\/42 C\u00e1psulas Pisa - BS Pharma","og_description":"F\u00f3rmula:\u00a0Lindeza Orlistat 120 mg \/\u00a0Laboratorio:\u00a0Pisa\/\u00a0Presentaci\u00f3n: Caja con 42 C\u00e1psulas","og_url":"https:\/\/bspharma.net\/es_mx\/producto\/lindeza-orlistat-120-mg-c-42-capsulas-pisa\/","og_site_name":"BS Pharma","article_publisher":"https:\/\/www.facebook.com\/bspharmasolutions\/","article_modified_time":"2025-11-08T00:02:53+00:00","og_image":[{"width":1000,"height":1200,"url":"https:\/\/bspharma.net\/wp-content\/uploads\/2025\/11\/Lindeza_Orlistart_120mg_42Caps_Pisa_BS_Pharma2.jpg","type":"image\/jpeg"}],"twitter_card":"summary_large_image","twitter_misc":{"Tiempo de lectura":"1 minuto"},"schema":{"@context":"https:\/\/schema.org","@graph":[{"@type":"WebPage","@id":"https:\/\/bspharma.net\/producto\/lindeza-orlistat-120-mg-c-42-capsulas-pisa\/","url":"https:\/\/bspharma.net\/producto\/lindeza-orlistat-120-mg-c-42-capsulas-pisa\/","name":"Lindeza Orlistat 120 mg C\/42 C\u00e1psulas Pisa - BS Pharma","isPartOf":{"@id":"https:\/\/bspharma.net\/#website"},"primaryImageOfPage":{"@id":"https:\/\/bspharma.net\/producto\/lindeza-orlistat-120-mg-c-42-capsulas-pisa\/#primaryimage"},"image":{"@id":"https:\/\/bspharma.net\/producto\/lindeza-orlistat-120-mg-c-42-capsulas-pisa\/#primaryimage"},"thumbnailUrl":"https:\/\/bspharma.net\/wp-content\/uploads\/2025\/11\/Lindeza_Orlistart_120mg_42Caps_Pisa_BS_Pharma2.jpg","datePublished":"2025-11-08T00:02:52+00:00","dateModified":"2025-11-08T00:02:53+00:00","breadcrumb":{"@id":"https:\/\/bspharma.net\/producto\/lindeza-orlistat-120-mg-c-42-capsulas-pisa\/#breadcrumb"},"inLanguage":"es","potentialAction":[{"@type":"ReadAction","target":["https:\/\/bspharma.net\/producto\/lindeza-orlistat-120-mg-c-42-capsulas-pisa\/"]}]},{"@type":"ImageObject","inLanguage":"es","@id":"https:\/\/bspharma.net\/producto\/lindeza-orlistat-120-mg-c-42-capsulas-pisa\/#primaryimage","url":"https:\/\/bspharma.net\/wp-content\/uploads\/2025\/11\/Lindeza_Orlistart_120mg_42Caps_Pisa_BS_Pharma2.jpg","contentUrl":"https:\/\/bspharma.net\/wp-content\/uploads\/2025\/11\/Lindeza_Orlistart_120mg_42Caps_Pisa_BS_Pharma2.jpg","width":1000,"height":1200},{"@type":"BreadcrumbList","@id":"https:\/\/bspharma.net\/producto\/lindeza-orlistat-120-mg-c-42-capsulas-pisa\/#breadcrumb","itemListElement":[{"@type":"ListItem","position":1,"name":"Portada","item":"https:\/\/bspharma.net\/"},{"@type":"ListItem","position":2,"name":"Productos","item":"https:\/\/bspharma.net\/productos\/"},{"@type":"ListItem","position":3,"name":"Lindeza Orlistat 120 mg C\/42 C\u00e1psulas Pisa"}]},{"@type":"WebSite","@id":"https:\/\/bspharma.net\/#website","url":"https:\/\/bspharma.net\/","name":"BSPharma","description":"Distribuidor Farmac\u00e9utico en M\u00e9xico","publisher":{"@id":"https:\/\/bspharma.net\/#organization"},"potentialAction":[{"@type":"SearchAction","target":{"@type":"EntryPoint","urlTemplate":"https:\/\/bspharma.net\/?s={search_term_string}"},"query-input":{"@type":"PropertyValueSpecification","valueRequired":true,"valueName":"search_term_string"}}],"inLanguage":"es"},{"@type":"Organization","@id":"https:\/\/bspharma.net\/#organization","name":"BSPharma","url":"https:\/\/bspharma.net\/","logo":{"@type":"ImageObject","inLanguage":"es","@id":"https:\/\/bspharma.net\/#\/schema\/logo\/image\/","url":"https:\/\/bspharma.net\/wp-content\/uploads\/2024\/09\/cropped-cropped-Diseno-sin-titulo-6.png","contentUrl":"https:\/\/bspharma.net\/wp-content\/uploads\/2024\/09\/cropped-cropped-Diseno-sin-titulo-6.png","width":1080,"height":756,"caption":"BSPharma"},"image":{"@id":"https:\/\/bspharma.net\/#\/schema\/logo\/image\/"},"sameAs":["https:\/\/www.facebook.com\/bspharmasolutions\/","https:\/\/www.linkedin.com\/company\/bs-pharma-solutions\/","https:\/\/www.instagram.com\/bspharmasolutions\/","https:\/\/www.youtube.com\/@bspharmasolutions"]}]}},"taxonomy_info":{"product_cat":[{"value":507,"label":"Cuidado personal"},{"value":54,"label":"Estomacales"},{"value":1748,"label":"Mas vendidos"}],"product_tag":[{"value":3041,"label":"Lindeza con 42 capsulas"},{"value":3039,"label":"Orlistat"},{"value":936,"label":"pisa"},{"value":3040,"label":"Tratamiento de la obesidad"}]},"featured_image_src_large":["https:\/\/bspharma.net\/wp-content\/uploads\/2025\/11\/Lindeza_Orlistart_120mg_42Caps_Pisa_BS_Pharma2-853x1024.jpg",853,1024,true],"author_info":[],"comment_info":"","_links":{"self":[{"href":"https:\/\/bspharma.net\/es_mx\/wp-json\/wp\/v2\/product\/4407","targetHints":{"allow":["GET"]}}],"collection":[{"href":"https:\/\/bspharma.net\/es_mx\/wp-json\/wp\/v2\/product"}],"about":[{"href":"https:\/\/bspharma.net\/es_mx\/wp-json\/wp\/v2\/types\/product"}],"wp:featuredmedia":[{"embeddable":true,"href":"https:\/\/bspharma.net\/es_mx\/wp-json\/wp\/v2\/media\/4409"}],"wp:attachment":[{"href":"https:\/\/bspharma.net\/es_mx\/wp-json\/wp\/v2\/media?parent=4407"}],"wp:term":[{"taxonomy":"product_brand","embeddable":true,"href":"https:\/\/bspharma.net\/es_mx\/wp-json\/wp\/v2\/product_brand?post=4407"},{"taxonomy":"product_cat","embeddable":true,"href":"https:\/\/bspharma.net\/es_mx\/wp-json\/wp\/v2\/product_cat?post=4407"},{"taxonomy":"product_tag","embeddable":true,"href":"https:\/\/bspharma.net\/es_mx\/wp-json\/wp\/v2\/product_tag?post=4407"}],"curies":[{"name":"wp","href":"https:\/\/api.w.org\/{rel}","templated":true}]}}